{"id":14129,"date":"2023-07-17T11:37:03","date_gmt":"2023-07-17T07:37:03","guid":{"rendered":"https:\/\/www.stratign.com\/?page_id=14129"},"modified":"2025-03-10T09:32:50","modified_gmt":"2025-03-10T05:32:50","slug":"drone-gun","status":"publish","type":"page","link":"https:\/\/www.stratign.com\/fr\/drone-gun\/","title":{"rendered":"DRONE GUN"},"content":{"rendered":"<section class=\"wpb-content-wrapper\"><p>[vc_row][vc_column][tm_spacer size=&#8221;xs:20;sm:40;lg:80&#8243;][tm_heading tag=&#8221;h4&#8243; custom_google_font=&#8221;&#8221; text_transform=&#8221;uppercase&#8221; align=&#8221;center&#8221; text_color=&#8221;secondary&#8221; font_size=&#8221;sm:28;md:34;lg:40&#8243; line_height=&#8221;1.4&#8243;]Drone Gun[\/tm_heading][tm_spacer size=&#8221;xs:20;sm:30;lg:60&#8243;][\/vc_column][\/vc_row][vc_row sm_spacing=&#8221;padding_bottom:100&#8243; lg_spacing=&#8221;padding_bottom:5&#8243;][vc_column offset=&#8221;vc_col-md-5&#8243;][tm_heading style=&#8221;left-line&#8221; custom_google_font=&#8221;&#8221; font_weight=&#8221;800&#8243; font_size=&#8221;sm:18;md:21;lg:24&#8243; line_height=&#8221;1.67&#8243; max_width=&#8221;400px&#8221;]Le Drone Gun est un dispositif de brouillage directionnel de drone populaire, offrant une portabilit\u00e9 et une r\u00e9activit\u00e9 rapide pour contrer efficacement les menaces des drones.[\/tm_heading][tm_spacer size=&#8221;xs:10;sm:10;md:0;lg:0&#8243;][\/vc_column][vc_column offset=&#8221;vc_col-md-7&#8243;][tm_heading tag=&#8221;div&#8221; custom_google_font=&#8221;&#8221; font_size=&#8221;lg:18&#8243; line_height=&#8221;1.67&#8243;]Les quadrirotors et les drones sont devenus de plus en plus g\u00eanants et pr\u00e9sentent des risques pour votre vie priv\u00e9e et votre s\u00e9curit\u00e9 en raison de leur accessibilit\u00e9 et de leur disponibilit\u00e9 croissantes. Des \u00e9v\u00e9nements r\u00e9cents ont mis en \u00e9vidence l&#8217;\u00e9mergence rapide d&#8217;un danger caus\u00e9 par les petits drones accessibles dans le commerce. Cependant, il est important de noter que le v\u00e9ritable danger ne r\u00e9side pas dans les drones eux-m\u00eames, mais plut\u00f4t dans la charge utile qu&#8217;ils transportent. Selon la cat\u00e9gorie du drone, le poids maximal de la charge utile peut atteindre 2 \u00e0 3 kg, voire le d\u00e9passer.[\/tm_heading][\/vc_column][\/vc_row][vc_row sm_spacing=&#8221;margin_top:-100&#8243; xs_spacing=&#8221;margin_top:-100&#8243;][vc_column][tm_heading tag=&#8221;div&#8221; custom_google_font=&#8221;&#8221; font_size=&#8221;lg:18&#8243; line_height=&#8221;1.67&#8243;]Les charges utiles destructrices couvrent un large \u00e9ventail de possibilit\u00e9s, y compris les banni\u00e8res de propagande, les cam\u00e9ras, les microphones, les explosifs et les mati\u00e8res dangereuses capables d&#8217;infliger des dommages aux installations et aux individus.[\/tm_heading][tm_spacer size=&#8221;xs:10;lg:20&#8243;][tm_heading tag=&#8221;div&#8221; custom_google_font=&#8221;&#8221; font_size=&#8221;lg:18&#8243; line_height=&#8221;1.67&#8243;]Le brouilleur de drone portatif de Stratign (Drone Gun) est une sorte de dispositif de brouillage directionnel de drone, qui est l&#8217;un des dispositifs de brouillage les plus populaires sur le march\u00e9. Ce brouilleur d\u2019UAV l\u00e9ger en forme de pistolet est une arme portable contre les UAV, ce qui est un grand avantage, offrant une grande flexibilit\u00e9 et la possibilit\u00e9 de r\u00e9agir et de se prot\u00e9ger rapidement.[\/tm_heading][tm_spacer size=&#8221;lg:50&#8243;][\/vc_column][\/vc_row][vc_row][vc_column][tm_heading tag=&#8221;h4&#8243; custom_google_font=&#8221;&#8221; align=&#8221;center&#8221; text_color=&#8221;secondary&#8221; font_size=&#8221;sm:28;md:34;lg:40&#8243; line_height=&#8221;1.4&#8243; css=&#8221;.vc_custom_1705643349080{background-position: center !important;background-repeat: no-repeat !important;background-size: contain !important;}&#8221;]Caract\u00e9ristiques du syst\u00e8me[\/tm_heading][tm_spacer size=&#8221;lg:40&#8243;][tm_list list_style=&#8221;check-02&#8243; marker_color=&#8221;secondary&#8221; title_color=&#8221;primary&#8221; columns=&#8221;xs:1;lg:2&#8243; items=&#8221;%5B%7B%22item_title%22%3A%22Poids%20l%C3%A9ger%22%2C%22item_desc%22%3A%22Le%20poids%20est%20d&#8217;environ%202%2C53%20kg%20sans%20le%20viseur%2C%20il%20est%20donc%20facile%20%C3%A0%20transporter%2C%20rapide%20%C3%A0%20utiliser%20et%20a%20une%20efficacit%C3%A9%20%C3%A9lev%C3%A9e.%22%7D%2C%7B%22item_title%22%3A%22Bandes%20de%20fr%C3%A9quences%22%2C%22link%22%3A%22%7C%7C%7C%22%2C%22item_desc%22%3A%226%20fr%C3%A9quences%20d&#8217;%C3%A9mission%2C%20ce%20qui%20permet%20de%20contrer%20la%20plupart%20des%20drones%20civils.%22%7D%2C%7B%22item_title%22%3A%22Longues%20heures%20de%20fonctionnement%22%2C%22item_desc%22%3A%22Deux%20batteries%20au%20lithium%20assurent%20un%20fonctionnement%20continu%20pendant%20plus%20de%202%20heures.%22%7D%2C%7B%22item_title%22%3A%22R%C3%A9duction%20de%20la%20pollution%20%C3%A9lectromagn%C3%A9tique%22%2C%22link%22%3A%22%7C%7C%7C%22%2C%22item_desc%22%3A%22Antenne%20directionnelle%20%C3%A0%20haut%20gain%2C%20la%20pollution%20%C3%A9lectromagn%C3%A9tique%20est%20faible.%22%7D%2C%7B%22item_title%22%3A%22Viseur%20d%E2%80%99arme%20%C3%A0%20feu%22%2C%22item_desc%22%3A%22Le%20viseur%20d%E2%80%99arme%20%C3%A0%20feu%20%C3%A0%20longue%20port%C3%A9e%2C%20disponible%20en%20option%2C%20permet%20de%20viser%20correctement%20le%20drone%20et%20d&#8217;augmenter%20ainsi%20l&#8217;efficacit%C3%A9.%22%7D%2C%7B%22item_title%22%3A%22Longue%20port%C3%A9e%22%2C%22item_desc%22%3A%22Le%20Drone%20Gun%20a%20une%20port%C3%A9e%20d&#8217;environ%201%2C5%20km%20%C3%A0%202%20km.%22%7D%5D&#8221; custom_css=&#8221;LnRtLWxpc3Quc3R5bGUtY2hlY2stMDIlMjAuZGVzYyUyMCU3QiUwQSUyMCUyMCUyMCUyMG1hcmdpbi10b3AlM0ElMjAxMHB4JTNCJTBBJTIwJTIwJTIwJTIwbWFyZ2luLWJvdHRvbSUzQSUyMDEwcHglM0IlMEElN0Q=&#8221;][tm_spacer size=&#8221;xs:30;sm:60;lg:120&#8243;][\/vc_column][\/vc_row][vc_row css_animation=&#8221;none&#8221; lg_spacing=&#8221;margin_bottom:10&#8243; md_spacing=&#8221;margin_bottom:10&#8243;][vc_column width=&#8221;1\/4&#8243;][tm_heading tag=&#8221;h4&#8243; custom_google_font=&#8221;&#8221; css=&#8221;.vc_custom_1702534293059{margin-top: 10px !important;}&#8221;]En savoir plus[\/tm_heading][\/vc_column][vc_column width=&#8221;1\/4&#8243;][tm_button button=&#8221;url:https%3A%2F%2Fwww.stratign.com%2Fcontact-us%2F|title:Nous%20contacter%20&#8243; el_id=&#8221;Contact-us-other&#8221;][\/vc_column][vc_column width=&#8221;1\/4&#8243;][tm_heading tag=&#8221;h4&#8243; custom_google_font=&#8221;&#8221;]T\u00e9l\u00e9charger la brochure[\/tm_heading][\/vc_column][vc_column width=&#8221;1\/4&#8243;][tm_button button=&#8221;url:https%3A%2F%2Fwww.stratign.com%2Fbrochures%2F|title:T%C3%A9l%C3%A9charger&#8221; el_id=&#8221;Brochure-other&#8221;][\/vc_column][\/vc_row]<\/p>\n<\/section>","protected":false},"excerpt":{"rendered":"<p>Stratign has multiple anti-drone solutions ranging from only jammers to a fully integrated solution with radars, cameras, etc integrated. The solutions are available for ranges from 1 km to 5 km.<\/p>\n","protected":false},"author":1,"featured_media":0,"parent":0,"menu_order":0,"comment_status":"closed","ping_status":"closed","template":"","meta":{"footnotes":""},"class_list":["post-14129","page","type-page","status-publish","hentry","post-no-thumbnail"],"yoast_head":"<!-- This site is optimized with the Yoast SEO plugin v27.3 - https:\/\/yoast.com\/product\/yoast-seo-wordpress\/ -->\n<title>DRONE GUN - Stratign<\/title>\n<meta name=\"description\" content=\"Le Drone Gun est un dispositif de brouillage directionnel pour UAV, l\u00e9ger, en forme de pistolet, offrant une flexibilit\u00e9 pour r\u00e9agir rapidement.\" \/>\n<meta name=\"robots\" content=\"index, follow, max-snippet:-1, max-image-preview:large, max-video-preview:-1\" \/>\n<link rel=\"canonical\" href=\"https:\/\/www.stratign.com\/fr\/drone-gun\/\" \/>\n<meta property=\"og:locale\" content=\"en_US\" \/>\n<meta property=\"og:type\" content=\"article\" \/>\n<meta property=\"og:title\" content=\"DRONE GUN - Stratign\" \/>\n<meta property=\"og:description\" content=\"Le Drone Gun est un dispositif de brouillage directionnel pour UAV, l\u00e9ger, en forme de pistolet, offrant une flexibilit\u00e9 pour r\u00e9agir rapidement.\" \/>\n<meta property=\"og:url\" content=\"https:\/\/www.stratign.com\/fr\/drone-gun\/\" \/>\n<meta property=\"og:site_name\" content=\"Stratign\" \/>\n<meta property=\"article:publisher\" content=\"https:\/\/www.facebook.com\/stratignfb\/\" \/>\n<meta property=\"article:modified_time\" content=\"2025-03-10T05:32:50+00:00\" \/>\n<meta name=\"twitter:card\" content=\"summary_large_image\" \/>\n<meta name=\"twitter:site\" content=\"@stratign\" \/>\n<meta name=\"twitter:label1\" content=\"Est. reading time\" \/>\n\t<meta name=\"twitter:data1\" content=\"2 minutes\" \/>\n<script type=\"application\/ld+json\" class=\"yoast-schema-graph\">{\"@context\":\"https:\\\/\\\/schema.org\",\"@graph\":[{\"@type\":\"WebPage\",\"@id\":\"https:\\\/\\\/www.stratign.com\\\/fr\\\/drone-gun\\\/\",\"url\":\"https:\\\/\\\/www.stratign.com\\\/fr\\\/drone-gun\\\/\",\"name\":\"DRONE GUN - Stratign\",\"isPartOf\":{\"@id\":\"https:\\\/\\\/www.stratign.com\\\/fr\\\/#website\"},\"datePublished\":\"2023-07-17T07:37:03+00:00\",\"dateModified\":\"2025-03-10T05:32:50+00:00\",\"description\":\"Le Drone Gun est un dispositif de brouillage directionnel pour UAV, l\u00e9ger, en forme de pistolet, offrant une flexibilit\u00e9 pour r\u00e9agir rapidement.\",\"breadcrumb\":{\"@id\":\"https:\\\/\\\/www.stratign.com\\\/fr\\\/drone-gun\\\/#breadcrumb\"},\"inLanguage\":\"en-US\",\"potentialAction\":[{\"@type\":\"ReadAction\",\"target\":[\"https:\\\/\\\/www.stratign.com\\\/fr\\\/drone-gun\\\/\"]}]},{\"@type\":\"BreadcrumbList\",\"@id\":\"https:\\\/\\\/www.stratign.com\\\/fr\\\/drone-gun\\\/#breadcrumb\",\"itemListElement\":[{\"@type\":\"ListItem\",\"position\":1,\"name\":\"Home\",\"item\":\"https:\\\/\\\/www.stratign.com\\\/fr\\\/\"},{\"@type\":\"ListItem\",\"position\":2,\"name\":\"DRONE GUN\"}]},{\"@type\":\"WebSite\",\"@id\":\"https:\\\/\\\/www.stratign.com\\\/fr\\\/#website\",\"url\":\"https:\\\/\\\/www.stratign.com\\\/fr\\\/\",\"name\":\"Stratign\",\"description\":\"Military Defense Technology\",\"potentialAction\":[{\"@type\":\"SearchAction\",\"target\":{\"@type\":\"EntryPoint\",\"urlTemplate\":\"https:\\\/\\\/www.stratign.com\\\/fr\\\/?s={search_term_string}\"},\"query-input\":{\"@type\":\"PropertyValueSpecification\",\"valueRequired\":true,\"valueName\":\"search_term_string\"}}],\"inLanguage\":\"en-US\"}]}<\/script>\n<!-- \/ Yoast SEO plugin. -->","yoast_head_json":{"title":"DRONE GUN - Stratign","description":"Le Drone Gun est un dispositif de brouillage directionnel pour UAV, l\u00e9ger, en forme de pistolet, offrant une flexibilit\u00e9 pour r\u00e9agir rapidement.","robots":{"index":"index","follow":"follow","max-snippet":"max-snippet:-1","max-image-preview":"max-image-preview:large","max-video-preview":"max-video-preview:-1"},"canonical":"https:\/\/www.stratign.com\/fr\/drone-gun\/","og_locale":"en_US","og_type":"article","og_title":"DRONE GUN - Stratign","og_description":"Le Drone Gun est un dispositif de brouillage directionnel pour UAV, l\u00e9ger, en forme de pistolet, offrant une flexibilit\u00e9 pour r\u00e9agir rapidement.","og_url":"https:\/\/www.stratign.com\/fr\/drone-gun\/","og_site_name":"Stratign","article_publisher":"https:\/\/www.facebook.com\/stratignfb\/","article_modified_time":"2025-03-10T05:32:50+00:00","twitter_card":"summary_large_image","twitter_site":"@stratign","twitter_misc":{"Est. reading time":"2 minutes"},"schema":{"@context":"https:\/\/schema.org","@graph":[{"@type":"WebPage","@id":"https:\/\/www.stratign.com\/fr\/drone-gun\/","url":"https:\/\/www.stratign.com\/fr\/drone-gun\/","name":"DRONE GUN - Stratign","isPartOf":{"@id":"https:\/\/www.stratign.com\/fr\/#website"},"datePublished":"2023-07-17T07:37:03+00:00","dateModified":"2025-03-10T05:32:50+00:00","description":"Le Drone Gun est un dispositif de brouillage directionnel pour UAV, l\u00e9ger, en forme de pistolet, offrant une flexibilit\u00e9 pour r\u00e9agir rapidement.","breadcrumb":{"@id":"https:\/\/www.stratign.com\/fr\/drone-gun\/#breadcrumb"},"inLanguage":"en-US","potentialAction":[{"@type":"ReadAction","target":["https:\/\/www.stratign.com\/fr\/drone-gun\/"]}]},{"@type":"BreadcrumbList","@id":"https:\/\/www.stratign.com\/fr\/drone-gun\/#breadcrumb","itemListElement":[{"@type":"ListItem","position":1,"name":"Home","item":"https:\/\/www.stratign.com\/fr\/"},{"@type":"ListItem","position":2,"name":"DRONE GUN"}]},{"@type":"WebSite","@id":"https:\/\/www.stratign.com\/fr\/#website","url":"https:\/\/www.stratign.com\/fr\/","name":"Stratign","description":"Military Defense Technology","potentialAction":[{"@type":"SearchAction","target":{"@type":"EntryPoint","urlTemplate":"https:\/\/www.stratign.com\/fr\/?s={search_term_string}"},"query-input":{"@type":"PropertyValueSpecification","valueRequired":true,"valueName":"search_term_string"}}],"inLanguage":"en-US"}]}},"_links":{"self":[{"href":"https:\/\/www.stratign.com\/fr\/wp-json\/wp\/v2\/pages\/14129","targetHints":{"allow":["GET"]}}],"collection":[{"href":"https:\/\/www.stratign.com\/fr\/wp-json\/wp\/v2\/pages"}],"about":[{"href":"https:\/\/www.stratign.com\/fr\/wp-json\/wp\/v2\/types\/page"}],"author":[{"embeddable":true,"href":"https:\/\/www.stratign.com\/fr\/wp-json\/wp\/v2\/users\/1"}],"replies":[{"embeddable":true,"href":"https:\/\/www.stratign.com\/fr\/wp-json\/wp\/v2\/comments?post=14129"}],"version-history":[{"count":13,"href":"https:\/\/www.stratign.com\/fr\/wp-json\/wp\/v2\/pages\/14129\/revisions"}],"predecessor-version":[{"id":15255,"href":"https:\/\/www.stratign.com\/fr\/wp-json\/wp\/v2\/pages\/14129\/revisions\/15255"}],"wp:attachment":[{"href":"https:\/\/www.stratign.com\/fr\/wp-json\/wp\/v2\/media?parent=14129"}],"curies":[{"name":"wp","href":"https:\/\/api.w.org\/{rel}","templated":true}]}}