{"id":14134,"date":"2023-07-17T12:31:41","date_gmt":"2023-07-17T08:31:41","guid":{"rendered":"https:\/\/www.stratign.com\/?page_id=14134"},"modified":"2025-02-28T09:11:40","modified_gmt":"2025-02-28T05:11:40","slug":"drone-defense-systems","status":"publish","type":"page","link":"https:\/\/www.stratign.com\/fr\/drone-defense-systems\/","title":{"rendered":"SYST\u00c8MES DE D\u00c9FENSE CONTRE LES DRONES"},"content":{"rendered":"<section class=\"wpb-content-wrapper\"><p>[vc_row][vc_column][tm_heading style=&#8221;left-line&#8221; custom_google_font=&#8221;&#8221; css=&#8221;.vc_custom_1704691746424{margin-top: -50px !important;}&#8221;]Cat\u00e9gories[\/tm_heading][tm_spacer size=&#8221;lg:20&#8243;][tm_grid xs_align=&#8221;center&#8221; columns=&#8221;xs:1;sm:2;lg:3&#8243; column_gutter=&#8221;lg:30&#8243; row_gutter=&#8221;lg:30&#8243;][tm_box_icon align=&#8221;center&#8221; heading=&#8221;Brouilleur de drone&#8221; text=&#8221;Les brouilleurs de drones de Stratign sont bas\u00e9s sur une approche de fusion multi-capteurs et brouilleurs. Le syst\u00e8me fonctionne selon le principe &#8220;D\u00e9tecter &#8211; Localiser &#8211; Identifier &#8211; Agir&#8220;. La port\u00e9e de d\u00e9tection et de brouillage peut varier de 1 \u00e0 5 km en fonction de la configuration choisie.&#8221; image=&#8221;4893&#8243; box_link=&#8221;url:https%3A%2F%2Fwww.stratign.com%2Ffr%2Fdrone-jammer%2F|title:DRONE%20Jammer&#8221;][tm_box_icon align=&#8221;center&#8221; heading=&#8221;Syst\u00e8me fixe de d\u00e9tection et de brouillage des drones&#8221; text=&#8221;Les syst\u00e8mes fixes de d\u00e9tection et de brouillage de drones sont destin\u00e9s aux op\u00e9rations tactiques ou \u00e0 la s\u00e9curit\u00e9 des installations contre la plupart des drones commerciaux et peuvent cr\u00e9er une zone s\u00e9curis\u00e9e d&#8217;un rayon de 1,5 \u00e0 2 km. Ils sont \u00e9quip\u00e9s de d\u00e9tecteurs RF et de brouilleurs.&#8221; image=&#8221;14168&#8243; box_link=&#8221;url:https%3A%2F%2Fwww.stratign.com%2Ffr%2Ffixed-uav-detection-and-jamming-system%2F|title:UAV%20Jammers&#8221;][tm_box_icon align=&#8221;center&#8221; heading=&#8221;Arme anti-drone&#8221; text=&#8221;L\u2019 arme anti-drone de Stratign est un syst\u00e8me de d\u00e9fense contre les drones en forme de fusil, l\u00e9ger et \u00e0 longue port\u00e9e, tr\u00e8s facile \u00e0 utiliser et \u00e0 manipuler. Les Drone Guns ont une port\u00e9e approximative de 1,5 km \u00e0 2 km.&#8221; image=&#8221;14169&#8243; box_link=&#8221;url:https%3A%2F%2Fwww.stratign.com%2Ffr%2Fdrone-gun%2F|title:DRONE%20GUN&#8221;][\/tm_grid][\/vc_column][\/vc_row]<\/p>\n<\/section>","protected":false},"excerpt":{"rendered":"<p>Includes cellphone jammer, intelligent cellphone jammer, radio jammer, prison jammer and satellite jammer.<\/p>\n","protected":false},"author":1,"featured_media":0,"parent":0,"menu_order":0,"comment_status":"closed","ping_status":"closed","template":"","meta":{"footnotes":""},"class_list":["post-14134","page","type-page","status-publish","hentry","post-no-thumbnail"],"yoast_head":"<!-- This site is optimized with the Yoast SEO plugin v27.3 - https:\/\/yoast.com\/product\/yoast-seo-wordpress\/ -->\n<title>SYST\u00c8MES DE D\u00c9FENSE CONTRE LES DRONES - Stratign<\/title>\n<meta name=\"description\" content=\"Les syst\u00e8mes de d\u00e9fense contre les drones de Stratign comprennent des brouilleurs de drones, des syst\u00e8mes fixes de d\u00e9tection et de brouillage de drones et des canons \u00e0 drones.\" \/>\n<meta name=\"robots\" content=\"index, follow, max-snippet:-1, max-image-preview:large, max-video-preview:-1\" \/>\n<link rel=\"canonical\" href=\"https:\/\/www.stratign.com\/fr\/drone-defense-systems\/\" \/>\n<meta property=\"og:locale\" content=\"en_US\" \/>\n<meta property=\"og:type\" content=\"article\" \/>\n<meta property=\"og:title\" content=\"SYST\u00c8MES DE D\u00c9FENSE CONTRE LES DRONES - Stratign\" \/>\n<meta property=\"og:description\" content=\"Les syst\u00e8mes de d\u00e9fense contre les drones de Stratign comprennent des brouilleurs de drones, des syst\u00e8mes fixes de d\u00e9tection et de brouillage de drones et des canons \u00e0 drones.\" \/>\n<meta property=\"og:url\" content=\"https:\/\/www.stratign.com\/fr\/drone-defense-systems\/\" \/>\n<meta property=\"og:site_name\" content=\"Stratign\" \/>\n<meta property=\"article:publisher\" content=\"https:\/\/www.facebook.com\/stratignfb\/\" \/>\n<meta property=\"article:modified_time\" content=\"2025-02-28T05:11:40+00:00\" \/>\n<meta name=\"twitter:card\" content=\"summary_large_image\" \/>\n<meta name=\"twitter:site\" content=\"@stratign\" \/>\n<meta name=\"twitter:label1\" content=\"Est. reading time\" \/>\n\t<meta name=\"twitter:data1\" content=\"1 minute\" \/>\n<script type=\"application\/ld+json\" class=\"yoast-schema-graph\">{\"@context\":\"https:\\\/\\\/schema.org\",\"@graph\":[{\"@type\":\"WebPage\",\"@id\":\"https:\\\/\\\/www.stratign.com\\\/fr\\\/drone-defense-systems\\\/\",\"url\":\"https:\\\/\\\/www.stratign.com\\\/fr\\\/drone-defense-systems\\\/\",\"name\":\"SYST\u00c8MES DE D\u00c9FENSE CONTRE LES DRONES - Stratign\",\"isPartOf\":{\"@id\":\"https:\\\/\\\/www.stratign.com\\\/fr\\\/#website\"},\"datePublished\":\"2023-07-17T08:31:41+00:00\",\"dateModified\":\"2025-02-28T05:11:40+00:00\",\"description\":\"Les syst\u00e8mes de d\u00e9fense contre les drones de Stratign comprennent des brouilleurs de drones, des syst\u00e8mes fixes de d\u00e9tection et de brouillage de drones et des canons \u00e0 drones.\",\"breadcrumb\":{\"@id\":\"https:\\\/\\\/www.stratign.com\\\/fr\\\/drone-defense-systems\\\/#breadcrumb\"},\"inLanguage\":\"en-US\",\"potentialAction\":[{\"@type\":\"ReadAction\",\"target\":[\"https:\\\/\\\/www.stratign.com\\\/fr\\\/drone-defense-systems\\\/\"]}]},{\"@type\":\"BreadcrumbList\",\"@id\":\"https:\\\/\\\/www.stratign.com\\\/fr\\\/drone-defense-systems\\\/#breadcrumb\",\"itemListElement\":[{\"@type\":\"ListItem\",\"position\":1,\"name\":\"Home\",\"item\":\"https:\\\/\\\/www.stratign.com\\\/fr\\\/\"},{\"@type\":\"ListItem\",\"position\":2,\"name\":\"SYST\u00c8MES DE D\u00c9FENSE CONTRE LES DRONES\"}]},{\"@type\":\"WebSite\",\"@id\":\"https:\\\/\\\/www.stratign.com\\\/fr\\\/#website\",\"url\":\"https:\\\/\\\/www.stratign.com\\\/fr\\\/\",\"name\":\"Stratign\",\"description\":\"Military Defense Technology\",\"potentialAction\":[{\"@type\":\"SearchAction\",\"target\":{\"@type\":\"EntryPoint\",\"urlTemplate\":\"https:\\\/\\\/www.stratign.com\\\/fr\\\/?s={search_term_string}\"},\"query-input\":{\"@type\":\"PropertyValueSpecification\",\"valueRequired\":true,\"valueName\":\"search_term_string\"}}],\"inLanguage\":\"en-US\"}]}<\/script>\n<!-- \/ Yoast SEO plugin. -->","yoast_head_json":{"title":"SYST\u00c8MES DE D\u00c9FENSE CONTRE LES DRONES - Stratign","description":"Les syst\u00e8mes de d\u00e9fense contre les drones de Stratign comprennent des brouilleurs de drones, des syst\u00e8mes fixes de d\u00e9tection et de brouillage de drones et des canons \u00e0 drones.","robots":{"index":"index","follow":"follow","max-snippet":"max-snippet:-1","max-image-preview":"max-image-preview:large","max-video-preview":"max-video-preview:-1"},"canonical":"https:\/\/www.stratign.com\/fr\/drone-defense-systems\/","og_locale":"en_US","og_type":"article","og_title":"SYST\u00c8MES DE D\u00c9FENSE CONTRE LES DRONES - Stratign","og_description":"Les syst\u00e8mes de d\u00e9fense contre les drones de Stratign comprennent des brouilleurs de drones, des syst\u00e8mes fixes de d\u00e9tection et de brouillage de drones et des canons \u00e0 drones.","og_url":"https:\/\/www.stratign.com\/fr\/drone-defense-systems\/","og_site_name":"Stratign","article_publisher":"https:\/\/www.facebook.com\/stratignfb\/","article_modified_time":"2025-02-28T05:11:40+00:00","twitter_card":"summary_large_image","twitter_site":"@stratign","twitter_misc":{"Est. reading time":"1 minute"},"schema":{"@context":"https:\/\/schema.org","@graph":[{"@type":"WebPage","@id":"https:\/\/www.stratign.com\/fr\/drone-defense-systems\/","url":"https:\/\/www.stratign.com\/fr\/drone-defense-systems\/","name":"SYST\u00c8MES DE D\u00c9FENSE CONTRE LES DRONES - Stratign","isPartOf":{"@id":"https:\/\/www.stratign.com\/fr\/#website"},"datePublished":"2023-07-17T08:31:41+00:00","dateModified":"2025-02-28T05:11:40+00:00","description":"Les syst\u00e8mes de d\u00e9fense contre les drones de Stratign comprennent des brouilleurs de drones, des syst\u00e8mes fixes de d\u00e9tection et de brouillage de drones et des canons \u00e0 drones.","breadcrumb":{"@id":"https:\/\/www.stratign.com\/fr\/drone-defense-systems\/#breadcrumb"},"inLanguage":"en-US","potentialAction":[{"@type":"ReadAction","target":["https:\/\/www.stratign.com\/fr\/drone-defense-systems\/"]}]},{"@type":"BreadcrumbList","@id":"https:\/\/www.stratign.com\/fr\/drone-defense-systems\/#breadcrumb","itemListElement":[{"@type":"ListItem","position":1,"name":"Home","item":"https:\/\/www.stratign.com\/fr\/"},{"@type":"ListItem","position":2,"name":"SYST\u00c8MES DE D\u00c9FENSE CONTRE LES DRONES"}]},{"@type":"WebSite","@id":"https:\/\/www.stratign.com\/fr\/#website","url":"https:\/\/www.stratign.com\/fr\/","name":"Stratign","description":"Military Defense Technology","potentialAction":[{"@type":"SearchAction","target":{"@type":"EntryPoint","urlTemplate":"https:\/\/www.stratign.com\/fr\/?s={search_term_string}"},"query-input":{"@type":"PropertyValueSpecification","valueRequired":true,"valueName":"search_term_string"}}],"inLanguage":"en-US"}]}},"_links":{"self":[{"href":"https:\/\/www.stratign.com\/fr\/wp-json\/wp\/v2\/pages\/14134","targetHints":{"allow":["GET"]}}],"collection":[{"href":"https:\/\/www.stratign.com\/fr\/wp-json\/wp\/v2\/pages"}],"about":[{"href":"https:\/\/www.stratign.com\/fr\/wp-json\/wp\/v2\/types\/page"}],"author":[{"embeddable":true,"href":"https:\/\/www.stratign.com\/fr\/wp-json\/wp\/v2\/users\/1"}],"replies":[{"embeddable":true,"href":"https:\/\/www.stratign.com\/fr\/wp-json\/wp\/v2\/comments?post=14134"}],"version-history":[{"count":10,"href":"https:\/\/www.stratign.com\/fr\/wp-json\/wp\/v2\/pages\/14134\/revisions"}],"predecessor-version":[{"id":15136,"href":"https:\/\/www.stratign.com\/fr\/wp-json\/wp\/v2\/pages\/14134\/revisions\/15136"}],"wp:attachment":[{"href":"https:\/\/www.stratign.com\/fr\/wp-json\/wp\/v2\/media?parent=14134"}],"curies":[{"name":"wp","href":"https:\/\/api.w.org\/{rel}","templated":true}]}}