{"id":15195,"date":"2025-02-20T16:33:36","date_gmt":"2025-02-20T12:33:36","guid":{"rendered":"https:\/\/www.stratign.com\/fr\/?page_id=15195"},"modified":"2025-03-04T12:18:07","modified_gmt":"2025-03-04T08:18:07","slug":"detection-et-brouillage-rf-portables","status":"publish","type":"page","link":"https:\/\/www.stratign.com\/fr\/detection-et-brouillage-rf-portables\/","title":{"rendered":"D\u00c9TECTION ET BROUILLAGE RF PORTABLES"},"content":{"rendered":"<section class=\"wpb-content-wrapper\"><p>[vc_row][vc_column][tm_spacer size=&#8221;xs:20;sm:40;lg:80&#8243;][tm_heading tag=&#8221;h4&#8243; custom_google_font=&#8221;&#8221; text_transform=&#8221;uppercase&#8221; align=&#8221;center&#8221; text_color=&#8221;secondary&#8221; font_size=&#8221;sm:28;md:34;lg:40&#8243; line_height=&#8221;1.4&#8243;]D\u00c9TECTION ET BROUILLAGE RF PORTABLES[\/tm_heading][tm_spacer size=&#8221;xs:20;sm:30;lg:60&#8243;][\/vc_column][\/vc_row][vc_row sm_spacing=&#8221;padding_bottom:100&#8243; lg_spacing=&#8221;padding_bottom:5&#8243;][vc_column offset=&#8221;vc_col-md-5&#8243;][tm_heading style=&#8221;left-line&#8221; custom_google_font=&#8221;&#8221; font_weight=&#8221;800&#8243; font_size=&#8221;sm:18;md:21;lg:24&#8243; line_height=&#8221;1.67&#8243; max_width=&#8221;400px&#8221;]Le Syst\u00e8me Portable de D\u00e9tection et de Brouillage RF est un syst\u00e8me de pointe utilis\u00e9 pour cr\u00e9er une zone sans drones et fournir une d\u00e9fense efficace contre les menaces croissantes pos\u00e9es par les drones.[\/tm_heading][\/vc_column][vc_column offset=&#8221;vc_col-md-7&#8243;][tm_heading tag=&#8221;div&#8221; custom_google_font=&#8221;&#8221; font_size=&#8221;lg:18&#8243; line_height=&#8221;1.67&#8243;]Les drones et les quadcopt\u00e8res deviennent une nuisance et peuvent compromettre votre vie priv\u00e9e et votre s\u00e9curit\u00e9, car ils sont de moins en moins chers et de plus en plus disponibles. Plusieurs incidents survenus au cours des derni\u00e8res ann\u00e9es ont r\u00e9v\u00e9l\u00e9 l&#8217;\u00e9mergence rapide d&#8217;une menace caus\u00e9e par les petits drones disponibles dans le commerce. N\u00e9anmoins, la menace r\u00e9elle n&#8217;est pas caus\u00e9e par le drone lui-m\u00eame, mais par la charge utile qu&#8217;il transporte. Selon la cat\u00e9gorie du drone, le poids maximal de la charge utile peut \u00eatre de 2 \u00e0 3 kg, voire plus.[\/tm_heading][tm_heading tag=&#8221;div&#8221; custom_google_font=&#8221;&#8221; font_size=&#8221;lg:18&#8243; line_height=&#8221;1.67&#8243;]Les charges utiles nuisibles peuvent \u00eatre des banni\u00e8res utilis\u00e9es pour la propagande, des cam\u00e9ras ou des microphones utilis\u00e9s pour l&#8217;espionnage,[\/tm_heading][\/vc_column][\/vc_row][vc_row sm_spacing=&#8221;margin_top:-100&#8243; xs_spacing=&#8221;margin_top:-100&#8243;][vc_column][tm_heading tag=&#8221;div&#8221; custom_google_font=&#8221;&#8221; font_size=&#8221;lg:18&#8243; line_height=&#8221;1.67&#8243;]en passant par des explosifs ou des substances biologiques ou chimiques destin\u00e9s \u00e0 endommager les installations ou \u00e0 nuire directement aux personnes. Enfin, la charge utile pourrait \u00e9galement \u00eatre un objet de contrebande.[\/tm_heading][tm_spacer size=&#8221;lg:5&#8243;][tm_heading tag=&#8221;div&#8221; custom_google_font=&#8221;&#8221; font_size=&#8221;lg:18&#8243; line_height=&#8221;1.67&#8243;]L&#8217;utilisation croissante de mini-drones et de quadcopt\u00e8res de petite taille, combin\u00e9e aux r\u00e9centes avanc\u00e9es technologiques, a consid\u00e9rablement augment\u00e9 le risque que ces syst\u00e8mes soient utilis\u00e9s pour des activit\u00e9s hostiles.[\/tm_heading][tm_spacer size=&#8221;lg:5&#8243;][tm_heading tag=&#8221;div&#8221; custom_google_font=&#8221;&#8221; font_size=&#8221;lg:18&#8243; line_height=&#8221;1.67&#8243;]Le syst\u00e8me portable de d\u00e9tection et de brouillage RF de Stratign est une arme tactique qui aide les forces \u00e0 cr\u00e9er une zone sans drones pour la s\u00e9curit\u00e9 des troupes ou des installations d&#8217;importance tactique. Ceux-ci sont tr\u00e8s portable, \u00e9quip\u00e9 d&#8217;une unit\u00e9 de d\u00e9tection RF qui scanne l&#8217;environnement \u00e0 la recherche des signatures des drones et alerte imm\u00e9diatement l&#8217;op\u00e9rateur de toute d\u00e9tection. Le d\u00e9tecteur et le brouilleur offrent une couverture de 360 degr\u00e9s et sont contr\u00f4l\u00e9s par un ordinateur portable. Les d\u00e9tections sont visualis\u00e9es sur les cartes num\u00e9riques int\u00e9gr\u00e9es. Ils sont int\u00e9gr\u00e9s dans un bo\u00eetier durci IP67 permettant des installations ext\u00e9rieures permanentes.[\/tm_heading][tm_spacer size=&#8221;lg:50&#8243;][\/vc_column][\/vc_row][vc_row][vc_column][tm_heading tag=&#8221;h4&#8243; custom_google_font=&#8221;&#8221; align=&#8221;center&#8221; text_color=&#8221;secondary&#8221; font_size=&#8221;sm:28;md:34;lg:40&#8243; line_height=&#8221;1.4&#8243; css=&#8221;.vc_custom_1705643349080{background-position: center !important;background-repeat: no-repeat !important;background-size: contain !important;}&#8221;]Caract\u00e9ristiques du syst\u00e8me[\/tm_heading][tm_spacer size=&#8221;lg:40&#8243;][tm_list list_style=&#8221;check-02&#8243; marker_color=&#8221;secondary&#8221; title_color=&#8221;primary&#8221; columns=&#8221;xs:1;lg:2&#8243; items=&#8221;%5B%7B%22item_title%22%3A%22Poids%20l%C3%A9ger%22%2C%22item_desc%22%3A%22Le%20poids%20est%20d&#8217;environ%2013%2C4%20kg%20sans%20le%20support%20de%20montage.%20Il%20est%20donc%20facile%20de%20les%20transporter%20dans%20n&#8217;importe%20quel%20endroit%20ou%20de%20les%20monter%20au%20sommet%20de%20b%C3%A2timents.%22%7D%2C%7B%22item_title%22%3A%22Bandes%20de%20fr%C3%A9quences%22%2C%22link%22%3A%22%7C%7C%7C%22%2C%22item_desc%22%3A%22%C3%89missions%20dans%20les%20bandes%20de%20fr%C3%A9quences%204%2F6%2C%20ce%20qui%20permet%20de%20neutraliser%20la%20plupart%20des%20drones%20civils.%22%7D%2C%7B%22item_title%22%3A%22Fonctionnement%20continu%22%2C%22item_desc%22%3A%22Fonctionnement%20continu%20possible%20lorsque%20l&#8217;appareil%20est%20connect%C3%A9%20au%20r%C3%A9seau%20%C3%A9lectrique.%22%7D%2C%7B%22item_title%22%3A%22Longue%20port%C3%A9e%22%2C%22link%22%3A%22%7C%7C%7C%22%2C%22item_desc%22%3A%22Il%20poss%C3%A8de%20une%20port%C3%A9e%20d&#8217;environ%201%2C5%20km%20%C3%A0%202%20km.%22%7D%2C%7B%22item_title%22%3A%22Couverture%20compl%C3%A8te%22%2C%22item_desc%22%3A%22L&#8217;utilisation%20d&#8217;antennes%20omnidirectionnelles%20assure%20une%20couverture%20%C3%A0%20360%20degr%C3%A9s.%22%7D%2C%7B%22item_title%22%3A%22Unit%C3%A9%20de%20d%C3%A9tection%20int%C3%A9gr%C3%A9e%22%2C%22item_desc%22%3A%22L&#8217;unit%C3%A9%20de%20d%C3%A9tection%20RF%20int%C3%A9gr%C3%A9e%20assure%20la%20d%C3%A9tection%20de%20la%20plupart%20des%20drones%20commerciaux.%22%7D%2C%7B%22item_title%22%3A%22Modes%20de%20fonctionnement%20multiples%22%2C%22item_desc%22%3A%22Le%20logiciel%20permet%20plusieurs%20modes%20de%20fonctionnement%2C%20permettant%20le%20brouillage%20automatique%20lors%20de%20la%20d%C3%A9tection%2C%20le%20brouillage%20manuel%20par%20l&#8217;op%C3%A9rateur%2C%20le%20mode%20expulsion%20ou%20le%20mode%20atterrissage%20forc%C3%A9.%22%7D%5D&#8221; custom_css=&#8221;LnRtLWxpc3Quc3R5bGUtY2hlY2stMDIlMjAuZGVzYyUyMCU3QiUwQSUyMCUyMCUyMCUyMG1hcmdpbi10b3AlM0ElMjAxMHB4JTNCJTBBJTIwJTIwJTIwJTIwbWFyZ2luLWJvdHRvbSUzQSUyMDEwcHglM0IlMEElN0Q=&#8221;][tm_spacer size=&#8221;xs:30;sm:60;lg:120&#8243;][\/vc_column][\/vc_row][vc_row css_animation=&#8221;none&#8221; lg_spacing=&#8221;margin_bottom:10&#8243; md_spacing=&#8221;margin_bottom:10&#8243;][vc_column width=&#8221;1\/4&#8243;][tm_heading tag=&#8221;h4&#8243; custom_google_font=&#8221;&#8221; css=&#8221;.vc_custom_1702534293059{margin-top: 10px !important;}&#8221;]En savoir plus[\/tm_heading][\/vc_column][vc_column width=&#8221;1\/4&#8243;][tm_button button=&#8221;url:https%3A%2F%2Fwww.stratign.com%2Fcontact-us%2F|title:Nous%20contacter%20&#8243; el_id=&#8221;Contact-us-other&#8221;][\/vc_column][vc_column width=&#8221;1\/4&#8243;][tm_heading tag=&#8221;h4&#8243; custom_google_font=&#8221;&#8221;]T\u00e9l\u00e9charger la brochure[\/tm_heading][\/vc_column][vc_column width=&#8221;1\/4&#8243;][tm_button button=&#8221;url:https%3A%2F%2Fwww.stratign.com%2Fbrochures%2F|title:T%C3%A9l%C3%A9charger&#8221; el_id=&#8221;Brochure-other&#8221;][\/vc_column][\/vc_row]<\/p>\n<\/section>","protected":false},"excerpt":{"rendered":"<p>Stratign has multiple anti-drone solutions ranging from only jammers to a fully integrated solution with radars, cameras, etc integrated. The solutions are available for ranges from 1 km to 5 km.<\/p>\n","protected":false},"author":1,"featured_media":0,"parent":0,"menu_order":0,"comment_status":"closed","ping_status":"closed","template":"","meta":{"footnotes":""},"class_list":["post-15195","page","type-page","status-publish","hentry","post-no-thumbnail"],"yoast_head":"<!-- This site is optimized with the Yoast SEO plugin v27.3 - https:\/\/yoast.com\/product\/yoast-seo-wordpress\/ -->\n<title>D\u00c9TECTION ET BROUILLAGE RF PORTABLES - Stratign<\/title>\n<meta name=\"description\" content=\"Syst\u00e8me portable de d\u00e9tection et de brouillage RF utilis\u00e9 pour cr\u00e9er une zone sans drone et fournir une d\u00e9fense contre les menaces croissantes pos\u00e9es par les drones.\" \/>\n<meta name=\"robots\" content=\"index, follow, max-snippet:-1, max-image-preview:large, max-video-preview:-1\" \/>\n<link rel=\"canonical\" href=\"https:\/\/www.stratign.com\/fr\/detection-et-brouillage-rf-portables\/\" \/>\n<meta property=\"og:locale\" content=\"en_US\" \/>\n<meta property=\"og:type\" content=\"article\" \/>\n<meta property=\"og:title\" content=\"D\u00c9TECTION ET BROUILLAGE RF PORTABLES - Stratign\" \/>\n<meta property=\"og:description\" content=\"Syst\u00e8me portable de d\u00e9tection et de brouillage RF utilis\u00e9 pour cr\u00e9er une zone sans drone et fournir une d\u00e9fense contre les menaces croissantes pos\u00e9es par les drones.\" \/>\n<meta property=\"og:url\" content=\"https:\/\/www.stratign.com\/fr\/detection-et-brouillage-rf-portables\/\" \/>\n<meta property=\"og:site_name\" content=\"Stratign\" \/>\n<meta property=\"article:publisher\" content=\"https:\/\/www.facebook.com\/stratignfb\/\" \/>\n<meta property=\"article:modified_time\" content=\"2025-03-04T08:18:07+00:00\" \/>\n<meta name=\"twitter:card\" content=\"summary_large_image\" \/>\n<meta name=\"twitter:site\" content=\"@stratign\" \/>\n<meta name=\"twitter:label1\" content=\"Est. reading time\" \/>\n\t<meta name=\"twitter:data1\" content=\"2 minutes\" \/>\n<script type=\"application\/ld+json\" class=\"yoast-schema-graph\">{\"@context\":\"https:\\\/\\\/schema.org\",\"@graph\":[{\"@type\":\"WebPage\",\"@id\":\"https:\\\/\\\/www.stratign.com\\\/fr\\\/detection-et-brouillage-rf-portables\\\/\",\"url\":\"https:\\\/\\\/www.stratign.com\\\/fr\\\/detection-et-brouillage-rf-portables\\\/\",\"name\":\"D\u00c9TECTION ET BROUILLAGE RF PORTABLES - Stratign\",\"isPartOf\":{\"@id\":\"https:\\\/\\\/www.stratign.com\\\/fr\\\/#website\"},\"datePublished\":\"2025-02-20T12:33:36+00:00\",\"dateModified\":\"2025-03-04T08:18:07+00:00\",\"description\":\"Syst\u00e8me portable de d\u00e9tection et de brouillage RF utilis\u00e9 pour cr\u00e9er une zone sans drone et fournir une d\u00e9fense contre les menaces croissantes pos\u00e9es par les drones.\",\"breadcrumb\":{\"@id\":\"https:\\\/\\\/www.stratign.com\\\/fr\\\/detection-et-brouillage-rf-portables\\\/#breadcrumb\"},\"inLanguage\":\"en-US\",\"potentialAction\":[{\"@type\":\"ReadAction\",\"target\":[\"https:\\\/\\\/www.stratign.com\\\/fr\\\/detection-et-brouillage-rf-portables\\\/\"]}]},{\"@type\":\"BreadcrumbList\",\"@id\":\"https:\\\/\\\/www.stratign.com\\\/fr\\\/detection-et-brouillage-rf-portables\\\/#breadcrumb\",\"itemListElement\":[{\"@type\":\"ListItem\",\"position\":1,\"name\":\"Home\",\"item\":\"https:\\\/\\\/www.stratign.com\\\/fr\\\/\"},{\"@type\":\"ListItem\",\"position\":2,\"name\":\"D\u00c9TECTION ET BROUILLAGE RF PORTABLES\"}]},{\"@type\":\"WebSite\",\"@id\":\"https:\\\/\\\/www.stratign.com\\\/fr\\\/#website\",\"url\":\"https:\\\/\\\/www.stratign.com\\\/fr\\\/\",\"name\":\"Stratign\",\"description\":\"Military Defense Technology\",\"potentialAction\":[{\"@type\":\"SearchAction\",\"target\":{\"@type\":\"EntryPoint\",\"urlTemplate\":\"https:\\\/\\\/www.stratign.com\\\/fr\\\/?s={search_term_string}\"},\"query-input\":{\"@type\":\"PropertyValueSpecification\",\"valueRequired\":true,\"valueName\":\"search_term_string\"}}],\"inLanguage\":\"en-US\"}]}<\/script>\n<!-- \/ Yoast SEO plugin. -->","yoast_head_json":{"title":"D\u00c9TECTION ET BROUILLAGE RF PORTABLES - Stratign","description":"Syst\u00e8me portable de d\u00e9tection et de brouillage RF utilis\u00e9 pour cr\u00e9er une zone sans drone et fournir une d\u00e9fense contre les menaces croissantes pos\u00e9es par les drones.","robots":{"index":"index","follow":"follow","max-snippet":"max-snippet:-1","max-image-preview":"max-image-preview:large","max-video-preview":"max-video-preview:-1"},"canonical":"https:\/\/www.stratign.com\/fr\/detection-et-brouillage-rf-portables\/","og_locale":"en_US","og_type":"article","og_title":"D\u00c9TECTION ET BROUILLAGE RF PORTABLES - Stratign","og_description":"Syst\u00e8me portable de d\u00e9tection et de brouillage RF utilis\u00e9 pour cr\u00e9er une zone sans drone et fournir une d\u00e9fense contre les menaces croissantes pos\u00e9es par les drones.","og_url":"https:\/\/www.stratign.com\/fr\/detection-et-brouillage-rf-portables\/","og_site_name":"Stratign","article_publisher":"https:\/\/www.facebook.com\/stratignfb\/","article_modified_time":"2025-03-04T08:18:07+00:00","twitter_card":"summary_large_image","twitter_site":"@stratign","twitter_misc":{"Est. reading time":"2 minutes"},"schema":{"@context":"https:\/\/schema.org","@graph":[{"@type":"WebPage","@id":"https:\/\/www.stratign.com\/fr\/detection-et-brouillage-rf-portables\/","url":"https:\/\/www.stratign.com\/fr\/detection-et-brouillage-rf-portables\/","name":"D\u00c9TECTION ET BROUILLAGE RF PORTABLES - Stratign","isPartOf":{"@id":"https:\/\/www.stratign.com\/fr\/#website"},"datePublished":"2025-02-20T12:33:36+00:00","dateModified":"2025-03-04T08:18:07+00:00","description":"Syst\u00e8me portable de d\u00e9tection et de brouillage RF utilis\u00e9 pour cr\u00e9er une zone sans drone et fournir une d\u00e9fense contre les menaces croissantes pos\u00e9es par les drones.","breadcrumb":{"@id":"https:\/\/www.stratign.com\/fr\/detection-et-brouillage-rf-portables\/#breadcrumb"},"inLanguage":"en-US","potentialAction":[{"@type":"ReadAction","target":["https:\/\/www.stratign.com\/fr\/detection-et-brouillage-rf-portables\/"]}]},{"@type":"BreadcrumbList","@id":"https:\/\/www.stratign.com\/fr\/detection-et-brouillage-rf-portables\/#breadcrumb","itemListElement":[{"@type":"ListItem","position":1,"name":"Home","item":"https:\/\/www.stratign.com\/fr\/"},{"@type":"ListItem","position":2,"name":"D\u00c9TECTION ET BROUILLAGE RF PORTABLES"}]},{"@type":"WebSite","@id":"https:\/\/www.stratign.com\/fr\/#website","url":"https:\/\/www.stratign.com\/fr\/","name":"Stratign","description":"Military Defense Technology","potentialAction":[{"@type":"SearchAction","target":{"@type":"EntryPoint","urlTemplate":"https:\/\/www.stratign.com\/fr\/?s={search_term_string}"},"query-input":{"@type":"PropertyValueSpecification","valueRequired":true,"valueName":"search_term_string"}}],"inLanguage":"en-US"}]}},"_links":{"self":[{"href":"https:\/\/www.stratign.com\/fr\/wp-json\/wp\/v2\/pages\/15195","targetHints":{"allow":["GET"]}}],"collection":[{"href":"https:\/\/www.stratign.com\/fr\/wp-json\/wp\/v2\/pages"}],"about":[{"href":"https:\/\/www.stratign.com\/fr\/wp-json\/wp\/v2\/types\/page"}],"author":[{"embeddable":true,"href":"https:\/\/www.stratign.com\/fr\/wp-json\/wp\/v2\/users\/1"}],"replies":[{"embeddable":true,"href":"https:\/\/www.stratign.com\/fr\/wp-json\/wp\/v2\/comments?post=15195"}],"version-history":[{"count":5,"href":"https:\/\/www.stratign.com\/fr\/wp-json\/wp\/v2\/pages\/15195\/revisions"}],"predecessor-version":[{"id":15249,"href":"https:\/\/www.stratign.com\/fr\/wp-json\/wp\/v2\/pages\/15195\/revisions\/15249"}],"wp:attachment":[{"href":"https:\/\/www.stratign.com\/fr\/wp-json\/wp\/v2\/media?parent=15195"}],"curies":[{"name":"wp","href":"https:\/\/api.w.org\/{rel}","templated":true}]}}