{"id":15198,"date":"2025-02-27T09:01:51","date_gmt":"2025-02-27T05:01:51","guid":{"rendered":"https:\/\/www.stratign.com\/fr\/?page_id=15198"},"modified":"2025-03-10T09:29:46","modified_gmt":"2025-03-10T05:29:46","slug":"drone-spoofer","status":"publish","type":"page","link":"https:\/\/www.stratign.com\/fr\/drone-spoofer\/","title":{"rendered":"DRONE SPOOFER"},"content":{"rendered":"<section class=\"wpb-content-wrapper\"><p>[vc_row][vc_column][tm_spacer size=&#8221;xs:20;sm:40;lg:80&#8243;][tm_heading tag=&#8221;h4&#8243; custom_google_font=&#8221;&#8221; text_transform=&#8221;uppercase&#8221; align=&#8221;center&#8221; text_color=&#8221;secondary&#8221; font_size=&#8221;sm:28;md:34;lg:40&#8243; line_height=&#8221;1.4&#8243;]DRONE SPOOFER[\/tm_heading][tm_spacer size=&#8221;xs:20;sm:30;lg:60&#8243;][\/vc_column][\/vc_row][vc_row sm_spacing=&#8221;padding_bottom:100&#8243; lg_spacing=&#8221;padding_bottom:5&#8243;][vc_column offset=&#8221;vc_col-md-5&#8243;][tm_heading style=&#8221;left-line&#8221; custom_google_font=&#8221;&#8221; font_weight=&#8221;800&#8243; font_size=&#8221;sm:18;md:21;lg:24&#8243; line_height=&#8221;1.67&#8243; max_width=&#8221;400px&#8221;]Drone Spoofer est utilis\u00e9 pour manipuler les syst\u00e8mes de navigation des drones en transmettant des signaux trompeurs.[\/tm_heading][\/vc_column][vc_column offset=&#8221;vc_col-md-7&#8243;][tm_heading tag=&#8221;div&#8221; custom_google_font=&#8221;&#8221; font_size=&#8221;lg:18&#8243; line_height=&#8221;1.67&#8243;]Le Drone Spoofer est un dispositif avanc\u00e9 d&#8217;usurpation de navigation GNSS con\u00e7u explicitement pour les drones de petite taille. Son objectif principal est de mettre en place un d\u00e9ni de zone, de rediriger les drones vers des orientations pr\u00e9d\u00e9termin\u00e9es et de manipuler leurs trajectoires de vol vers des emplacements d\u00e9sign\u00e9s. Combin\u00e9 \u00e0 des radars, des dispositifs de d\u00e9tection du spectre et des brouilleurs, il peut provoquer l&#8217;\u00e9crasement des drones ou les forcer \u00e0 atterrir \u00e0 des endroits d\u00e9sign\u00e9s.[\/tm_heading][\/vc_column][\/vc_row][vc_row sm_spacing=&#8221;margin_top:-100&#8243; xs_spacing=&#8221;margin_top:-100&#8243;][vc_column][tm_spacer size=&#8221;lg:5&#8243;][tm_spacer size=&#8221;lg:5&#8243;][\/vc_column][\/vc_row][vc_row][vc_column][tm_heading tag=&#8221;h4&#8243; custom_google_font=&#8221;&#8221; align=&#8221;center&#8221; text_color=&#8221;secondary&#8221; font_size=&#8221;sm:28;md:34;lg:40&#8243; line_height=&#8221;1.4&#8243; css=&#8221;.vc_custom_1705643349080{background-position: center !important;background-repeat: no-repeat !important;background-size: contain !important;}&#8221;]Caract\u00e9ristiques du syst\u00e8me[\/tm_heading][tm_spacer size=&#8221;lg:40&#8243;][tm_list list_style=&#8221;check-02&#8243; marker_color=&#8221;secondary&#8221; title_color=&#8221;primary&#8221; columns=&#8221;xs:1;lg:2&#8243; items=&#8221;%5B%7B%22item_title%22%3A%22Couverture%20des%20fr%C3%A9quences%22%2C%22item_desc%22%3A%22Couvrant%20toutes%20les%20fr%C3%A9quences%20de%20navigation%20du%20GPS%2C%20Beidou%2C%20Galileo%20et%20GLONASS%2C%20il%20peut%20mettre%20en%20%C5%93uvre%20l&#8217;usurpation%20de%20navigation%20GNSS%20sur%20tous%20les%20mod%C3%A8les%20de%20drones.%22%7D%2C%7B%22item_title%22%3A%22Haute%20pr%C3%A9cision%20et%20r%C3%A9ponse%20rapide%22%2C%22link%22%3A%22%7C%7C%7C%22%2C%22item_desc%22%3A%22L&#8217;intrusion%20est%20d%C3%A9tect%C3%A9e%20en%203%20secondes%2C%20permettant%20un%20d%C3%A9ploiement%20rapide%20de%20contre-mesures%20contre%20les%20intrusions%20soudaines%20de%20drones.%22%7D%2C%7B%22item_title%22%3A%22Facilit%C3%A9%20d&#8217;utilisation%22%2C%22item_desc%22%3A%22Les%20modes%20d&#8217;usurpation%20sont%20adapt%C3%A9s%20aux%20diff%C3%A9rents%20mod%C3%A8les%20de%20drones%2C%20garantissant%20ainsi%20une%20efficacit%C3%A9%20optimale.%22%7D%2C%7B%22item_title%22%3A%22Fr%C3%A9quences%20efficaces%22%2C%22link%22%3A%22%7C%7C%7C%22%2C%22item_desc%22%3A%22Toutes%20les%20fr%C3%A9quences%20des%20syst%C3%A8mes%20BDS%2C%20GPS%2C%20GLONASS%20et%20Galileo.%22%7D%2C%7B%22item_title%22%3A%22Longue%20dur%C3%A9e%20de%20fonctionnement%22%2C%22item_desc%22%3A%228%20heures%20de%20fonctionnement%20continu.%22%7D%5D&#8221; custom_css=&#8221;LnRtLWxpc3Quc3R5bGUtY2hlY2stMDIlMjAuZGVzYyUyMCU3QiUwQSUyMCUyMCUyMCUyMG1hcmdpbi10b3AlM0ElMjAxMHB4JTNCJTBBJTIwJTIwJTIwJTIwbWFyZ2luLWJvdHRvbSUzQSUyMDEwcHglM0IlMEElN0Q=&#8221;][tm_spacer size=&#8221;xs:30;sm:60;lg:120&#8243;][\/vc_column][\/vc_row][vc_row css_animation=&#8221;none&#8221; lg_spacing=&#8221;margin_bottom:10&#8243; md_spacing=&#8221;margin_bottom:10&#8243;][vc_column width=&#8221;1\/4&#8243;][tm_heading tag=&#8221;h4&#8243; custom_google_font=&#8221;&#8221; css=&#8221;.vc_custom_1702534293059{margin-top: 10px !important;}&#8221;]En savoir plus[\/tm_heading][\/vc_column][vc_column width=&#8221;1\/4&#8243;][tm_button button=&#8221;url:https%3A%2F%2Fwww.stratign.com%2Fcontact-us%2F|title:Nous%20contacter%20&#8243; el_id=&#8221;Contact-us-other&#8221;][\/vc_column][vc_column width=&#8221;1\/4&#8243;][tm_heading tag=&#8221;h4&#8243; custom_google_font=&#8221;&#8221;]T\u00e9l\u00e9charger la brochure[\/tm_heading][\/vc_column][vc_column width=&#8221;1\/4&#8243;][tm_button button=&#8221;url:https%3A%2F%2Fwww.stratign.com%2Fbrochures%2F|title:T%C3%A9l%C3%A9charger&#8221; el_id=&#8221;Brochure-other&#8221;][\/vc_column][\/vc_row]<\/p>\n<\/section>","protected":false},"excerpt":{"rendered":"<p>Stratign has multiple anti-drone solutions ranging from only jammers to a fully integrated solution with radars, cameras, etc integrated. The solutions are available for ranges from 1 km to 5 km.<\/p>\n","protected":false},"author":1,"featured_media":0,"parent":0,"menu_order":0,"comment_status":"closed","ping_status":"closed","template":"","meta":{"footnotes":""},"class_list":["post-15198","page","type-page","status-publish","hentry","post-no-thumbnail"],"yoast_head":"<!-- This site is optimized with the Yoast SEO plugin v27.3 - https:\/\/yoast.com\/product\/yoast-seo-wordpress\/ -->\n<title>DRONE SPOOFER - Stratign<\/title>\n<meta name=\"description\" content=\"The Drone Spoofer is an advanced GNSS navigation spoofing device engineered explicitly for small-sized UAVs.\" \/>\n<meta name=\"robots\" content=\"index, follow, max-snippet:-1, max-image-preview:large, max-video-preview:-1\" \/>\n<link rel=\"canonical\" href=\"https:\/\/www.stratign.com\/fr\/drone-spoofer\/\" \/>\n<meta property=\"og:locale\" content=\"en_US\" \/>\n<meta property=\"og:type\" content=\"article\" \/>\n<meta property=\"og:title\" content=\"DRONE SPOOFER - Stratign\" \/>\n<meta property=\"og:description\" content=\"The Drone Spoofer is an advanced GNSS navigation spoofing device engineered explicitly for small-sized UAVs.\" \/>\n<meta property=\"og:url\" content=\"https:\/\/www.stratign.com\/fr\/drone-spoofer\/\" \/>\n<meta property=\"og:site_name\" content=\"Stratign\" \/>\n<meta property=\"article:publisher\" content=\"https:\/\/www.facebook.com\/stratignfb\/\" \/>\n<meta property=\"article:modified_time\" content=\"2025-03-10T05:29:46+00:00\" \/>\n<meta name=\"twitter:card\" content=\"summary_large_image\" \/>\n<meta name=\"twitter:site\" content=\"@stratign\" \/>\n<meta name=\"twitter:label1\" content=\"Est. reading time\" \/>\n\t<meta name=\"twitter:data1\" content=\"1 minute\" \/>\n<script type=\"application\/ld+json\" class=\"yoast-schema-graph\">{\"@context\":\"https:\\\/\\\/schema.org\",\"@graph\":[{\"@type\":\"WebPage\",\"@id\":\"https:\\\/\\\/www.stratign.com\\\/fr\\\/drone-spoofer\\\/\",\"url\":\"https:\\\/\\\/www.stratign.com\\\/fr\\\/drone-spoofer\\\/\",\"name\":\"DRONE SPOOFER - Stratign\",\"isPartOf\":{\"@id\":\"https:\\\/\\\/www.stratign.com\\\/fr\\\/#website\"},\"datePublished\":\"2025-02-27T05:01:51+00:00\",\"dateModified\":\"2025-03-10T05:29:46+00:00\",\"description\":\"The Drone Spoofer is an advanced GNSS navigation spoofing device engineered explicitly for small-sized UAVs.\",\"breadcrumb\":{\"@id\":\"https:\\\/\\\/www.stratign.com\\\/fr\\\/drone-spoofer\\\/#breadcrumb\"},\"inLanguage\":\"en-US\",\"potentialAction\":[{\"@type\":\"ReadAction\",\"target\":[\"https:\\\/\\\/www.stratign.com\\\/fr\\\/drone-spoofer\\\/\"]}]},{\"@type\":\"BreadcrumbList\",\"@id\":\"https:\\\/\\\/www.stratign.com\\\/fr\\\/drone-spoofer\\\/#breadcrumb\",\"itemListElement\":[{\"@type\":\"ListItem\",\"position\":1,\"name\":\"Home\",\"item\":\"https:\\\/\\\/www.stratign.com\\\/fr\\\/\"},{\"@type\":\"ListItem\",\"position\":2,\"name\":\"DRONE SPOOFER\"}]},{\"@type\":\"WebSite\",\"@id\":\"https:\\\/\\\/www.stratign.com\\\/fr\\\/#website\",\"url\":\"https:\\\/\\\/www.stratign.com\\\/fr\\\/\",\"name\":\"Stratign\",\"description\":\"Military Defense Technology\",\"potentialAction\":[{\"@type\":\"SearchAction\",\"target\":{\"@type\":\"EntryPoint\",\"urlTemplate\":\"https:\\\/\\\/www.stratign.com\\\/fr\\\/?s={search_term_string}\"},\"query-input\":{\"@type\":\"PropertyValueSpecification\",\"valueRequired\":true,\"valueName\":\"search_term_string\"}}],\"inLanguage\":\"en-US\"}]}<\/script>\n<!-- \/ Yoast SEO plugin. -->","yoast_head_json":{"title":"DRONE SPOOFER - Stratign","description":"The Drone Spoofer is an advanced GNSS navigation spoofing device engineered explicitly for small-sized UAVs.","robots":{"index":"index","follow":"follow","max-snippet":"max-snippet:-1","max-image-preview":"max-image-preview:large","max-video-preview":"max-video-preview:-1"},"canonical":"https:\/\/www.stratign.com\/fr\/drone-spoofer\/","og_locale":"en_US","og_type":"article","og_title":"DRONE SPOOFER - Stratign","og_description":"The Drone Spoofer is an advanced GNSS navigation spoofing device engineered explicitly for small-sized UAVs.","og_url":"https:\/\/www.stratign.com\/fr\/drone-spoofer\/","og_site_name":"Stratign","article_publisher":"https:\/\/www.facebook.com\/stratignfb\/","article_modified_time":"2025-03-10T05:29:46+00:00","twitter_card":"summary_large_image","twitter_site":"@stratign","twitter_misc":{"Est. reading time":"1 minute"},"schema":{"@context":"https:\/\/schema.org","@graph":[{"@type":"WebPage","@id":"https:\/\/www.stratign.com\/fr\/drone-spoofer\/","url":"https:\/\/www.stratign.com\/fr\/drone-spoofer\/","name":"DRONE SPOOFER - Stratign","isPartOf":{"@id":"https:\/\/www.stratign.com\/fr\/#website"},"datePublished":"2025-02-27T05:01:51+00:00","dateModified":"2025-03-10T05:29:46+00:00","description":"The Drone Spoofer is an advanced GNSS navigation spoofing device engineered explicitly for small-sized UAVs.","breadcrumb":{"@id":"https:\/\/www.stratign.com\/fr\/drone-spoofer\/#breadcrumb"},"inLanguage":"en-US","potentialAction":[{"@type":"ReadAction","target":["https:\/\/www.stratign.com\/fr\/drone-spoofer\/"]}]},{"@type":"BreadcrumbList","@id":"https:\/\/www.stratign.com\/fr\/drone-spoofer\/#breadcrumb","itemListElement":[{"@type":"ListItem","position":1,"name":"Home","item":"https:\/\/www.stratign.com\/fr\/"},{"@type":"ListItem","position":2,"name":"DRONE SPOOFER"}]},{"@type":"WebSite","@id":"https:\/\/www.stratign.com\/fr\/#website","url":"https:\/\/www.stratign.com\/fr\/","name":"Stratign","description":"Military Defense Technology","potentialAction":[{"@type":"SearchAction","target":{"@type":"EntryPoint","urlTemplate":"https:\/\/www.stratign.com\/fr\/?s={search_term_string}"},"query-input":{"@type":"PropertyValueSpecification","valueRequired":true,"valueName":"search_term_string"}}],"inLanguage":"en-US"}]}},"_links":{"self":[{"href":"https:\/\/www.stratign.com\/fr\/wp-json\/wp\/v2\/pages\/15198","targetHints":{"allow":["GET"]}}],"collection":[{"href":"https:\/\/www.stratign.com\/fr\/wp-json\/wp\/v2\/pages"}],"about":[{"href":"https:\/\/www.stratign.com\/fr\/wp-json\/wp\/v2\/types\/page"}],"author":[{"embeddable":true,"href":"https:\/\/www.stratign.com\/fr\/wp-json\/wp\/v2\/users\/1"}],"replies":[{"embeddable":true,"href":"https:\/\/www.stratign.com\/fr\/wp-json\/wp\/v2\/comments?post=15198"}],"version-history":[{"count":8,"href":"https:\/\/www.stratign.com\/fr\/wp-json\/wp\/v2\/pages\/15198\/revisions"}],"predecessor-version":[{"id":15253,"href":"https:\/\/www.stratign.com\/fr\/wp-json\/wp\/v2\/pages\/15198\/revisions\/15253"}],"wp:attachment":[{"href":"https:\/\/www.stratign.com\/fr\/wp-json\/wp\/v2\/media?parent=15198"}],"curies":[{"name":"wp","href":"https:\/\/api.w.org\/{rel}","templated":true}]}}