{"id":15204,"date":"2025-02-28T08:55:18","date_gmt":"2025-02-28T04:55:18","guid":{"rendered":"https:\/\/www.stratign.com\/fr\/?page_id=15204"},"modified":"2025-03-04T12:19:54","modified_gmt":"2025-03-04T08:19:54","slug":"defense-laser-hard-kill","status":"publish","type":"page","link":"https:\/\/www.stratign.com\/fr\/defense-laser-hard-kill\/","title":{"rendered":"D\u00c9FENSE LASER [HARD KILL]"},"content":{"rendered":"<section class=\"wpb-content-wrapper\"><p>[vc_row][vc_column][tm_spacer size=&#8221;xs:20;sm:40;lg:80&#8243;][tm_heading tag=&#8221;h4&#8243; custom_google_font=&#8221;&#8221; text_transform=&#8221;uppercase&#8221; align=&#8221;center&#8221; text_color=&#8221;secondary&#8221; font_size=&#8221;sm:28;md:34;lg:40&#8243; line_height=&#8221;1.4&#8243;]D\u00c9FENSE LASER [HARD KILL][\/tm_heading][tm_spacer size=&#8221;xs:20;sm:30;lg:60&#8243;][\/vc_column][\/vc_row][vc_row sm_spacing=&#8221;padding_bottom:100&#8243; lg_spacing=&#8221;padding_bottom:5&#8243;][vc_column offset=&#8221;vc_col-md-5&#8243;][tm_heading style=&#8221;left-line&#8221; custom_google_font=&#8221;&#8221; font_weight=&#8221;800&#8243; font_size=&#8221;sm:18;md:21;lg:24&#8243; line_height=&#8221;1.67&#8243; max_width=&#8221;400px&#8221;]Le syst\u00e8me de d\u00e9fense laser anti-drone hard-kill d\u00e9tecte le drone, suit sa position et son altitude, et d\u00e9truit le drone.[\/tm_heading][\/vc_column][vc_column offset=&#8221;vc_col-md-7&#8243;][tm_heading tag=&#8221;div&#8221; custom_google_font=&#8221;&#8221; font_size=&#8221;lg:18&#8243; line_height=&#8221;1.67&#8243;]Les drones repr\u00e9sentent une menace importante pour les infrastructures critiques. Plusieurs incidents survenus ces derni\u00e8res ann\u00e9es ont mis en \u00e9vidence l&#8217;\u00e9mergence rapide de la menace que repr\u00e9sentent les drones. Les drones peuvent transporter des charges utiles dangereuses telles que des explosifs ou des substances biologiques ou chimiques. Par cons\u00e9quent, des solutions innovantes sont n\u00e9cessaires pour contrer cette menace en constante \u00e9volution.[\/tm_heading][\/vc_column][\/vc_row][vc_row][vc_column][tm_heading tag=&#8221;div&#8221; custom_google_font=&#8221;&#8221; font_size=&#8221;lg:18&#8243; line_height=&#8221;1.67&#8243;]Le syst\u00e8me anti-drone de d\u00e9fense laser fonctionne selon l&#8217;approche \u00ab D\u00e9tection-Localisation-Destruction \u00bb. Le syst\u00e8me d\u00e9tecte d&#8217;abord le drone, puis le classe en fonction de sa taille, de sa vitesse et de sa trajectoire de vol. Une fois class\u00e9, il d\u00e9clenche le verrouillage de la cible \u00e0 l&#8217;aide de m\u00e9canismes de suivi afin de maintenir un objectif pr\u00e9cis sur le drone. Cette phase est cruciale car elle garantit que le faisceau laser reste concentr\u00e9 sur la cible tout au long de l&#8217;engagement.<br \/>\nAu c\u0153ur du syst\u00e8me de destruction par faisceau laser se trouvent les \u00e9metteurs laser \u00e0 haute \u00e9nergie. Ces dispositifs \u00e9mettent de puissants faisceaux laser dirig\u00e9s vers les zones vuln\u00e9rables du drone, telles que l&#8217;\u00e9lectronique, les capteurs et les syst\u00e8mes de propulsion. L&#8217;interaction du laser perturbe la stabilit\u00e9 du vol du drone en affectant ses syst\u00e8mes de contr\u00f4le. Une exposition prolong\u00e9e \u00e0 des faisceaux \u00e0 haute \u00e9nergie endommage structurellement le drone, ce qui peut causer des dommages physiques \u00e0 l&#8217;a\u00e9ronef.[\/tm_heading][tm_spacer size=&#8221;lg:5&#8243;][tm_spacer size=&#8221;lg:5&#8243;][tm_heading tag=&#8221;div&#8221; custom_google_font=&#8221;&#8221; font_size=&#8221;lg:18&#8243; line_height=&#8221;1.67&#8243;]Ce syst\u00e8me peut \u00eatre rapidement d\u00e9mont\u00e9 et assembl\u00e9, d\u00e9ploy\u00e9 dans des configurations mobiles ou fixes, offrant une d\u00e9fense fiable contre les attaques de drones.<br \/>\nLes syst\u00e8mes fixes sont g\u00e9n\u00e9ralement install\u00e9s dans des lieux strat\u00e9giques tels que des bases militaires, des sites d&#8217;infrastructures critiques ou des zones de haute s\u00e9curit\u00e9, offrant ainsi une protection continue contre les menaces des drones.[\/tm_heading][tm_heading tag=&#8221;div&#8221; custom_google_font=&#8221;&#8221; font_size=&#8221;lg:18&#8243; line_height=&#8221;1.67&#8243;]Les syst\u00e8mes mont\u00e9s sur v\u00e9hicule offrent mobilit\u00e9 et flexibilit\u00e9, permettant un d\u00e9ploiement rapide dans divers lieux et environnements op\u00e9rationnels o\u00f9 une d\u00e9fense imm\u00e9diate contre les drones est n\u00e9cessaire.[\/tm_heading][tm_spacer size=&#8221;lg:40&#8243;][tm_heading tag=&#8221;h4&#8243; custom_google_font=&#8221;&#8221; align=&#8221;center&#8221; text_color=&#8221;secondary&#8221; font_size=&#8221;sm:28;md:34;lg:40&#8243; line_height=&#8221;1.4&#8243; css=&#8221;.vc_custom_1705643349080{background-position: center !important;background-repeat: no-repeat !important;background-size: contain !important;}&#8221;]Caract\u00e9ristiques du syst\u00e8me[\/tm_heading][tm_spacer size=&#8221;lg:40&#8243;][tm_list list_style=&#8221;check-02&#8243; marker_color=&#8221;secondary&#8221; title_color=&#8221;primary&#8221; columns=&#8221;xs:1;lg:2&#8243; items=&#8221;%5B%7B%22item_title%22%3A%22Protection%20compl%C3%A8te%22%2C%22item_desc%22%3A%22Protection%20contre%20les%20invasions%2C%20les%20attaques%20et%20les%20risques%20a%C3%A9riens.%22%7D%2C%7B%22item_title%22%3A%22Capacit%C3%A9s%20op%C3%A9rationnelles%22%2C%22link%22%3A%22%7C%7C%7C%22%2C%22item_desc%22%3A%22Capacit%C3%A9%20de%20fonctionnement%20continu%20(24%20heures%20sur%2024%2C%207%20jours%20sur%207).%22%7D%2C%7B%22item_title%22%3A%22Port%C3%A9e%20d&#8217;attaque%22%2C%22item_desc%22%3A%22Port%C3%A9e%20de%20d%C3%A9tection%20jusqu&#8217;%C3%A0%202%20km%20(RCS%3E%3D0%2C01%20m%C2%B2)%20%3B%20port%C3%A9e%20d&#8217;attaque%20jusqu&#8217;%C3%A0%201.0%20km.%22%7D%2C%7B%22item_title%22%3A%22Environnements%20op%C3%A9rationnels%22%2C%22link%22%3A%22%7C%7C%7C%22%2C%22item_desc%22%3A%22Fonctionne%20efficacement%20dans%20des%20conditions%20%C3%A9lectromagn%C3%A9tiques%20et%20d&#8217;%C3%A9clairage%20en%20milieu%20urbain%20complexes.%22%7D%2C%7B%22item_title%22%3A%22%20R%C3%A9silience%20aux%20intemp%C3%A9ries%22%2C%22item_desc%22%3A%22Fiable%20dans%20des%20conditions%20climatiques%20extr%C3%AAmes%20telles%20que%20la%20neige%2C%20le%20sable%2C%20la%20moisissure%2C%20le%20tonnerre%20et%20la%20foudre.%22%7D%2C%7B%22item_title%22%3A%22Capacit%C3%A9%20d&#8217;altitude%22%2C%22item_desc%22%3A%22Fonctionne%20efficacement%20%C3%A0%20des%20altitudes%20allant%20jusqu&#8217;%C3%A0%203%20000%20m%C3%A8tres.%22%7D%2C%7B%22item_title%22%3A%22Irradiation%20solaire%22%2C%22item_desc%22%3A%22Tol%C3%A8re%20jusqu&#8217;%C3%A0%201120%20W%2Fm%C2%B2%20pendant%20au%20moins%204%20heures.%22%7D%2C%7B%22item_title%22%3A%22R%C3%A9sistance%20au%20vent%22%2C%22item_desc%22%3A%22R%C3%A9pond%20%C3%A0%20un%20niveau%20de%20r%C3%A9sistance%20au%20vent%20%3E%3D%20niveau%205%20%3B%20class%C3%A9%20IP65.%22%7D%2C%7B%22item_title%22%3A%22Plage%20de%20temp%C3%A9rature%22%2C%22item_desc%22%3A%22Temp%C3%A9rature%20de%20fonctionnement%20entre%20-20%C2%B0C%20et%2050%C2%B0C%20%3B%20temp%C3%A9rature%20de%20stockage%20entre%20-25%C2%B0C%20et%2055%C2%B0C.%22%7D%5D&#8221; custom_css=&#8221;LnRtLWxpc3Quc3R5bGUtY2hlY2stMDIlMjAuZGVzYyUyMCU3QiUwQSUyMCUyMCUyMCUyMG1hcmdpbi10b3AlM0ElMjAxMHB4JTNCJTBBJTIwJTIwJTIwJTIwbWFyZ2luLWJvdHRvbSUzQSUyMDEwcHglM0IlMEElN0Q=&#8221;][tm_spacer size=&#8221;xs:30;sm:60;lg:120&#8243;][\/vc_column][\/vc_row][vc_row css_animation=&#8221;none&#8221; lg_spacing=&#8221;margin_bottom:10&#8243; md_spacing=&#8221;margin_bottom:10&#8243;][vc_column width=&#8221;1\/4&#8243;][tm_heading tag=&#8221;h4&#8243; custom_google_font=&#8221;&#8221; css=&#8221;.vc_custom_1702534293059{margin-top: 10px !important;}&#8221;]En savoir plus[\/tm_heading][\/vc_column][vc_column width=&#8221;1\/4&#8243;][tm_button button=&#8221;url:https%3A%2F%2Fwww.stratign.com%2Fcontact-us%2F|title:Nous%20contacter%20&#8243; el_id=&#8221;Contact-us-other&#8221;][\/vc_column][vc_column width=&#8221;1\/4&#8243;][tm_heading tag=&#8221;h4&#8243; custom_google_font=&#8221;&#8221;]T\u00e9l\u00e9charger la brochure[\/tm_heading][\/vc_column][vc_column width=&#8221;1\/4&#8243;][tm_button button=&#8221;url:https%3A%2F%2Fwww.stratign.com%2Fbrochures%2F|title:T%C3%A9l%C3%A9charger&#8221; el_id=&#8221;Brochure-other&#8221;][\/vc_column][\/vc_row]<\/p>\n<\/section>","protected":false},"excerpt":{"rendered":"<p>Stratign has multiple anti-drone solutions ranging from only jammers to a fully integrated solution with radars, cameras, etc integrated. The solutions are available for ranges from 1 km to 5 km.<\/p>\n","protected":false},"author":1,"featured_media":0,"parent":0,"menu_order":0,"comment_status":"closed","ping_status":"closed","template":"","meta":{"footnotes":""},"class_list":["post-15204","page","type-page","status-publish","hentry","post-no-thumbnail"],"yoast_head":"<!-- This site is optimized with the Yoast SEO plugin v27.3 - https:\/\/yoast.com\/product\/yoast-seo-wordpress\/ -->\n<title>D\u00c9FENSE LASER [HARD KILL] - Stratign<\/title>\n<meta name=\"description\" content=\"Le syst\u00e8me de d\u00e9fense laser hard-kill contre les drones d\u00e9tecte le drone, suit sa position et son altitude, et d\u00e9truit le drone.\" \/>\n<meta name=\"robots\" content=\"index, follow, max-snippet:-1, max-image-preview:large, max-video-preview:-1\" \/>\n<link rel=\"canonical\" href=\"https:\/\/www.stratign.com\/fr\/defense-laser-hard-kill\/\" \/>\n<meta property=\"og:locale\" content=\"en_US\" \/>\n<meta property=\"og:type\" content=\"article\" \/>\n<meta property=\"og:title\" content=\"D\u00c9FENSE LASER [HARD KILL] - Stratign\" \/>\n<meta property=\"og:description\" content=\"Le syst\u00e8me de d\u00e9fense laser hard-kill contre les drones d\u00e9tecte le drone, suit sa position et son altitude, et d\u00e9truit le drone.\" \/>\n<meta property=\"og:url\" content=\"https:\/\/www.stratign.com\/fr\/defense-laser-hard-kill\/\" \/>\n<meta property=\"og:site_name\" content=\"Stratign\" \/>\n<meta property=\"article:publisher\" content=\"https:\/\/www.facebook.com\/stratignfb\/\" \/>\n<meta property=\"article:modified_time\" content=\"2025-03-04T08:19:54+00:00\" \/>\n<meta name=\"twitter:card\" content=\"summary_large_image\" \/>\n<meta name=\"twitter:site\" content=\"@stratign\" \/>\n<meta name=\"twitter:label1\" content=\"Est. reading time\" \/>\n\t<meta name=\"twitter:data1\" content=\"2 minutes\" \/>\n<script type=\"application\/ld+json\" class=\"yoast-schema-graph\">{\"@context\":\"https:\\\/\\\/schema.org\",\"@graph\":[{\"@type\":\"WebPage\",\"@id\":\"https:\\\/\\\/www.stratign.com\\\/fr\\\/defense-laser-hard-kill\\\/\",\"url\":\"https:\\\/\\\/www.stratign.com\\\/fr\\\/defense-laser-hard-kill\\\/\",\"name\":\"D\u00c9FENSE LASER [HARD KILL] - Stratign\",\"isPartOf\":{\"@id\":\"https:\\\/\\\/www.stratign.com\\\/fr\\\/#website\"},\"datePublished\":\"2025-02-28T04:55:18+00:00\",\"dateModified\":\"2025-03-04T08:19:54+00:00\",\"description\":\"Le syst\u00e8me de d\u00e9fense laser hard-kill contre les drones d\u00e9tecte le drone, suit sa position et son altitude, et d\u00e9truit le drone.\",\"breadcrumb\":{\"@id\":\"https:\\\/\\\/www.stratign.com\\\/fr\\\/defense-laser-hard-kill\\\/#breadcrumb\"},\"inLanguage\":\"en-US\",\"potentialAction\":[{\"@type\":\"ReadAction\",\"target\":[\"https:\\\/\\\/www.stratign.com\\\/fr\\\/defense-laser-hard-kill\\\/\"]}]},{\"@type\":\"BreadcrumbList\",\"@id\":\"https:\\\/\\\/www.stratign.com\\\/fr\\\/defense-laser-hard-kill\\\/#breadcrumb\",\"itemListElement\":[{\"@type\":\"ListItem\",\"position\":1,\"name\":\"Home\",\"item\":\"https:\\\/\\\/www.stratign.com\\\/fr\\\/\"},{\"@type\":\"ListItem\",\"position\":2,\"name\":\"D\u00c9FENSE LASER [HARD KILL]\"}]},{\"@type\":\"WebSite\",\"@id\":\"https:\\\/\\\/www.stratign.com\\\/fr\\\/#website\",\"url\":\"https:\\\/\\\/www.stratign.com\\\/fr\\\/\",\"name\":\"Stratign\",\"description\":\"Military Defense Technology\",\"potentialAction\":[{\"@type\":\"SearchAction\",\"target\":{\"@type\":\"EntryPoint\",\"urlTemplate\":\"https:\\\/\\\/www.stratign.com\\\/fr\\\/?s={search_term_string}\"},\"query-input\":{\"@type\":\"PropertyValueSpecification\",\"valueRequired\":true,\"valueName\":\"search_term_string\"}}],\"inLanguage\":\"en-US\"}]}<\/script>\n<!-- \/ Yoast SEO plugin. -->","yoast_head_json":{"title":"D\u00c9FENSE LASER [HARD KILL] - Stratign","description":"Le syst\u00e8me de d\u00e9fense laser hard-kill contre les drones d\u00e9tecte le drone, suit sa position et son altitude, et d\u00e9truit le drone.","robots":{"index":"index","follow":"follow","max-snippet":"max-snippet:-1","max-image-preview":"max-image-preview:large","max-video-preview":"max-video-preview:-1"},"canonical":"https:\/\/www.stratign.com\/fr\/defense-laser-hard-kill\/","og_locale":"en_US","og_type":"article","og_title":"D\u00c9FENSE LASER [HARD KILL] - Stratign","og_description":"Le syst\u00e8me de d\u00e9fense laser hard-kill contre les drones d\u00e9tecte le drone, suit sa position et son altitude, et d\u00e9truit le drone.","og_url":"https:\/\/www.stratign.com\/fr\/defense-laser-hard-kill\/","og_site_name":"Stratign","article_publisher":"https:\/\/www.facebook.com\/stratignfb\/","article_modified_time":"2025-03-04T08:19:54+00:00","twitter_card":"summary_large_image","twitter_site":"@stratign","twitter_misc":{"Est. reading time":"2 minutes"},"schema":{"@context":"https:\/\/schema.org","@graph":[{"@type":"WebPage","@id":"https:\/\/www.stratign.com\/fr\/defense-laser-hard-kill\/","url":"https:\/\/www.stratign.com\/fr\/defense-laser-hard-kill\/","name":"D\u00c9FENSE LASER [HARD KILL] - Stratign","isPartOf":{"@id":"https:\/\/www.stratign.com\/fr\/#website"},"datePublished":"2025-02-28T04:55:18+00:00","dateModified":"2025-03-04T08:19:54+00:00","description":"Le syst\u00e8me de d\u00e9fense laser hard-kill contre les drones d\u00e9tecte le drone, suit sa position et son altitude, et d\u00e9truit le drone.","breadcrumb":{"@id":"https:\/\/www.stratign.com\/fr\/defense-laser-hard-kill\/#breadcrumb"},"inLanguage":"en-US","potentialAction":[{"@type":"ReadAction","target":["https:\/\/www.stratign.com\/fr\/defense-laser-hard-kill\/"]}]},{"@type":"BreadcrumbList","@id":"https:\/\/www.stratign.com\/fr\/defense-laser-hard-kill\/#breadcrumb","itemListElement":[{"@type":"ListItem","position":1,"name":"Home","item":"https:\/\/www.stratign.com\/fr\/"},{"@type":"ListItem","position":2,"name":"D\u00c9FENSE LASER [HARD KILL]"}]},{"@type":"WebSite","@id":"https:\/\/www.stratign.com\/fr\/#website","url":"https:\/\/www.stratign.com\/fr\/","name":"Stratign","description":"Military Defense Technology","potentialAction":[{"@type":"SearchAction","target":{"@type":"EntryPoint","urlTemplate":"https:\/\/www.stratign.com\/fr\/?s={search_term_string}"},"query-input":{"@type":"PropertyValueSpecification","valueRequired":true,"valueName":"search_term_string"}}],"inLanguage":"en-US"}]}},"_links":{"self":[{"href":"https:\/\/www.stratign.com\/fr\/wp-json\/wp\/v2\/pages\/15204","targetHints":{"allow":["GET"]}}],"collection":[{"href":"https:\/\/www.stratign.com\/fr\/wp-json\/wp\/v2\/pages"}],"about":[{"href":"https:\/\/www.stratign.com\/fr\/wp-json\/wp\/v2\/types\/page"}],"author":[{"embeddable":true,"href":"https:\/\/www.stratign.com\/fr\/wp-json\/wp\/v2\/users\/1"}],"replies":[{"embeddable":true,"href":"https:\/\/www.stratign.com\/fr\/wp-json\/wp\/v2\/comments?post=15204"}],"version-history":[{"count":4,"href":"https:\/\/www.stratign.com\/fr\/wp-json\/wp\/v2\/pages\/15204\/revisions"}],"predecessor-version":[{"id":15208,"href":"https:\/\/www.stratign.com\/fr\/wp-json\/wp\/v2\/pages\/15204\/revisions\/15208"}],"wp:attachment":[{"href":"https:\/\/www.stratign.com\/fr\/wp-json\/wp\/v2\/media?parent=15204"}],"curies":[{"name":"wp","href":"https:\/\/api.w.org\/{rel}","templated":true}]}}