{"id":15211,"date":"2025-02-28T09:27:59","date_gmt":"2025-02-28T05:27:59","guid":{"rendered":"https:\/\/www.stratign.com\/fr\/?page_id=15211"},"modified":"2025-03-04T12:17:41","modified_gmt":"2025-03-04T08:17:41","slug":"detection-rf-de-drone","status":"publish","type":"page","link":"https:\/\/www.stratign.com\/fr\/detection-rf-de-drone\/","title":{"rendered":"D\u00c9TECTION RF DE DRONE"},"content":{"rendered":"<section class=\"wpb-content-wrapper\"><p>[vc_row][vc_column][tm_spacer size=&#8221;xs:20;sm:40;lg:80&#8243;][tm_heading tag=&#8221;h4&#8243; custom_google_font=&#8221;&#8221; text_transform=&#8221;uppercase&#8221; align=&#8221;center&#8221; text_color=&#8221;secondary&#8221; font_size=&#8221;sm:28;md:34;lg:40&#8243; line_height=&#8221;1.4&#8243;]D\u00e9tection RF de drone[\/tm_heading][tm_spacer size=&#8221;xs:20;sm:30;lg:60&#8243;][\/vc_column][\/vc_row][vc_row sm_spacing=&#8221;padding_bottom:100&#8243; lg_spacing=&#8221;padding_bottom:5&#8243;][vc_column offset=&#8221;vc_col-md-5&#8243;][tm_heading style=&#8221;left-line&#8221; custom_google_font=&#8221;&#8221; font_weight=&#8221;800&#8243; font_size=&#8221;sm:18;md:21;lg:24&#8243; line_height=&#8221;1.67&#8243; max_width=&#8221;400px&#8221;]Le syst\u00e8me de d\u00e9tection RF des drones fonctionne en utilisant des signaux de radiofr\u00e9quence pour la d\u00e9tection, l&#8217;identification, la localisation et le suivi des drones.[\/tm_heading][\/vc_column][vc_column offset=&#8221;vc_col-md-7&#8243;][tm_heading tag=&#8221;div&#8221; custom_google_font=&#8221;&#8221; font_size=&#8221;lg:18&#8243; line_height=&#8221;1.67&#8243;]Les drones quadricopt\u00e8res et UAV deviennent une nuisance et peuvent compromettre votre vie priv\u00e9e et votre s\u00e9curit\u00e9, car ils sont de moins en moins chers et de plus en plus disponibles. Plusieurs incidents survenus au cours des derni\u00e8res ann\u00e9es ont r\u00e9v\u00e9l\u00e9 l&#8217;\u00e9mergence rapide d&#8217;une menace caus\u00e9e par les petits drones disponibles dans le commerce. N\u00e9anmoins, la menace r\u00e9elle n&#8217;est pas caus\u00e9e par le drone lui-m\u00eame, mais par la charge utile qu&#8217;il transporte.[\/tm_heading][\/vc_column][\/vc_row][vc_row sm_spacing=&#8221;margin_top:-100&#8243; xs_spacing=&#8221;margin_top:-100&#8243;][vc_column][tm_heading tag=&#8221;div&#8221; custom_google_font=&#8221;&#8221; font_size=&#8221;lg:18&#8243; line_height=&#8221;1.67&#8243;]Selon la cat\u00e9gorie du drone, le poids maximal de la charge utile peut varier de 2 \u00e0 3 kg, voire plus. Les charges utiles nuisibles peuvent aller des banni\u00e8res de propagande aux \u00e9quipements d&#8217;espionnage tels que les cam\u00e9ras ou les microphones, et m\u00eame des explosifs ou des substances biologiques\/chimiques destin\u00e9s \u00e0 endommager des installations ou \u00e0 nuire aux individus. De plus, la charge utile pourrait \u00e9galement consister en des produits de contrebande.[\/tm_heading][tm_spacer size=&#8221;lg:5&#8243;][tm_heading tag=&#8221;div&#8221; custom_google_font=&#8221;&#8221; font_size=&#8221;lg:18&#8243; line_height=&#8221;1.67&#8243;]L&#8217;utilisation croissante de mini-drones et de quadcopt\u00e8res de petite taille, combin\u00e9e aux r\u00e9centes avanc\u00e9es technologiques, a consid\u00e9rablement augment\u00e9 le risque que ces syst\u00e8mes soient utilis\u00e9s pour des activit\u00e9s hostiles.[\/tm_heading][tm_spacer size=&#8221;lg:5&#8243;][tm_heading tag=&#8221;div&#8221; custom_google_font=&#8221;&#8221; font_size=&#8221;lg:18&#8243; line_height=&#8221;1.67&#8243;]Stratign propose deux types de syst\u00e8mes pour la d\u00e9tection des drones contr\u00f4l\u00e9s par radiofr\u00e9quence. Le premier est un dispositif portable de taille moyenne et le second est un dispositif de d\u00e9tection portatif.[\/tm_heading][tm_spacer size=&#8221;lg:5&#8243;][\/vc_column][\/vc_row][vc_row][vc_column][tm_heading tag=&#8221;h4&#8243; custom_google_font=&#8221;&#8221; align=&#8221;center&#8221; text_color=&#8221;secondary&#8221; font_size=&#8221;sm:28;md:34;lg:40&#8243; line_height=&#8221;1.4&#8243; css=&#8221;.vc_custom_1740721161073{background-position: center !important;background-repeat: no-repeat !important;background-size: contain !important;}&#8221;]Dispositif Portable[\/tm_heading][tm_spacer size=&#8221;lg:10&#8243;][tm_heading tag=&#8221;div&#8221; custom_google_font=&#8221;&#8221; font_size=&#8221;lg:18&#8243; line_height=&#8221;1.67&#8243;]L&#8217;unit\u00e9 de d\u00e9tection RF portable de Stratign est une plateforme de surveillance de drones con\u00e7ue pour la d\u00e9tection, l&#8217;identification, la localisation et le suivi des drones et de leurs pilotes. Tr\u00e8s portable et facile \u00e0 utiliser, elle peut \u00eatre d\u00e9ploy\u00e9e en quelques secondes et convient \u00e0 la surveillance des drones dans divers sc\u00e9narios tels que les grands \u00e9v\u00e9nements, les patrouilles de s\u00e9curit\u00e9 quotidiennes, les services secrets pour VIP et la protection des infrastructures critiques. Le syst\u00e8me fonctionne \u00e0 la fois en mode hors ligne et en ligne, avec la capacit\u00e9 de connecter plusieurs appareils pour couvrir de plus grandes zones. Avec une port\u00e9e de d\u00e9tection d&#8217;environ 10 km dans des conditions id\u00e9ales, il peut d\u00e9tecter et suivre simultan\u00e9ment jusqu&#8217;\u00e0 5 drones.[\/tm_heading][tm_spacer size=&#8221;lg:40&#8243;][tm_list list_style=&#8221;check-02&#8243; marker_color=&#8221;secondary&#8221; title_color=&#8221;primary&#8221; columns=&#8221;xs:1;lg:2&#8243; items=&#8221;%5B%7B%22item_title%22%3A%22D%C3%A9tection%20et%20identification%20de%20drones%22%2C%22item_desc%22%3A%22D%C3%A9tecte%20et%20identifie%20divers%20drones%20de%20marques%20connues%20comme%20DJI%20et%20AUTEL%2C%20ainsi%20que%20les%20drones%20WiFi%2C%20FPV%20et%20certains%20drones%20DIY.%22%7D%2C%7B%22item_title%22%3A%22Informations%20sur%20les%20drones%22%2C%22link%22%3A%22%7C%7C%7C%22%2C%22item_desc%22%3A%22Affichage%20en%20temps%20r%C3%A9el%20des%20informations%20d%C3%A9taill%C3%A9es%20sur%20les%20drones%20et%20les%20pilotes%2C%20incluant%20l&#8217;ID%20du%20drone%2C%20la%20fr%C3%A9quence%2C%20la%20latitude%2C%20la%20longitude%2C%20le%20mod%C3%A8le%2C%20l&#8217;altitude%2C%20la%20hauteur%2C%20la%20latitude%20et%20la%20longitude%20du%20pilote%2C%20ainsi%20que%20la%20distance%20entre%20l&#8217;appareil%20et%20le%20pilote.%22%7D%2C%7B%22item_title%22%3A%22Fr%C3%A9quence%20de%20d%C3%A9tection%22%2C%22item_desc%22%3A%225%20bandes%20(900%20MHz%2C%201.2%20GHz%2C%202.4%20GHz%2C%205.2%20GHz%2C%205.8%20GHz).%22%7D%2C%7B%22item_title%22%3A%22Suivi%20de%20trajectoire%20et%20affichage%22%2C%22link%22%3A%22%7C%7C%7C%22%2C%22item_desc%22%3A%22La%20trajectoire%20de%20vol%20en%20temps%20r%C3%A9el%20des%20drones%20suivis%20peut%20%C3%AAtre%20affich%C3%A9e%20sur%20la%20carte%20GIS.%22%7D%2C%7B%22item_title%22%3A%22Position%20du%20pilote%22%2C%22item_desc%22%3A%22La%20position%20du%20pilote%20(t%C3%A9l%C3%A9commande)%20peut%20%C3%AAtre%20suivie%20et%20affich%C3%A9e%2C%20avec%20mise%20%C3%A0%20jour%20en%20temps%20r%C3%A9el%20des%20informations%20de%20localisation.%22%7D%2C%7B%22item_title%22%3A%22Alerte%20d&#8217;intrusion%22%2C%22item_desc%22%3A%22Une%20alarme%20sonore%20et%2Fou%20visuelle%20est%20g%C3%A9n%C3%A9r%C3%A9e%20lorsque%20l&#8217;appareil%20d%C3%A9tecte%20une%20intrusion%20de%20drone.%22%7D%2C%7B%22item_title%22%3A%22Identit%C3%A9%20unique%22%2C%22item_desc%22%3A%22Peut%20identifier%20son%20num%C3%A9ro%20S%2FN%20unique%20pour%20chaque%20drone.%22%7D%2C%7B%22item_title%22%3A%22Listes%20noires%20et%20blanches%22%2C%22item_desc%22%3A%22Distinction%20entre%20%5C%22ami%5C%22%20et%20%5C%22ennemi%5C%22.%22%7D%2C%7B%22item_title%22%3A%22Op%C3%A9ration%20de%20carte%22%2C%22item_desc%22%3A%22Prend%20en%20charge%20les%20cartes%20en%20ligne%20et%20locales%2C%20ainsi%20qu&#8217;une%20vari%C3%A9t%C3%A9%20de%20cartes%20num%C3%A9riques%2C%20y%20compris%20AutoNavi%2C%20Bing%2C%20BeiDou%2C%20Google%2C%20etc.%22%7D%2C%7B%22item_title%22%3A%22Lecture%20des%20donn%C3%A9es%20historiques%22%2C%22item_desc%22%3A%22Enregistrement%20et%20lecture%20des%20trajectoires%20historiques%20des%20drones%2C%20du%20mod%C3%A8le%2C%20de%20la%20localisation%20du%20pilote%2C%20du%20point%20de%20d%C3%A9part%20et%20d&#8217;autres%20informations.%22%7D%2C%7B%22item_title%22%3A%22Suivi%20d&#8217;Essaim%20de%20Drones%22%2C%22item_desc%22%3A%22Plusieurs%20drones%20peuvent%20%C3%AAtre%20suivis%20(jusqu&#8217;%C3%A0%205%20drones)%20simultan%C3%A9ment%20et%20les%20trajectoires%20des%20diff%C3%A9rents%20drones%20sont%20affich%C3%A9es%20avec%20des%20couleurs%20diff%C3%A9rentes.%22%7D%5D&#8221; custom_css=&#8221;LnRtLWxpc3Quc3R5bGUtY2hlY2stMDIlMjAuZGVzYyUyMCU3QiUwQSUyMCUyMCUyMCUyMG1hcmdpbi10b3AlM0ElMjAxMHB4JTNCJTBBJTIwJTIwJTIwJTIwbWFyZ2luLWJvdHRvbSUzQSUyMDEwcHglM0IlMEElN0Q=&#8221;][\/vc_column][\/vc_row][vc_row][vc_column][tm_heading tag=&#8221;h4&#8243; custom_google_font=&#8221;&#8221; align=&#8221;center&#8221; text_color=&#8221;secondary&#8221; font_size=&#8221;sm:28;md:34;lg:40&#8243; line_height=&#8221;1.4&#8243; css=&#8221;.vc_custom_1740721148864{background-position: center !important;background-repeat: no-repeat !important;background-size: contain !important;}&#8221;]Appareil portable[\/tm_heading][tm_spacer size=&#8221;lg:10&#8243;][tm_heading tag=&#8221;div&#8221; custom_google_font=&#8221;&#8221; font_size=&#8221;lg:18&#8243; line_height=&#8221;1.67&#8243;]Le syst\u00e8me de d\u00e9tection RF portatif est un appareil tr\u00e8s portable qui peut \u00eatre facilement transport\u00e9 par le personnel de s\u00e9curit\u00e9. Il est capable de d\u00e9tecter les drones op\u00e9rant dans les bandes de fr\u00e9quences standard \u00e0 une distance d&#8217;environ 1 km. Cette port\u00e9e est suffisante pour prot\u00e9ger de petits groupes de personnel de s\u00e9curit\u00e9, leur permettant de prendre les mesures n\u00e9cessaires telles que l&#8217;activation de brouilleurs ou la recherche d&#8217;un abri.[\/tm_heading][tm_spacer size=&#8221;lg:40&#8243;][tm_list list_style=&#8221;check-02&#8243; marker_color=&#8221;secondary&#8221; title_color=&#8221;primary&#8221; columns=&#8221;xs:1;lg:2&#8243; items=&#8221;%5B%7B%22item_title%22%3A%22D%C3%A9tection%20passive%22%2C%22item_desc%22%3A%22Pas%20d&#8217;%C3%A9mission%20de%20signal%2C%20pas%20d&#8217;interf%C3%A9rence%20avec%20les%20p%C3%A9riph%C3%A9riques%2C%20respectueux%20de%20l&#8217;environnement.%22%7D%2C%7B%22item_title%22%3A%22Fr%C3%A9quence%20de%20d%C3%A9tection%22%2C%22link%22%3A%22%7C%7C%7C%22%2C%22item_desc%22%3A%22Les%20fr%C3%A9quences%20de%20d%C3%A9tection%20sont%201%2C1%20GHz%2C%201%2C2%20GHz%2C%201%2C4%20GHz%2C%202%2C4%20GHz%2C%205%2C8%20GHz.%22%7D%2C%7B%22item_title%22%3A%22Distance%20de%20d%C3%A9tection%22%2C%22item_desc%22%3A%22La%20distance%20de%20d%C3%A9tection%20de%20l&#8217;unit%C3%A9%20de%20d%C3%A9tection%20RF%20est%20de%201%2C2%20km.%22%7D%2C%7B%22item_title%22%3A%22Portable%22%2C%22link%22%3A%22%7C%7C%7C%22%2C%22item_desc%22%3A%22Pesant%20moins%20de%20750%20grammes%2C%20il%20peut%20fonctionner%20de%20mani%C3%A8re%20autonome%20ou%20%C3%AAtre%20associ%C3%A9%20%C3%A0%20un%20canon%20anti-drone.%22%7D%2C%7B%22item_title%22%3A%22Facilit%C3%A9%20de%20charge%22%2C%22item_desc%22%3A%22Il%20dispose%20d&#8217;une%20interface%20de%20charge%20de%20type%20C%20et%20peut%20donc%20utiliser%20les%20chargeurs%20de%20t%C3%A9l%C3%A9phones%20Android%20courants.%22%7D%2C%7B%22item_title%22%3A%22Robuste%22%2C%22item_desc%22%3A%22R%C3%A9sistant%20aux%20chutes%2C%20il%20fonctionne%20bien%20dans%20des%20conditions%20m%C3%A9t%C3%A9orologiques%20extr%C3%AAmes.%22%7D%5D&#8221; custom_css=&#8221;LnRtLWxpc3Quc3R5bGUtY2hlY2stMDIlMjAuZGVzYyUyMCU3QiUwQSUyMCUyMCUyMCUyMG1hcmdpbi10b3AlM0ElMjAxMHB4JTNCJTBBJTIwJTIwJTIwJTIwbWFyZ2luLWJvdHRvbSUzQSUyMDEwcHglM0IlMEElN0Q=&#8221;][tm_spacer size=&#8221;lg:40&#8243;][\/vc_column][\/vc_row][vc_row css_animation=&#8221;none&#8221; lg_spacing=&#8221;margin_bottom:10&#8243; md_spacing=&#8221;margin_bottom:10&#8243;][vc_column width=&#8221;1\/4&#8243;][tm_heading tag=&#8221;h4&#8243; custom_google_font=&#8221;&#8221; css=&#8221;.vc_custom_1702534293059{margin-top: 10px !important;}&#8221;]En savoir plus[\/tm_heading][\/vc_column][vc_column width=&#8221;1\/4&#8243;][tm_button button=&#8221;url:https%3A%2F%2Fwww.stratign.com%2Fcontact-us%2F|title:Nous%20contacter%20&#8243; el_id=&#8221;Contact-us-other&#8221;][\/vc_column][vc_column width=&#8221;1\/4&#8243;][tm_heading tag=&#8221;h4&#8243; custom_google_font=&#8221;&#8221;]T\u00e9l\u00e9charger la brochure[\/tm_heading][\/vc_column][vc_column width=&#8221;1\/4&#8243;][tm_button button=&#8221;url:https%3A%2F%2Fwww.stratign.com%2Fbrochures%2F|title:T%C3%A9l%C3%A9charger&#8221; el_id=&#8221;Brochure-other&#8221;][\/vc_column][\/vc_row]<\/p>\n<\/section>","protected":false},"excerpt":{"rendered":"<p>Stratign has multiple anti-drone solutions ranging from only jammers to a fully integrated solution with radars, cameras, etc integrated. The solutions are available for ranges from 1 km to 5 km.<\/p>\n","protected":false},"author":1,"featured_media":0,"parent":0,"menu_order":0,"comment_status":"closed","ping_status":"closed","template":"","meta":{"footnotes":""},"class_list":["post-15211","page","type-page","status-publish","hentry","post-no-thumbnail"],"yoast_head":"<!-- This site is optimized with the Yoast SEO plugin v27.3 - https:\/\/yoast.com\/product\/yoast-seo-wordpress\/ -->\n<title>D\u00c9TECTION RF DE DRONE - Stratign<\/title>\n<meta name=\"description\" content=\"Le syst\u00e8me de d\u00e9tection RF des drones utilise les signaux radiofr\u00e9quences pour d\u00e9tecter, identifier, localiser et suivre les drones.\" \/>\n<meta name=\"robots\" content=\"index, follow, max-snippet:-1, max-image-preview:large, max-video-preview:-1\" \/>\n<link rel=\"canonical\" href=\"https:\/\/www.stratign.com\/fr\/detection-rf-de-drone\/\" \/>\n<meta property=\"og:locale\" content=\"en_US\" \/>\n<meta property=\"og:type\" content=\"article\" \/>\n<meta property=\"og:title\" content=\"D\u00c9TECTION RF DE DRONE - Stratign\" \/>\n<meta property=\"og:description\" content=\"Le syst\u00e8me de d\u00e9tection RF des drones utilise les signaux radiofr\u00e9quences pour d\u00e9tecter, identifier, localiser et suivre les drones.\" \/>\n<meta property=\"og:url\" content=\"https:\/\/www.stratign.com\/fr\/detection-rf-de-drone\/\" \/>\n<meta property=\"og:site_name\" content=\"Stratign\" \/>\n<meta property=\"article:publisher\" content=\"https:\/\/www.facebook.com\/stratignfb\/\" \/>\n<meta property=\"article:modified_time\" content=\"2025-03-04T08:17:41+00:00\" \/>\n<meta name=\"twitter:card\" content=\"summary_large_image\" \/>\n<meta name=\"twitter:site\" content=\"@stratign\" \/>\n<meta name=\"twitter:label1\" content=\"Est. reading time\" \/>\n\t<meta name=\"twitter:data1\" content=\"3 minutes\" \/>\n<script type=\"application\/ld+json\" class=\"yoast-schema-graph\">{\"@context\":\"https:\\\/\\\/schema.org\",\"@graph\":[{\"@type\":\"WebPage\",\"@id\":\"https:\\\/\\\/www.stratign.com\\\/fr\\\/detection-rf-de-drone\\\/\",\"url\":\"https:\\\/\\\/www.stratign.com\\\/fr\\\/detection-rf-de-drone\\\/\",\"name\":\"D\u00c9TECTION RF DE DRONE - Stratign\",\"isPartOf\":{\"@id\":\"https:\\\/\\\/www.stratign.com\\\/fr\\\/#website\"},\"datePublished\":\"2025-02-28T05:27:59+00:00\",\"dateModified\":\"2025-03-04T08:17:41+00:00\",\"description\":\"Le syst\u00e8me de d\u00e9tection RF des drones utilise les signaux radiofr\u00e9quences pour d\u00e9tecter, identifier, localiser et suivre les drones.\",\"breadcrumb\":{\"@id\":\"https:\\\/\\\/www.stratign.com\\\/fr\\\/detection-rf-de-drone\\\/#breadcrumb\"},\"inLanguage\":\"en-US\",\"potentialAction\":[{\"@type\":\"ReadAction\",\"target\":[\"https:\\\/\\\/www.stratign.com\\\/fr\\\/detection-rf-de-drone\\\/\"]}]},{\"@type\":\"BreadcrumbList\",\"@id\":\"https:\\\/\\\/www.stratign.com\\\/fr\\\/detection-rf-de-drone\\\/#breadcrumb\",\"itemListElement\":[{\"@type\":\"ListItem\",\"position\":1,\"name\":\"Home\",\"item\":\"https:\\\/\\\/www.stratign.com\\\/fr\\\/\"},{\"@type\":\"ListItem\",\"position\":2,\"name\":\"D\u00c9TECTION RF DE DRONE\"}]},{\"@type\":\"WebSite\",\"@id\":\"https:\\\/\\\/www.stratign.com\\\/fr\\\/#website\",\"url\":\"https:\\\/\\\/www.stratign.com\\\/fr\\\/\",\"name\":\"Stratign\",\"description\":\"Military Defense Technology\",\"potentialAction\":[{\"@type\":\"SearchAction\",\"target\":{\"@type\":\"EntryPoint\",\"urlTemplate\":\"https:\\\/\\\/www.stratign.com\\\/fr\\\/?s={search_term_string}\"},\"query-input\":{\"@type\":\"PropertyValueSpecification\",\"valueRequired\":true,\"valueName\":\"search_term_string\"}}],\"inLanguage\":\"en-US\"}]}<\/script>\n<!-- \/ Yoast SEO plugin. -->","yoast_head_json":{"title":"D\u00c9TECTION RF DE DRONE - Stratign","description":"Le syst\u00e8me de d\u00e9tection RF des drones utilise les signaux radiofr\u00e9quences pour d\u00e9tecter, identifier, localiser et suivre les drones.","robots":{"index":"index","follow":"follow","max-snippet":"max-snippet:-1","max-image-preview":"max-image-preview:large","max-video-preview":"max-video-preview:-1"},"canonical":"https:\/\/www.stratign.com\/fr\/detection-rf-de-drone\/","og_locale":"en_US","og_type":"article","og_title":"D\u00c9TECTION RF DE DRONE - Stratign","og_description":"Le syst\u00e8me de d\u00e9tection RF des drones utilise les signaux radiofr\u00e9quences pour d\u00e9tecter, identifier, localiser et suivre les drones.","og_url":"https:\/\/www.stratign.com\/fr\/detection-rf-de-drone\/","og_site_name":"Stratign","article_publisher":"https:\/\/www.facebook.com\/stratignfb\/","article_modified_time":"2025-03-04T08:17:41+00:00","twitter_card":"summary_large_image","twitter_site":"@stratign","twitter_misc":{"Est. reading time":"3 minutes"},"schema":{"@context":"https:\/\/schema.org","@graph":[{"@type":"WebPage","@id":"https:\/\/www.stratign.com\/fr\/detection-rf-de-drone\/","url":"https:\/\/www.stratign.com\/fr\/detection-rf-de-drone\/","name":"D\u00c9TECTION RF DE DRONE - Stratign","isPartOf":{"@id":"https:\/\/www.stratign.com\/fr\/#website"},"datePublished":"2025-02-28T05:27:59+00:00","dateModified":"2025-03-04T08:17:41+00:00","description":"Le syst\u00e8me de d\u00e9tection RF des drones utilise les signaux radiofr\u00e9quences pour d\u00e9tecter, identifier, localiser et suivre les drones.","breadcrumb":{"@id":"https:\/\/www.stratign.com\/fr\/detection-rf-de-drone\/#breadcrumb"},"inLanguage":"en-US","potentialAction":[{"@type":"ReadAction","target":["https:\/\/www.stratign.com\/fr\/detection-rf-de-drone\/"]}]},{"@type":"BreadcrumbList","@id":"https:\/\/www.stratign.com\/fr\/detection-rf-de-drone\/#breadcrumb","itemListElement":[{"@type":"ListItem","position":1,"name":"Home","item":"https:\/\/www.stratign.com\/fr\/"},{"@type":"ListItem","position":2,"name":"D\u00c9TECTION RF DE DRONE"}]},{"@type":"WebSite","@id":"https:\/\/www.stratign.com\/fr\/#website","url":"https:\/\/www.stratign.com\/fr\/","name":"Stratign","description":"Military Defense Technology","potentialAction":[{"@type":"SearchAction","target":{"@type":"EntryPoint","urlTemplate":"https:\/\/www.stratign.com\/fr\/?s={search_term_string}"},"query-input":{"@type":"PropertyValueSpecification","valueRequired":true,"valueName":"search_term_string"}}],"inLanguage":"en-US"}]}},"_links":{"self":[{"href":"https:\/\/www.stratign.com\/fr\/wp-json\/wp\/v2\/pages\/15211","targetHints":{"allow":["GET"]}}],"collection":[{"href":"https:\/\/www.stratign.com\/fr\/wp-json\/wp\/v2\/pages"}],"about":[{"href":"https:\/\/www.stratign.com\/fr\/wp-json\/wp\/v2\/types\/page"}],"author":[{"embeddable":true,"href":"https:\/\/www.stratign.com\/fr\/wp-json\/wp\/v2\/users\/1"}],"replies":[{"embeddable":true,"href":"https:\/\/www.stratign.com\/fr\/wp-json\/wp\/v2\/comments?post=15211"}],"version-history":[{"count":18,"href":"https:\/\/www.stratign.com\/fr\/wp-json\/wp\/v2\/pages\/15211\/revisions"}],"predecessor-version":[{"id":15248,"href":"https:\/\/www.stratign.com\/fr\/wp-json\/wp\/v2\/pages\/15211\/revisions\/15248"}],"wp:attachment":[{"href":"https:\/\/www.stratign.com\/fr\/wp-json\/wp\/v2\/media?parent=15211"}],"curies":[{"name":"wp","href":"https:\/\/api.w.org\/{rel}","templated":true}]}}