{"id":15261,"date":"2025-03-18T12:00:32","date_gmt":"2025-03-18T08:00:32","guid":{"rendered":"https:\/\/www.stratign.com\/fr\/?page_id=15261"},"modified":"2025-03-19T10:04:38","modified_gmt":"2025-03-19T06:04:38","slug":"drone-vtol","status":"publish","type":"page","link":"https:\/\/www.stratign.com\/fr\/drone-vtol\/","title":{"rendered":"Drone VTOL"},"content":{"rendered":"<section class=\"wpb-content-wrapper\"><p>[vc_row][vc_column][tm_spacer size=&#8221;xs:20;sm:40;lg:80&#8243;][tm_heading tag=&#8221;h4&#8243; custom_google_font=&#8221;&#8221; text_transform=&#8221;uppercase&#8221; align=&#8221;center&#8221; text_color=&#8221;secondary&#8221; font_size=&#8221;sm:28;md:34;lg:40&#8243; line_height=&#8221;1.4&#8243;]Drone VTOL[\/tm_heading][tm_spacer size=&#8221;xs:20;sm:30;lg:60&#8243;][\/vc_column][\/vc_row][vc_row sm_spacing=&#8221;padding_bottom:100&#8243; lg_spacing=&#8221;padding_bottom:5&#8243;][vc_column offset=&#8221;vc_col-md-5&#8243;][tm_heading style=&#8221;left-line&#8221; custom_google_font=&#8221;&#8221; font_weight=&#8221;800&#8243; font_size=&#8221;sm:18;md:21;lg:24&#8243; line_height=&#8221;1.67&#8243; max_width=&#8221;400px&#8221;]Les drones VTOL sont principalement con\u00e7us pour des capacit\u00e9s de d\u00e9collage et d&#8217;atterrissage verticaux et ont la meilleure endurance de leur cat\u00e9gorie.[\/tm_heading][\/vc_column][vc_column offset=&#8221;vc_col-md-7&#8243;][tm_heading tag=&#8221;div&#8221; custom_google_font=&#8221;&#8221; font_size=&#8221;lg:18&#8243; line_height=&#8221;1.67&#8243;]Stratign fournit des a\u00e9ronefs sans pilote de classe mondiale sp\u00e9cialement con\u00e7us pour des applications de s\u00e9curit\u00e9 et de surveillance exigeantes. Nos a\u00e9ronefs sont r\u00e9put\u00e9s pour leurs capacit\u00e9s uniques de d\u00e9collage et d&#8217;atterrissage verticaux, qui leur permettent d&#8217;op\u00e9rer dans presque n&#8217;importe quel endroit, ainsi que pour leur plus longue autonomie de vol de l&#8217;industrie. Nous y parvenons gr\u00e2ce \u00e0 nos syst\u00e8mes de cellule, de propulsion et d&#8217;avionique de pointe, l\u00e9gers et fiables, combin\u00e9s \u00e0 des charges utiles de vision diurne et nocturne avanc\u00e9es et \u00e0 des liaisons de donn\u00e9es \u00e0 longue port\u00e9e.[\/tm_heading][\/vc_column][\/vc_row][vc_row sm_spacing=&#8221;margin_top:-100&#8243; xs_spacing=&#8221;margin_top:-100&#8243;][vc_column][tm_heading tag=&#8221;div&#8221; custom_google_font=&#8221;&#8221; font_size=&#8221;lg:18&#8243; line_height=&#8221;1.67&#8243;]Con\u00e7us exclusivement \u00e0 des fins de s\u00e9curit\u00e9 et de surveillance, nos a\u00e9ronefs sont parfaitement adapt\u00e9s \u00e0 un large \u00e9ventail de missions, notamment les op\u00e9rations \u00e0 longue port\u00e9e, les patrouilles frontali\u00e8res, les op\u00e9rations de recherche et de sauvetage, la surveillance des biens, la conservation, etc.[\/tm_heading][tm_spacer size=&#8221;lg:5&#8243;][tm_spacer size=&#8221;lg:5&#8243;][tm_heading tag=&#8221;div&#8221; custom_google_font=&#8221;&#8221; font_size=&#8221;lg:18&#8243; line_height=&#8221;1.67&#8243;]Nous proposons de multiples variantes de notre syst\u00e8me, avec une endurance, une capacit\u00e9 de charge utile, un type de charge utile et d&#8217;autres sp\u00e9cifications , qui peuvent \u00eatre fournies sur demande.[\/tm_heading][tm_spacer size=&#8221;lg:5&#8243;][tm_spacer size=&#8221;lg:5&#8243;][tm_spacer size=&#8221;lg:5&#8243;][tm_spacer size=&#8221;lg:5&#8243;][tm_spacer size=&#8221;lg:5&#8243;][tm_spacer size=&#8221;lg:5&#8243;][\/vc_column][\/vc_row][vc_row][vc_column][tm_spacer size=&#8221;lg:10&#8243;][tm_spacer size=&#8221;lg:10&#8243;][tm_heading tag=&#8221;h4&#8243; custom_google_font=&#8221;&#8221; align=&#8221;center&#8221; text_color=&#8221;secondary&#8221; font_size=&#8221;sm:28;md:34;lg:40&#8243; line_height=&#8221;1.4&#8243; css=&#8221;.vc_custom_1740727551840{background-position: center !important;background-repeat: no-repeat !important;background-size: contain !important;}&#8221;]Caract\u00e9ristiques du syst\u00e8me[\/tm_heading][tm_spacer size=&#8221;lg:40&#8243;][tm_list list_style=&#8221;check-02&#8243; marker_color=&#8221;secondary&#8221; title_color=&#8221;primary&#8221; columns=&#8221;xs:1;lg:2&#8243; items=&#8221;%5B%7B%22item_title%22%3A%22Structure%20a%C3%A9rienne%22%2C%22item_desc%22%3A%22L&#8217;une%20des%20cellules%20les%20plus%20avanc%C3%A9es%2C%20les%20plus%20l%C3%A9g%C3%A8res%20et%20les%20plus%20performantes%2C%20fabriqu%C3%A9e%20%C3%A0%20partir%20de%20fibre%20de%20carbone%20de%20qualit%C3%A9%20a%C3%A9rospatiale.%20La%20structure%20peut%20%C3%AAtre%20assembl%C3%A9e%20en%20moins%20de%2060%20secondes%20sans%20outil%20et%20comprend%20un%20flight%20case%20de%20haute%20qualit%C3%A9.%22%7D%2C%7B%22item_title%22%3A%22Propulsion%20VTOL%22%2C%22link%22%3A%22%7C%7C%7C%22%2C%22item_desc%22%3A%22Statut%20de%20fiabilit%C3%A9%20%C3%A0%20100%20%25%20sans%20aucune%20d%C3%A9faillance%20en%20plein%20vol%20du%20syst%C3%A8me%20de%20propulsion%20verticale%20sur%20aucun%20a%C3%A9ronef%20%C3%A0%20ce%20jour.%20Il%20permet%20un%20d%C3%A9collage%20et%20un%20atterrissage%20verticaux%20n&#8217;importe%20o%C3%B9%20et%20agit%20comme%20syst%C3%A8me%20de%20secours%20en%20cas%20de%20panne%20du%20moteur%20principal%2C%20de%20d%C3%A9crochage%2C%20d&#8217;inclinaison%20excessive%2C%20etc.%22%7D%2C%7B%22item_title%22%3A%22Combustion%22%2C%22item_desc%22%3A%22Il%20a%20la%20capacit%C3%A9%20de%20voler%20plus%20longtemps%20et%20plus%20loin%20que%20tout%20autre%20produit%20concurrent%20sur%20le%20march%C3%A9%20jusqu&#8217;%C3%A0%20aujourd&#8217;hui.%20En%20utilisant%20des%20moteurs%20%C3%A0%20combustion%20pour%20la%20propulsion%20des%20ailes%20fixes%20avec%20un%20syst%C3%A8me%20d&#8217;injection%20%C3%A9lectronique%20de%20carburant%20avanc%C3%A9%2C%20nous%20permettons%20%C3%A0%20nos%20clients%20de%20capturer%20plus%20de%20donn%C3%A9es%20et%20de%20couvrir%20des%20zones%20beaucoup%20plus%20vastes%20avec%20des%20dur%C3%A9es%20de%20vol%20allant%20jusqu&#8217;%C3%A0%2012%20heures.%22%7D%2C%7B%22item_title%22%3A%22%20Charges%20utiles%22%2C%22link%22%3A%22%7C%7C%7C%22%2C%22item_desc%22%3A%22L&#8217;a%C3%A9ronef%20comprend%20des%20charges%20utiles%20EO%2FIR%20de%20pointe%20%C3%A0%20double%20capteur%20stabilis%C3%A9%2C%20de%20jour%20comme%20de%20nuit%2C%20avec%20suivi%20d&#8217;objet%2C%20g%C3%A9o-verrouillage%2C%20GPS%20et%20autres%20fonctions%20avanc%C3%A9es%2C%20permettant%20aux%20op%C3%A9rateurs%20de%20verrouiller%20les%20cibles%2C%20de%20capturer%20et%20de%20diffuser%20des%20vid%C3%A9os%20HD%20en%20temps%20r%C3%A9el%20vers%20le%20poste%20de%20commandement%20et%20de%20contr%C3%B4le%2C%20les%20salles%20de%20contr%C3%B4le%2C%20ainsi%20qu&#8217;%C3%A0%20travers%20les%20r%C3%A9seaux%20et%20l&#8217;internet.%22%7D%2C%7B%22item_title%22%3A%22Avionique%22%2C%22item_desc%22%3A%22Une%20avionique%20et%20un%20pilote%20automatique%20exceptionnellement%20fiables%20pour%20les%20a%C3%A9ronefs%20VTOL%20%C3%A0%20ailes%20fixes%20sans%20pilote.%20Une%20petite%20unit%C3%A9%20tout-en-un%20avec%20alimentation%20et%20distribution%20%C3%A9lectrique%20multiredondante%20int%C3%A9gr%C3%A9e%2C%20liaison%20de%20contr%C3%B4le%20%C3%A0%20longue%20port%C3%A9e%2C%20refroidissement%20actif%2C%20syst%C3%A8me%20de%20feux%20de%20navigation%2C%20syst%C3%A8me%20d&#8217;allumage%2C%20sorties%20d&#8217;alimentation%20auxiliaire%2C%20entr%C3%A9es%2Fsorties%20multiples%20et%20bien%20plus%20encore.%20Volez%20en%20toute%20confiance%2C%20avec%20des%20missions%20enti%C3%A8rement%20autonomes%20en%20un%20clic%2C%20y%20compris%20le%20d%C3%A9collage%20et%20l&#8217;atterrissage%2C%20ainsi%20que%20des%20missions%20avanc%C3%A9es%20de%20vol%20guid%C3%A9%20vers%20des%20points%20de%20rep%C3%A8re%2C%20vous%20permettant%20de%20vous%20concentrer%20sur%20la%20capture%20des%20donn%C3%A9es%20dont%20vous%20avez%20besoin%20en%20toute%20s%C3%A9curit%C3%A9.%22%7D%2C%7B%22item_title%22%3A%22Commande%20et%20contr%C3%B4le%22%2C%22item_desc%22%3A%22Commande%20et%20contr%C3%B4le%20est%20robuste%2C%20compact%2C%20portable%20et%20puissant.%20L&#8217;interface%20conviviale%20permet%20de%20planifier%20rapidement%20et%20facilement%20les%20missions%20et%20de%20contr%C3%B4ler%20les%20vols.%20Passez%20en%20toute%20transparence%20d&#8217;un%20mode%20de%20vol%20%C3%A0%20l&#8217;autre%20et%20ajustez%20les%20param%C3%A8tres%20de%20la%20charge%20utile%20tout%20en%20assurant%20la%20communication%20des%20donn%C3%A9es%20et%20des%20vid%C3%A9os%20en%20temps%20r%C3%A9el.%20Des%20%C3%A9crans%20HD%20doubles%2C%20des%20options%20de%20suivi%20d&#8217;antenne%20%C3%A0%20longue%20port%C3%A9e%2C%20des%20capacit%C3%A9s%20d&#8217;int%C3%A9gration%20personnalis%C3%A9es%20et%20bien%20plus%20encore%20permettent%20une%20communication%20et%20un%20contr%C3%B4le%20fiables%20de%20l&#8217;a%C3%A9ronef%20et%20de%20la%20charge%20utile.%22%7D%5D&#8221; custom_css=&#8221;LnRtLWxpc3Quc3R5bGUtY2hlY2stMDIlMjAuZGVzYyUyMCU3QiUwQSUyMCUyMCUyMCUyMG1hcmdpbi10b3AlM0ElMjAxMHB4JTNCJTBBJTIwJTIwJTIwJTIwbWFyZ2luLWJvdHRvbSUzQSUyMDEwcHglM0IlMEElN0Q=&#8221;][\/vc_column][\/vc_row][vc_row][vc_column][tm_spacer size=&#8221;lg:10&#8243;][tm_spacer size=&#8221;lg:40&#8243;][\/vc_column][\/vc_row][vc_row css_animation=&#8221;none&#8221; lg_spacing=&#8221;margin_bottom:10&#8243; md_spacing=&#8221;margin_bottom:10&#8243;][vc_column width=&#8221;1\/4&#8243;][tm_heading tag=&#8221;h4&#8243; custom_google_font=&#8221;&#8221; css=&#8221;.vc_custom_1702534293059{margin-top: 10px !important;}&#8221;]En savoir plus[\/tm_heading][\/vc_column][vc_column width=&#8221;1\/4&#8243;][tm_button button=&#8221;url:https%3A%2F%2Fwww.stratign.com%2Fcontact-us%2F|title:Nous%20contacter%20&#8243; el_id=&#8221;Contact-us-other&#8221;][\/vc_column][vc_column width=&#8221;1\/4&#8243;][tm_heading tag=&#8221;h4&#8243; custom_google_font=&#8221;&#8221;]T\u00e9l\u00e9charger la brochure[\/tm_heading][\/vc_column][vc_column width=&#8221;1\/4&#8243;][tm_button button=&#8221;url:https%3A%2F%2Fwww.stratign.com%2Fbrochures%2F|title:T%C3%A9l%C3%A9charger&#8221; el_id=&#8221;Brochure-other&#8221;][\/vc_column][\/vc_row]<\/p>\n<\/section>","protected":false},"excerpt":{"rendered":"<p>Stratign has multiple anti-drone solutions ranging from only jammers to a fully integrated solution with radars, cameras, etc integrated. The solutions are available for ranges from 1 km to 5 km.<\/p>\n","protected":false},"author":1,"featured_media":0,"parent":0,"menu_order":0,"comment_status":"closed","ping_status":"closed","template":"","meta":{"footnotes":""},"class_list":["post-15261","page","type-page","status-publish","hentry","post-no-thumbnail"],"yoast_head":"<!-- This site is optimized with the Yoast SEO plugin v27.3 - https:\/\/yoast.com\/product\/yoast-seo-wordpress\/ -->\n<title>Drone VTOL - Stratign<\/title>\n<meta name=\"description\" content=\"Le syst\u00e8me de d\u00e9fense contre les drones\/brouilleur fonctionne selon le principe du flux de travail \u00ab D\u00e9tecter \u2013 Localiser \u2013 Identifier \u2013 Agir \u00bb et collecte les informations associ\u00e9es \u00e0 la menace.\" \/>\n<meta name=\"robots\" content=\"index, follow, max-snippet:-1, max-image-preview:large, max-video-preview:-1\" \/>\n<link rel=\"canonical\" href=\"https:\/\/www.stratign.com\/fr\/drone-vtol\/\" \/>\n<meta property=\"og:locale\" content=\"en_US\" \/>\n<meta property=\"og:type\" content=\"article\" \/>\n<meta property=\"og:title\" content=\"Drone VTOL - Stratign\" \/>\n<meta property=\"og:description\" content=\"Le syst\u00e8me de d\u00e9fense contre les drones\/brouilleur fonctionne selon le principe du flux de travail \u00ab D\u00e9tecter \u2013 Localiser \u2013 Identifier \u2013 Agir \u00bb et collecte les informations associ\u00e9es \u00e0 la menace.\" \/>\n<meta property=\"og:url\" content=\"https:\/\/www.stratign.com\/fr\/drone-vtol\/\" \/>\n<meta property=\"og:site_name\" content=\"Stratign\" \/>\n<meta property=\"article:publisher\" content=\"https:\/\/www.facebook.com\/stratignfb\/\" \/>\n<meta property=\"article:modified_time\" content=\"2025-03-19T06:04:38+00:00\" \/>\n<meta name=\"twitter:card\" content=\"summary_large_image\" \/>\n<meta name=\"twitter:site\" content=\"@stratign\" \/>\n<meta name=\"twitter:label1\" content=\"Est. reading time\" \/>\n\t<meta name=\"twitter:data1\" content=\"2 minutes\" \/>\n<script type=\"application\/ld+json\" class=\"yoast-schema-graph\">{\"@context\":\"https:\\\/\\\/schema.org\",\"@graph\":[{\"@type\":\"WebPage\",\"@id\":\"https:\\\/\\\/www.stratign.com\\\/fr\\\/drone-vtol\\\/\",\"url\":\"https:\\\/\\\/www.stratign.com\\\/fr\\\/drone-vtol\\\/\",\"name\":\"Drone VTOL - Stratign\",\"isPartOf\":{\"@id\":\"https:\\\/\\\/www.stratign.com\\\/fr\\\/#website\"},\"datePublished\":\"2025-03-18T08:00:32+00:00\",\"dateModified\":\"2025-03-19T06:04:38+00:00\",\"description\":\"Le syst\u00e8me de d\u00e9fense contre les drones\\\/brouilleur fonctionne selon le principe du flux de travail \u00ab D\u00e9tecter \u2013 Localiser \u2013 Identifier \u2013 Agir \u00bb et collecte les informations associ\u00e9es \u00e0 la menace.\",\"breadcrumb\":{\"@id\":\"https:\\\/\\\/www.stratign.com\\\/fr\\\/drone-vtol\\\/#breadcrumb\"},\"inLanguage\":\"en-US\",\"potentialAction\":[{\"@type\":\"ReadAction\",\"target\":[\"https:\\\/\\\/www.stratign.com\\\/fr\\\/drone-vtol\\\/\"]}]},{\"@type\":\"BreadcrumbList\",\"@id\":\"https:\\\/\\\/www.stratign.com\\\/fr\\\/drone-vtol\\\/#breadcrumb\",\"itemListElement\":[{\"@type\":\"ListItem\",\"position\":1,\"name\":\"Home\",\"item\":\"https:\\\/\\\/www.stratign.com\\\/fr\\\/\"},{\"@type\":\"ListItem\",\"position\":2,\"name\":\"Drone VTOL\"}]},{\"@type\":\"WebSite\",\"@id\":\"https:\\\/\\\/www.stratign.com\\\/fr\\\/#website\",\"url\":\"https:\\\/\\\/www.stratign.com\\\/fr\\\/\",\"name\":\"Stratign\",\"description\":\"Military Defense Technology\",\"potentialAction\":[{\"@type\":\"SearchAction\",\"target\":{\"@type\":\"EntryPoint\",\"urlTemplate\":\"https:\\\/\\\/www.stratign.com\\\/fr\\\/?s={search_term_string}\"},\"query-input\":{\"@type\":\"PropertyValueSpecification\",\"valueRequired\":true,\"valueName\":\"search_term_string\"}}],\"inLanguage\":\"en-US\"}]}<\/script>\n<!-- \/ Yoast SEO plugin. -->","yoast_head_json":{"title":"Drone VTOL - Stratign","description":"Le syst\u00e8me de d\u00e9fense contre les drones\/brouilleur fonctionne selon le principe du flux de travail \u00ab D\u00e9tecter \u2013 Localiser \u2013 Identifier \u2013 Agir \u00bb et collecte les informations associ\u00e9es \u00e0 la menace.","robots":{"index":"index","follow":"follow","max-snippet":"max-snippet:-1","max-image-preview":"max-image-preview:large","max-video-preview":"max-video-preview:-1"},"canonical":"https:\/\/www.stratign.com\/fr\/drone-vtol\/","og_locale":"en_US","og_type":"article","og_title":"Drone VTOL - Stratign","og_description":"Le syst\u00e8me de d\u00e9fense contre les drones\/brouilleur fonctionne selon le principe du flux de travail \u00ab D\u00e9tecter \u2013 Localiser \u2013 Identifier \u2013 Agir \u00bb et collecte les informations associ\u00e9es \u00e0 la menace.","og_url":"https:\/\/www.stratign.com\/fr\/drone-vtol\/","og_site_name":"Stratign","article_publisher":"https:\/\/www.facebook.com\/stratignfb\/","article_modified_time":"2025-03-19T06:04:38+00:00","twitter_card":"summary_large_image","twitter_site":"@stratign","twitter_misc":{"Est. reading time":"2 minutes"},"schema":{"@context":"https:\/\/schema.org","@graph":[{"@type":"WebPage","@id":"https:\/\/www.stratign.com\/fr\/drone-vtol\/","url":"https:\/\/www.stratign.com\/fr\/drone-vtol\/","name":"Drone VTOL - Stratign","isPartOf":{"@id":"https:\/\/www.stratign.com\/fr\/#website"},"datePublished":"2025-03-18T08:00:32+00:00","dateModified":"2025-03-19T06:04:38+00:00","description":"Le syst\u00e8me de d\u00e9fense contre les drones\/brouilleur fonctionne selon le principe du flux de travail \u00ab D\u00e9tecter \u2013 Localiser \u2013 Identifier \u2013 Agir \u00bb et collecte les informations associ\u00e9es \u00e0 la menace.","breadcrumb":{"@id":"https:\/\/www.stratign.com\/fr\/drone-vtol\/#breadcrumb"},"inLanguage":"en-US","potentialAction":[{"@type":"ReadAction","target":["https:\/\/www.stratign.com\/fr\/drone-vtol\/"]}]},{"@type":"BreadcrumbList","@id":"https:\/\/www.stratign.com\/fr\/drone-vtol\/#breadcrumb","itemListElement":[{"@type":"ListItem","position":1,"name":"Home","item":"https:\/\/www.stratign.com\/fr\/"},{"@type":"ListItem","position":2,"name":"Drone VTOL"}]},{"@type":"WebSite","@id":"https:\/\/www.stratign.com\/fr\/#website","url":"https:\/\/www.stratign.com\/fr\/","name":"Stratign","description":"Military Defense Technology","potentialAction":[{"@type":"SearchAction","target":{"@type":"EntryPoint","urlTemplate":"https:\/\/www.stratign.com\/fr\/?s={search_term_string}"},"query-input":{"@type":"PropertyValueSpecification","valueRequired":true,"valueName":"search_term_string"}}],"inLanguage":"en-US"}]}},"_links":{"self":[{"href":"https:\/\/www.stratign.com\/fr\/wp-json\/wp\/v2\/pages\/15261","targetHints":{"allow":["GET"]}}],"collection":[{"href":"https:\/\/www.stratign.com\/fr\/wp-json\/wp\/v2\/pages"}],"about":[{"href":"https:\/\/www.stratign.com\/fr\/wp-json\/wp\/v2\/types\/page"}],"author":[{"embeddable":true,"href":"https:\/\/www.stratign.com\/fr\/wp-json\/wp\/v2\/users\/1"}],"replies":[{"embeddable":true,"href":"https:\/\/www.stratign.com\/fr\/wp-json\/wp\/v2\/comments?post=15261"}],"version-history":[{"count":3,"href":"https:\/\/www.stratign.com\/fr\/wp-json\/wp\/v2\/pages\/15261\/revisions"}],"predecessor-version":[{"id":15284,"href":"https:\/\/www.stratign.com\/fr\/wp-json\/wp\/v2\/pages\/15261\/revisions\/15284"}],"wp:attachment":[{"href":"https:\/\/www.stratign.com\/fr\/wp-json\/wp\/v2\/media?parent=15261"}],"curies":[{"name":"wp","href":"https:\/\/api.w.org\/{rel}","templated":true}]}}