{"id":15268,"date":"2025-03-18T12:05:35","date_gmt":"2025-03-18T08:05:35","guid":{"rendered":"https:\/\/www.stratign.com\/fr\/?page_id=15268"},"modified":"2025-03-19T10:03:50","modified_gmt":"2025-03-19T06:03:50","slug":"drones-cibles","status":"publish","type":"page","link":"https:\/\/www.stratign.com\/fr\/drones-cibles\/","title":{"rendered":"DRONES CIBLES"},"content":{"rendered":"<section class=\"wpb-content-wrapper\"><p>[vc_row][vc_column][tm_spacer size=&#8221;xs:20;sm:40;lg:80&#8243;][tm_heading tag=&#8221;h4&#8243; custom_google_font=&#8221;&#8221; text_transform=&#8221;uppercase&#8221; align=&#8221;center&#8221; text_color=&#8221;secondary&#8221; font_size=&#8221;sm:28;md:34;lg:40&#8243; line_height=&#8221;1.4&#8243;]DRONES CIBLES[\/tm_heading][tm_spacer size=&#8221;xs:20;sm:30;lg:60&#8243;][\/vc_column][\/vc_row][vc_row sm_spacing=&#8221;padding_bottom:100&#8243; lg_spacing=&#8221;padding_bottom:5&#8243;][vc_column offset=&#8221;vc_col-md-5&#8243;][tm_heading style=&#8221;left-line&#8221; custom_google_font=&#8221;&#8221; font_weight=&#8221;800&#8243; font_size=&#8221;sm:18;md:21;lg:24&#8243; line_height=&#8221;1.67&#8243; max_width=&#8221;400px&#8221;]Les drones cibles simulent des a\u00e9ronefs ennemis ou des missiles pour l&#8217;entra\u00eenement et le test des syst\u00e8mes militaires.[\/tm_heading][\/vc_column][vc_column offset=&#8221;vc_col-md-7&#8243;][tm_heading tag=&#8221;div&#8221; custom_google_font=&#8221;&#8221; font_size=&#8221;lg:18&#8243; line_height=&#8221;1.67&#8243;]Les drones cibles sont des v\u00e9hicules a\u00e9riens sans pilote (V\u00e9hicule A\u00e9rien Cible Sans Pilote, VACS) utilis\u00e9s pour le d\u00e9veloppement et les tests de syst\u00e8mes militaires, la formation des \u00e9quipes militaires \u00e0 l&#8217;identification des menaces, les tests de destruction des syst\u00e8mes anti-a\u00e9riens et des a\u00e9ronefs de combat pilot\u00e9s. Sous leur forme la plus simple, les drones cibles ressemblent souvent \u00e0 des mod\u00e8les r\u00e9duits d&#8217;avions radiocommand\u00e9s.[\/tm_heading][\/vc_column][\/vc_row][vc_row sm_spacing=&#8221;margin_top:-100&#8243; xs_spacing=&#8221;margin_top:-100&#8243;][vc_column][tm_heading tag=&#8221;div&#8221; custom_google_font=&#8221;&#8221; font_size=&#8221;lg:18&#8243; line_height=&#8221;1.67&#8243;]Ces v\u00e9hicules sans pilote imitent le comportement de v\u00e9ritables menaces a\u00e9riennes. Pour ce faire, ces a\u00e9ronefs doivent atteindre des vitesses et des dynamiques tr\u00e8s \u00e9lev\u00e9es. Stratign a la capacit\u00e9 de construire des drones cibles sur mesure avec des capacit\u00e9s vari\u00e9es. Certains drones cibles peuvent \u00eatre utilis\u00e9s comme drones d&#8217;attaque suicide ou pour larguer des explosifs.[\/tm_heading][tm_spacer size=&#8221;lg:5&#8243;][tm_spacer size=&#8221;lg:5&#8243;][tm_heading tag=&#8221;div&#8221; custom_google_font=&#8221;&#8221; font_size=&#8221;lg:18&#8243; line_height=&#8221;1.67&#8243;]Certains des principaux param\u00e8tres qui peuvent \u00eatre personnalis\u00e9s sont les suivants :<br \/>\n1. Autonomie<br \/>\n2. Altitude maximale<br \/>\n3. Charge utile<br \/>\n4. Port\u00e9e C2[\/tm_heading][tm_spacer size=&#8221;lg:5&#8243;][tm_spacer size=&#8221;lg:5&#8243;][tm_spacer size=&#8221;lg:5&#8243;][tm_spacer size=&#8221;lg:5&#8243;][tm_spacer size=&#8221;lg:5&#8243;][tm_spacer size=&#8221;lg:5&#8243;][\/vc_column][\/vc_row][vc_row][vc_column][tm_spacer size=&#8221;lg:10&#8243;][tm_spacer size=&#8221;lg:40&#8243;][\/vc_column][\/vc_row][vc_row css_animation=&#8221;none&#8221; lg_spacing=&#8221;margin_bottom:10&#8243; md_spacing=&#8221;margin_bottom:10&#8243;][vc_column width=&#8221;1\/4&#8243;][tm_heading tag=&#8221;h4&#8243; custom_google_font=&#8221;&#8221; css=&#8221;.vc_custom_1702534293059{margin-top: 10px !important;}&#8221;]En savoir plus[\/tm_heading][\/vc_column][vc_column width=&#8221;1\/4&#8243;][tm_button button=&#8221;url:https%3A%2F%2Fwww.stratign.com%2Fcontact-us%2F|title:Nous%20contacter%20&#8243; el_id=&#8221;Contact-us-other&#8221;][\/vc_column][vc_column width=&#8221;1\/4&#8243;][tm_heading tag=&#8221;h4&#8243; custom_google_font=&#8221;&#8221;]T\u00e9l\u00e9charger la brochure[\/tm_heading][\/vc_column][vc_column width=&#8221;1\/4&#8243;][tm_button button=&#8221;url:https%3A%2F%2Fwww.stratign.com%2Fbrochures%2F|title:T%C3%A9l%C3%A9charger&#8221; el_id=&#8221;Brochure-other&#8221;][\/vc_column][\/vc_row]<\/p>\n<\/section>","protected":false},"excerpt":{"rendered":"<p>Stratign has multiple anti-drone solutions ranging from only jammers to a fully integrated solution with radars, cameras, etc integrated. The solutions are available for ranges from 1 km to 5 km.<\/p>\n","protected":false},"author":1,"featured_media":0,"parent":0,"menu_order":0,"comment_status":"closed","ping_status":"closed","template":"","meta":{"footnotes":""},"class_list":["post-15268","page","type-page","status-publish","hentry","post-no-thumbnail"],"yoast_head":"<!-- This site is optimized with the Yoast SEO plugin v27.3 - https:\/\/yoast.com\/product\/yoast-seo-wordpress\/ -->\n<title>DRONES CIBLES - Stratign<\/title>\n<meta name=\"description\" content=\"Le syst\u00e8me de d\u00e9fense contre les drones\/brouilleur fonctionne selon le principe du flux de travail \u00ab D\u00e9tecter \u2013 Localiser \u2013 Identifier \u2013 Agir \u00bb et collecte les informations associ\u00e9es \u00e0 la menace.\" \/>\n<meta name=\"robots\" content=\"index, follow, max-snippet:-1, max-image-preview:large, max-video-preview:-1\" \/>\n<link rel=\"canonical\" href=\"https:\/\/www.stratign.com\/fr\/drones-cibles\/\" \/>\n<meta property=\"og:locale\" content=\"en_US\" \/>\n<meta property=\"og:type\" content=\"article\" \/>\n<meta property=\"og:title\" content=\"DRONES CIBLES - Stratign\" \/>\n<meta property=\"og:description\" content=\"Le syst\u00e8me de d\u00e9fense contre les drones\/brouilleur fonctionne selon le principe du flux de travail \u00ab D\u00e9tecter \u2013 Localiser \u2013 Identifier \u2013 Agir \u00bb et collecte les informations associ\u00e9es \u00e0 la menace.\" \/>\n<meta property=\"og:url\" content=\"https:\/\/www.stratign.com\/fr\/drones-cibles\/\" \/>\n<meta property=\"og:site_name\" content=\"Stratign\" \/>\n<meta property=\"article:publisher\" content=\"https:\/\/www.facebook.com\/stratignfb\/\" \/>\n<meta property=\"article:modified_time\" content=\"2025-03-19T06:03:50+00:00\" \/>\n<meta name=\"twitter:card\" content=\"summary_large_image\" \/>\n<meta name=\"twitter:site\" content=\"@stratign\" \/>\n<meta name=\"twitter:label1\" content=\"Est. reading time\" \/>\n\t<meta name=\"twitter:data1\" content=\"1 minute\" \/>\n<script type=\"application\/ld+json\" class=\"yoast-schema-graph\">{\"@context\":\"https:\\\/\\\/schema.org\",\"@graph\":[{\"@type\":\"WebPage\",\"@id\":\"https:\\\/\\\/www.stratign.com\\\/fr\\\/drones-cibles\\\/\",\"url\":\"https:\\\/\\\/www.stratign.com\\\/fr\\\/drones-cibles\\\/\",\"name\":\"DRONES CIBLES - Stratign\",\"isPartOf\":{\"@id\":\"https:\\\/\\\/www.stratign.com\\\/fr\\\/#website\"},\"datePublished\":\"2025-03-18T08:05:35+00:00\",\"dateModified\":\"2025-03-19T06:03:50+00:00\",\"description\":\"Le syst\u00e8me de d\u00e9fense contre les drones\\\/brouilleur fonctionne selon le principe du flux de travail \u00ab D\u00e9tecter \u2013 Localiser \u2013 Identifier \u2013 Agir \u00bb et collecte les informations associ\u00e9es \u00e0 la menace.\",\"breadcrumb\":{\"@id\":\"https:\\\/\\\/www.stratign.com\\\/fr\\\/drones-cibles\\\/#breadcrumb\"},\"inLanguage\":\"en-US\",\"potentialAction\":[{\"@type\":\"ReadAction\",\"target\":[\"https:\\\/\\\/www.stratign.com\\\/fr\\\/drones-cibles\\\/\"]}]},{\"@type\":\"BreadcrumbList\",\"@id\":\"https:\\\/\\\/www.stratign.com\\\/fr\\\/drones-cibles\\\/#breadcrumb\",\"itemListElement\":[{\"@type\":\"ListItem\",\"position\":1,\"name\":\"Home\",\"item\":\"https:\\\/\\\/www.stratign.com\\\/fr\\\/\"},{\"@type\":\"ListItem\",\"position\":2,\"name\":\"DRONES CIBLES\"}]},{\"@type\":\"WebSite\",\"@id\":\"https:\\\/\\\/www.stratign.com\\\/fr\\\/#website\",\"url\":\"https:\\\/\\\/www.stratign.com\\\/fr\\\/\",\"name\":\"Stratign\",\"description\":\"Military Defense Technology\",\"potentialAction\":[{\"@type\":\"SearchAction\",\"target\":{\"@type\":\"EntryPoint\",\"urlTemplate\":\"https:\\\/\\\/www.stratign.com\\\/fr\\\/?s={search_term_string}\"},\"query-input\":{\"@type\":\"PropertyValueSpecification\",\"valueRequired\":true,\"valueName\":\"search_term_string\"}}],\"inLanguage\":\"en-US\"}]}<\/script>\n<!-- \/ Yoast SEO plugin. -->","yoast_head_json":{"title":"DRONES CIBLES - Stratign","description":"Le syst\u00e8me de d\u00e9fense contre les drones\/brouilleur fonctionne selon le principe du flux de travail \u00ab D\u00e9tecter \u2013 Localiser \u2013 Identifier \u2013 Agir \u00bb et collecte les informations associ\u00e9es \u00e0 la menace.","robots":{"index":"index","follow":"follow","max-snippet":"max-snippet:-1","max-image-preview":"max-image-preview:large","max-video-preview":"max-video-preview:-1"},"canonical":"https:\/\/www.stratign.com\/fr\/drones-cibles\/","og_locale":"en_US","og_type":"article","og_title":"DRONES CIBLES - Stratign","og_description":"Le syst\u00e8me de d\u00e9fense contre les drones\/brouilleur fonctionne selon le principe du flux de travail \u00ab D\u00e9tecter \u2013 Localiser \u2013 Identifier \u2013 Agir \u00bb et collecte les informations associ\u00e9es \u00e0 la menace.","og_url":"https:\/\/www.stratign.com\/fr\/drones-cibles\/","og_site_name":"Stratign","article_publisher":"https:\/\/www.facebook.com\/stratignfb\/","article_modified_time":"2025-03-19T06:03:50+00:00","twitter_card":"summary_large_image","twitter_site":"@stratign","twitter_misc":{"Est. reading time":"1 minute"},"schema":{"@context":"https:\/\/schema.org","@graph":[{"@type":"WebPage","@id":"https:\/\/www.stratign.com\/fr\/drones-cibles\/","url":"https:\/\/www.stratign.com\/fr\/drones-cibles\/","name":"DRONES CIBLES - Stratign","isPartOf":{"@id":"https:\/\/www.stratign.com\/fr\/#website"},"datePublished":"2025-03-18T08:05:35+00:00","dateModified":"2025-03-19T06:03:50+00:00","description":"Le syst\u00e8me de d\u00e9fense contre les drones\/brouilleur fonctionne selon le principe du flux de travail \u00ab D\u00e9tecter \u2013 Localiser \u2013 Identifier \u2013 Agir \u00bb et collecte les informations associ\u00e9es \u00e0 la menace.","breadcrumb":{"@id":"https:\/\/www.stratign.com\/fr\/drones-cibles\/#breadcrumb"},"inLanguage":"en-US","potentialAction":[{"@type":"ReadAction","target":["https:\/\/www.stratign.com\/fr\/drones-cibles\/"]}]},{"@type":"BreadcrumbList","@id":"https:\/\/www.stratign.com\/fr\/drones-cibles\/#breadcrumb","itemListElement":[{"@type":"ListItem","position":1,"name":"Home","item":"https:\/\/www.stratign.com\/fr\/"},{"@type":"ListItem","position":2,"name":"DRONES CIBLES"}]},{"@type":"WebSite","@id":"https:\/\/www.stratign.com\/fr\/#website","url":"https:\/\/www.stratign.com\/fr\/","name":"Stratign","description":"Military Defense Technology","potentialAction":[{"@type":"SearchAction","target":{"@type":"EntryPoint","urlTemplate":"https:\/\/www.stratign.com\/fr\/?s={search_term_string}"},"query-input":{"@type":"PropertyValueSpecification","valueRequired":true,"valueName":"search_term_string"}}],"inLanguage":"en-US"}]}},"_links":{"self":[{"href":"https:\/\/www.stratign.com\/fr\/wp-json\/wp\/v2\/pages\/15268","targetHints":{"allow":["GET"]}}],"collection":[{"href":"https:\/\/www.stratign.com\/fr\/wp-json\/wp\/v2\/pages"}],"about":[{"href":"https:\/\/www.stratign.com\/fr\/wp-json\/wp\/v2\/types\/page"}],"author":[{"embeddable":true,"href":"https:\/\/www.stratign.com\/fr\/wp-json\/wp\/v2\/users\/1"}],"replies":[{"embeddable":true,"href":"https:\/\/www.stratign.com\/fr\/wp-json\/wp\/v2\/comments?post=15268"}],"version-history":[{"count":4,"href":"https:\/\/www.stratign.com\/fr\/wp-json\/wp\/v2\/pages\/15268\/revisions"}],"predecessor-version":[{"id":15288,"href":"https:\/\/www.stratign.com\/fr\/wp-json\/wp\/v2\/pages\/15268\/revisions\/15288"}],"wp:attachment":[{"href":"https:\/\/www.stratign.com\/fr\/wp-json\/wp\/v2\/media?parent=15268"}],"curies":[{"name":"wp","href":"https:\/\/api.w.org\/{rel}","templated":true}]}}