{"id":15276,"date":"2025-03-18T12:12:28","date_gmt":"2025-03-18T08:12:28","guid":{"rendered":"https:\/\/www.stratign.com\/fr\/?page_id=15276"},"modified":"2025-03-24T08:57:53","modified_gmt":"2025-03-24T04:57:53","slug":"dronecaptif","status":"publish","type":"page","link":"https:\/\/www.stratign.com\/fr\/dronecaptif\/","title":{"rendered":"DRONECAPTIF"},"content":{"rendered":"<section class=\"wpb-content-wrapper\"><p>[vc_row][vc_column][tm_spacer size=&#8221;xs:20;sm:40;lg:80&#8243;][tm_heading tag=&#8221;h4&#8243; custom_google_font=&#8221;&#8221; text_transform=&#8221;uppercase&#8221; align=&#8221;center&#8221; text_color=&#8221;secondary&#8221; font_size=&#8221;sm:28;md:34;lg:40&#8243; line_height=&#8221;1.4&#8243;]DRONE CAPTIF[\/tm_heading][tm_spacer size=&#8221;xs:20;sm:30;lg:60&#8243;][\/vc_column][\/vc_row][vc_row sm_spacing=&#8221;padding_bottom:100&#8243; lg_spacing=&#8221;padding_bottom:5&#8243;][vc_column offset=&#8221;vc_col-md-5&#8243;][tm_heading style=&#8221;left-line&#8221; custom_google_font=&#8221;&#8221; font_weight=&#8221;800&#8243; font_size=&#8221;sm:18;md:21;lg:24&#8243; line_height=&#8221;1.67&#8243; max_width=&#8221;400px&#8221;]Les drones captifs sont connect\u00e9s \u00e0 une station au sol par un c\u00e2ble physique, fournissant une alimentation \u00e9lectrique et une transmission de donn\u00e9s, ce qui permet des dur\u00e9es de vol prolong\u00e9es et des communications stables.[\/tm_heading][\/vc_column][vc_column offset=&#8221;vc_col-md-7&#8243;][tm_heading tag=&#8221;div&#8221; custom_google_font=&#8221;&#8221; font_size=&#8221;lg:18&#8243; line_height=&#8221;1.67&#8243;]Les drones captifs sont reli\u00e9s au sol par un c\u00e2ble physique qui fournit de l&#8217;\u00e9nergie et permet une transmission s\u00e9curis\u00e9e des donn\u00e9es. Cette configuration pr\u00e9sente plusieurs avantages, notamment une autonomie de vol prolong\u00e9e par rapport aux drones aliment\u00e9s par batterie, une stabilit\u00e9 accrue et une communication coh\u00e9rente sans d\u00e9pendre des signaux sans fil.[\/tm_heading][tm_heading tag=&#8221;div&#8221; custom_google_font=&#8221;&#8221; font_size=&#8221;lg:18&#8243; line_height=&#8221;1.67&#8243;]Les drones captifs sont couramment utilis\u00e9s pour la surveillance a\u00e9rienne persistante, les relais de communication et les applications de contr\u00f4le dans des secteurs tels que la d\u00e9fense, les interventions d&#8217;urgence et l&#8217;inspection des infrastructures.[\/tm_heading][\/vc_column][\/vc_row][vc_row sm_spacing=&#8221;margin_top:-100&#8243; xs_spacing=&#8221;margin_top:-100&#8243;][vc_column][tm_heading tag=&#8221;div&#8221; custom_google_font=&#8221;&#8221; font_size=&#8221;lg:18&#8243; line_height=&#8221;1.67&#8243;]Leur capacit\u00e9 de fonctionnement continu les rend pr\u00e9cieux pour les t\u00e2ches n\u00e9cessitant une pr\u00e9sence a\u00e9rienne prolong\u00e9e et fiable.<\/p>\n<p>Les drones captifs trouvent des applications dans divers domaines gr\u00e2ce \u00e0 leurs capacit\u00e9s uniques.<br \/>\n&#8211; Surveillance et s\u00e9curit\u00e9<br \/>\n&#8211; Gestion des catastrophes<br \/>\n&#8211; Surveillance des mati\u00e8res dangereuses<br \/>\n&#8211; Inspection des infrastructures<br \/>\n&#8211; Relais de communication<br \/>\n&#8211; Surveillance de l&#8217;environnement<br \/>\n&#8211; Forces de l\u2019ordre (contr\u00f4le des foules, analyse des sc\u00e8nes de crime)[\/tm_heading][\/vc_column][\/vc_row][vc_row][vc_column][tm_spacer size=&#8221;lg:40&#8243;][tm_spacer size=&#8221;lg:40&#8243;][\/vc_column][\/vc_row][vc_row css_animation=&#8221;none&#8221; lg_spacing=&#8221;margin_bottom:10&#8243; md_spacing=&#8221;margin_bottom:10&#8243;][vc_column width=&#8221;1\/4&#8243;][tm_heading tag=&#8221;h4&#8243; custom_google_font=&#8221;&#8221; css=&#8221;.vc_custom_1702534293059{margin-top: 10px !important;}&#8221;]En savoir plus[\/tm_heading][\/vc_column][vc_column width=&#8221;1\/4&#8243;][tm_button button=&#8221;url:https%3A%2F%2Fwww.stratign.com%2Fcontact-us%2F|title:Nous%20contacter%20&#8243; el_id=&#8221;Contact-us-other&#8221;][\/vc_column][vc_column width=&#8221;1\/4&#8243;][tm_heading tag=&#8221;h4&#8243; custom_google_font=&#8221;&#8221;]T\u00e9l\u00e9charger la brochure[\/tm_heading][\/vc_column][vc_column width=&#8221;1\/4&#8243;][tm_button button=&#8221;url:https%3A%2F%2Fwww.stratign.com%2Fbrochures%2F|title:T%C3%A9l%C3%A9charger&#8221; el_id=&#8221;Brochure-other&#8221;][\/vc_column][\/vc_row]<\/p>\n<\/section>","protected":false},"excerpt":{"rendered":"<p>Stratign has multiple anti-drone solutions ranging from only jammers to a fully integrated solution with radars, cameras, etc integrated. The solutions are available for ranges from 1 km to 5 km.<\/p>\n","protected":false},"author":1,"featured_media":0,"parent":0,"menu_order":0,"comment_status":"closed","ping_status":"closed","template":"","meta":{"footnotes":""},"class_list":["post-15276","page","type-page","status-publish","hentry","post-no-thumbnail"],"yoast_head":"<!-- This site is optimized with the Yoast SEO plugin v27.3 - https:\/\/yoast.com\/product\/yoast-seo-wordpress\/ -->\n<title>DRONECAPTIF - Stratign<\/title>\n<meta name=\"description\" content=\"Le syst\u00e8me de d\u00e9fense contre les drones\/brouilleur fonctionne selon le principe du flux de travail \u00ab D\u00e9tecter \u2013 Localiser \u2013 Identifier \u2013 Agir \u00bb et collecte les informations associ\u00e9es \u00e0 la menace.\" \/>\n<meta name=\"robots\" content=\"index, follow, max-snippet:-1, max-image-preview:large, max-video-preview:-1\" \/>\n<link rel=\"canonical\" href=\"https:\/\/www.stratign.com\/fr\/dronecaptif\/\" \/>\n<meta property=\"og:locale\" content=\"en_US\" \/>\n<meta property=\"og:type\" content=\"article\" \/>\n<meta property=\"og:title\" content=\"DRONECAPTIF - Stratign\" \/>\n<meta property=\"og:description\" content=\"Le syst\u00e8me de d\u00e9fense contre les drones\/brouilleur fonctionne selon le principe du flux de travail \u00ab D\u00e9tecter \u2013 Localiser \u2013 Identifier \u2013 Agir \u00bb et collecte les informations associ\u00e9es \u00e0 la menace.\" \/>\n<meta property=\"og:url\" content=\"https:\/\/www.stratign.com\/fr\/dronecaptif\/\" \/>\n<meta property=\"og:site_name\" content=\"Stratign\" \/>\n<meta property=\"article:publisher\" content=\"https:\/\/www.facebook.com\/stratignfb\/\" \/>\n<meta property=\"article:modified_time\" content=\"2025-03-24T04:57:53+00:00\" \/>\n<meta name=\"twitter:card\" content=\"summary_large_image\" \/>\n<meta name=\"twitter:site\" content=\"@stratign\" \/>\n<meta name=\"twitter:label1\" content=\"Est. reading time\" \/>\n\t<meta name=\"twitter:data1\" content=\"2 minutes\" \/>\n<script type=\"application\/ld+json\" class=\"yoast-schema-graph\">{\"@context\":\"https:\\\/\\\/schema.org\",\"@graph\":[{\"@type\":\"WebPage\",\"@id\":\"https:\\\/\\\/www.stratign.com\\\/fr\\\/dronecaptif\\\/\",\"url\":\"https:\\\/\\\/www.stratign.com\\\/fr\\\/dronecaptif\\\/\",\"name\":\"DRONECAPTIF - Stratign\",\"isPartOf\":{\"@id\":\"https:\\\/\\\/www.stratign.com\\\/fr\\\/#website\"},\"datePublished\":\"2025-03-18T08:12:28+00:00\",\"dateModified\":\"2025-03-24T04:57:53+00:00\",\"description\":\"Le syst\u00e8me de d\u00e9fense contre les drones\\\/brouilleur fonctionne selon le principe du flux de travail \u00ab D\u00e9tecter \u2013 Localiser \u2013 Identifier \u2013 Agir \u00bb et collecte les informations associ\u00e9es \u00e0 la menace.\",\"breadcrumb\":{\"@id\":\"https:\\\/\\\/www.stratign.com\\\/fr\\\/dronecaptif\\\/#breadcrumb\"},\"inLanguage\":\"en-US\",\"potentialAction\":[{\"@type\":\"ReadAction\",\"target\":[\"https:\\\/\\\/www.stratign.com\\\/fr\\\/dronecaptif\\\/\"]}]},{\"@type\":\"BreadcrumbList\",\"@id\":\"https:\\\/\\\/www.stratign.com\\\/fr\\\/dronecaptif\\\/#breadcrumb\",\"itemListElement\":[{\"@type\":\"ListItem\",\"position\":1,\"name\":\"Home\",\"item\":\"https:\\\/\\\/www.stratign.com\\\/fr\\\/\"},{\"@type\":\"ListItem\",\"position\":2,\"name\":\"DRONECAPTIF\"}]},{\"@type\":\"WebSite\",\"@id\":\"https:\\\/\\\/www.stratign.com\\\/fr\\\/#website\",\"url\":\"https:\\\/\\\/www.stratign.com\\\/fr\\\/\",\"name\":\"Stratign\",\"description\":\"Military Defense Technology\",\"potentialAction\":[{\"@type\":\"SearchAction\",\"target\":{\"@type\":\"EntryPoint\",\"urlTemplate\":\"https:\\\/\\\/www.stratign.com\\\/fr\\\/?s={search_term_string}\"},\"query-input\":{\"@type\":\"PropertyValueSpecification\",\"valueRequired\":true,\"valueName\":\"search_term_string\"}}],\"inLanguage\":\"en-US\"}]}<\/script>\n<!-- \/ Yoast SEO plugin. -->","yoast_head_json":{"title":"DRONECAPTIF - Stratign","description":"Le syst\u00e8me de d\u00e9fense contre les drones\/brouilleur fonctionne selon le principe du flux de travail \u00ab D\u00e9tecter \u2013 Localiser \u2013 Identifier \u2013 Agir \u00bb et collecte les informations associ\u00e9es \u00e0 la menace.","robots":{"index":"index","follow":"follow","max-snippet":"max-snippet:-1","max-image-preview":"max-image-preview:large","max-video-preview":"max-video-preview:-1"},"canonical":"https:\/\/www.stratign.com\/fr\/dronecaptif\/","og_locale":"en_US","og_type":"article","og_title":"DRONECAPTIF - Stratign","og_description":"Le syst\u00e8me de d\u00e9fense contre les drones\/brouilleur fonctionne selon le principe du flux de travail \u00ab D\u00e9tecter \u2013 Localiser \u2013 Identifier \u2013 Agir \u00bb et collecte les informations associ\u00e9es \u00e0 la menace.","og_url":"https:\/\/www.stratign.com\/fr\/dronecaptif\/","og_site_name":"Stratign","article_publisher":"https:\/\/www.facebook.com\/stratignfb\/","article_modified_time":"2025-03-24T04:57:53+00:00","twitter_card":"summary_large_image","twitter_site":"@stratign","twitter_misc":{"Est. reading time":"2 minutes"},"schema":{"@context":"https:\/\/schema.org","@graph":[{"@type":"WebPage","@id":"https:\/\/www.stratign.com\/fr\/dronecaptif\/","url":"https:\/\/www.stratign.com\/fr\/dronecaptif\/","name":"DRONECAPTIF - Stratign","isPartOf":{"@id":"https:\/\/www.stratign.com\/fr\/#website"},"datePublished":"2025-03-18T08:12:28+00:00","dateModified":"2025-03-24T04:57:53+00:00","description":"Le syst\u00e8me de d\u00e9fense contre les drones\/brouilleur fonctionne selon le principe du flux de travail \u00ab D\u00e9tecter \u2013 Localiser \u2013 Identifier \u2013 Agir \u00bb et collecte les informations associ\u00e9es \u00e0 la menace.","breadcrumb":{"@id":"https:\/\/www.stratign.com\/fr\/dronecaptif\/#breadcrumb"},"inLanguage":"en-US","potentialAction":[{"@type":"ReadAction","target":["https:\/\/www.stratign.com\/fr\/dronecaptif\/"]}]},{"@type":"BreadcrumbList","@id":"https:\/\/www.stratign.com\/fr\/dronecaptif\/#breadcrumb","itemListElement":[{"@type":"ListItem","position":1,"name":"Home","item":"https:\/\/www.stratign.com\/fr\/"},{"@type":"ListItem","position":2,"name":"DRONECAPTIF"}]},{"@type":"WebSite","@id":"https:\/\/www.stratign.com\/fr\/#website","url":"https:\/\/www.stratign.com\/fr\/","name":"Stratign","description":"Military Defense Technology","potentialAction":[{"@type":"SearchAction","target":{"@type":"EntryPoint","urlTemplate":"https:\/\/www.stratign.com\/fr\/?s={search_term_string}"},"query-input":{"@type":"PropertyValueSpecification","valueRequired":true,"valueName":"search_term_string"}}],"inLanguage":"en-US"}]}},"_links":{"self":[{"href":"https:\/\/www.stratign.com\/fr\/wp-json\/wp\/v2\/pages\/15276","targetHints":{"allow":["GET"]}}],"collection":[{"href":"https:\/\/www.stratign.com\/fr\/wp-json\/wp\/v2\/pages"}],"about":[{"href":"https:\/\/www.stratign.com\/fr\/wp-json\/wp\/v2\/types\/page"}],"author":[{"embeddable":true,"href":"https:\/\/www.stratign.com\/fr\/wp-json\/wp\/v2\/users\/1"}],"replies":[{"embeddable":true,"href":"https:\/\/www.stratign.com\/fr\/wp-json\/wp\/v2\/comments?post=15276"}],"version-history":[{"count":4,"href":"https:\/\/www.stratign.com\/fr\/wp-json\/wp\/v2\/pages\/15276\/revisions"}],"predecessor-version":[{"id":15298,"href":"https:\/\/www.stratign.com\/fr\/wp-json\/wp\/v2\/pages\/15276\/revisions\/15298"}],"wp:attachment":[{"href":"https:\/\/www.stratign.com\/fr\/wp-json\/wp\/v2\/media?parent=15276"}],"curies":[{"name":"wp","href":"https:\/\/api.w.org\/{rel}","templated":true}]}}