{"id":15279,"date":"2025-03-18T12:15:45","date_gmt":"2025-03-18T08:15:45","guid":{"rendered":"https:\/\/www.stratign.com\/fr\/?page_id=15279"},"modified":"2025-03-19T10:02:54","modified_gmt":"2025-03-19T06:02:54","slug":"drone-a-voilure-tournante","status":"publish","type":"page","link":"https:\/\/www.stratign.com\/fr\/drone-a-voilure-tournante\/","title":{"rendered":"DRONE \u00c0 VOILURE TOURNANTE"},"content":{"rendered":"<section class=\"wpb-content-wrapper\"><p>[vc_row][vc_column][tm_spacer size=&#8221;xs:20;sm:40;lg:80&#8243;][tm_heading tag=&#8221;h4&#8243; custom_google_font=&#8221;&#8221; text_transform=&#8221;uppercase&#8221; align=&#8221;center&#8221; text_color=&#8221;secondary&#8221; font_size=&#8221;sm:28;md:34;lg:40&#8243; line_height=&#8221;1.4&#8243;]Drone \u00e0 Voilure Tournante[\/tm_heading][tm_spacer size=&#8221;xs:20;sm:30;lg:60&#8243;][\/vc_column][\/vc_row][vc_row sm_spacing=&#8221;padding_bottom:100&#8243; lg_spacing=&#8221;padding_bottom:5&#8243;][vc_column offset=&#8221;vc_col-md-5&#8243;][tm_heading style=&#8221;left-line&#8221; custom_google_font=&#8221;&#8221; font_weight=&#8221;800&#8243; font_size=&#8221;sm:18;md:21;lg:24&#8243; line_height=&#8221;1.67&#8243; max_width=&#8221;400px&#8221;]Les drones \u00e0 voilure tournante utilisent des pales rotatives pour g\u00e9n\u00e9rer de la portance et de la maniabilit\u00e9, ce qui les rend tr\u00e8s polyvalents pour toute une s\u00e9rie d&#8217;applications.[\/tm_heading][\/vc_column][vc_column offset=&#8221;vc_col-md-7&#8243;][tm_heading tag=&#8221;div&#8221; custom_google_font=&#8221;&#8221; font_size=&#8221;lg:18&#8243; line_height=&#8221;1.67&#8243;]Les drones \u00e0 voilure tournante, \u00e9galement connus sous le nom de \u00ab drones \u00e0 voilure rotative \u00bb, ont r\u00e9volutionn\u00e9 diverses industries gr\u00e2ce \u00e0 leur polyvalence et \u00e0 leurs capacit\u00e9s. Contrairement aux h\u00e9licopt\u00e8res monorotors traditionnels, les drones \u00e0 voilure tournante utilisent plusieurs rotors, g\u00e9n\u00e9ralement de quatre \u00e0 huit, pour assurer le vol. Cette conception am\u00e9liore la stabilit\u00e9 et la maniabilit\u00e9, ce qui les rend id\u00e9aux pour un large \u00e9ventail d&#8217;applications.[\/tm_heading][\/vc_column][\/vc_row][vc_row sm_spacing=&#8221;margin_top:-100&#8243; xs_spacing=&#8221;margin_top:-100&#8243;][vc_column][tm_heading tag=&#8221;div&#8221; custom_google_font=&#8221;&#8221; font_size=&#8221;lg:18&#8243; line_height=&#8221;1.67&#8243;]Le principal avantage des drones \u00e0 voilure tournante r\u00e9side dans leur capacit\u00e9 \u00e0 rester en vol stationnaire sur place, ce qui constitue un avantage consid\u00e9rable pour les missions exigeant de la pr\u00e9cision, telles que l&#8217;arpentage et l&#8217;inspection. Leur taille compacte et leur facilit\u00e9 de d\u00e9ploiement les rendent \u00e9galement bien adapt\u00e9s \u00e0 des environnements o\u00f9 les a\u00e9ronefs traditionnels pourraient rencontrer des difficult\u00e9s.[\/tm_heading][tm_spacer size=&#8221;lg:5&#8243;][tm_heading tag=&#8221;div&#8221; custom_google_font=&#8221;&#8221; font_size=&#8221;lg:18&#8243; line_height=&#8221;1.67&#8243;]\u00c9quip\u00e9s de capteurs et de cam\u00e9ras avanc\u00e9s, les drones \u00e0 voilure tournante modernes sont utilis\u00e9s dans les op\u00e9rations de recherche et de sauvetage. Leurs syst\u00e8mes de contr\u00f4le de vol, souvent aliment\u00e9s par des algorithmes sophistiqu\u00e9s et la technologie GPS, permettent un fonctionnement autonome et des sch\u00e9mas de vol complexes.[\/tm_heading][tm_spacer size=&#8221;lg:5&#8243;][tm_heading tag=&#8221;div&#8221; custom_google_font=&#8221;&#8221; font_size=&#8221;lg:18&#8243; line_height=&#8221;1.67&#8243;]Les drones \u00e0 voilure tournante ont un large \u00e9ventail d&#8217;applications dans les op\u00e9rations militaires et gouvernementales en raison de leur polyvalence, de leur agilit\u00e9 et de leur capacit\u00e9 \u00e0 rester en vol stationnaire et \u00e0 man\u0153uvrer dans des espaces confin\u00e9s. Certains sont \u00e9num\u00e9r\u00e9s ci-dessous :<br \/>\n&#8211; ISR tactique (renseignement, surveillance et reconnaissance)<br \/>\n&#8211; Patrouille et surveillance des fronti\u00e8res<br \/>\n&#8211; Acquisition et d\u00e9signation de cibles<br \/>\n&#8211; Renseignement d&#8217;origine \u00e9lectromagn\u00e9tique (SIGINT), brouillage et tromperie<br \/>\n&#8211; Recherche et sauvetage (SAR)<br \/>\n&#8211; S\u00e9curit\u00e9 publique[\/tm_heading][\/vc_column][\/vc_row][vc_row][vc_column][tm_spacer size=&#8221;lg:40&#8243;][tm_spacer size=&#8221;lg:40&#8243;][\/vc_column][\/vc_row][vc_row css_animation=&#8221;none&#8221; lg_spacing=&#8221;margin_bottom:10&#8243; md_spacing=&#8221;margin_bottom:10&#8243;][vc_column width=&#8221;1\/4&#8243;][tm_heading tag=&#8221;h4&#8243; custom_google_font=&#8221;&#8221; css=&#8221;.vc_custom_1702534293059{margin-top: 10px !important;}&#8221;]En savoir plus[\/tm_heading][\/vc_column][vc_column width=&#8221;1\/4&#8243;][tm_button button=&#8221;url:https%3A%2F%2Fwww.stratign.com%2Fcontact-us%2F|title:Nous%20contacter%20&#8243; el_id=&#8221;Contact-us-other&#8221;][\/vc_column][vc_column width=&#8221;1\/4&#8243;][tm_heading tag=&#8221;h4&#8243; custom_google_font=&#8221;&#8221;]T\u00e9l\u00e9charger la brochure[\/tm_heading][\/vc_column][vc_column width=&#8221;1\/4&#8243;][tm_button button=&#8221;url:https%3A%2F%2Fwww.stratign.com%2Fbrochures%2F|title:T%C3%A9l%C3%A9charger&#8221; el_id=&#8221;Brochure-other&#8221;][\/vc_column][\/vc_row]<\/p>\n<\/section>","protected":false},"excerpt":{"rendered":"<p>Stratign has multiple anti-drone solutions ranging from only jammers to a fully integrated solution with radars, cameras, etc integrated. The solutions are available for ranges from 1 km to 5 km.<\/p>\n","protected":false},"author":1,"featured_media":0,"parent":0,"menu_order":0,"comment_status":"closed","ping_status":"closed","template":"","meta":{"footnotes":""},"class_list":["post-15279","page","type-page","status-publish","hentry","post-no-thumbnail"],"yoast_head":"<!-- This site is optimized with the Yoast SEO plugin v27.3 - https:\/\/yoast.com\/product\/yoast-seo-wordpress\/ -->\n<title>DRONE \u00c0 VOILURE TOURNANTE - Stratign<\/title>\n<meta name=\"description\" content=\"Le syst\u00e8me de d\u00e9fense contre les drones\/brouilleur fonctionne selon le principe du flux de travail \u00ab D\u00e9tecter \u2013 Localiser \u2013 Identifier \u2013 Agir \u00bb et collecte les informations associ\u00e9es \u00e0 la menace.\" \/>\n<meta name=\"robots\" content=\"index, follow, max-snippet:-1, max-image-preview:large, max-video-preview:-1\" \/>\n<link rel=\"canonical\" href=\"https:\/\/www.stratign.com\/fr\/drone-a-voilure-tournante\/\" \/>\n<meta property=\"og:locale\" content=\"en_US\" \/>\n<meta property=\"og:type\" content=\"article\" \/>\n<meta property=\"og:title\" content=\"DRONE \u00c0 VOILURE TOURNANTE - Stratign\" \/>\n<meta property=\"og:description\" content=\"Le syst\u00e8me de d\u00e9fense contre les drones\/brouilleur fonctionne selon le principe du flux de travail \u00ab D\u00e9tecter \u2013 Localiser \u2013 Identifier \u2013 Agir \u00bb et collecte les informations associ\u00e9es \u00e0 la menace.\" \/>\n<meta property=\"og:url\" content=\"https:\/\/www.stratign.com\/fr\/drone-a-voilure-tournante\/\" \/>\n<meta property=\"og:site_name\" content=\"Stratign\" \/>\n<meta property=\"article:publisher\" content=\"https:\/\/www.facebook.com\/stratignfb\/\" \/>\n<meta property=\"article:modified_time\" content=\"2025-03-19T06:02:54+00:00\" \/>\n<meta name=\"twitter:card\" content=\"summary_large_image\" \/>\n<meta name=\"twitter:site\" content=\"@stratign\" \/>\n<meta name=\"twitter:label1\" content=\"Est. reading time\" \/>\n\t<meta name=\"twitter:data1\" content=\"2 minutes\" \/>\n<script type=\"application\/ld+json\" class=\"yoast-schema-graph\">{\"@context\":\"https:\\\/\\\/schema.org\",\"@graph\":[{\"@type\":\"WebPage\",\"@id\":\"https:\\\/\\\/www.stratign.com\\\/fr\\\/drone-a-voilure-tournante\\\/\",\"url\":\"https:\\\/\\\/www.stratign.com\\\/fr\\\/drone-a-voilure-tournante\\\/\",\"name\":\"DRONE \u00c0 VOILURE TOURNANTE - Stratign\",\"isPartOf\":{\"@id\":\"https:\\\/\\\/www.stratign.com\\\/fr\\\/#website\"},\"datePublished\":\"2025-03-18T08:15:45+00:00\",\"dateModified\":\"2025-03-19T06:02:54+00:00\",\"description\":\"Le syst\u00e8me de d\u00e9fense contre les drones\\\/brouilleur fonctionne selon le principe du flux de travail \u00ab D\u00e9tecter \u2013 Localiser \u2013 Identifier \u2013 Agir \u00bb et collecte les informations associ\u00e9es \u00e0 la menace.\",\"breadcrumb\":{\"@id\":\"https:\\\/\\\/www.stratign.com\\\/fr\\\/drone-a-voilure-tournante\\\/#breadcrumb\"},\"inLanguage\":\"en-US\",\"potentialAction\":[{\"@type\":\"ReadAction\",\"target\":[\"https:\\\/\\\/www.stratign.com\\\/fr\\\/drone-a-voilure-tournante\\\/\"]}]},{\"@type\":\"BreadcrumbList\",\"@id\":\"https:\\\/\\\/www.stratign.com\\\/fr\\\/drone-a-voilure-tournante\\\/#breadcrumb\",\"itemListElement\":[{\"@type\":\"ListItem\",\"position\":1,\"name\":\"Home\",\"item\":\"https:\\\/\\\/www.stratign.com\\\/fr\\\/\"},{\"@type\":\"ListItem\",\"position\":2,\"name\":\"DRONE \u00c0 VOILURE TOURNANTE\"}]},{\"@type\":\"WebSite\",\"@id\":\"https:\\\/\\\/www.stratign.com\\\/fr\\\/#website\",\"url\":\"https:\\\/\\\/www.stratign.com\\\/fr\\\/\",\"name\":\"Stratign\",\"description\":\"Military Defense Technology\",\"potentialAction\":[{\"@type\":\"SearchAction\",\"target\":{\"@type\":\"EntryPoint\",\"urlTemplate\":\"https:\\\/\\\/www.stratign.com\\\/fr\\\/?s={search_term_string}\"},\"query-input\":{\"@type\":\"PropertyValueSpecification\",\"valueRequired\":true,\"valueName\":\"search_term_string\"}}],\"inLanguage\":\"en-US\"}]}<\/script>\n<!-- \/ Yoast SEO plugin. -->","yoast_head_json":{"title":"DRONE \u00c0 VOILURE TOURNANTE - Stratign","description":"Le syst\u00e8me de d\u00e9fense contre les drones\/brouilleur fonctionne selon le principe du flux de travail \u00ab D\u00e9tecter \u2013 Localiser \u2013 Identifier \u2013 Agir \u00bb et collecte les informations associ\u00e9es \u00e0 la menace.","robots":{"index":"index","follow":"follow","max-snippet":"max-snippet:-1","max-image-preview":"max-image-preview:large","max-video-preview":"max-video-preview:-1"},"canonical":"https:\/\/www.stratign.com\/fr\/drone-a-voilure-tournante\/","og_locale":"en_US","og_type":"article","og_title":"DRONE \u00c0 VOILURE TOURNANTE - Stratign","og_description":"Le syst\u00e8me de d\u00e9fense contre les drones\/brouilleur fonctionne selon le principe du flux de travail \u00ab D\u00e9tecter \u2013 Localiser \u2013 Identifier \u2013 Agir \u00bb et collecte les informations associ\u00e9es \u00e0 la menace.","og_url":"https:\/\/www.stratign.com\/fr\/drone-a-voilure-tournante\/","og_site_name":"Stratign","article_publisher":"https:\/\/www.facebook.com\/stratignfb\/","article_modified_time":"2025-03-19T06:02:54+00:00","twitter_card":"summary_large_image","twitter_site":"@stratign","twitter_misc":{"Est. reading time":"2 minutes"},"schema":{"@context":"https:\/\/schema.org","@graph":[{"@type":"WebPage","@id":"https:\/\/www.stratign.com\/fr\/drone-a-voilure-tournante\/","url":"https:\/\/www.stratign.com\/fr\/drone-a-voilure-tournante\/","name":"DRONE \u00c0 VOILURE TOURNANTE - Stratign","isPartOf":{"@id":"https:\/\/www.stratign.com\/fr\/#website"},"datePublished":"2025-03-18T08:15:45+00:00","dateModified":"2025-03-19T06:02:54+00:00","description":"Le syst\u00e8me de d\u00e9fense contre les drones\/brouilleur fonctionne selon le principe du flux de travail \u00ab D\u00e9tecter \u2013 Localiser \u2013 Identifier \u2013 Agir \u00bb et collecte les informations associ\u00e9es \u00e0 la menace.","breadcrumb":{"@id":"https:\/\/www.stratign.com\/fr\/drone-a-voilure-tournante\/#breadcrumb"},"inLanguage":"en-US","potentialAction":[{"@type":"ReadAction","target":["https:\/\/www.stratign.com\/fr\/drone-a-voilure-tournante\/"]}]},{"@type":"BreadcrumbList","@id":"https:\/\/www.stratign.com\/fr\/drone-a-voilure-tournante\/#breadcrumb","itemListElement":[{"@type":"ListItem","position":1,"name":"Home","item":"https:\/\/www.stratign.com\/fr\/"},{"@type":"ListItem","position":2,"name":"DRONE \u00c0 VOILURE TOURNANTE"}]},{"@type":"WebSite","@id":"https:\/\/www.stratign.com\/fr\/#website","url":"https:\/\/www.stratign.com\/fr\/","name":"Stratign","description":"Military Defense Technology","potentialAction":[{"@type":"SearchAction","target":{"@type":"EntryPoint","urlTemplate":"https:\/\/www.stratign.com\/fr\/?s={search_term_string}"},"query-input":{"@type":"PropertyValueSpecification","valueRequired":true,"valueName":"search_term_string"}}],"inLanguage":"en-US"}]}},"_links":{"self":[{"href":"https:\/\/www.stratign.com\/fr\/wp-json\/wp\/v2\/pages\/15279","targetHints":{"allow":["GET"]}}],"collection":[{"href":"https:\/\/www.stratign.com\/fr\/wp-json\/wp\/v2\/pages"}],"about":[{"href":"https:\/\/www.stratign.com\/fr\/wp-json\/wp\/v2\/types\/page"}],"author":[{"embeddable":true,"href":"https:\/\/www.stratign.com\/fr\/wp-json\/wp\/v2\/users\/1"}],"replies":[{"embeddable":true,"href":"https:\/\/www.stratign.com\/fr\/wp-json\/wp\/v2\/comments?post=15279"}],"version-history":[{"count":4,"href":"https:\/\/www.stratign.com\/fr\/wp-json\/wp\/v2\/pages\/15279\/revisions"}],"predecessor-version":[{"id":15285,"href":"https:\/\/www.stratign.com\/fr\/wp-json\/wp\/v2\/pages\/15279\/revisions\/15285"}],"wp:attachment":[{"href":"https:\/\/www.stratign.com\/fr\/wp-json\/wp\/v2\/media?parent=15279"}],"curies":[{"name":"wp","href":"https:\/\/api.w.org\/{rel}","templated":true}]}}