{"id":15343,"date":"2026-02-11T09:35:24","date_gmt":"2026-02-11T05:35:24","guid":{"rendered":"https:\/\/www.stratign.com\/fr\/?page_id=15343"},"modified":"2026-02-11T09:42:15","modified_gmt":"2026-02-11T05:42:15","slug":"articles","status":"publish","type":"page","link":"https:\/\/www.stratign.com\/fr\/articles\/","title":{"rendered":"Articles"},"content":{"rendered":"<section class=\"wpb-content-wrapper\"><p>[vc_row][vc_column][tm_spacer size=&#8221;lg:20&#8243;][tm_heading style=&#8221;left-line&#8221; tag=&#8221;h4&#8243; custom_google_font=&#8221;&#8221; text_color=&#8221;primary&#8221; font_size=&#8221;sm:28;md:34;lg:40&#8243; line_height=&#8221;1.4&#8243;]Articles[\/tm_heading][tm_spacer size=&#8221;lg:30&#8243;][\/vc_column][\/vc_row][vc_row][vc_column][vc_basic_grid post_type=&#8221;post&#8221; max_items=&#8221;10&#8243; item=&#8221;6004&#8243; grid_id=&#8221;vc_gid:1770788518731-13f51cbb53303aee2e4ded7bc22c61b0-6&#8243;][\/vc_column][\/vc_row][vc_row][vc_column][tm_spacer size=&#8221;lg:50&#8243;][\/vc_column][\/vc_row]<\/p>\n<\/section>","protected":false},"excerpt":{"rendered":"<p>[vc_row][vc_column][tm_spacer size=&#8221;lg:20&#8243;][tm_heading style=&#8221;left-line&#8221; tag=&#8221;h4&#8243; custom_google_font=&#8221;&#8221; text_color=&#8221;primary&#8221; font_size=&#8221;sm:28;md:34;lg:40&#8243; line_height=&#8221;1.4&#8243;]Articles[\/tm_heading][tm_spacer size=&#8221;lg:30&#8243;][\/vc_column][\/vc_row][vc_row][vc_column][vc_basic_grid post_type=&#8221;post&#8221; max_items=&#8221;10&#8243; item=&#8221;6004&#8243; grid_id=&#8221;vc_gid:1770788518731-13f51cbb53303aee2e4ded7bc22c61b0-6&#8243;][\/vc_column][\/vc_row][vc_row][vc_column][tm_spacer size=&#8221;lg:50&#8243;][\/vc_column][\/vc_row]<\/p>\n","protected":false},"author":1,"featured_media":0,"parent":0,"menu_order":0,"comment_status":"closed","ping_status":"closed","template":"","meta":{"footnotes":""},"class_list":["post-15343","page","type-page","status-publish","hentry","post-no-thumbnail"],"yoast_head":"<!-- This site is optimized with the Yoast SEO plugin v27.3 - https:\/\/yoast.com\/product\/yoast-seo-wordpress\/ -->\n<title>Articles - Stratign<\/title>\n<meta name=\"description\" content=\"Stratign a pour mission de fournir des technologies comp\u00e9tentes et innovantes aux organisations de d\u00e9fense et de renseignement, ainsi qu&#039;aux agences de s\u00e9curit\u00e9 nationale.\" \/>\n<meta name=\"robots\" content=\"index, follow, max-snippet:-1, max-image-preview:large, max-video-preview:-1\" \/>\n<link rel=\"canonical\" href=\"https:\/\/www.stratign.com\/fr\/articles\/\" \/>\n<meta property=\"og:locale\" content=\"en_US\" \/>\n<meta property=\"og:type\" content=\"article\" \/>\n<meta property=\"og:title\" content=\"Articles - Stratign\" \/>\n<meta property=\"og:description\" content=\"Stratign a pour mission de fournir des technologies comp\u00e9tentes et innovantes aux organisations de d\u00e9fense et de renseignement, ainsi qu&#039;aux agences de s\u00e9curit\u00e9 nationale.\" \/>\n<meta property=\"og:url\" content=\"https:\/\/www.stratign.com\/fr\/articles\/\" \/>\n<meta property=\"og:site_name\" content=\"Stratign\" \/>\n<meta property=\"article:publisher\" content=\"https:\/\/www.facebook.com\/stratignfb\/\" \/>\n<meta property=\"article:modified_time\" content=\"2026-02-11T05:42:15+00:00\" \/>\n<meta name=\"twitter:card\" content=\"summary_large_image\" \/>\n<meta name=\"twitter:site\" content=\"@stratign\" \/>\n<meta name=\"twitter:label1\" content=\"Est. reading time\" \/>\n\t<meta name=\"twitter:data1\" content=\"2 minutes\" \/>\n<script type=\"application\/ld+json\" class=\"yoast-schema-graph\">{\"@context\":\"https:\\\/\\\/schema.org\",\"@graph\":[{\"@type\":\"WebPage\",\"@id\":\"https:\\\/\\\/www.stratign.com\\\/fr\\\/articles\\\/\",\"url\":\"https:\\\/\\\/www.stratign.com\\\/fr\\\/articles\\\/\",\"name\":\"Articles - Stratign\",\"isPartOf\":{\"@id\":\"https:\\\/\\\/www.stratign.com\\\/fr\\\/#website\"},\"datePublished\":\"2026-02-11T05:35:24+00:00\",\"dateModified\":\"2026-02-11T05:42:15+00:00\",\"description\":\"Stratign a pour mission de fournir des technologies comp\u00e9tentes et innovantes aux organisations de d\u00e9fense et de renseignement, ainsi qu'aux agences de s\u00e9curit\u00e9 nationale.\",\"breadcrumb\":{\"@id\":\"https:\\\/\\\/www.stratign.com\\\/fr\\\/articles\\\/#breadcrumb\"},\"inLanguage\":\"en-US\",\"potentialAction\":[{\"@type\":\"ReadAction\",\"target\":[\"https:\\\/\\\/www.stratign.com\\\/fr\\\/articles\\\/\"]}]},{\"@type\":\"BreadcrumbList\",\"@id\":\"https:\\\/\\\/www.stratign.com\\\/fr\\\/articles\\\/#breadcrumb\",\"itemListElement\":[{\"@type\":\"ListItem\",\"position\":1,\"name\":\"Home\",\"item\":\"https:\\\/\\\/www.stratign.com\\\/fr\\\/\"},{\"@type\":\"ListItem\",\"position\":2,\"name\":\"Articles\"}]},{\"@type\":\"WebSite\",\"@id\":\"https:\\\/\\\/www.stratign.com\\\/fr\\\/#website\",\"url\":\"https:\\\/\\\/www.stratign.com\\\/fr\\\/\",\"name\":\"Stratign\",\"description\":\"Military Defense Technology\",\"potentialAction\":[{\"@type\":\"SearchAction\",\"target\":{\"@type\":\"EntryPoint\",\"urlTemplate\":\"https:\\\/\\\/www.stratign.com\\\/fr\\\/?s={search_term_string}\"},\"query-input\":{\"@type\":\"PropertyValueSpecification\",\"valueRequired\":true,\"valueName\":\"search_term_string\"}}],\"inLanguage\":\"en-US\"}]}<\/script>\n<!-- \/ Yoast SEO plugin. -->","yoast_head_json":{"title":"Articles - Stratign","description":"Stratign a pour mission de fournir des technologies comp\u00e9tentes et innovantes aux organisations de d\u00e9fense et de renseignement, ainsi qu'aux agences de s\u00e9curit\u00e9 nationale.","robots":{"index":"index","follow":"follow","max-snippet":"max-snippet:-1","max-image-preview":"max-image-preview:large","max-video-preview":"max-video-preview:-1"},"canonical":"https:\/\/www.stratign.com\/fr\/articles\/","og_locale":"en_US","og_type":"article","og_title":"Articles - Stratign","og_description":"Stratign a pour mission de fournir des technologies comp\u00e9tentes et innovantes aux organisations de d\u00e9fense et de renseignement, ainsi qu'aux agences de s\u00e9curit\u00e9 nationale.","og_url":"https:\/\/www.stratign.com\/fr\/articles\/","og_site_name":"Stratign","article_publisher":"https:\/\/www.facebook.com\/stratignfb\/","article_modified_time":"2026-02-11T05:42:15+00:00","twitter_card":"summary_large_image","twitter_site":"@stratign","twitter_misc":{"Est. reading time":"2 minutes"},"schema":{"@context":"https:\/\/schema.org","@graph":[{"@type":"WebPage","@id":"https:\/\/www.stratign.com\/fr\/articles\/","url":"https:\/\/www.stratign.com\/fr\/articles\/","name":"Articles - Stratign","isPartOf":{"@id":"https:\/\/www.stratign.com\/fr\/#website"},"datePublished":"2026-02-11T05:35:24+00:00","dateModified":"2026-02-11T05:42:15+00:00","description":"Stratign a pour mission de fournir des technologies comp\u00e9tentes et innovantes aux organisations de d\u00e9fense et de renseignement, ainsi qu'aux agences de s\u00e9curit\u00e9 nationale.","breadcrumb":{"@id":"https:\/\/www.stratign.com\/fr\/articles\/#breadcrumb"},"inLanguage":"en-US","potentialAction":[{"@type":"ReadAction","target":["https:\/\/www.stratign.com\/fr\/articles\/"]}]},{"@type":"BreadcrumbList","@id":"https:\/\/www.stratign.com\/fr\/articles\/#breadcrumb","itemListElement":[{"@type":"ListItem","position":1,"name":"Home","item":"https:\/\/www.stratign.com\/fr\/"},{"@type":"ListItem","position":2,"name":"Articles"}]},{"@type":"WebSite","@id":"https:\/\/www.stratign.com\/fr\/#website","url":"https:\/\/www.stratign.com\/fr\/","name":"Stratign","description":"Military Defense Technology","potentialAction":[{"@type":"SearchAction","target":{"@type":"EntryPoint","urlTemplate":"https:\/\/www.stratign.com\/fr\/?s={search_term_string}"},"query-input":{"@type":"PropertyValueSpecification","valueRequired":true,"valueName":"search_term_string"}}],"inLanguage":"en-US"}]}},"_links":{"self":[{"href":"https:\/\/www.stratign.com\/fr\/wp-json\/wp\/v2\/pages\/15343","targetHints":{"allow":["GET"]}}],"collection":[{"href":"https:\/\/www.stratign.com\/fr\/wp-json\/wp\/v2\/pages"}],"about":[{"href":"https:\/\/www.stratign.com\/fr\/wp-json\/wp\/v2\/types\/page"}],"author":[{"embeddable":true,"href":"https:\/\/www.stratign.com\/fr\/wp-json\/wp\/v2\/users\/1"}],"replies":[{"embeddable":true,"href":"https:\/\/www.stratign.com\/fr\/wp-json\/wp\/v2\/comments?post=15343"}],"version-history":[{"count":6,"href":"https:\/\/www.stratign.com\/fr\/wp-json\/wp\/v2\/pages\/15343\/revisions"}],"predecessor-version":[{"id":15351,"href":"https:\/\/www.stratign.com\/fr\/wp-json\/wp\/v2\/pages\/15343\/revisions\/15351"}],"wp:attachment":[{"href":"https:\/\/www.stratign.com\/fr\/wp-json\/wp\/v2\/media?parent=15343"}],"curies":[{"name":"wp","href":"https:\/\/api.w.org\/{rel}","templated":true}]}}