{"id":3127,"date":"2021-09-12T10:39:05","date_gmt":"2021-09-12T06:39:05","guid":{"rendered":"https:\/\/stratign.com\/website\/?page_id=3127"},"modified":"2024-03-05T09:27:37","modified_gmt":"2024-03-05T05:27:37","slug":"imsi-catcher-system","status":"publish","type":"page","link":"https:\/\/www.stratign.com\/fr\/imsi-catcher-system\/","title":{"rendered":"SYST\u00c8ME DE SDR IMSI CATCHER"},"content":{"rendered":"<section class=\"wpb-content-wrapper\"><p>[vc_row][vc_column][tm_spacer size=&#8221;xs:20;sm:40;lg:80&#8243;][tm_heading tag=&#8221;h4&#8243; custom_google_font=&#8221;&#8221; align=&#8221;center&#8221; text_color=&#8221;secondary&#8221; font_size=&#8221;sm:28;md:34;lg:40&#8243; line_height=&#8221;1.4&#8243;]SYST\u00c8ME DE SDR IMSI CATCHER[\/tm_heading][tm_spacer size=&#8221;xs:20;sm:30;lg:60&#8243;][\/vc_column][\/vc_row][vc_row sm_spacing=&#8221;padding_bottom:100&#8243; lg_spacing=&#8221;padding_bottom:5&#8243;][vc_column offset=&#8221;vc_col-md-5&#8243;][tm_heading style=&#8221;left-line&#8221; custom_google_font=&#8221;&#8221; font_weight=&#8221;800&#8243; font_size=&#8221;sm:18;md:21;lg:24&#8243; line_height=&#8221;1.67&#8243; max_width=&#8221;400px&#8221;]Le syst\u00e8me SDR IMSI Catcher permet aux forces de l&#8217;ordre de collecter secr\u00e8tement l&#8217;IMEI et l&#8217;IMSI des t\u00e9l\u00e9phones portables \u00e0 l&#8217;insu des fournisseurs de services et des utilisateurs de t\u00e9l\u00e9phones portables.[\/tm_heading][\/vc_column][vc_column offset=&#8221;vc_col-md-7&#8243;][tm_heading tag=&#8221;div&#8221; custom_google_font=&#8221;&#8221; font_size=&#8221;lg:18&#8243; line_height=&#8221;1.67&#8243;]Les solutions d&#8217;interception cellulaire aident les autorit\u00e9s charg\u00e9es de l&#8217;application de la loi \u00e0 acqu\u00e9rir, intercepter, analyser et g\u00e9rer les communications cellulaires telles que la voix, les SMS et les donn\u00e9es relatives aux appels (CRI).[\/tm_heading][tm_spacer size=&#8221;xs:10;sm:10;lg:20&#8243;][tm_heading tag=&#8221;div&#8221; custom_google_font=&#8221;&#8221; font_size=&#8221;lg:18&#8243; line_height=&#8221;1.67&#8243;]Notre solution IMSI-Catcher est con\u00e7ue pour collecter secr\u00e8tement les identit\u00e9s de base (IMSI, IMEI) des t\u00e9l\u00e9phones mobiles 2G, 3G, 4G et 5G (NSA) fonctionnant dans sa zone de couverture, \u00e0 l&#8217;insu des fournisseurs de services et des utilisateurs de t\u00e9l\u00e9phones.[\/tm_heading][\/vc_column][\/vc_row][vc_row sm_spacing=&#8221;margin_top:-90&#8243; xs_spacing=&#8221;margin_top:-90&#8243;][vc_column][tm_heading tag=&#8221;div&#8221; custom_google_font=&#8221;&#8221; font_size=&#8221;lg:18&#8243; line_height=&#8221;1.67&#8243;]Cela permettra aux agences d&#8217;identifier la pr\u00e9sence de la cible dans leur zone d&#8217;op\u00e9ration. L&#8217;IMSI-Catcher peut \u00e9galement \u00eatre utilis\u00e9 pour r\u00e9trograder s\u00e9lectivement les t\u00e9l\u00e9phones fonctionnant sur les r\u00e9seaux 3G\/4G\/5G en mode GSM. Ces t\u00e9l\u00e9phones peuvent alors \u00eatre intercept\u00e9s par des solutions d&#8217;interception passives ou semi-actives.[\/tm_heading][\/vc_column][\/vc_row][vc_row][vc_column][tm_spacer size=&#8221;xs:10;sm:10;lg:20&#8243;][tm_heading tag=&#8221;div&#8221; custom_google_font=&#8221;&#8221; font_size=&#8221;lg:18&#8243; line_height=&#8221;1.67&#8243;]Le sac \u00e0 dos SDR IMSI de puissance moyenne est id\u00e9al pour les op\u00e9rations o\u00f9 l\u2019identit\u00e9 des cibles doit \u00eatre obtenue dans une zone de couverture moyenne. Il peut couvrir une port\u00e9e maximale allant jusqu\u2019\u00e0 250 m\u00e8tres.[\/tm_heading][tm_spacer size=&#8221;xs:10;sm:10;lg:20&#8243;][tm_heading tag=&#8221;h5&#8243; custom_google_font=&#8221;&#8221; font_size=&#8221;lg:18&#8243; line_height=&#8221;1.67&#8243;]Version mont\u00e9e sur v\u00e9hicule :[\/tm_heading][tm_heading tag=&#8221;div&#8221; custom_google_font=&#8221;&#8221; font_size=&#8221;lg:18&#8243; line_height=&#8221;1.67&#8243;]Le syst\u00e8me SDR IMSI catcher de grande puissance mont\u00e9e sur v\u00e9hicule est utilis\u00e9 en cas de fonctionnement stationnaire ou mont\u00e9 sur v\u00e9hicule. Ce syst\u00e8me est g\u00e9n\u00e9ralement utilis\u00e9 pour rechercher des cibles dans les villes ou dans des zones ouvertes \u00e0 longue distance.[\/tm_heading][tm_spacer size=&#8221;xs:10;sm:10;lg:20&#8243;][tm_heading tag=&#8221;h5&#8243; custom_google_font=&#8221;&#8221; font_size=&#8221;lg:18&#8243; line_height=&#8221;1.67&#8243;]Version mont\u00e9e sur drone :[\/tm_heading][tm_heading tag=&#8221;div&#8221; custom_google_font=&#8221;&#8221; font_size=&#8221;lg:18&#8243; line_height=&#8221;1.67&#8243;]Le syst\u00e8me SDR IMSI catcher mont\u00e9 sur drone est utilis\u00e9 pour rechercher et suivre des t\u00e9l\u00e9phones portables dans des zones restreintes \u00e0 l&#8217;aide de drones disponibles dans le commerce. Le syst\u00e8me peut atteindre un rayon de 15 km.[\/tm_heading][tm_spacer size=&#8221;sm:50;lg:50&#8243;][tm_heading tag=&#8221;h4&#8243; custom_google_font=&#8221;&#8221; align=&#8221;center&#8221; text_color=&#8221;secondary&#8221; font_size=&#8221;sm:28;md:34;lg:40&#8243; line_height=&#8221;1.4&#8243; css=&#8221;.vc_custom_1704958765985{background-position: center !important;background-repeat: no-repeat !important;background-size: contain !important;}&#8221;]Caract\u00e9ristiques du syst\u00e8me[\/tm_heading][tm_spacer size=&#8221;lg:40&#8243;][tm_list list_style=&#8221;check-02&#8243; marker_color=&#8221;secondary&#8221; title_color=&#8221;primary&#8221; columns=&#8221;xs:1;lg:2&#8243; items=&#8221;%5B%7B%22item_title%22%3A%22Analyse%20du%20r%C3%A9seau%22%2C%22link%22%3A%22%7C%7C%7C%22%2C%22item_desc%22%3A%22Recherche%20automatiquement%20tous%20les%20r%C3%A9seaux%202G%2C%203G%2C%204G%20ou%205G%20(NSA)%20actifs%20dans%20la%20zone%20afin%20de%20capturer%20l&#8217;IMSI%2C%20l&#8217;IMEI%2C%20le%20TMSI%2C%20l&#8217;emplacement%20du%20combin%C3%A9%20et%20le%20r%C3%A9seau%20mobile%20terrestre%20public%20(PLMN)%20(en%20option).%22%7D%2C%7B%22item_title%22%3A%22Emulation%20de%20station%20de%20base%22%2C%22item_desc%22%3A%22Emulation%20des%20r%C3%A9seaux%20des%20prestataires%20de%20services%20en%202G%2C%203G%2C%204G%20ou%205G%20(NSA).%22%7D%2C%7B%22item_title%22%3A%22Contr%C3%B4le%20dynamique%20des%20cibles%22%2C%22item_desc%22%3A%22Identification%20compl%C3%A8te%20des%20informations%20IMSI%2C%20IMEI%20et%20TMSI%20dans%20son%20rayon%20d&#8217;action%20et%20capacit%C3%A9s%20de%20contr%C3%B4le%20dynamique%2C%20y%20compris%20un%20d%C3%A9ni%20de%20service%20complet.%22%7D%2C%7B%22item_title%22%3A%22D%C3%A9tection%20de%20l&#8217;emplacement%20de%20la%20cible%22%2C%22item_desc%22%3A%22La%20localisation%20pr%C3%A9cise%20de%20la%20cible%20peut%20%C3%AAtre%20affich%C3%A9e%20sur%20l&#8217;application%20int%C3%A9gr%C3%A9e%20du%20syst%C3%A8me%20d&#8217;information%20g%C3%A9ographique%20(SIG).%20Compatible%20avec%20le%20syst%C3%A8me%20portable%20de%20radiogoniom%C3%A9trie%20de%20Stratign%20(en%20option).%22%7D%2C%7B%22item_title%22%3A%22Brouillage%20s%C3%A9lectif%22%2C%22link%22%3A%22%7C%7C%7C%22%2C%22item_desc%22%3A%22Le%20syst%C3%A8me%20permet%20%C3%A0%20l&#8217;op%C3%A9rateur%20de%20bloquer%20les%20services%202G%2C%203G%2C%204G%20ou%205G%20(NSA)%20pour%20certains%20combin%C3%A9s%20mobiles%20desservis%20par%20l&#8217;op%C3%A9rateur%20de%20r%C3%A9seau.%22%7D%2C%7B%22item_title%22%3A%22Liste%20de%20cibles%22%2C%22item_desc%22%3A%22L&#8217;utilisateur%20peut%20travailler%20avec%20une%20liste%20de%20cibles%20pr%C3%A9d%C3%A9finies%20et%20recevoir%20un%20rapport%20instantan%C3%A9%20d%C3%A8s%20que%20le%20terminal%20mobile%20cible%20se%20d%C3%A9place%20dans%20la%20zone%20de%20couverture%20du%20syst%C3%A8me.%22%7D%2C%7B%22item_title%22%3A%22Analyse%20des%20liens%22%2C%22item_desc%22%3A%22Cette%20fonction%20permet%20de%20comparer%20les%20donn%C3%A9es%20IMSI%20et%20IMEI%20recueillies%20au%20cours%20de%20diff%C3%A9rentes%20p%C3%A9riodes%2C%20sur%20la%20base%20d&#8217;enregistrements%20dans%20plusieurs%20fichiers%20de%20base%20de%20donn%C3%A9es%2C%20et%20d&#8217;identifier%20les%20liens%20entre%20les%20lieux%20et%20les%20moments%20visit%C3%A9s%20par%20la%20cible.%22%7D%2C%7B%22item_title%22%3A%22Extraction%20en%20temps%20r%C3%A9el%20des%20r%C3%A9seaux%20mobiles%20terrestres%20publics%20(PLMN)%22%2C%22item_desc%22%3A%22Int%C3%A9gration%20avec%20le%20syst%C3%A8me%20de%20recherche%20de%20r%C3%A9seaux%20mobiles%20terrestres%20publics%20(PLMN)%20de%20Stratign%20pour%20extraire%20les%20num%C3%A9ros%20de%20t%C3%A9l%C3%A9phone%20des%20cibles%20(en%20option).%22%7D%2C%7B%22item_title%22%3A%22Appel%20R%C3%A9seau%22%2C%22item_desc%22%3A%22Permet%20d&#8217;effectuer%20des%20appels%20au%20sein%20de%20l&#8217;architecture%20du%20syst%C3%A8me%20du%20Cell%20Catcher%20(en%20option).%22%7D%2C%7B%22item_title%22%3A%22Puissance%20virtuelle%22%2C%22item_desc%22%3A%22Utilise%20la%20manipulation%20du%20canal%20de%20contr%C3%B4le%20de%20diffusion%20(BCCH)%20pour%20donner%20un%20effet%20de%20puissance%20virtuelle%20pouvant%20aller%20jusqu&#8217;%C3%A0%20plusieurs%20centaines%20de%20watts.%22%7D%5D&#8221; custom_css=&#8221;LnRtLWxpc3Quc3R5bGUtY2hlY2stMDIlMjAuZGVzYyUyMCU3QiUwQSUyMCUyMCUyMCUyMG1hcmdpbi10b3AlM0ElMjAxMHB4JTNCJTBBJTIwJTIwJTIwJTIwbWFyZ2luLWJvdHRvbSUzQSUyMDEwcHglM0IlMEElN0Q=&#8221;][tm_spacer size=&#8221;lg:10&#8243;][tm_spacer size=&#8221;xs:30;sm:60;lg:120&#8243;][\/vc_column][\/vc_row][vc_row css_animation=&#8221;none&#8221; lg_spacing=&#8221;margin_bottom:10&#8243; md_spacing=&#8221;margin_bottom:10&#8243;][vc_column width=&#8221;1\/4&#8243;][tm_heading tag=&#8221;h4&#8243; custom_google_font=&#8221;&#8221; css=&#8221;.vc_custom_1702534293059{margin-top: 10px !important;}&#8221;]En savoir plus[\/tm_heading][\/vc_column][vc_column width=&#8221;1\/4&#8243;][tm_button button=&#8221;url:https%3A%2F%2Fwww.stratign.com%2Fcontact-us%2F|title:Nous%20contacter%20&#8243; el_id=&#8221;Contact-us-other&#8221;][\/vc_column][vc_column width=&#8221;1\/4&#8243;][tm_heading tag=&#8221;h4&#8243; custom_google_font=&#8221;&#8221;]T\u00e9l\u00e9charger la brochure[\/tm_heading][\/vc_column][vc_column width=&#8221;1\/4&#8243;][tm_button button=&#8221;url:https%3A%2F%2Fwww.stratign.com%2Fbrochures%2F|title:T%C3%A9l%C3%A9charger&#8221; el_id=&#8221;Brochure-other&#8221;][\/vc_column][\/vc_row]<\/p>\n<\/section>","protected":false},"excerpt":{"rendered":"<p>IMSI Catcher System allows LEAs to covertly collect basic identities (IMEI, IMSI) of cell phones in the vicinity without the knowledge of the service providers and cell phone users.<\/p>\n","protected":false},"author":1,"featured_media":0,"parent":0,"menu_order":0,"comment_status":"closed","ping_status":"closed","template":"","meta":{"footnotes":""},"class_list":["post-3127","page","type-page","status-publish","hentry","post-no-thumbnail"],"yoast_head":"<!-- This site is optimized with the Yoast SEO plugin v27.3 - https:\/\/yoast.com\/product\/yoast-seo-wordpress\/ -->\n<title>SYST\u00c8ME DE SDR IMSI CATCHER - Stratign<\/title>\n<meta name=\"description\" content=\"Le syst\u00e8me SDR IMSI Catcher peut collecter les identit\u00e9s IMEI et IMSI des t\u00e9l\u00e9phones portables \u00e0 l&#039;insu des fournisseurs de services et des utilisateurs de t\u00e9l\u00e9phones portables.\" \/>\n<meta name=\"robots\" content=\"index, follow, max-snippet:-1, max-image-preview:large, max-video-preview:-1\" \/>\n<link rel=\"canonical\" href=\"https:\/\/www.stratign.com\/fr\/imsi-catcher-system\/\" \/>\n<meta property=\"og:locale\" content=\"en_US\" \/>\n<meta property=\"og:type\" content=\"article\" \/>\n<meta property=\"og:title\" content=\"SYST\u00c8ME DE SDR IMSI CATCHER - Stratign\" \/>\n<meta property=\"og:description\" content=\"Le syst\u00e8me SDR IMSI Catcher peut collecter les identit\u00e9s IMEI et IMSI des t\u00e9l\u00e9phones portables \u00e0 l&#039;insu des fournisseurs de services et des utilisateurs de t\u00e9l\u00e9phones portables.\" \/>\n<meta property=\"og:url\" content=\"https:\/\/www.stratign.com\/fr\/imsi-catcher-system\/\" \/>\n<meta property=\"og:site_name\" content=\"Stratign\" \/>\n<meta property=\"article:publisher\" content=\"https:\/\/www.facebook.com\/stratignfb\/\" \/>\n<meta property=\"article:modified_time\" content=\"2024-03-05T05:27:37+00:00\" \/>\n<meta name=\"twitter:card\" content=\"summary_large_image\" \/>\n<meta name=\"twitter:site\" content=\"@stratign\" \/>\n<meta name=\"twitter:label1\" content=\"Est. reading time\" \/>\n\t<meta name=\"twitter:data1\" content=\"2 minutes\" \/>\n<script type=\"application\/ld+json\" class=\"yoast-schema-graph\">{\"@context\":\"https:\\\/\\\/schema.org\",\"@graph\":[{\"@type\":\"WebPage\",\"@id\":\"https:\\\/\\\/www.stratign.com\\\/fr\\\/imsi-catcher-system\\\/\",\"url\":\"https:\\\/\\\/www.stratign.com\\\/fr\\\/imsi-catcher-system\\\/\",\"name\":\"SYST\u00c8ME DE SDR IMSI CATCHER - Stratign\",\"isPartOf\":{\"@id\":\"https:\\\/\\\/www.stratign.com\\\/fr\\\/#website\"},\"datePublished\":\"2021-09-12T06:39:05+00:00\",\"dateModified\":\"2024-03-05T05:27:37+00:00\",\"description\":\"Le syst\u00e8me SDR IMSI Catcher peut collecter les identit\u00e9s IMEI et IMSI des t\u00e9l\u00e9phones portables \u00e0 l'insu des fournisseurs de services et des utilisateurs de t\u00e9l\u00e9phones portables.\",\"breadcrumb\":{\"@id\":\"https:\\\/\\\/www.stratign.com\\\/fr\\\/imsi-catcher-system\\\/#breadcrumb\"},\"inLanguage\":\"en-US\",\"potentialAction\":[{\"@type\":\"ReadAction\",\"target\":[\"https:\\\/\\\/www.stratign.com\\\/fr\\\/imsi-catcher-system\\\/\"]}]},{\"@type\":\"BreadcrumbList\",\"@id\":\"https:\\\/\\\/www.stratign.com\\\/fr\\\/imsi-catcher-system\\\/#breadcrumb\",\"itemListElement\":[{\"@type\":\"ListItem\",\"position\":1,\"name\":\"Home\",\"item\":\"https:\\\/\\\/www.stratign.com\\\/fr\\\/\"},{\"@type\":\"ListItem\",\"position\":2,\"name\":\"SYST\u00c8ME DE SDR IMSI CATCHER\"}]},{\"@type\":\"WebSite\",\"@id\":\"https:\\\/\\\/www.stratign.com\\\/fr\\\/#website\",\"url\":\"https:\\\/\\\/www.stratign.com\\\/fr\\\/\",\"name\":\"Stratign\",\"description\":\"Military Defense Technology\",\"potentialAction\":[{\"@type\":\"SearchAction\",\"target\":{\"@type\":\"EntryPoint\",\"urlTemplate\":\"https:\\\/\\\/www.stratign.com\\\/fr\\\/?s={search_term_string}\"},\"query-input\":{\"@type\":\"PropertyValueSpecification\",\"valueRequired\":true,\"valueName\":\"search_term_string\"}}],\"inLanguage\":\"en-US\"}]}<\/script>\n<!-- \/ Yoast SEO plugin. -->","yoast_head_json":{"title":"SYST\u00c8ME DE SDR IMSI CATCHER - Stratign","description":"Le syst\u00e8me SDR IMSI Catcher peut collecter les identit\u00e9s IMEI et IMSI des t\u00e9l\u00e9phones portables \u00e0 l'insu des fournisseurs de services et des utilisateurs de t\u00e9l\u00e9phones portables.","robots":{"index":"index","follow":"follow","max-snippet":"max-snippet:-1","max-image-preview":"max-image-preview:large","max-video-preview":"max-video-preview:-1"},"canonical":"https:\/\/www.stratign.com\/fr\/imsi-catcher-system\/","og_locale":"en_US","og_type":"article","og_title":"SYST\u00c8ME DE SDR IMSI CATCHER - Stratign","og_description":"Le syst\u00e8me SDR IMSI Catcher peut collecter les identit\u00e9s IMEI et IMSI des t\u00e9l\u00e9phones portables \u00e0 l'insu des fournisseurs de services et des utilisateurs de t\u00e9l\u00e9phones portables.","og_url":"https:\/\/www.stratign.com\/fr\/imsi-catcher-system\/","og_site_name":"Stratign","article_publisher":"https:\/\/www.facebook.com\/stratignfb\/","article_modified_time":"2024-03-05T05:27:37+00:00","twitter_card":"summary_large_image","twitter_site":"@stratign","twitter_misc":{"Est. reading time":"2 minutes"},"schema":{"@context":"https:\/\/schema.org","@graph":[{"@type":"WebPage","@id":"https:\/\/www.stratign.com\/fr\/imsi-catcher-system\/","url":"https:\/\/www.stratign.com\/fr\/imsi-catcher-system\/","name":"SYST\u00c8ME DE SDR IMSI CATCHER - Stratign","isPartOf":{"@id":"https:\/\/www.stratign.com\/fr\/#website"},"datePublished":"2021-09-12T06:39:05+00:00","dateModified":"2024-03-05T05:27:37+00:00","description":"Le syst\u00e8me SDR IMSI Catcher peut collecter les identit\u00e9s IMEI et IMSI des t\u00e9l\u00e9phones portables \u00e0 l'insu des fournisseurs de services et des utilisateurs de t\u00e9l\u00e9phones portables.","breadcrumb":{"@id":"https:\/\/www.stratign.com\/fr\/imsi-catcher-system\/#breadcrumb"},"inLanguage":"en-US","potentialAction":[{"@type":"ReadAction","target":["https:\/\/www.stratign.com\/fr\/imsi-catcher-system\/"]}]},{"@type":"BreadcrumbList","@id":"https:\/\/www.stratign.com\/fr\/imsi-catcher-system\/#breadcrumb","itemListElement":[{"@type":"ListItem","position":1,"name":"Home","item":"https:\/\/www.stratign.com\/fr\/"},{"@type":"ListItem","position":2,"name":"SYST\u00c8ME DE SDR IMSI CATCHER"}]},{"@type":"WebSite","@id":"https:\/\/www.stratign.com\/fr\/#website","url":"https:\/\/www.stratign.com\/fr\/","name":"Stratign","description":"Military Defense Technology","potentialAction":[{"@type":"SearchAction","target":{"@type":"EntryPoint","urlTemplate":"https:\/\/www.stratign.com\/fr\/?s={search_term_string}"},"query-input":{"@type":"PropertyValueSpecification","valueRequired":true,"valueName":"search_term_string"}}],"inLanguage":"en-US"}]}},"_links":{"self":[{"href":"https:\/\/www.stratign.com\/fr\/wp-json\/wp\/v2\/pages\/3127","targetHints":{"allow":["GET"]}}],"collection":[{"href":"https:\/\/www.stratign.com\/fr\/wp-json\/wp\/v2\/pages"}],"about":[{"href":"https:\/\/www.stratign.com\/fr\/wp-json\/wp\/v2\/types\/page"}],"author":[{"embeddable":true,"href":"https:\/\/www.stratign.com\/fr\/wp-json\/wp\/v2\/users\/1"}],"replies":[{"embeddable":true,"href":"https:\/\/www.stratign.com\/fr\/wp-json\/wp\/v2\/comments?post=3127"}],"version-history":[{"count":39,"href":"https:\/\/www.stratign.com\/fr\/wp-json\/wp\/v2\/pages\/3127\/revisions"}],"predecessor-version":[{"id":15124,"href":"https:\/\/www.stratign.com\/fr\/wp-json\/wp\/v2\/pages\/3127\/revisions\/15124"}],"wp:attachment":[{"href":"https:\/\/www.stratign.com\/fr\/wp-json\/wp\/v2\/media?parent=3127"}],"curies":[{"name":"wp","href":"https:\/\/api.w.org\/{rel}","templated":true}]}}