{"id":3130,"date":"2021-09-12T11:00:23","date_gmt":"2021-09-12T11:00:23","guid":{"rendered":"https:\/\/stratign.com\/website\/?page_id=3130"},"modified":"2024-03-05T09:28:19","modified_gmt":"2024-03-05T05:28:19","slug":"cdma-interception-system","status":"publish","type":"page","link":"https:\/\/www.stratign.com\/fr\/cdma-interception-system\/","title":{"rendered":"ACC\u00c8S MULTIPLE PAR R\u00c9PARTITON EN CODE (AMRC) SYST\u00c8ME D\u2019INTERCEPTION"},"content":{"rendered":"<section class=\"wpb-content-wrapper\"><p>[vc_row][vc_column][tm_spacer size=&#8221;xs:20;sm:40;lg:80&#8243;][tm_heading tag=&#8221;h4&#8243; custom_google_font=&#8221;&#8221; align=&#8221;center&#8221; text_color=&#8221;secondary&#8221; font_size=&#8221;sm:28;md:34;lg:40&#8243; line_height=&#8221;1.4&#8243;]ACC\u00c8S MULTIPLE PAR R\u00c9PARTITON EN CODE (AMRC) SYST\u00c8ME D&#8217;INTERCEPTION[\/tm_heading][tm_spacer size=&#8221;xs:20;sm:30;lg:60&#8243;][\/vc_column][\/vc_row][vc_row sm_spacing=&#8221;padding_bottom:100&#8243; lg_spacing=&#8221;padding_bottom:5&#8243;][vc_column offset=&#8221;vc_col-md-5&#8243;][tm_heading style=&#8221;left-line&#8221; custom_google_font=&#8221;&#8221; font_weight=&#8221;800&#8243; font_size=&#8221;sm:18;md:21;lg:24&#8243; line_height=&#8221;1.67&#8243; max_width=&#8221;400px&#8221;]Syst\u00e8me enti\u00e8rement passif capable d&#8217;intercepter les r\u00e9seaux IS-95R, IS-95B, CDMA 2OOO-1X CDMA dans le monde entier.[\/tm_heading][\/vc_column][vc_column offset=&#8221;vc_col-md-7 vc_hidden-xs&#8221;][tm_heading tag=&#8221;div&#8221; custom_google_font=&#8221;&#8221; font_size=&#8221;lg:18&#8243; line_height=&#8221;1.67&#8243;]Notre solution de surveillance de l&#8217;acc\u00e8s multiple par r\u00e9partition en code (AMRC) multicanal est un syst\u00e8me d&#8217;interception AMRC compact, innovant et moderne qui permet de surveiller et d&#8217;enregistrer les communications AMRC en temps r\u00e9el.[\/tm_heading][tm_spacer size=&#8221;lg:20&#8243;][tm_heading tag=&#8221;div&#8221; custom_google_font=&#8221;&#8221; font_size=&#8221;lg:18&#8243; line_height=&#8221;1.67&#8243;]Le syst\u00e8me est disponible dans diff\u00e9rentes configurations en fonction du nombre de canaux ou[\/tm_heading][\/vc_column][\/vc_row][vc_row sm_spacing=&#8221;margin_top:-90&#8243; xs_spacing=&#8221;margin_top:-90&#8243;][vc_column][tm_heading tag=&#8221;div&#8221; custom_google_font=&#8221;&#8221; font_size=&#8221;lg:18&#8243; line_height=&#8221;1.67&#8243;]de r\u00e9seaux \u00e0 surveiller simultan\u00e9ment. Tous les syst\u00e8mes reli\u00e9s peuvent \u00eatre configur\u00e9s et contr\u00f4l\u00e9s \u00e0 partir d&#8217;un emplacement central. Ce syst\u00e8me est un produit passif de haute technologie qui intercepte, contr\u00f4le les canaux et les deux c\u00f4t\u00e9s d&#8217;une conversation via les canaux de trafic. Il prend en charge les r\u00e9seaux IS-95R, IS-95B et AMRC (acc\u00e8s multiple par r\u00e9partition en code) 2OOO-1X. Le syst\u00e8me de surveillance AMRC se compose principalement d&#8217;un r\u00e9cepteur et d&#8217;un logiciel. L&#8217;unit\u00e9 r\u00e9ceptrice se charge du traitement des signaux intercept\u00e9s \u00e0 partir du r\u00e9seau AMRC. Apr\u00e8s avoir trait\u00e9 les signaux, il transmet les donn\u00e9es brutes \u00e0 l&#8217;ordinateur portable de contr\u00f4le connect\u00e9 par c\u00e2ble. Le logiciel de contr\u00f4le fonctionnant sur l&#8217;ordinateur portable est responsable du contr\u00f4le de l&#8217;unit\u00e9 de r\u00e9ception, de l&#8217;enregistrement et du stockage des informations d&#8217;appel et de la lecture de l&#8217;appel s\u00e9lectionn\u00e9.[\/tm_heading][\/vc_column][\/vc_row][vc_row][vc_column][tm_spacer size=&#8221;lg:50&#8243;][tm_heading tag=&#8221;h4&#8243; custom_google_font=&#8221;&#8221; align=&#8221;center&#8221; text_color=&#8221;secondary&#8221; font_size=&#8221;sm:28;md:34;lg:40&#8243; line_height=&#8221;1.4&#8243; css=&#8221;.vc_custom_1704958323480{background-position: center !important;background-repeat: no-repeat !important;background-size: contain !important;}&#8221;]Caract\u00e9ristiques du syst\u00e8me[\/tm_heading][tm_spacer size=&#8221;lg:40&#8243;][tm_list list_style=&#8221;check-02&#8243; marker_color=&#8221;secondary&#8221; title_color=&#8221;primary&#8221; columns=&#8221;xs:1;lg:2&#8243; items=&#8221;%5B%7B%22item_title%22%3A%22D%C3%A9tection%20automatique%20du%20r%C3%A9seau%22%2C%22item_desc%22%3A%22D%C3%A9tecte%20automatiquement%20la%20fr%C3%A9quence%20du%20r%C3%A9seau%20AMRC%20et%20les%20canaux%20logiques.%22%7D%2C%7B%22item_title%22%3A%22Mesure%20automatique%22%2C%22link%22%3A%22%7C%7C%7C%22%2C%22item_desc%22%3A%22Mesure%20automatiquement%20le%20niveau%20et%20la%20qualit%C3%A9%20du%20signal%20de%20la%20station%20de%20base.%22%7D%2C%7B%22item_title%22%3A%22Interface%20graphique%20conviviale%22%2C%22item_desc%22%3A%22L&#8217;indicateur%20de%20l&#8217;interface%20graphique%20indique%20l&#8217;activit%C3%A9%20actuelle%20du%20syst%C3%A8me.%22%7D%2C%7B%22item_title%22%3A%22Surveillance%20en%20ligne%22%2C%22link%22%3A%22%7C%7C%7C%22%2C%22item_desc%22%3A%22Surveillance%20en%20ligne%20des%20appels%20vocaux%20et%20des%20SMS.%22%7D%2C%7B%22item_title%22%3A%22Stockage%22%2C%22item_desc%22%3A%22La%20conception%20modulaire%20du%20syst%C3%A8me%20permet%20une%20mise%20%C3%A0%20l&#8217;%C3%A9chelle%20en%20fonction%20des%20besoins%20du%20client.%22%7D%2C%7B%22item_title%22%3A%22Affichage%22%2C%22item_desc%22%3A%22Affichage%20des%20informations%20relatives%20%C3%A0%20l&#8217;appel%20pendant%20la%20lecture%20des%20appels%2C%20telles%20que%20l&#8217;heure%20de%20d%C3%A9but%20et%20la%20dur%C3%A9e%20de%20l&#8217;appel.%22%7D%2C%7B%22item_title%22%3A%22Appels%20entrants%20et%20sortants%22%2C%22item_desc%22%3A%22D%C3%A9tecte%20automatiquement%20les%20appels%20entrants%20et%20sortants%20(de%20la%20station%20de%20base%20au%20mobile%20ou%20du%20mobile%20%C3%A0%20la%20station%20de%20base).%22%7D%2C%7B%22item_title%22%3A%22Capture%20en%20off-the-air%20du%20num%C3%A9ro%20de%20s%C3%A9rie%20%C3%A9lectronique%20(ESN)%22%2C%22item_desc%22%3A%22Capture%20et%20affiche%20le%20num%C3%A9ro%20compos%C3%A9%2C%20le%20num%C3%A9ro%20de%20s%C3%A9rie%20%C3%A9lectronique%20(ESN)%20de%20la%20cible%20lors%20de%20l&#8217;enregistrement%20dans%20les%20r%C3%A9seaux%20AMRC.%22%7D%2C%7B%22item_title%22%3A%22Lecture%22%2C%22item_desc%22%3A%22Lecture%20des%20appels%20enregistr%C3%A9s.%22%7D%2C%7B%22item_title%22%3A%22Interception%20des%20SMS%22%2C%22item_desc%22%3A%22Surveillance%20et%20enregistrement%20des%20SMS.%22%7D%5D&#8221; custom_css=&#8221;LnRtLWxpc3Quc3R5bGUtY2hlY2stMDIlMjAuZGVzYyUyMCU3QiUwQSUyMCUyMCUyMCUyMG1hcmdpbi10b3AlM0ElMjAxMHB4JTNCJTBBJTIwJTIwJTIwJTIwbWFyZ2luLWJvdHRvbSUzQSUyMDEwcHglM0IlMEElN0Q=&#8221;][tm_spacer size=&#8221;xs:20;sm:60;lg:120&#8243;][\/vc_column][\/vc_row][vc_row css_animation=&#8221;none&#8221; lg_spacing=&#8221;margin_bottom:10&#8243; md_spacing=&#8221;margin_bottom:10&#8243;][vc_column width=&#8221;1\/4&#8243;][tm_heading tag=&#8221;h4&#8243; custom_google_font=&#8221;&#8221; css=&#8221;.vc_custom_1702534293059{margin-top: 10px !important;}&#8221;]En savoir plus[\/tm_heading][\/vc_column][vc_column width=&#8221;1\/4&#8243;][tm_button button=&#8221;url:https%3A%2F%2Fwww.stratign.com%2Fcontact-us%2F|title:Nous%20contacter%20&#8243; el_id=&#8221;Contact-us-other&#8221;][\/vc_column][vc_column width=&#8221;1\/4&#8243;][tm_heading tag=&#8221;h4&#8243; custom_google_font=&#8221;&#8221;]T\u00e9l\u00e9charger la brochure[\/tm_heading][\/vc_column][vc_column width=&#8221;1\/4&#8243;][tm_button button=&#8221;url:https%3A%2F%2Fwww.stratign.com%2Fbrochures%2F|title:T%C3%A9l%C3%A9charger&#8221; el_id=&#8221;Brochure-other&#8221;][\/vc_column][\/vc_row]<\/p>\n<\/section>","protected":false},"excerpt":{"rendered":"<p>Fully Passive system capable of intercepting IS-95R, IS-95B, CDMA 2OOO-1X CDMA networks worldwide.<\/p>\n","protected":false},"author":1,"featured_media":0,"parent":0,"menu_order":0,"comment_status":"closed","ping_status":"closed","template":"","meta":{"footnotes":""},"class_list":["post-3130","page","type-page","status-publish","hentry","post-no-thumbnail"],"yoast_head":"<!-- This site is optimized with the Yoast SEO plugin v27.3 - https:\/\/yoast.com\/product\/yoast-seo-wordpress\/ -->\n<title>ACC\u00c8S MULTIPLE PAR R\u00c9PARTITON EN CODE (AMRC) SYST\u00c8ME D\u2019INTERCEPTION - Stratign<\/title>\n<meta name=\"description\" content=\"Le syst\u00e8me d&#039;interception CDMA est une solution multicanal innovante qui permet d&#039;intercepter les r\u00e9seaux IS-95R, IS-95B et CDMA 2OOO-1X dans le monde entier.\" \/>\n<meta name=\"robots\" content=\"index, follow, max-snippet:-1, max-image-preview:large, max-video-preview:-1\" \/>\n<link rel=\"canonical\" href=\"https:\/\/www.stratign.com\/fr\/cdma-interception-system\/\" \/>\n<meta property=\"og:locale\" content=\"en_US\" \/>\n<meta property=\"og:type\" content=\"article\" \/>\n<meta property=\"og:title\" content=\"ACC\u00c8S MULTIPLE PAR R\u00c9PARTITON EN CODE (AMRC) SYST\u00c8ME D\u2019INTERCEPTION - Stratign\" \/>\n<meta property=\"og:description\" content=\"Le syst\u00e8me d&#039;interception CDMA est une solution multicanal innovante qui permet d&#039;intercepter les r\u00e9seaux IS-95R, IS-95B et CDMA 2OOO-1X dans le monde entier.\" \/>\n<meta property=\"og:url\" content=\"https:\/\/www.stratign.com\/fr\/cdma-interception-system\/\" \/>\n<meta property=\"og:site_name\" content=\"Stratign\" \/>\n<meta property=\"article:publisher\" content=\"https:\/\/www.facebook.com\/stratignfb\/\" \/>\n<meta property=\"article:modified_time\" content=\"2024-03-05T05:28:19+00:00\" \/>\n<meta name=\"twitter:card\" content=\"summary_large_image\" \/>\n<meta name=\"twitter:site\" content=\"@stratign\" \/>\n<meta name=\"twitter:label1\" content=\"Est. reading time\" \/>\n\t<meta name=\"twitter:data1\" content=\"2 minutes\" \/>\n<script type=\"application\/ld+json\" class=\"yoast-schema-graph\">{\"@context\":\"https:\\\/\\\/schema.org\",\"@graph\":[{\"@type\":\"WebPage\",\"@id\":\"https:\\\/\\\/www.stratign.com\\\/fr\\\/cdma-interception-system\\\/\",\"url\":\"https:\\\/\\\/www.stratign.com\\\/fr\\\/cdma-interception-system\\\/\",\"name\":\"ACC\u00c8S MULTIPLE PAR R\u00c9PARTITON EN CODE (AMRC) SYST\u00c8ME D\u2019INTERCEPTION - Stratign\",\"isPartOf\":{\"@id\":\"https:\\\/\\\/www.stratign.com\\\/fr\\\/#website\"},\"datePublished\":\"2021-09-12T11:00:23+00:00\",\"dateModified\":\"2024-03-05T05:28:19+00:00\",\"description\":\"Le syst\u00e8me d'interception CDMA est une solution multicanal innovante qui permet d'intercepter les r\u00e9seaux IS-95R, IS-95B et CDMA 2OOO-1X dans le monde entier.\",\"breadcrumb\":{\"@id\":\"https:\\\/\\\/www.stratign.com\\\/fr\\\/cdma-interception-system\\\/#breadcrumb\"},\"inLanguage\":\"en-US\",\"potentialAction\":[{\"@type\":\"ReadAction\",\"target\":[\"https:\\\/\\\/www.stratign.com\\\/fr\\\/cdma-interception-system\\\/\"]}]},{\"@type\":\"BreadcrumbList\",\"@id\":\"https:\\\/\\\/www.stratign.com\\\/fr\\\/cdma-interception-system\\\/#breadcrumb\",\"itemListElement\":[{\"@type\":\"ListItem\",\"position\":1,\"name\":\"Home\",\"item\":\"https:\\\/\\\/www.stratign.com\\\/fr\\\/\"},{\"@type\":\"ListItem\",\"position\":2,\"name\":\"ACC\u00c8S MULTIPLE PAR R\u00c9PARTITON EN CODE (AMRC) SYST\u00c8ME D\u2019INTERCEPTION\"}]},{\"@type\":\"WebSite\",\"@id\":\"https:\\\/\\\/www.stratign.com\\\/fr\\\/#website\",\"url\":\"https:\\\/\\\/www.stratign.com\\\/fr\\\/\",\"name\":\"Stratign\",\"description\":\"Military Defense Technology\",\"potentialAction\":[{\"@type\":\"SearchAction\",\"target\":{\"@type\":\"EntryPoint\",\"urlTemplate\":\"https:\\\/\\\/www.stratign.com\\\/fr\\\/?s={search_term_string}\"},\"query-input\":{\"@type\":\"PropertyValueSpecification\",\"valueRequired\":true,\"valueName\":\"search_term_string\"}}],\"inLanguage\":\"en-US\"}]}<\/script>\n<!-- \/ Yoast SEO plugin. -->","yoast_head_json":{"title":"ACC\u00c8S MULTIPLE PAR R\u00c9PARTITON EN CODE (AMRC) SYST\u00c8ME D\u2019INTERCEPTION - Stratign","description":"Le syst\u00e8me d'interception CDMA est une solution multicanal innovante qui permet d'intercepter les r\u00e9seaux IS-95R, IS-95B et CDMA 2OOO-1X dans le monde entier.","robots":{"index":"index","follow":"follow","max-snippet":"max-snippet:-1","max-image-preview":"max-image-preview:large","max-video-preview":"max-video-preview:-1"},"canonical":"https:\/\/www.stratign.com\/fr\/cdma-interception-system\/","og_locale":"en_US","og_type":"article","og_title":"ACC\u00c8S MULTIPLE PAR R\u00c9PARTITON EN CODE (AMRC) SYST\u00c8ME D\u2019INTERCEPTION - Stratign","og_description":"Le syst\u00e8me d'interception CDMA est une solution multicanal innovante qui permet d'intercepter les r\u00e9seaux IS-95R, IS-95B et CDMA 2OOO-1X dans le monde entier.","og_url":"https:\/\/www.stratign.com\/fr\/cdma-interception-system\/","og_site_name":"Stratign","article_publisher":"https:\/\/www.facebook.com\/stratignfb\/","article_modified_time":"2024-03-05T05:28:19+00:00","twitter_card":"summary_large_image","twitter_site":"@stratign","twitter_misc":{"Est. reading time":"2 minutes"},"schema":{"@context":"https:\/\/schema.org","@graph":[{"@type":"WebPage","@id":"https:\/\/www.stratign.com\/fr\/cdma-interception-system\/","url":"https:\/\/www.stratign.com\/fr\/cdma-interception-system\/","name":"ACC\u00c8S MULTIPLE PAR R\u00c9PARTITON EN CODE (AMRC) SYST\u00c8ME D\u2019INTERCEPTION - Stratign","isPartOf":{"@id":"https:\/\/www.stratign.com\/fr\/#website"},"datePublished":"2021-09-12T11:00:23+00:00","dateModified":"2024-03-05T05:28:19+00:00","description":"Le syst\u00e8me d'interception CDMA est une solution multicanal innovante qui permet d'intercepter les r\u00e9seaux IS-95R, IS-95B et CDMA 2OOO-1X dans le monde entier.","breadcrumb":{"@id":"https:\/\/www.stratign.com\/fr\/cdma-interception-system\/#breadcrumb"},"inLanguage":"en-US","potentialAction":[{"@type":"ReadAction","target":["https:\/\/www.stratign.com\/fr\/cdma-interception-system\/"]}]},{"@type":"BreadcrumbList","@id":"https:\/\/www.stratign.com\/fr\/cdma-interception-system\/#breadcrumb","itemListElement":[{"@type":"ListItem","position":1,"name":"Home","item":"https:\/\/www.stratign.com\/fr\/"},{"@type":"ListItem","position":2,"name":"ACC\u00c8S MULTIPLE PAR R\u00c9PARTITON EN CODE (AMRC) SYST\u00c8ME D\u2019INTERCEPTION"}]},{"@type":"WebSite","@id":"https:\/\/www.stratign.com\/fr\/#website","url":"https:\/\/www.stratign.com\/fr\/","name":"Stratign","description":"Military Defense Technology","potentialAction":[{"@type":"SearchAction","target":{"@type":"EntryPoint","urlTemplate":"https:\/\/www.stratign.com\/fr\/?s={search_term_string}"},"query-input":{"@type":"PropertyValueSpecification","valueRequired":true,"valueName":"search_term_string"}}],"inLanguage":"en-US"}]}},"_links":{"self":[{"href":"https:\/\/www.stratign.com\/fr\/wp-json\/wp\/v2\/pages\/3130","targetHints":{"allow":["GET"]}}],"collection":[{"href":"https:\/\/www.stratign.com\/fr\/wp-json\/wp\/v2\/pages"}],"about":[{"href":"https:\/\/www.stratign.com\/fr\/wp-json\/wp\/v2\/types\/page"}],"author":[{"embeddable":true,"href":"https:\/\/www.stratign.com\/fr\/wp-json\/wp\/v2\/users\/1"}],"replies":[{"embeddable":true,"href":"https:\/\/www.stratign.com\/fr\/wp-json\/wp\/v2\/comments?post=3130"}],"version-history":[{"count":8,"href":"https:\/\/www.stratign.com\/fr\/wp-json\/wp\/v2\/pages\/3130\/revisions"}],"predecessor-version":[{"id":15125,"href":"https:\/\/www.stratign.com\/fr\/wp-json\/wp\/v2\/pages\/3130\/revisions\/15125"}],"wp:attachment":[{"href":"https:\/\/www.stratign.com\/fr\/wp-json\/wp\/v2\/media?parent=3130"}],"curies":[{"name":"wp","href":"https:\/\/api.w.org\/{rel}","templated":true}]}}