{"id":3260,"date":"2021-09-22T05:16:45","date_gmt":"2021-09-22T05:16:45","guid":{"rendered":"https:\/\/stratign.com\/website\/?page_id=3260"},"modified":"2024-03-05T09:46:14","modified_gmt":"2024-03-05T05:46:14","slug":"iridium-interception-system","status":"publish","type":"page","link":"https:\/\/www.stratign.com\/fr\/iridium-interception-system\/","title":{"rendered":"SYST\u00c8ME D\u2019INTERCEPTION IRIDIUM"},"content":{"rendered":"<section class=\"wpb-content-wrapper\"><p>[vc_row][vc_column][tm_spacer size=&#8221;xs:20;sm:40;lg:80&#8243;][tm_heading tag=&#8221;h4&#8243; custom_google_font=&#8221;&#8221; text_transform=&#8221;uppercase&#8221; align=&#8221;center&#8221; text_color=&#8221;secondary&#8221; font_size=&#8221;sm:28;md:34;lg:40&#8243; line_height=&#8221;1.4&#8243;]SYST\u00c8ME D\u2019INTERCEPTION IRIDIUM[\/tm_heading][tm_spacer size=&#8221;xs:20;sm:30;lg:60&#8243;][\/vc_column][\/vc_row][vc_row sm_spacing=&#8221;padding_bottom:100&#8243; lg_spacing=&#8221;padding_bottom:5&#8243;][vc_column offset=&#8221;vc_col-md-5&#8243;][tm_heading style=&#8221;left-line&#8221; custom_google_font=&#8221;&#8221; font_weight=&#8221;800&#8243; font_size=&#8221;sm:18;md:21;lg:24&#8243; line_height=&#8221;1.67&#8243; max_width=&#8221;400px&#8221;]Le syst\u00e8me d&#8217;interception Iridium est un syst\u00e8me d&#8217;interception off-the-air con\u00e7u pour l&#8217;interception automatique des liaisons montantes et descendantes Iridium sur les fr\u00e9quences de la bande L.[\/tm_heading][\/vc_column][vc_column offset=&#8221;vc_col-md-7 vc_hidden-xs&#8221;][tm_heading tag=&#8221;div&#8221; custom_google_font=&#8221;&#8221; font_size=&#8221;lg:18&#8243; line_height=&#8221;1.67&#8243;]Le syst\u00e8me de communication par satellite Iridium est un r\u00e9seau de communications personnelles sans fil par satellite con\u00e7u pour permettre \u00e0 tout type de transmission t\u00e9l\u00e9phonique &#8211; voix, radiomessagerie, t\u00e9l\u00e9copie ou donn\u00e9es &#8211; d&#8217;atteindre sa destination n&#8217;importe o\u00f9 sur Terre. Il r\u00e9volutionne les communications pour les professionnels, les voyageurs, les habitants des zones rurales ou sous-d\u00e9velopp\u00e9es, les \u00e9quipes de secours en cas de catastrophe et tous ceux qui ont besoin des fonctions et de la commodit\u00e9 d&#8217;un t\u00e9l\u00e9phone portable sans fil avec une seule adresse mondiale. d&#8217;un t\u00e9l\u00e9phone portable sans fil avec un num\u00e9ro mondial unique.[\/tm_heading][tm_spacer size=&#8221;lg:10&#8243;][\/vc_column][\/vc_row][vc_row sm_spacing=&#8221;margin_top:-90&#8243; xs_spacing=&#8221;margin_top:-90&#8243;][vc_column offset=&#8221;vc_hidden-xs&#8221;][tm_heading tag=&#8221;div&#8221; custom_google_font=&#8221;&#8221; font_size=&#8221;lg:18&#8243; line_height=&#8221;1.67&#8243;]La v\u00e9ritable couverture mondiale du syst\u00e8me Iridium a entra\u00een\u00e9 une croissance rapide du nombre d&#8217;abonn\u00e9s au syst\u00e8me satellitaire Iridium. Comme ce syst\u00e8me permet de communiquer de\/vers n&#8217;importe quel endroit du monde sans passer par le r\u00e9seau terrestre, les \u00e9l\u00e9ments antinationaux pr\u00e9f\u00e8rent utiliser ce type de communications. Il \u00e9tait donc n\u00e9cessaire de surveiller les communications Iridium pour les autorit\u00e9s charg\u00e9es de l&#8217;application de la loi. Stratign a propos\u00e9 une solution pour surveiller et analyser les communications via les satellites Iridium.[\/tm_heading][tm_spacer size=&#8221;xs:10;sm:10;lg:20&#8243;][tm_heading tag=&#8221;div&#8221; custom_google_font=&#8221;&#8221; font_size=&#8221;lg:18&#8243; line_height=&#8221;1.67&#8243;]Le syst\u00e8me d&#8217;interception Iridium est un syst\u00e8me d&#8217;interception off-the-air con\u00e7u pour l&#8217;interception automatique des liaisons montantes et descendantes d&#8217;Iridium sur les fr\u00e9quences de la bande L. Il intercepte et enregistre les informations du canal de trafic en temps r\u00e9el.<br \/>\nLe syst\u00e8me d&#8217;interception Iridium peut \u00eatre personnalis\u00e9 et con\u00e7u pour r\u00e9pondre aux exigences sp\u00e9cifiques des utilisateurs finaux et des m\u00e9dias de communication cibl\u00e9s.[\/tm_heading][\/vc_column][\/vc_row][vc_row][vc_column][tm_spacer size=&#8221;sm:50;lg:50&#8243;][tm_heading tag=&#8221;h4&#8243; custom_google_font=&#8221;&#8221; align=&#8221;center&#8221; text_color=&#8221;secondary&#8221; font_size=&#8221;sm:28;md:34;lg:40&#8243; line_height=&#8221;1.4&#8243; css=&#8221;.vc_custom_1704956683324{background-position: center !important;background-repeat: no-repeat !important;background-size: contain !important;}&#8221;]Caract\u00e9ristiques du syst\u00e8me[\/tm_heading][tm_spacer size=&#8221;lg:40&#8243;][tm_list list_style=&#8221;check-02&#8243; marker_color=&#8221;secondary&#8221; title_color=&#8221;primary&#8221; columns=&#8221;xs:1;lg:2&#8243; items=&#8221;%5B%7B%22item_title%22%3A%22Interception%20de%20la%20bande%20L%22%2C%22item_desc%22%3A%22Interception%20des%20signaux%20ascendants%20et%20descendants%20de%20la%20bande%20L%20du%20satellite%20vers%2Fdepuis%20le%20combin%C3%A9%20Iridium.%22%7D%2C%7B%22item_title%22%3A%22Nombre%20d&#8217;appels%20configurable%22%2C%22item_desc%22%3A%22R%C3%A9ception%20ind%C3%A9pendante%20d&#8217;un%20maximum%20de%2032%20canaux%20physiques%2C%20c&#8217;est-%C3%A0-dire%2032%20appels%20duplex.%22%7D%2C%7B%22item_title%22%3A%22Surveillance%20des%20communications%20vocales%20et%20des%20SMS%22%2C%22link%22%3A%22%7C%7C%7C%22%2C%22item_desc%22%3A%22Le%20syst%C3%A8me%20d%C3%A9crypte%20automatiquement%20les%20communications%20vocales%20et%20SMS%20en%20temps%20r%C3%A9el.%22%7D%2C%7B%22item_title%22%3A%22Interception%20en%20temps%20r%C3%A9el%22%2C%22item_desc%22%3A%22D%C3%A9codage%20(extraction%20de%20paquets%2C%20d%C3%A9multiplexage%2C%20d%C3%A9sembrouillage%2C%20d%C3%A9sentrelacement%2C%20suppression%20d&#8217;un%20code%20convolutionnel)%20de%20flux%20num%C3%A9riques.%22%7D%2C%7B%22item_title%22%3A%22Mission%20de%20renseignement%22%2C%22link%22%3A%22%7C%7C%7C%22%2C%22item_desc%22%3A%22La%20zone%20de%20couverture%20peut%20%C3%AAtre%20s%C3%A9lectionn%C3%A9e%20par%20l&#8217;op%C3%A9rateur%20en%20fonction%20de%20la%20priorit%C3%A9%20de%20la%20mission%20de%20renseignement.%22%7D%2C%7B%22item_title%22%3A%22Carte%20num%C3%A9rique%22%2C%22item_desc%22%3A%22L&#8217;emplacement%20de%20la%20cible%20peut%20%C3%AAtre%20cartographi%C3%A9%20sur%20une%20carte%20num%C3%A9rique.%22%7D%2C%7B%22item_title%22%3A%22Classification%20%22%2C%22item_desc%22%3A%22Classification%20des%20sessions%20s%C3%A9lectionn%C3%A9es%20par%20type%20de%20charge%20utile%20(parole%2C%20services%20de%20messages%20courts%2C%20messages%20de%20pagination%2Fcontr%C3%B4le).%22%7D%2C%7B%22item_title%22%3A%22Gestion%20des%20bases%20de%20donn%C3%A9es%22%2C%22item_desc%22%3A%22Gestion%20des%20bases%20de%20donn%C3%A9es%20(BD)%20des%20sessions%20intercept%C3%A9es%2Fsauvegard%C3%A9es.%22%7D%2C%7B%22item_title%22%3A%22Outils%20d&#8217;analyse%20en%20ligne%20et%20hors%20ligne%22%2C%22item_desc%22%3A%22Le%20syst%C3%A8me%20peut%20%C3%AAtre%20int%C3%A9gr%C3%A9%20aux%20syst%C3%A8mes%20d&#8217;analyse%20de%20Stratign%2C%20tels%20que%20le%20syst%C3%A8me%20d&#8217;analyse%20de%20la%20voix%2C%20le%20syst%C3%A8me%20d&#8217;analyse%20des%20liens%2C%20le%20Renseignement%20d&#8217;origine%20sources%20ouvertes%20(OSINT)%2C%20etc.%22%7D%2C%7B%22item_title%22%3A%22Base%20de%20donn%C3%A9es%20consultable%22%2C%22item_desc%22%3A%22S%C3%A9lection%20des%20sessions%20de%20la%20base%20de%20donn%C3%A9es%20en%20fonction%20d&#8217;attributs%20et%20de%20param%C3%A8tres%20pluriels.%20%22%7D%5D&#8221; custom_css=&#8221;LnRtLWxpc3Quc3R5bGUtY2hlY2stMDIlMjAuZGVzYyUyMCU3QiUwQSUyMCUyMCUyMCUyMG1hcmdpbi10b3AlM0ElMjAxMHB4JTNCJTBBJTIwJTIwJTIwJTIwbWFyZ2luLWJvdHRvbSUzQSUyMDEwcHglM0IlMEElN0Q=&#8221;][tm_spacer size=&#8221;xs:30;sm:60;lg:120&#8243;][\/vc_column][\/vc_row][vc_row css_animation=&#8221;none&#8221; lg_spacing=&#8221;margin_bottom:10&#8243; md_spacing=&#8221;margin_bottom:10&#8243;][vc_column width=&#8221;1\/4&#8243;][tm_heading tag=&#8221;h4&#8243; custom_google_font=&#8221;&#8221; css=&#8221;.vc_custom_1702534293059{margin-top: 10px !important;}&#8221;]En savoir plus[\/tm_heading][\/vc_column][vc_column width=&#8221;1\/4&#8243;][tm_button button=&#8221;url:https%3A%2F%2Fwww.stratign.com%2Fcontact-us%2F|title:Nous%20contacter%20&#8243; el_id=&#8221;Contact-us-other&#8221;][\/vc_column][vc_column width=&#8221;1\/4&#8243;][tm_heading tag=&#8221;h4&#8243; custom_google_font=&#8221;&#8221;]T\u00e9l\u00e9charger la brochure[\/tm_heading][\/vc_column][vc_column width=&#8221;1\/4&#8243;][tm_button button=&#8221;url:https%3A%2F%2Fwww.stratign.com%2Fbrochures%2F|title:T%C3%A9l%C3%A9charger&#8221; el_id=&#8221;Brochure-other&#8221;][\/vc_column][\/vc_row]<\/p>\n<\/section>","protected":false},"excerpt":{"rendered":"<p>Iridium Interception System is an off-the-air interception system designed for automatic interception of iridium uplink and downlink on the L-band frequencies.<\/p>\n","protected":false},"author":1,"featured_media":0,"parent":0,"menu_order":0,"comment_status":"closed","ping_status":"closed","template":"","meta":{"footnotes":""},"class_list":["post-3260","page","type-page","status-publish","hentry","post-no-thumbnail"],"yoast_head":"<!-- This site is optimized with the Yoast SEO plugin v27.3 - https:\/\/yoast.com\/product\/yoast-seo-wordpress\/ -->\n<title>SYST\u00c8ME D\u2019INTERCEPTION IRIDIUM - Stratign<\/title>\n<meta name=\"description\" content=\"Le syst\u00e8me d&#039;interception Iridium est un syst\u00e8me hors antenne en temps r\u00e9el pour l&#039;interception des liaisons montantes et descendantes iridium.\" \/>\n<meta name=\"robots\" content=\"index, follow, max-snippet:-1, max-image-preview:large, max-video-preview:-1\" \/>\n<link rel=\"canonical\" href=\"https:\/\/www.stratign.com\/fr\/iridium-interception-system\/\" \/>\n<meta property=\"og:locale\" content=\"en_US\" \/>\n<meta property=\"og:type\" content=\"article\" \/>\n<meta property=\"og:title\" content=\"SYST\u00c8ME D\u2019INTERCEPTION IRIDIUM - Stratign\" \/>\n<meta property=\"og:description\" content=\"Le syst\u00e8me d&#039;interception Iridium est un syst\u00e8me hors antenne en temps r\u00e9el pour l&#039;interception des liaisons montantes et descendantes iridium.\" \/>\n<meta property=\"og:url\" content=\"https:\/\/www.stratign.com\/fr\/iridium-interception-system\/\" \/>\n<meta property=\"og:site_name\" content=\"Stratign\" \/>\n<meta property=\"article:publisher\" content=\"https:\/\/www.facebook.com\/stratignfb\/\" \/>\n<meta property=\"article:modified_time\" content=\"2024-03-05T05:46:14+00:00\" \/>\n<meta name=\"twitter:card\" content=\"summary_large_image\" \/>\n<meta name=\"twitter:site\" content=\"@stratign\" \/>\n<meta name=\"twitter:label1\" content=\"Est. reading time\" \/>\n\t<meta name=\"twitter:data1\" content=\"2 minutes\" \/>\n<script type=\"application\/ld+json\" class=\"yoast-schema-graph\">{\"@context\":\"https:\\\/\\\/schema.org\",\"@graph\":[{\"@type\":\"WebPage\",\"@id\":\"https:\\\/\\\/www.stratign.com\\\/fr\\\/iridium-interception-system\\\/\",\"url\":\"https:\\\/\\\/www.stratign.com\\\/fr\\\/iridium-interception-system\\\/\",\"name\":\"SYST\u00c8ME D\u2019INTERCEPTION IRIDIUM - Stratign\",\"isPartOf\":{\"@id\":\"https:\\\/\\\/www.stratign.com\\\/fr\\\/#website\"},\"datePublished\":\"2021-09-22T05:16:45+00:00\",\"dateModified\":\"2024-03-05T05:46:14+00:00\",\"description\":\"Le syst\u00e8me d'interception Iridium est un syst\u00e8me hors antenne en temps r\u00e9el pour l'interception des liaisons montantes et descendantes iridium.\",\"breadcrumb\":{\"@id\":\"https:\\\/\\\/www.stratign.com\\\/fr\\\/iridium-interception-system\\\/#breadcrumb\"},\"inLanguage\":\"en-US\",\"potentialAction\":[{\"@type\":\"ReadAction\",\"target\":[\"https:\\\/\\\/www.stratign.com\\\/fr\\\/iridium-interception-system\\\/\"]}]},{\"@type\":\"BreadcrumbList\",\"@id\":\"https:\\\/\\\/www.stratign.com\\\/fr\\\/iridium-interception-system\\\/#breadcrumb\",\"itemListElement\":[{\"@type\":\"ListItem\",\"position\":1,\"name\":\"Home\",\"item\":\"https:\\\/\\\/www.stratign.com\\\/fr\\\/\"},{\"@type\":\"ListItem\",\"position\":2,\"name\":\"SYST\u00c8ME D\u2019INTERCEPTION IRIDIUM\"}]},{\"@type\":\"WebSite\",\"@id\":\"https:\\\/\\\/www.stratign.com\\\/fr\\\/#website\",\"url\":\"https:\\\/\\\/www.stratign.com\\\/fr\\\/\",\"name\":\"Stratign\",\"description\":\"Military Defense Technology\",\"potentialAction\":[{\"@type\":\"SearchAction\",\"target\":{\"@type\":\"EntryPoint\",\"urlTemplate\":\"https:\\\/\\\/www.stratign.com\\\/fr\\\/?s={search_term_string}\"},\"query-input\":{\"@type\":\"PropertyValueSpecification\",\"valueRequired\":true,\"valueName\":\"search_term_string\"}}],\"inLanguage\":\"en-US\"}]}<\/script>\n<!-- \/ Yoast SEO plugin. -->","yoast_head_json":{"title":"SYST\u00c8ME D\u2019INTERCEPTION IRIDIUM - Stratign","description":"Le syst\u00e8me d'interception Iridium est un syst\u00e8me hors antenne en temps r\u00e9el pour l'interception des liaisons montantes et descendantes iridium.","robots":{"index":"index","follow":"follow","max-snippet":"max-snippet:-1","max-image-preview":"max-image-preview:large","max-video-preview":"max-video-preview:-1"},"canonical":"https:\/\/www.stratign.com\/fr\/iridium-interception-system\/","og_locale":"en_US","og_type":"article","og_title":"SYST\u00c8ME D\u2019INTERCEPTION IRIDIUM - Stratign","og_description":"Le syst\u00e8me d'interception Iridium est un syst\u00e8me hors antenne en temps r\u00e9el pour l'interception des liaisons montantes et descendantes iridium.","og_url":"https:\/\/www.stratign.com\/fr\/iridium-interception-system\/","og_site_name":"Stratign","article_publisher":"https:\/\/www.facebook.com\/stratignfb\/","article_modified_time":"2024-03-05T05:46:14+00:00","twitter_card":"summary_large_image","twitter_site":"@stratign","twitter_misc":{"Est. reading time":"2 minutes"},"schema":{"@context":"https:\/\/schema.org","@graph":[{"@type":"WebPage","@id":"https:\/\/www.stratign.com\/fr\/iridium-interception-system\/","url":"https:\/\/www.stratign.com\/fr\/iridium-interception-system\/","name":"SYST\u00c8ME D\u2019INTERCEPTION IRIDIUM - Stratign","isPartOf":{"@id":"https:\/\/www.stratign.com\/fr\/#website"},"datePublished":"2021-09-22T05:16:45+00:00","dateModified":"2024-03-05T05:46:14+00:00","description":"Le syst\u00e8me d'interception Iridium est un syst\u00e8me hors antenne en temps r\u00e9el pour l'interception des liaisons montantes et descendantes iridium.","breadcrumb":{"@id":"https:\/\/www.stratign.com\/fr\/iridium-interception-system\/#breadcrumb"},"inLanguage":"en-US","potentialAction":[{"@type":"ReadAction","target":["https:\/\/www.stratign.com\/fr\/iridium-interception-system\/"]}]},{"@type":"BreadcrumbList","@id":"https:\/\/www.stratign.com\/fr\/iridium-interception-system\/#breadcrumb","itemListElement":[{"@type":"ListItem","position":1,"name":"Home","item":"https:\/\/www.stratign.com\/fr\/"},{"@type":"ListItem","position":2,"name":"SYST\u00c8ME D\u2019INTERCEPTION IRIDIUM"}]},{"@type":"WebSite","@id":"https:\/\/www.stratign.com\/fr\/#website","url":"https:\/\/www.stratign.com\/fr\/","name":"Stratign","description":"Military Defense Technology","potentialAction":[{"@type":"SearchAction","target":{"@type":"EntryPoint","urlTemplate":"https:\/\/www.stratign.com\/fr\/?s={search_term_string}"},"query-input":{"@type":"PropertyValueSpecification","valueRequired":true,"valueName":"search_term_string"}}],"inLanguage":"en-US"}]}},"_links":{"self":[{"href":"https:\/\/www.stratign.com\/fr\/wp-json\/wp\/v2\/pages\/3260","targetHints":{"allow":["GET"]}}],"collection":[{"href":"https:\/\/www.stratign.com\/fr\/wp-json\/wp\/v2\/pages"}],"about":[{"href":"https:\/\/www.stratign.com\/fr\/wp-json\/wp\/v2\/types\/page"}],"author":[{"embeddable":true,"href":"https:\/\/www.stratign.com\/fr\/wp-json\/wp\/v2\/users\/1"}],"replies":[{"embeddable":true,"href":"https:\/\/www.stratign.com\/fr\/wp-json\/wp\/v2\/comments?post=3260"}],"version-history":[{"count":6,"href":"https:\/\/www.stratign.com\/fr\/wp-json\/wp\/v2\/pages\/3260\/revisions"}],"predecessor-version":[{"id":15127,"href":"https:\/\/www.stratign.com\/fr\/wp-json\/wp\/v2\/pages\/3260\/revisions\/15127"}],"wp:attachment":[{"href":"https:\/\/www.stratign.com\/fr\/wp-json\/wp\/v2\/media?parent=3260"}],"curies":[{"name":"wp","href":"https:\/\/api.w.org\/{rel}","templated":true}]}}