{"id":3270,"date":"2021-09-22T06:49:33","date_gmt":"2021-09-22T06:49:33","guid":{"rendered":"https:\/\/stratign.com\/website\/?page_id=3270"},"modified":"2026-02-26T10:52:08","modified_gmt":"2026-02-26T06:52:08","slug":"thuraya-interception-system","status":"publish","type":"page","link":"https:\/\/www.stratign.com\/fr\/thuraya-interception-system\/","title":{"rendered":"SYST\u00c8ME D\u2019INTERCEPTION THURAYA"},"content":{"rendered":"<section class=\"wpb-content-wrapper\"><p>[vc_row][vc_column][tm_spacer size=&#8221;xs:20;sm:40;lg:80&#8243;][tm_heading tag=&#8221;h4&#8243; custom_google_font=&#8221;&#8221; align=&#8221;center&#8221; text_color=&#8221;secondary&#8221; font_size=&#8221;sm:28;md:34;lg:40&#8243; line_height=&#8221;1.4&#8243;]SYST\u00c8ME D&#8217;INTERCEPTION THURAYA[\/tm_heading][tm_spacer size=&#8221;xs:20;sm:30;lg:60&#8243;][\/vc_column][\/vc_row][vc_row sm_spacing=&#8221;padding_bottom:100&#8243; lg_spacing=&#8221;padding_bottom:5&#8243;][vc_column offset=&#8221;vc_col-md-5&#8243;][tm_heading style=&#8221;left-line&#8221; custom_google_font=&#8221;&#8221; font_weight=&#8221;800&#8243; font_size=&#8221;sm:18;md:21;lg:24&#8243; line_height=&#8221;1.67&#8243; max_width=&#8221;400px&#8221;]Nous proposons des solutions pour l&#8217;interception strat\u00e9gique (bandes C+L) et l&#8217;interception tactique (bande L uniquement) dans des configurations hautement personnalisables.[\/tm_heading][\/vc_column][vc_column offset=&#8221;vc_col-md-7 vc_hidden-xs&#8221;][tm_heading tag=&#8221;div&#8221; custom_google_font=&#8221;&#8221; font_size=&#8221;lg:18&#8243; line_height=&#8221;1.67&#8243;]La demande de communications s\u00fbres et fiables est en constante augmentation dans le monde. Il est vrai qu&#8217;en cas de crise environnementale et technologique, les r\u00e9seaux mondiaux deviennent impr\u00e9visibles en raison des destructions et des blocages. Dans ces situations, les communications par satellite sont plus coh\u00e9rentes que les r\u00e9seaux mondiaux.[\/tm_heading][tm_heading tag=&#8221;div&#8221; custom_google_font=&#8221;&#8221; font_size=&#8221;lg:18&#8243; line_height=&#8221;1.67&#8243;]\u00c9tant donn\u00e9 qu&#8217;il est possible de contourner le r\u00e9seau terrestre qui peut \u00eatre surveill\u00e9 par l&#8217;agence \u00e9ducative locale, la plupart des \u00e9l\u00e9ments antinationaux ont adopt\u00e9 les communications par t\u00e9l\u00e9phone satellite pour \u00e9viter d&#8217;\u00eatre surveill\u00e9s.[\/tm_heading][\/vc_column][\/vc_row][vc_row sm_spacing=&#8221;margin_top:-100&#8243; xs_spacing=&#8221;margin_top:-100&#8243;][vc_column offset=&#8221;vc_hidden-xs&#8221;][tm_heading tag=&#8221;div&#8221; custom_google_font=&#8221;&#8221; font_size=&#8221;lg:18&#8243; line_height=&#8221;1.67&#8243;]En outre, la disponibilit\u00e9 du r\u00e9seau dans les endroits les plus recul\u00e9s est un avantage suppl\u00e9mentaire pour les ANE qui adoptent les t\u00e9l\u00e9phones satellitaires comme principal mode de communication. Le satellite Thuraya offre des services rentables de t\u00e9l\u00e9phone mobile par satellite dans plus de 110 pays couvrant l&#8217;Europe, l&#8217;Afrique du Nord et l&#8217;Afrique centrale, une grande partie de l&#8217;Afrique australe ainsi que le Moyen-Orient, l&#8217;Asie centrale et l&#8217;Asie du Sud.[\/tm_heading][tm_spacer size=&#8221;xs:10;sm:10;lg:20&#8243;][tm_heading tag=&#8221;div&#8221; custom_google_font=&#8221;&#8221; font_size=&#8221;lg:18&#8243; line_height=&#8221;1.67&#8243;]La solution d&#8217;interception Thuraya de Stratign permet :<br \/>\n\u2022 L&#8217;interception et l&#8217;enregistrement de la voix<br \/>\n\u2022 Interception et enregistrement de SMS<br \/>\n\u2022 Suivi de la cible sur une carte num\u00e9rique en temps quasi r\u00e9el[\/tm_heading][tm_spacer size=&#8221;xs:10;sm:10;lg:20&#8243;][tm_heading tag=&#8221;div&#8221; custom_google_font=&#8221;&#8221; font_size=&#8221;lg:18&#8243; line_height=&#8221;1.67&#8243;]Stratign propose deux solutions pour l&#8217;interception des communications Thuraya, qui peuvent \u00eatre choisies en fonction des besoins op\u00e9rationnels :<br \/>\n1. Syst\u00e8me d&#8217;interception tactique de Thuraya<br \/>\n2. Syst\u00e8me d&#8217;interception strat\u00e9gique de Thuraya[\/tm_heading][tm_spacer size=&#8221;lg:30&#8243;][\/vc_column][\/vc_row][vc_row][vc_column][tm_spacer size=&#8221;xs:10;sm:10;lg:20&#8243;][tm_heading tag=&#8221;h5&#8243; custom_google_font=&#8221;&#8221; text_color=&#8221;secondary&#8221; font_size=&#8221;sm:24;md:28;lg:30&#8243; line_height=&#8221;1.4&#8243;]1. Syst\u00e8me d&#8217;interception tactique Thuraya[\/tm_heading][tm_spacer size=&#8221;lg:30&#8243;][\/vc_column][\/vc_row][vc_row][vc_column][tm_heading tag=&#8221;div&#8221; custom_google_font=&#8221;&#8221; font_size=&#8221;lg:18&#8243; line_height=&#8221;1.67&#8243;]Le syst\u00e8me d&#8217;interception tactique Thuraya est tr\u00e8s portable et peut \u00eatre d\u00e9plac\u00e9 et rendu op\u00e9rationnel rapidement. Il est donc particuli\u00e8rement adapt\u00e9 aux op\u00e9rations tactiques et mobiles. Il surveille \u00e0 la fois la liaison montante (transmission \u00e0 partir du combin\u00e9 de l&#8217;abonn\u00e9) et la liaison descendante (transmission vers le combin\u00e9 de l&#8217;abonn\u00e9) sur la bande L. Comme la liaison descendante provient d&#8217;un satellite dont la puissance de transmission est plus \u00e9lev\u00e9e, elle peut \u00eatre facilement intercept\u00e9e \u00e0 partir de n&#8217;importe quel point du faisceau ponctuel. Toutefois, le signal de liaison montante transmis par le combin\u00e9 \u00e9tant plus faible, la port\u00e9e est limit\u00e9e \u00e0 la distance RLOS. Les communications duplex peuvent \u00eatre intercept\u00e9es jusqu&#8217;\u00e0 la distance RLOS (environ 20 km), tandis qu&#8217;au-del\u00e0, l&#8217;interception se limitera au simplex. Le dernier syst\u00e8me d&#8217;interception strat\u00e9gique Thuraya r\u00e9sout cette limitation gr\u00e2ce \u00e0 des avanc\u00e9es techniques.[\/tm_heading][tm_spacer size=&#8221;lg:50&#8243;][\/vc_column][\/vc_row][vc_row][vc_column][tm_spacer size=&#8221;sm:100;lg:50&#8243;][tm_heading tag=&#8221;h4&#8243; custom_google_font=&#8221;&#8221; align=&#8221;center&#8221; text_color=&#8221;secondary&#8221; font_size=&#8221;sm:28;md:34;lg:40&#8243; line_height=&#8221;1.4&#8243; css=&#8221;.vc_custom_1704957307504{background-position: center !important;background-repeat: no-repeat !important;background-size: contain !important;}&#8221;]Caract\u00e9ristiques du syst\u00e8me[\/tm_heading][tm_spacer size=&#8221;lg:40&#8243;][tm_list list_style=&#8221;check-02&#8243; marker_color=&#8221;secondary&#8221; title_color=&#8221;primary&#8221; columns=&#8221;xs:1;lg:2&#8243; items=&#8221;%5B%7B%22item_title%22%3A%22Interception%20de%20la%20bande%20L%22%2C%22item_desc%22%3A%22Le%20syst%C3%A8me%20est%20compact%20et%20comporte%20une%20unit%C3%A9%20facile%20%C3%A0%20transporter%20qui%20peut%20%C3%AAtre%20utilis%C3%A9e%20pour%20surveiller%20les%20communications%20en%20bande%20L%20entre%20le%20t%C3%A9l%C3%A9phone%20mobile%20Thuraya%20et%20le%20satellite%20Thuraya.%22%7D%2C%7B%22item_title%22%3A%22Interception%20des%20liaisons%20montantes%20et%20descendantes%22%2C%22item_desc%22%3A%22Le%20syst%C3%A8me%20est%20con%C3%A7u%20pour%20surveiller%20les%20communications%20en%20liaison%20montante%20et%20en%20liaison%20descendante%20depuis%2Fvers%20le%20t%C3%A9l%C3%A9phone%20mobile.%22%7D%2C%7B%22item_title%22%3A%22Nombre%20configurable%20de%20faisceaux%20ponctuels%20et%20d&#8217;appels%20duplex%22%2C%22link%22%3A%22%7C%7C%7C%22%2C%22item_desc%22%3A%22Le%20syst%C3%A8me%20peut%20%C3%AAtre%20configur%C3%A9%20pour%20surveiller%20jusqu&#8217;%C3%A0%207%20faisceaux%20ponctuels%20et%20jusqu&#8217;%C3%A0%2032%20appels%20duplex%20par%20faisceau%20ponctuel.%22%7D%2C%7B%22item_title%22%3A%22Zone%20de%20couverture%20s%C3%A9lectionnable%22%2C%22item_desc%22%3A%22La%20zone%20de%20couverture%20peut%20%C3%AAtre%20modifi%C3%A9e%20par%20l&#8217;op%C3%A9rateur%20en%20fonction%20de%20la%20priorit%C3%A9%20de%20la%20mission%20de%20renseignement.%22%7D%2C%7B%22item_title%22%3A%22D%C3%A9cryptage%20en%20temps%20r%C3%A9el%22%2C%22link%22%3A%22%7C%7C%7C%22%2C%22item_desc%22%3A%22Le%20syst%C3%A8me%20d%C3%A9crypte%20automatiquement%20les%20communications%20vocales%20et%20SMS%20en%20temps%20r%C3%A9el.%22%7D%2C%7B%22item_title%22%3A%22Affichage%20de%20la%20cible%20sur%20les%20cartes%20num%C3%A9riques%22%2C%22item_desc%22%3A%22L&#8217;emplacement%20de%20la%20cible%20peut%20%C3%AAtre%20indiqu%C3%A9%20sur%20une%20carte%20num%C3%A9rique.%22%7D%2C%7B%22item_title%22%3A%22Synopsis%20d&#8217;appel%22%2C%22item_desc%22%3A%22Le%20syst%C3%A8me%20d&#8217;interception%20Thuraya%20dispose%20d&#8217;un%20champ%20unique%20pour%20l&#8217;ajout%20d&#8217;un%20r%C3%A9sum%C3%A9%20d&#8217;appel.%22%7D%2C%7B%22item_title%22%3A%22Carte%20num%C3%A9rique%20int%C3%A9gr%C3%A9e%22%2C%22item_desc%22%3A%22Le%20logiciel%20de%20cartographie%20SIG%20int%C3%A9gr%C3%A9%20au%20syst%C3%A8me%20est%20bas%C3%A9%20sur%20les%20normes%20de%20l&#8217;industrie%20et%20a%20la%20capacit%C3%A9%20d&#8217;afficher%20des%20d%C3%A9tails%20plus%20fins.%22%7D%2C%7B%22item_title%22%3A%22Lecture%20ou%20analyse%22%2C%22item_desc%22%3A%22Le%20syst%C3%A8me%20permet%20%C3%A0%20plusieurs%20utilisateurs%20d&#8217;acc%C3%A9der%20simultan%C3%A9ment%20au%20syst%C3%A8me%20pour%20la%20lecture%20ou%20l&#8217;analyse%20des%20appels.%22%7D%2C%7B%22item_title%22%3A%22Outils%20d&#8217;analyse%20en%20ligne%20et%20hors%20ligne%22%2C%22item_desc%22%3A%22Le%20syst%C3%A8me%20peut%20%C3%AAtre%20int%C3%A9gr%C3%A9%20aux%20syst%C3%A8mes%20d&#8217;analyse%20de%20Stratign%2C%20tels%20que%20le%20syst%C3%A8me%20forensique%20vocal%20%2C%20le%20syst%C3%A8me%20d&#8217;analyse%20des%20liens%2C%20le%20Renseignement%20d&#8217;origine%20sources%20ouvertes%20(OSINT)%2C%20etc.%22%7D%5D&#8221; custom_css=&#8221;LnRtLWxpc3Quc3R5bGUtY2hlY2stMDIlMjAuZGVzYyUyMCU3QiUwQSUyMCUyMCUyMCUyMG1hcmdpbi10b3AlM0ElMjAxMHB4JTNCJTBBJTIwJTIwJTIwJTIwbWFyZ2luLWJvdHRvbSUzQSUyMDEwcHglM0IlMEElN0Q=&#8221;][tm_spacer size=&#8221;lg:10&#8243;][tm_list list_style=&#8221;check-02&#8243; marker_color=&#8221;secondary&#8221; title_color=&#8221;primary&#8221; columns=&#8221;xs:1;lg:1&#8243; items=&#8221;%5B%7B%22item_title%22%3A%22Interception%20et%20affichage%20des%20param%C3%A8tres%20d&#8217;appel%22%2C%22item_desc%22%3A%22Le%20syst%C3%A8me%20est%20capable%20d&#8217;intercepter%20et%20d&#8217;afficher%2C%20sans%20s&#8217;y%20limiter%2C%20les%20%C3%A9l%C3%A9ments%20suivants%20%3A%20ID%20du%20faisceau%2C%20date%20et%20heure%20de%20l&#8217;appel%2C%20TMSI%2C%20IMSI%20et%20IMEI%2C%20latitude%20et%20longitude%20de%20la%20cible%20(localisation%20GPS)%2C%20num%C3%A9ro%20de%20t%C3%A9l%C3%A9phone%20de%20l&#8217;appel%C3%A9%20et%20de%20l&#8217;appelant%2C%20direction%20du%20flux%20d&#8217;appel%20(appel%20entrant%20ou%20appel%20sortant)%2C%20type%20d&#8217;appel%20(vocal%20ou%20SMS)%2C%20dur%C3%A9e%20de%20l&#8217;appel%20(avec%20heure%20de%20d%C3%A9but%20et%20heure%20de%20fin).%22%7D%5D&#8221; custom_css=&#8221;LnRtLWxpc3Quc3R5bGUtY2hlY2stMDIlMjAuZGVzYyUyMCU3QiUwQSUyMCUyMCUyMCUyMG1hcmdpbi10b3AlM0ElMjAxMHB4JTNCJTBBJTIwJTIwJTIwJTIwbWFyZ2luLWJvdHRvbSUzQSUyMDEwcHglM0IlMEElN0Q=&#8221;][tm_spacer size=&#8221;sm:100;lg:40&#8243;][\/vc_column][\/vc_row][vc_row][vc_column][tm_spacer size=&#8221;xs:10;sm:10;lg:20&#8243;][tm_heading tag=&#8221;h5&#8243; custom_google_font=&#8221;&#8221; text_color=&#8221;secondary&#8221; font_size=&#8221;sm:24;md:28;lg:30&#8243; line_height=&#8221;1.4&#8243;]2. Syst\u00e8me d&#8217;interception strat\u00e9gique Thuraya[\/tm_heading][tm_spacer size=&#8221;lg:30&#8243;][\/vc_column][\/vc_row][vc_row][vc_column][tm_heading tag=&#8221;div&#8221; custom_google_font=&#8221;&#8221; font_size=&#8221;lg:18&#8243; line_height=&#8221;1.67&#8243;]Le syst\u00e8me d&#8217;interception strat\u00e9gique de Thuraya permet d&#8217;intercepter, \u00e0 l&#8217;\u00e9chelle nationale, des communications duplex sur le r\u00e9seau Thuraya. Le syst\u00e8me surveille les signaux descendants du satellite sur la bande L (satellite vers le combin\u00e9) et la bande C (satellite vers la station passerelle primaire). Ce faisant, la limitation de l&#8217;interception duplex jusqu&#8217;\u00e0 la distance RLOS dans le syst\u00e8me d&#8217;interception tactique de Thuraya est \u00e9vit\u00e9e. \u00c9tant donn\u00e9 que tous les appels Thuraya sont achemin\u00e9s via la station passerelle primaire, la liaison montante en bande L du combin\u00e9 vers le satellite est achemin\u00e9e sur la liaison descendante en bande C vers la passerelle primaire \u00e0 Sharjah (EAU). Nous surveillons donc principalement un c\u00f4t\u00e9 de la communication \u00e0 partir de l&#8217;emplacement de la cible et l&#8217;autre c\u00f4t\u00e9 de la communication vers la station passerelle. Les c\u00f4t\u00e9s montants et descendants des appels sont ensuite appari\u00e9s par le syst\u00e8me pour produire un appel duplex complet (des deux c\u00f4t\u00e9s). Le syst\u00e8me pourra surveiller jusqu&#8217;\u00e0 7 faisceaux ponctuels. Toutefois, si le pays est vaste et couvert par plus de 7 faisceaux ponctuels, des stations de surveillance en bande L suppl\u00e9mentaires peuvent \u00eatre d\u00e9ploy\u00e9es et int\u00e9gr\u00e9es au syst\u00e8me principal.[\/tm_heading][tm_spacer size=&#8221;lg:50&#8243;][\/vc_column][\/vc_row][vc_row][vc_column][tm_spacer size=&#8221;sm:100;lg:50&#8243;][tm_heading tag=&#8221;h4&#8243; custom_google_font=&#8221;&#8221; align=&#8221;center&#8221; text_color=&#8221;secondary&#8221; font_size=&#8221;sm:28;md:34;lg:40&#8243; line_height=&#8221;1.4&#8243; css=&#8221;.vc_custom_1704957836421{background-position: center !important;background-repeat: no-repeat !important;background-size: contain !important;}&#8221;]Caract\u00e9ristiques du syst\u00e8me[\/tm_heading][tm_spacer size=&#8221;lg:40&#8243;][tm_list list_style=&#8221;check-02&#8243; marker_color=&#8221;secondary&#8221; title_color=&#8221;primary&#8221; columns=&#8221;xs:1;lg:2&#8243; items=&#8221;%5B%7B%22item_title%22%3A%22Interception%20de%20la%20bande%20C%2BL%22%2C%22item_desc%22%3A%22Interception%20des%20signaux%20descendants%20de%20la%20bande%20C%2BL%20du%20satellite%20vers%20la%20station%20terrestre%20et%20le%20combin%C3%A9.%22%7D%2C%7B%22item_title%22%3A%22Hautement%20configurable%22%2C%22item_desc%22%3A%22Le%20syst%C3%A8me%20peut%20%C3%AAtre%20configur%C3%A9%20pour%20surveiller%20jusqu&#8217;%C3%A0%207%20faisceaux%20ponctuels%20et%20jusqu&#8217;%C3%A0%2032%20appels%20duplex%20par%20faisceau%20ponctuel.%22%7D%2C%7B%22item_title%22%3A%22Extension%20de%20la%20couverture%20%C3%A0%20l&#8217;aide%20de%20stations%20en%20bande%20L%20uniquement%22%2C%22link%22%3A%22%7C%7C%7C%22%2C%22item_desc%22%3A%22Des%20stations%20de%20surveillance%20suppl%C3%A9mentaires%20en%20bande%20L%20peuvent%20%C3%AAtre%20int%C3%A9gr%C3%A9es%20pour%20couvrir%20des%20zones%20g%C3%A9ographiques%20plus%20%C3%A9tendues.%22%7D%2C%7B%22item_title%22%3A%22Surveillance%20des%20communications%20vocales%20et%20des%20SMS%22%2C%22item_desc%22%3A%22Le%20syst%C3%A8me%20surveille%20toutes%20les%20communications%20vocales%20et%20SMS.%22%7D%2C%7B%22item_title%22%3A%22D%C3%A9cryptage%20en%20temps%20r%C3%A9el%22%2C%22link%22%3A%22%7C%7C%7C%22%2C%22item_desc%22%3A%22Le%20syst%C3%A8me%20d%C3%A9crypte%20automatiquement%20les%20communications%20vocales%20et%20SMS%20en%20temps%20r%C3%A9el.%22%7D%2C%7B%22item_title%22%3A%22Base%20de%20donn%C3%A9es%20consultable%22%2C%22item_desc%22%3A%22Les%20sessions%20enregistr%C3%A9es%20dans%20la%20base%20de%20donn%C3%A9es%20du%20syst%C3%A8me%20peuvent%20%C3%AAtre%20recherch%C3%A9es%20en%20fonction%20de%20divers%20param%C3%A8tres%20d&#8217;identit%C3%A9.%22%7D%2C%7B%22item_title%22%3A%22Plate-forme%20multi-utilisateurs%22%2C%22item_desc%22%3A%22Le%20syst%C3%A8me%20permet%20%C3%A0%20plusieurs%20utilisateurs%20d&#8217;acc%C3%A9der%20simultan%C3%A9ment%20au%20syst%C3%A8me%20pour%20la%20lecture%20ou%20l&#8217;analyse%20des%20appels.%22%7D%2C%7B%22item_title%22%3A%22Carte%20num%C3%A9rique%20int%C3%A9gr%C3%A9e%22%2C%22item_desc%22%3A%22Le%20logiciel%20de%20cartographie%20SIG%20int%C3%A9gr%C3%A9%20au%20syst%C3%A8me%20est%20bas%C3%A9%20sur%20les%20normes%20de%20l&#8217;industrie%20et%20a%20la%20capacit%C3%A9%20d&#8217;afficher%20des%20d%C3%A9tails%20plus%20fins.%22%7D%2C%7B%22item_title%22%3A%22Interception%20et%20affichage%20des%20param%C3%A8tres%20d&#8217;appel%22%2C%22item_desc%22%3A%22Le%20syst%C3%A8me%20est%20capable%20d&#8217;intercepter%20et%20d&#8217;afficher%20tous%20les%20param%C3%A8tres%20intercept%C3%A9s%2C%20tels%20que%20l&#8217;ID%20du%20faisceau%2C%20la%20date%20et%20l&#8217;heure%20de%20l&#8217;appel%2C%20le%20TMSI%2C%20l&#8217;IMSI%20et%20l&#8217;IMEI%2C%20la%20latitude%20et%20la%20longitude%20de%20la%20cible%20(localisation%20GPS)%2C%20etc.%22%7D%2C%7B%22item_title%22%3A%22Outils%20d&#8217;analyse%20en%20ligne%20et%20hors%20ligne%22%2C%22item_desc%22%3A%22Le%20syst%C3%A8me%20peut%20%C3%AAtre%20int%C3%A9gr%C3%A9%20aux%20syst%C3%A8mes%20d&#8217;analyse%20de%20Stratign%20tels%20que%20le%20syst%C3%A8me%20forensique%20vocal%2C%20le%20syst%C3%A8me%20d&#8217;analyse%20des%20liens%2C%20Renseignement%20d&#8217;origine%20sources%20ouvertes%20(OSINT)%2C%20etc.%22%7D%5D&#8221; custom_css=&#8221;LnRtLWxpc3Quc3R5bGUtY2hlY2stMDIlMjAuZGVzYyUyMCU3QiUwQSUyMCUyMCUyMCUyMG1hcmdpbi10b3AlM0ElMjAxMHB4JTNCJTBBJTIwJTIwJTIwJTIwbWFyZ2luLWJvdHRvbSUzQSUyMDEwcHglM0IlMEElN0Q=&#8221;][tm_spacer size=&#8221;xs:30;sm:60;lg:120&#8243;][\/vc_column][\/vc_row][vc_row css_animation=&#8221;none&#8221; lg_spacing=&#8221;margin_bottom:10&#8243; md_spacing=&#8221;margin_bottom:10&#8243;][vc_column width=&#8221;1\/4&#8243;][tm_heading tag=&#8221;h4&#8243; custom_google_font=&#8221;&#8221; css=&#8221;.vc_custom_1702534293059{margin-top: 10px !important;}&#8221;]En savoir plus[\/tm_heading][\/vc_column][vc_column width=&#8221;1\/4&#8243;][tm_button button=&#8221;url:https%3A%2F%2Fwww.stratign.com%2Fcontact-us%2F|title:Nous%20contacter%20&#8243; el_id=&#8221;Contact-us-other&#8221;][\/vc_column][vc_column width=&#8221;1\/4&#8243;][tm_heading tag=&#8221;h4&#8243; custom_google_font=&#8221;&#8221;]T\u00e9l\u00e9charger la brochure[\/tm_heading][\/vc_column][vc_column width=&#8221;1\/4&#8243;][tm_button button=&#8221;url:https%3A%2F%2Fwww.stratign.com%2Fbrochures%2F|title:T%C3%A9l%C3%A9charger&#8221; el_id=&#8221;Brochure-other&#8221;][\/vc_column][\/vc_row]<\/p>\n<\/section>","protected":false},"excerpt":{"rendered":"<p>We offer solutions for Strategic Interception (C+L bands) as well as Tactical Interception (L band only) in highly customizable configurations.<\/p>\n","protected":false},"author":1,"featured_media":0,"parent":0,"menu_order":0,"comment_status":"closed","ping_status":"closed","template":"","meta":{"footnotes":""},"class_list":["post-3270","page","type-page","status-publish","hentry","post-no-thumbnail"],"yoast_head":"<!-- This site is optimized with the Yoast SEO plugin v27.3 - https:\/\/yoast.com\/product\/yoast-seo-wordpress\/ -->\n<title>SYST\u00c8ME D\u2019INTERCEPTION THURAYA - Stratign<\/title>\n<meta name=\"description\" content=\"Stratign propose des solutions d&#039;interception strat\u00e9gique et tactique de Thuraya dans une configuration hautement personnalisable.\" \/>\n<meta name=\"robots\" content=\"index, follow, max-snippet:-1, max-image-preview:large, max-video-preview:-1\" \/>\n<link rel=\"canonical\" href=\"https:\/\/www.stratign.com\/fr\/thuraya-interception-system\/\" \/>\n<meta property=\"og:locale\" content=\"en_US\" \/>\n<meta property=\"og:type\" content=\"article\" \/>\n<meta property=\"og:title\" content=\"SYST\u00c8ME D\u2019INTERCEPTION THURAYA - Stratign\" \/>\n<meta property=\"og:description\" content=\"Stratign propose des solutions d&#039;interception strat\u00e9gique et tactique de Thuraya dans une configuration hautement personnalisable.\" \/>\n<meta property=\"og:url\" content=\"https:\/\/www.stratign.com\/fr\/thuraya-interception-system\/\" \/>\n<meta property=\"og:site_name\" content=\"Stratign\" \/>\n<meta property=\"article:publisher\" content=\"https:\/\/www.facebook.com\/stratignfb\/\" \/>\n<meta property=\"article:modified_time\" content=\"2026-02-26T06:52:08+00:00\" \/>\n<meta name=\"twitter:card\" content=\"summary_large_image\" \/>\n<meta name=\"twitter:site\" content=\"@stratign\" \/>\n<meta name=\"twitter:label1\" content=\"Est. reading time\" \/>\n\t<meta name=\"twitter:data1\" content=\"4 minutes\" \/>\n<script type=\"application\/ld+json\" class=\"yoast-schema-graph\">{\"@context\":\"https:\\\/\\\/schema.org\",\"@graph\":[{\"@type\":\"WebPage\",\"@id\":\"https:\\\/\\\/www.stratign.com\\\/fr\\\/thuraya-interception-system\\\/\",\"url\":\"https:\\\/\\\/www.stratign.com\\\/fr\\\/thuraya-interception-system\\\/\",\"name\":\"SYST\u00c8ME D\u2019INTERCEPTION THURAYA - Stratign\",\"isPartOf\":{\"@id\":\"https:\\\/\\\/www.stratign.com\\\/fr\\\/#website\"},\"datePublished\":\"2021-09-22T06:49:33+00:00\",\"dateModified\":\"2026-02-26T06:52:08+00:00\",\"description\":\"Stratign propose des solutions d'interception strat\u00e9gique et tactique de Thuraya dans une configuration hautement personnalisable.\",\"breadcrumb\":{\"@id\":\"https:\\\/\\\/www.stratign.com\\\/fr\\\/thuraya-interception-system\\\/#breadcrumb\"},\"inLanguage\":\"en-US\",\"potentialAction\":[{\"@type\":\"ReadAction\",\"target\":[\"https:\\\/\\\/www.stratign.com\\\/fr\\\/thuraya-interception-system\\\/\"]}]},{\"@type\":\"BreadcrumbList\",\"@id\":\"https:\\\/\\\/www.stratign.com\\\/fr\\\/thuraya-interception-system\\\/#breadcrumb\",\"itemListElement\":[{\"@type\":\"ListItem\",\"position\":1,\"name\":\"Home\",\"item\":\"https:\\\/\\\/www.stratign.com\\\/fr\\\/\"},{\"@type\":\"ListItem\",\"position\":2,\"name\":\"SYST\u00c8ME D\u2019INTERCEPTION THURAYA\"}]},{\"@type\":\"WebSite\",\"@id\":\"https:\\\/\\\/www.stratign.com\\\/fr\\\/#website\",\"url\":\"https:\\\/\\\/www.stratign.com\\\/fr\\\/\",\"name\":\"Stratign\",\"description\":\"Military Defense Technology\",\"potentialAction\":[{\"@type\":\"SearchAction\",\"target\":{\"@type\":\"EntryPoint\",\"urlTemplate\":\"https:\\\/\\\/www.stratign.com\\\/fr\\\/?s={search_term_string}\"},\"query-input\":{\"@type\":\"PropertyValueSpecification\",\"valueRequired\":true,\"valueName\":\"search_term_string\"}}],\"inLanguage\":\"en-US\"}]}<\/script>\n<!-- \/ Yoast SEO plugin. -->","yoast_head_json":{"title":"SYST\u00c8ME D\u2019INTERCEPTION THURAYA - Stratign","description":"Stratign propose des solutions d'interception strat\u00e9gique et tactique de Thuraya dans une configuration hautement personnalisable.","robots":{"index":"index","follow":"follow","max-snippet":"max-snippet:-1","max-image-preview":"max-image-preview:large","max-video-preview":"max-video-preview:-1"},"canonical":"https:\/\/www.stratign.com\/fr\/thuraya-interception-system\/","og_locale":"en_US","og_type":"article","og_title":"SYST\u00c8ME D\u2019INTERCEPTION THURAYA - Stratign","og_description":"Stratign propose des solutions d'interception strat\u00e9gique et tactique de Thuraya dans une configuration hautement personnalisable.","og_url":"https:\/\/www.stratign.com\/fr\/thuraya-interception-system\/","og_site_name":"Stratign","article_publisher":"https:\/\/www.facebook.com\/stratignfb\/","article_modified_time":"2026-02-26T06:52:08+00:00","twitter_card":"summary_large_image","twitter_site":"@stratign","twitter_misc":{"Est. reading time":"4 minutes"},"schema":{"@context":"https:\/\/schema.org","@graph":[{"@type":"WebPage","@id":"https:\/\/www.stratign.com\/fr\/thuraya-interception-system\/","url":"https:\/\/www.stratign.com\/fr\/thuraya-interception-system\/","name":"SYST\u00c8ME D\u2019INTERCEPTION THURAYA - Stratign","isPartOf":{"@id":"https:\/\/www.stratign.com\/fr\/#website"},"datePublished":"2021-09-22T06:49:33+00:00","dateModified":"2026-02-26T06:52:08+00:00","description":"Stratign propose des solutions d'interception strat\u00e9gique et tactique de Thuraya dans une configuration hautement personnalisable.","breadcrumb":{"@id":"https:\/\/www.stratign.com\/fr\/thuraya-interception-system\/#breadcrumb"},"inLanguage":"en-US","potentialAction":[{"@type":"ReadAction","target":["https:\/\/www.stratign.com\/fr\/thuraya-interception-system\/"]}]},{"@type":"BreadcrumbList","@id":"https:\/\/www.stratign.com\/fr\/thuraya-interception-system\/#breadcrumb","itemListElement":[{"@type":"ListItem","position":1,"name":"Home","item":"https:\/\/www.stratign.com\/fr\/"},{"@type":"ListItem","position":2,"name":"SYST\u00c8ME D\u2019INTERCEPTION THURAYA"}]},{"@type":"WebSite","@id":"https:\/\/www.stratign.com\/fr\/#website","url":"https:\/\/www.stratign.com\/fr\/","name":"Stratign","description":"Military Defense Technology","potentialAction":[{"@type":"SearchAction","target":{"@type":"EntryPoint","urlTemplate":"https:\/\/www.stratign.com\/fr\/?s={search_term_string}"},"query-input":{"@type":"PropertyValueSpecification","valueRequired":true,"valueName":"search_term_string"}}],"inLanguage":"en-US"}]}},"_links":{"self":[{"href":"https:\/\/www.stratign.com\/fr\/wp-json\/wp\/v2\/pages\/3270","targetHints":{"allow":["GET"]}}],"collection":[{"href":"https:\/\/www.stratign.com\/fr\/wp-json\/wp\/v2\/pages"}],"about":[{"href":"https:\/\/www.stratign.com\/fr\/wp-json\/wp\/v2\/types\/page"}],"author":[{"embeddable":true,"href":"https:\/\/www.stratign.com\/fr\/wp-json\/wp\/v2\/users\/1"}],"replies":[{"embeddable":true,"href":"https:\/\/www.stratign.com\/fr\/wp-json\/wp\/v2\/comments?post=3270"}],"version-history":[{"count":12,"href":"https:\/\/www.stratign.com\/fr\/wp-json\/wp\/v2\/pages\/3270\/revisions"}],"predecessor-version":[{"id":15370,"href":"https:\/\/www.stratign.com\/fr\/wp-json\/wp\/v2\/pages\/3270\/revisions\/15370"}],"wp:attachment":[{"href":"https:\/\/www.stratign.com\/fr\/wp-json\/wp\/v2\/media?parent=3270"}],"curies":[{"name":"wp","href":"https:\/\/api.w.org\/{rel}","templated":true}]}}