{"id":3298,"date":"2021-09-22T08:55:58","date_gmt":"2021-09-22T08:55:58","guid":{"rendered":"https:\/\/stratign.com\/website\/?page_id=3298"},"modified":"2024-03-05T09:47:06","modified_gmt":"2024-03-05T05:47:06","slug":"unified-satellite-phone-interception-system","status":"publish","type":"page","link":"https:\/\/www.stratign.com\/fr\/unified-satellite-phone-interception-system\/","title":{"rendered":"SYST\u00c8ME UNIFI\u00c9 D\u2019INTERCEPTION DES T\u00c9L\u00c9PHONES PAR SATELLITE"},"content":{"rendered":"<section class=\"wpb-content-wrapper\"><p>[vc_row][vc_column][tm_spacer size=&#8221;xs:20;sm:40;lg:80&#8243;][tm_heading tag=&#8221;h4&#8243; custom_google_font=&#8221;&#8221; text_transform=&#8221;uppercase&#8221; align=&#8221;center&#8221; text_color=&#8221;secondary&#8221; font_size=&#8221;sm:28;md:34;lg:40&#8243; line_height=&#8221;1.4&#8243;]SYST\u00c8ME UNIFI\u00c9 D&#8217;INTERCEPTION DES T\u00c9L\u00c9PHONES PAR SATELLITE[\/tm_heading][tm_spacer size=&#8221;xs:20;sm:30;lg:60&#8243;][\/vc_column][\/vc_row][vc_row sm_spacing=&#8221;padding_bottom:100&#8243; lg_spacing=&#8221;padding_bottom:5&#8243;][vc_column offset=&#8221;vc_col-md-5&#8243;][tm_heading style=&#8221;left-line&#8221; custom_google_font=&#8221;&#8221; font_weight=&#8221;800&#8243; font_size=&#8221;sm:18;md:21;lg:24&#8243; line_height=&#8221;1.67&#8243; max_width=&#8221;400px&#8221;]Syst\u00e8me unifi\u00e9 capable d&#8217;intercepter les t\u00e9l\u00e9phones Thuraya, ISAT et Iridium et pouvant \u00eatre configur\u00e9 pour des op\u00e9rations tactiques ou strat\u00e9giques.[\/tm_heading][\/vc_column][vc_column offset=&#8221;vc_col-md-7 vc_hidden-xs&#8221;][tm_heading tag=&#8221;div&#8221; custom_google_font=&#8221;&#8221; font_size=&#8221;lg:18&#8243; line_height=&#8221;1.67&#8243;]Dans le monde moderne, les communications par satellite jouent un r\u00f4le essentiel dans le syst\u00e8me mondial de t\u00e9l\u00e9communications. Parmi les nombreux fournisseurs de services, Thuraya, Iridium et IsatPhone Pro sont les syst\u00e8mes de communication personnelle mobile mondiale (GMPCS) les plus utilis\u00e9s. Alors que Thuraya utilise deux satellites g\u00e9ostationnaires pour les r\u00e9seaux Thuraya 2 et Thuraya 3, Isat PhonePro utilise 14 satellites g\u00e9ostationnaires pour assurer la communication dans la plupart des r\u00e9gions du monde.[\/tm_heading][\/vc_column][\/vc_row][vc_row sm_spacing=&#8221;margin_top:-90&#8243; xs_spacing=&#8221;margin_top:-90&#8243;][vc_column offset=&#8221;vc_hidden-xs&#8221;][tm_heading tag=&#8221;div&#8221; custom_google_font=&#8221;&#8221; font_size=&#8221;lg:18&#8243; line_height=&#8221;1.67&#8243;]En revanche, Iridium utilise 66 satellites en orbite terrestre basse (LEO), qui fonctionnent comme un maillage en alv\u00e9oles pour couvrir l&#8217;ensemble du globe. L&#8217;accessibilit\u00e9 des communications \u00e0 partir de zones \u00e9loign\u00e9es a rendu les communications par satellite populaires aupr\u00e8s des organisations terroristes et des organisations antinationales. L&#8217;utilisation de t\u00e9l\u00e9phones satellitaires permet \u00e9galement \u00e0 l&#8217;utilisateur de contourner le r\u00e9seau de communication terrestre. Stratign a donc mis au point une solution, STN-SATUS, pour aider les organismes gouvernementaux \u00e0 surveiller simultan\u00e9ment les communications provenant de ces trois satellites. Le syst\u00e8me peut \u00eatre configur\u00e9 comme un syst\u00e8me tactique hautement portable pour intercepter uniquement les signaux en bande L ou peut \u00eatre utilis\u00e9 dans des r\u00f4les statiques pour l&#8217;interception strat\u00e9gique avec des signaux en bande C et L intercept\u00e9s.[\/tm_heading][tm_spacer size=&#8221;lg:50&#8243;][\/vc_column][\/vc_row][vc_row][vc_column][tm_heading tag=&#8221;h4&#8243; custom_google_font=&#8221;&#8221; align=&#8221;center&#8221; text_color=&#8221;secondary&#8221; font_size=&#8221;sm:28;md:34;lg:40&#8243; line_height=&#8221;1.4&#8243; css=&#8221;.vc_custom_1705322910960{background-position: center !important;background-repeat: no-repeat !important;background-size: contain !important;}&#8221;]Caract\u00e9ristiques du syst\u00e8me[\/tm_heading][tm_spacer size=&#8221;lg:40&#8243;][tm_list list_style=&#8221;check-02&#8243; marker_color=&#8221;secondary&#8221; title_color=&#8221;primary&#8221; columns=&#8221;xs:1;lg:2&#8243; items=&#8221;%5B%7B%22item_title%22%3A%22Syst%C3%A8me%20100%25%20passif%22%2C%22item_desc%22%3A%22Syst%C3%A8me%20unifi%C3%A9%20100%25%20passif%20qui%20peut%20intercepter%20les%20t%C3%A9l%C3%A9phones%20satellites%20Thuraya%2C%20Iridium%20et%20Isat%20Phone%20Pro.%22%7D%2C%7B%22item_title%22%3A%22Syst%C3%A8me%20compact%20et%20robuste%22%2C%22link%22%3A%22%7C%7C%7C%22%2C%22item_desc%22%3A%22Syst%C3%A8me%20compact%20et%20robuste%20pouvant%20%C3%AAtre%20transport%C3%A9%20par%20l&#8217;homme%20et%20donc%20utilis%C3%A9%20pour%20des%20op%C3%A9rations%20clandestines.%22%7D%2C%7B%22item_title%22%3A%22Configuration%20personnalisable%22%2C%22link%22%3A%22%7C%7C%7C%22%2C%22item_desc%22%3A%22Capable%20d&#8217;intercepter%20simultan%C3%A9ment%20jusqu&#8217;%C3%A0%207%20faisceaux%20ponctuels%20de%20Thuraya%2C%20jusqu&#8217;%C3%A0%204%20faisceaux%20ponctuels%20%C3%A9troits%20d&#8217;Isat%20Phone%20Pro%20et%20jusqu&#8217;%C3%A0%20un%20rayon%20de%201000%20km%20pour%20Iridium%20(personnalisable).%22%7D%2C%7B%22item_title%22%3A%22D%C3%A9codage%20et%20d%C3%A9cryptage%20en%20temps%20r%C3%A9el%22%2C%22item_desc%22%3A%22Interception%2C%20d%C3%A9codage%20et%20d%C3%A9cryptage%20automatiques%20de%20la%20voix%2C%20des%20SMS%20et%20du%20trafic%20textuel%20provenant%20de%20Thuraya%202%20ou%20Thuraya%203%2C%20d&#8217;Iridium%20et%20des%20t%C3%A9l%C3%A9phones%20satellites%20Isat%20Phone%20Pro%2C%20de%20mani%C3%A8re%20ind%C3%A9pendante%20ou%20simultan%C3%A9e%20(personnalisable).%22%7D%2C%7B%22item_title%22%3A%22Carte%20num%C3%A9rique%22%2C%22item_desc%22%3A%22L&#8217;affichage%20int%C3%A9gr%C3%A9%20de%20la%20carte%20permet%20la%20g%C3%A9olocalisation%20de%20la%20position%20de%20la%20cible%20et%20le%20suivi%20sur%20la%20carte%20num%C3%A9rique.%22%7D%2C%7B%22item_title%22%3A%22Bande%20L%22%2C%22item_desc%22%3A%22Le%20syst%C3%A8me%20surveille%20simultan%C3%A9ment%20les%20canaux%20avant%20et%20arri%C3%A8re%20sur%20la%20bande%20L.%22%7D%2C%7B%22item_title%22%3A%22Bo%C3%AEtier%20robuste%22%2C%22item_desc%22%3A%22Le%20bo%C3%AEtier%20robuste%20et%20le%20mat%C3%A9riel%20pr%C3%A9-int%C3%A9gr%C3%A9%20en%20font%20le%20choix%20id%C3%A9al%20pour%20un%20d%C3%A9ploiement%20rapide%20et%20facile%20sur%20le%20terrain.%22%7D%2C%7B%22item_title%22%3A%22Capacit%C3%A9%20Plug%20and%20Play%22%2C%22item_desc%22%3A%22La%20capacit%C3%A9%20Plug%20and%20Play%20permet%20aux%20op%C3%A9rateurs%20de%20r%C3%A9pondre%20plus%20rapidement%20aux%20situations%20critiques.%22%7D%2C%7B%22item_title%22%3A%22Cibles%20multiples%22%2C%22item_desc%22%3A%22Il%20est%20possible%20d&#8217;afficher%20plusieurs%20cibles%20sur%20la%20carte%20avec%20des%20codes%20de%20couleur%20diff%C3%A9rents.%22%7D%2C%7B%22item_title%22%3A%22Flexibilit%C3%A9%22%2C%22item_desc%22%3A%22Permet%20d&#8217;%C3%A9couter%20l&#8217;appel%20de%20la%20cible%20depuis%20la%20carte.%22%7D%2C%7B%22item_title%22%3A%22Traite%20les%20transferts%20inter-faisceaux%20et%20inter-satellites%22%2C%22item_desc%22%3A%22D%C3%A9termine%20et%20traite%20automatiquement%20les%20transferts%20inter-faisceaux%20et%20inter-satellites.%22%7D%2C%7B%22item_title%22%3A%22Interception%20de%20tous%20les%20types%20d&#8217;appels%22%2C%22item_desc%22%3A%22Peut%20intercepter%20les%20appels%20lanc%C3%A9s%20du%20r%C3%A9seau%20t%C3%A9l%C3%A9phonique%20public%20commut%C3%A9%20(RTPC)%20vers%20le%20t%C3%A9l%C3%A9phone%20satellite%2C%20du%20t%C3%A9l%C3%A9phone%20satellite%20vers%20le%20RTPC%20et%20du%20t%C3%A9l%C3%A9phone%20satellite%20vers%20le%20t%C3%A9l%C3%A9phone%20satellite.%22%7D%2C%7B%22item_title%22%3A%22Interception%20duplex%20jusqu&#8217;%C3%A0%20des%20port%C3%A9es%20RLOS%22%2C%22item_desc%22%3A%22Peut%20fournir%20le%20duplex%20int%C3%A9gral%20jusqu&#8217;%C3%A0%2020%20km%20(RLOS)%20(extensible%20%C3%A0%20l&#8217;aide%20de%20prolongateurs%20de%20port%C3%A9e).%20Un%20appel%20simplex%20peut%20%C3%AAtre%20re%C3%A7u%20jusqu&#8217;%C3%A0%20600%20km%20(rayon)%20en%20Thuraya%2C%20jusqu&#8217;%C3%A0%20400%20km%20en%20Isat%20Phone%20Pro%20et%20jusqu&#8217;%C3%A0%201000%20km%20(rayon)%20en%20Iridium.%22%7D%2C%7B%22item_title%22%3A%22Compensation%20automatique%20du%20d%C3%A9calage%20Doppler%20du%20signal%20Iridium%22%2C%22item_desc%22%3A%22Balayage%20automatique%2C%20d%C3%A9tection%20et%20surveillance%20des%20signaux%20Iridium%20et%20compensation%20automatique%20du%20d%C3%A9calage%20Doppler%20du%20signal%20Iridium%20qui%20change%20continuellement.%22%7D%2C%7B%22item_title%22%3A%22R%C3%A9glage%20automatique%20des%20r%C3%A9cepteurs%22%2C%22item_desc%22%3A%22Dans%20le%20cas%20d&#8217;Iridium%2C%20le%20syst%C3%A8me%20r%C3%A8gle%20automatiquement%20ses%20r%C3%A9cepteurs%2C%20apr%C3%A8s%20avoir%20d%C3%A9fini%20la%20zone%20d&#8217;interception%20et%20son%20emplacement.%22%7D%2C%7B%22item_title%22%3A%22Maintien%20de%20l&#8217;enregistrement%20des%20donn%C3%A9es%20d&#8217;appel%22%2C%22item_desc%22%3A%22Le%20syst%C3%A8me%20conserve%20l&#8217;enregistrement%20interne%20des%20donn%C3%A9es%20d&#8217;appel%20pour%20chaque%20communication%20avec%20tous%20les%20param%C3%A8tres%20d&#8217;identit%C3%A9%20qui%20peuvent%20%C3%AAtre%20intercept%C3%A9s%20pour%20chaque%20appel.%22%7D%2C%7B%22item_title%22%3A%22G%C3%A9o-cloisonnement%22%2C%22item_desc%22%3A%22Peut%20effectuer%20des%20cl%C3%B4tures%20g%C3%A9ographiques%20pour%20surveiller%20les%20appels%20provenant%20d&#8217;une%20zone%20sp%C3%A9cifique.%22%7D%2C%7B%22item_title%22%3A%22Base%20de%20donn%C3%A9es%20consultable%22%2C%22item_desc%22%3A%22Possibilit%C3%A9%20de%20trier%20et%20de%20rechercher%20le%20contenu%20de%20la%20base%20de%20donn%C3%A9es%20par%20date%2C%20heure%2C%20dur%C3%A9e%20de%20l&#8217;appel%2C%20types%20de%20fichiers%2C%20etc.%22%7D%2C%7B%22item_title%22%3A%22D%C3%A9tection%20automatique%20des%20param%C3%A8tres%20des%20faisceaux%20ponctuels%22%2C%22item_desc%22%3A%22Dans%20le%20cas%20des%20r%C3%A9seaux%20Thuraya%20et%20Isat%20Phone%20Pro%2C%20le%20syst%C3%A8me%20scanne%20automatiquement%20les%20faisceaux%20ponctuels%20disponibles%20et%20fournit%20l&#8217;ID%20du%20faisceau%20ponctuel%2C%20la%20latitude%20et%20la%20longitude%20du%20centre%20du%20faisceau%20ponctuel%2C%20le%20num%C3%A9ro%20de%20canal%20pour%20le%20r%C3%A9glage%20des%20d%C3%A9modulateurs.%22%7D%2C%7B%22item_title%22%3A%22Outils%20d&#8217;analyse%20en%20ligne%20et%20hors%20ligne%22%2C%22item_desc%22%3A%22Le%20syst%C3%A8me%20est%20int%C3%A9grable%20avec%20le%20logiciel%20d&#8217;analyse%20de%20la%20voix%20de%20Stratign%20(identification%20du%20locuteur%2C%20identification%20de%20la%20langue%2C%20rep%C3%A9rage%20des%20mots%20cl%C3%A9s%2C%20etc.)%22%7D%5D&#8221; custom_css=&#8221;LnRtLWxpc3Quc3R5bGUtY2hlY2stMDIlMjAuZGVzYyUyMCU3QiUwQSUyMCUyMCUyMCUyMG1hcmdpbi10b3AlM0ElMjAxMHB4JTNCJTBBJTIwJTIwJTIwJTIwbWFyZ2luLWJvdHRvbSUzQSUyMDEwcHglM0IlMEElN0Q=&#8221;][tm_spacer size=&#8221;xs:30;sm:60;lg:120&#8243;][\/vc_column][\/vc_row][vc_row css_animation=&#8221;none&#8221; lg_spacing=&#8221;margin_bottom:10&#8243; md_spacing=&#8221;margin_bottom:10&#8243;][vc_column width=&#8221;1\/4&#8243;][tm_heading tag=&#8221;h4&#8243; custom_google_font=&#8221;&#8221; css=&#8221;.vc_custom_1702534293059{margin-top: 10px !important;}&#8221;]En savoir plus[\/tm_heading][\/vc_column][vc_column width=&#8221;1\/4&#8243;][tm_button button=&#8221;url:https%3A%2F%2Fwww.stratign.com%2Fcontact-us%2F|title:Nous%20contacter%20&#8243; el_id=&#8221;Contact-us-other&#8221;][\/vc_column][vc_column width=&#8221;1\/4&#8243;][tm_heading tag=&#8221;h4&#8243; custom_google_font=&#8221;&#8221;]T\u00e9l\u00e9charger la brochure[\/tm_heading][\/vc_column][vc_column width=&#8221;1\/4&#8243;][tm_button button=&#8221;url:https%3A%2F%2Fwww.stratign.com%2Fbrochures%2F|title:T%C3%A9l%C3%A9charger&#8221; el_id=&#8221;Brochure-other&#8221;][\/vc_column][\/vc_row]<\/p>\n<\/section>","protected":false},"excerpt":{"rendered":"<p>Unified System capable of intercepting Thuraya, ISAT and Iridium phones which can be configured for Tactical or Strategic operation.<\/p>\n","protected":false},"author":1,"featured_media":0,"parent":0,"menu_order":0,"comment_status":"closed","ping_status":"closed","template":"","meta":{"footnotes":""},"class_list":["post-3298","page","type-page","status-publish","hentry","post-no-thumbnail"],"yoast_head":"<!-- This site is optimized with the Yoast SEO plugin v27.3 - https:\/\/yoast.com\/product\/yoast-seo-wordpress\/ -->\n<title>SYST\u00c8ME UNIFI\u00c9 D\u2019INTERCEPTION DES T\u00c9L\u00c9PHONES PAR SATELLITE - Stratign<\/title>\n<meta name=\"description\" content=\"Un syst\u00e8me unifi\u00e9 d&#039;interception des t\u00e9l\u00e9phones par satellite peut intercepter les t\u00e9l\u00e9phones Thuraya, ISAT et Iridium, configur\u00e9 pour des op\u00e9rations tactiques ou strat\u00e9giques.\" \/>\n<meta name=\"robots\" content=\"index, follow, max-snippet:-1, max-image-preview:large, max-video-preview:-1\" \/>\n<link rel=\"canonical\" href=\"https:\/\/www.stratign.com\/fr\/unified-satellite-phone-interception-system\/\" \/>\n<meta property=\"og:locale\" content=\"en_US\" \/>\n<meta property=\"og:type\" content=\"article\" \/>\n<meta property=\"og:title\" content=\"SYST\u00c8ME UNIFI\u00c9 D\u2019INTERCEPTION DES T\u00c9L\u00c9PHONES PAR SATELLITE - Stratign\" \/>\n<meta property=\"og:description\" content=\"Un syst\u00e8me unifi\u00e9 d&#039;interception des t\u00e9l\u00e9phones par satellite peut intercepter les t\u00e9l\u00e9phones Thuraya, ISAT et Iridium, configur\u00e9 pour des op\u00e9rations tactiques ou strat\u00e9giques.\" \/>\n<meta property=\"og:url\" content=\"https:\/\/www.stratign.com\/fr\/unified-satellite-phone-interception-system\/\" \/>\n<meta property=\"og:site_name\" content=\"Stratign\" \/>\n<meta property=\"article:publisher\" content=\"https:\/\/www.facebook.com\/stratignfb\/\" \/>\n<meta property=\"article:modified_time\" content=\"2024-03-05T05:47:06+00:00\" \/>\n<meta name=\"twitter:card\" content=\"summary_large_image\" \/>\n<meta name=\"twitter:site\" content=\"@stratign\" \/>\n<meta name=\"twitter:label1\" content=\"Est. reading time\" \/>\n\t<meta name=\"twitter:data1\" content=\"2 minutes\" \/>\n<script type=\"application\/ld+json\" class=\"yoast-schema-graph\">{\"@context\":\"https:\\\/\\\/schema.org\",\"@graph\":[{\"@type\":\"WebPage\",\"@id\":\"https:\\\/\\\/www.stratign.com\\\/fr\\\/unified-satellite-phone-interception-system\\\/\",\"url\":\"https:\\\/\\\/www.stratign.com\\\/fr\\\/unified-satellite-phone-interception-system\\\/\",\"name\":\"SYST\u00c8ME UNIFI\u00c9 D\u2019INTERCEPTION DES T\u00c9L\u00c9PHONES PAR SATELLITE - Stratign\",\"isPartOf\":{\"@id\":\"https:\\\/\\\/www.stratign.com\\\/fr\\\/#website\"},\"datePublished\":\"2021-09-22T08:55:58+00:00\",\"dateModified\":\"2024-03-05T05:47:06+00:00\",\"description\":\"Un syst\u00e8me unifi\u00e9 d'interception des t\u00e9l\u00e9phones par satellite peut intercepter les t\u00e9l\u00e9phones Thuraya, ISAT et Iridium, configur\u00e9 pour des op\u00e9rations tactiques ou strat\u00e9giques.\",\"breadcrumb\":{\"@id\":\"https:\\\/\\\/www.stratign.com\\\/fr\\\/unified-satellite-phone-interception-system\\\/#breadcrumb\"},\"inLanguage\":\"en-US\",\"potentialAction\":[{\"@type\":\"ReadAction\",\"target\":[\"https:\\\/\\\/www.stratign.com\\\/fr\\\/unified-satellite-phone-interception-system\\\/\"]}]},{\"@type\":\"BreadcrumbList\",\"@id\":\"https:\\\/\\\/www.stratign.com\\\/fr\\\/unified-satellite-phone-interception-system\\\/#breadcrumb\",\"itemListElement\":[{\"@type\":\"ListItem\",\"position\":1,\"name\":\"Home\",\"item\":\"https:\\\/\\\/www.stratign.com\\\/fr\\\/\"},{\"@type\":\"ListItem\",\"position\":2,\"name\":\"SYST\u00c8ME UNIFI\u00c9 D\u2019INTERCEPTION DES T\u00c9L\u00c9PHONES PAR SATELLITE\"}]},{\"@type\":\"WebSite\",\"@id\":\"https:\\\/\\\/www.stratign.com\\\/fr\\\/#website\",\"url\":\"https:\\\/\\\/www.stratign.com\\\/fr\\\/\",\"name\":\"Stratign\",\"description\":\"Military Defense Technology\",\"potentialAction\":[{\"@type\":\"SearchAction\",\"target\":{\"@type\":\"EntryPoint\",\"urlTemplate\":\"https:\\\/\\\/www.stratign.com\\\/fr\\\/?s={search_term_string}\"},\"query-input\":{\"@type\":\"PropertyValueSpecification\",\"valueRequired\":true,\"valueName\":\"search_term_string\"}}],\"inLanguage\":\"en-US\"}]}<\/script>\n<!-- \/ Yoast SEO plugin. -->","yoast_head_json":{"title":"SYST\u00c8ME UNIFI\u00c9 D\u2019INTERCEPTION DES T\u00c9L\u00c9PHONES PAR SATELLITE - Stratign","description":"Un syst\u00e8me unifi\u00e9 d'interception des t\u00e9l\u00e9phones par satellite peut intercepter les t\u00e9l\u00e9phones Thuraya, ISAT et Iridium, configur\u00e9 pour des op\u00e9rations tactiques ou strat\u00e9giques.","robots":{"index":"index","follow":"follow","max-snippet":"max-snippet:-1","max-image-preview":"max-image-preview:large","max-video-preview":"max-video-preview:-1"},"canonical":"https:\/\/www.stratign.com\/fr\/unified-satellite-phone-interception-system\/","og_locale":"en_US","og_type":"article","og_title":"SYST\u00c8ME UNIFI\u00c9 D\u2019INTERCEPTION DES T\u00c9L\u00c9PHONES PAR SATELLITE - Stratign","og_description":"Un syst\u00e8me unifi\u00e9 d'interception des t\u00e9l\u00e9phones par satellite peut intercepter les t\u00e9l\u00e9phones Thuraya, ISAT et Iridium, configur\u00e9 pour des op\u00e9rations tactiques ou strat\u00e9giques.","og_url":"https:\/\/www.stratign.com\/fr\/unified-satellite-phone-interception-system\/","og_site_name":"Stratign","article_publisher":"https:\/\/www.facebook.com\/stratignfb\/","article_modified_time":"2024-03-05T05:47:06+00:00","twitter_card":"summary_large_image","twitter_site":"@stratign","twitter_misc":{"Est. reading time":"2 minutes"},"schema":{"@context":"https:\/\/schema.org","@graph":[{"@type":"WebPage","@id":"https:\/\/www.stratign.com\/fr\/unified-satellite-phone-interception-system\/","url":"https:\/\/www.stratign.com\/fr\/unified-satellite-phone-interception-system\/","name":"SYST\u00c8ME UNIFI\u00c9 D\u2019INTERCEPTION DES T\u00c9L\u00c9PHONES PAR SATELLITE - Stratign","isPartOf":{"@id":"https:\/\/www.stratign.com\/fr\/#website"},"datePublished":"2021-09-22T08:55:58+00:00","dateModified":"2024-03-05T05:47:06+00:00","description":"Un syst\u00e8me unifi\u00e9 d'interception des t\u00e9l\u00e9phones par satellite peut intercepter les t\u00e9l\u00e9phones Thuraya, ISAT et Iridium, configur\u00e9 pour des op\u00e9rations tactiques ou strat\u00e9giques.","breadcrumb":{"@id":"https:\/\/www.stratign.com\/fr\/unified-satellite-phone-interception-system\/#breadcrumb"},"inLanguage":"en-US","potentialAction":[{"@type":"ReadAction","target":["https:\/\/www.stratign.com\/fr\/unified-satellite-phone-interception-system\/"]}]},{"@type":"BreadcrumbList","@id":"https:\/\/www.stratign.com\/fr\/unified-satellite-phone-interception-system\/#breadcrumb","itemListElement":[{"@type":"ListItem","position":1,"name":"Home","item":"https:\/\/www.stratign.com\/fr\/"},{"@type":"ListItem","position":2,"name":"SYST\u00c8ME UNIFI\u00c9 D\u2019INTERCEPTION DES T\u00c9L\u00c9PHONES PAR SATELLITE"}]},{"@type":"WebSite","@id":"https:\/\/www.stratign.com\/fr\/#website","url":"https:\/\/www.stratign.com\/fr\/","name":"Stratign","description":"Military Defense Technology","potentialAction":[{"@type":"SearchAction","target":{"@type":"EntryPoint","urlTemplate":"https:\/\/www.stratign.com\/fr\/?s={search_term_string}"},"query-input":{"@type":"PropertyValueSpecification","valueRequired":true,"valueName":"search_term_string"}}],"inLanguage":"en-US"}]}},"_links":{"self":[{"href":"https:\/\/www.stratign.com\/fr\/wp-json\/wp\/v2\/pages\/3298","targetHints":{"allow":["GET"]}}],"collection":[{"href":"https:\/\/www.stratign.com\/fr\/wp-json\/wp\/v2\/pages"}],"about":[{"href":"https:\/\/www.stratign.com\/fr\/wp-json\/wp\/v2\/types\/page"}],"author":[{"embeddable":true,"href":"https:\/\/www.stratign.com\/fr\/wp-json\/wp\/v2\/users\/1"}],"replies":[{"embeddable":true,"href":"https:\/\/www.stratign.com\/fr\/wp-json\/wp\/v2\/comments?post=3298"}],"version-history":[{"count":6,"href":"https:\/\/www.stratign.com\/fr\/wp-json\/wp\/v2\/pages\/3298\/revisions"}],"predecessor-version":[{"id":15129,"href":"https:\/\/www.stratign.com\/fr\/wp-json\/wp\/v2\/pages\/3298\/revisions\/15129"}],"wp:attachment":[{"href":"https:\/\/www.stratign.com\/fr\/wp-json\/wp\/v2\/media?parent=3298"}],"curies":[{"name":"wp","href":"https:\/\/api.w.org\/{rel}","templated":true}]}}