{"id":3306,"date":"2021-09-22T10:46:34","date_gmt":"2021-09-22T10:46:34","guid":{"rendered":"https:\/\/stratign.com\/website\/?page_id=3306"},"modified":"2024-03-05T09:32:15","modified_gmt":"2024-03-05T05:32:15","slug":"satellite-trunk-interception-system","status":"publish","type":"page","link":"https:\/\/www.stratign.com\/fr\/satellite-trunk-interception-system\/","title":{"rendered":"SYST\u00c8ME D\u2019INTERCEPTION DES COMMUNICATIONS PAR SATELLITE \/ VSAT"},"content":{"rendered":"<section class=\"wpb-content-wrapper\"><p>[vc_row][vc_column][tm_spacer size=&#8221;xs:20;sm:40;lg:80&#8243;][tm_heading tag=&#8221;h4&#8243; custom_google_font=&#8221;&#8221; align=&#8221;center&#8221; text_color=&#8221;secondary&#8221; font_size=&#8221;sm:28;md:34;lg:40&#8243; line_height=&#8221;1.4&#8243;]SYST\u00c8ME D&#8217;INTERCEPTION DES COMMUNICATIONS PAR SATELLITE \/ VSAT[\/tm_heading][tm_spacer size=&#8221;xs:20;sm:30;lg:60&#8243;][\/vc_column][\/vc_row][vc_row sm_spacing=&#8221;padding_bottom:100&#8243; lg_spacing=&#8221;padding_bottom:5&#8243;][vc_column offset=&#8221;vc_col-md-5&#8243;][tm_heading style=&#8221;left-line&#8221; custom_google_font=&#8221;&#8221; font_weight=&#8221;800&#8243; font_size=&#8221;sm:18;md:21;lg:24&#8243; line_height=&#8221;1.67&#8243; max_width=&#8221;400px&#8221;]Le syst\u00e8me d&#8217;interception des liaisons satellite de Stratign permet d&#8217;intercepter les liaisons satellite\/VSAT dans les bandes C, X, Ku et Ka.[\/tm_heading][\/vc_column][vc_column offset=&#8221;vc_col-md-7&#8243;][tm_heading tag=&#8221;div&#8221; custom_google_font=&#8221;&#8221; font_size=&#8221;lg:18&#8243; line_height=&#8221;1.67&#8243;]Les progr\u00e8s technologiques consid\u00e9rables r\u00e9alis\u00e9s dans le domaine des communications par satellite ont permis aux organisations gouvernementales et priv\u00e9es de transmettre d&#8217;\u00e9normes quantit\u00e9s de donn\u00e9es par l&#8217;interm\u00e9diaire de ces r\u00e9seaux. Cette \u00e9volution est n\u00e9e de la n\u00e9cessit\u00e9 d&#8217;assurer des communications infaillibles vers des lieux \u00e9loign\u00e9s \u00e0 l&#8217;aide de supports satellitaires sans d\u00e9pendre du r\u00e9seau de communication terrestre pour la connectivit\u00e9.[\/tm_heading][\/vc_column][\/vc_row][vc_row sm_spacing=&#8221;margin_top:-90&#8243; xs_spacing=&#8221;margin_top:-90&#8243;][vc_column][tm_heading tag=&#8221;div&#8221; custom_google_font=&#8221;&#8221; font_size=&#8221;lg:18&#8243; line_height=&#8221;1.67&#8243;]Le besoin d&#8217;une connectivit\u00e9 d\u00e9di\u00e9e \u00e0 chaque site et de vitesses de r\u00e9seau fiables entre les diff\u00e9rents bureaux d&#8217;une m\u00eame organisation a entra\u00een\u00e9 une croissance rapide du trafic VSAT dans le monde entier. Cette \u00e9volution a \u00e9galement co\u00efncid\u00e9 avec l&#8217;utilisation \u00e0 grande \u00e9chelle de la bande Ku, qui a permis d&#8217;\u00e9largir la bande passante par rapport \u00e0 la bande C, plus restreinte.[\/tm_heading][tm_spacer size=&#8221;xs:10;sm:10;lg:20&#8243;][tm_heading tag=&#8221;div&#8221; custom_google_font=&#8221;&#8221; font_size=&#8221;lg:18&#8243; line_height=&#8221;1.67&#8243;]Le syst\u00e8me d&#8217;interception des communications par satellite de Stratign est un produit de pointe con\u00e7u pour r\u00e9pondre aux aspirations de nos clients et leur permettre d&#8217;intercepter et de traiter divers r\u00e9seaux satellitaires et leurs terminaux de mani\u00e8re interactive. Ce syst\u00e8me a \u00e9t\u00e9 con\u00e7u pour permettre la recherche de r\u00e9seaux satellitaires sur les fr\u00e9quences des bandes C, X, Ku et Ka et pour identifier les types de terminaux satellitaires et l&#8217;identit\u00e9 de leurs r\u00e9seaux. Le syst\u00e8me fournit un aper\u00e7u des transporteurs captur\u00e9s et de leur charge utile. L&#8217;identification de la charge utile est particuli\u00e8rement utile \u00e0 l&#8217;agence pour choisir le r\u00e9seau satellite \u00e0 surveiller.[\/tm_heading][tm_spacer size=&#8221;xs:10;sm:10;lg:20&#8243;][tm_heading tag=&#8221;div&#8221; custom_google_font=&#8221;&#8221; font_size=&#8221;lg:18&#8243; line_height=&#8221;1.67&#8243;]Dans l&#8217;environnement s\u00e9curitaire actuel, les gouvernements doivent surveiller les conversations, les fax, les messages \u00e9lectroniques et les autres donn\u00e9es transmises par les r\u00e9seaux satellitaires pour les communications nationales et internationales. Si la plupart des communications par satellite sont parfaitement l\u00e9gitimes, l&#8217;\u00e9tendue de la couverture g\u00e9ographique offerte par les r\u00e9seaux de communication par satellite fait qu&#8217;ils sont privil\u00e9gi\u00e9s par les groupes subversifs dans les r\u00e9gions \u00e9loign\u00e9es. Le syst\u00e8me d&#8217;interception par satellite est donc un \u00e9l\u00e9ment essentiel des op\u00e9rations de collecte de renseignements \u00e0 l&#8217;\u00e9chelle nationale.[\/tm_heading][tm_spacer size=&#8221;lg:50&#8243;][\/vc_column][\/vc_row][vc_row][vc_column][tm_spacer size=&#8221;lg:50&#8243;][tm_heading tag=&#8221;h4&#8243; custom_google_font=&#8221;&#8221; align=&#8221;center&#8221; text_color=&#8221;secondary&#8221; font_size=&#8221;sm:28;md:34;lg:40&#8243; line_height=&#8221;1.4&#8243; css=&#8221;.vc_custom_1704177673995{background-position: center !important;background-repeat: no-repeat !important;background-size: contain !important;}&#8221;]Caract\u00e9ristiques du syst\u00e8me[\/tm_heading][tm_spacer size=&#8221;lg:40&#8243;][tm_list list_style=&#8221;check-02&#8243; marker_color=&#8221;secondary&#8221; title_color=&#8221;primary&#8221; columns=&#8221;xs:1;lg:2&#8243; items=&#8221;%5B%7B%22item_title%22%3A%22Interception%20des%20bandes%20C%2C%20X%2C%20Ka%20et%20Ku%22%2C%22item_desc%22%3A%22Intercepte%20le%20trafic%20en%20route%20et%20en%20sortie%20via%20les%20hubs%20et%20terminaux%20satellites%20fonctionnant%20sur%20les%20bandes%20C%2C%20X%2C%20Ku%20et%20Ka.%22%7D%2C%7B%22item_title%22%3A%22Classification%20des%20types%20de%20r%C3%A9seau%22%2C%22link%22%3A%22%7C%7C%7C%22%2C%22item_desc%22%3A%22Effectue%20un%20balayage%20automatique%20de%20tous%20les%20transpondeurs%20du%20satellite%20s%C3%A9lectionn%C3%A9%20pour%20classer%20les%20transporteurs%20et%20leur%20type%20de%20r%C3%A9seau%20correspondant.%20Classification%20automatique%20des%20communications%20au-del%C3%A0%20de%20la%20ligne%20de%20vis%C3%A9e%20Liens%20et%20type%20de%20modem.%22%7D%2C%7B%22item_title%22%3A%22Caract%C3%A9ristiques%20multiples%22%2C%22item_desc%22%3A%22Affiche%20les%20param%C3%A8tres%20des%20caract%C3%A9ristiques%20multiples%20de%20la%20porteuse%2C%20notamment%20la%20largeur%20de%20bande%2C%20le%20d%C3%A9bit%20de%20symbole%2C%20le%20type%20de%20modulation%2C%20la%20fr%C3%A9quence%20centrale%20et%20la%20puissance%20RF.%22%7D%2C%7B%22item_title%22%3A%22Zone%20d&#8217;int%C3%A9r%C3%AAt%22%2C%22link%22%3A%22%7C%7C%7C%22%2C%22item_desc%22%3A%22Le%20syst%C3%A8me%20est%20capable%20de%20trouver%20les%20communications%20par%20satellite%20qui%20ont%20lieu%20dans%20la%20zone%20d&#8217;int%C3%A9r%C3%AAt%22%7D%2C%7B%22item_title%22%3A%22Identifier%20la%20topologie%20du%20r%C3%A9seau%22%2C%22item_desc%22%3A%22Permet%20de%20d%C3%A9tecter%20les%20trajets%20cach%C3%A9s%20et%20d&#8217;identifier%20les%20diff%C3%A9rentes%20topologies%20de%20r%C3%A9seau%20(%C3%A9toile%2Fmaillage).%22%7D%2C%7B%22item_title%22%3A%22Trafic%20utile%22%2C%22item_desc%22%3A%22Fournit%20un%20aper%C3%A7u%20de%20la%20charge%20utile%20du%20trafic%20provenant%20des%20r%C3%A9seaux%20d&#8217;op%C3%A9rateurs%20analys%C3%A9s.%22%7D%2C%7B%22item_title%22%3A%22Interception%20des%20sessions%20vocales%2C%20de%20fax%20et%20de%20donn%C3%A9es%22%2C%22item_desc%22%3A%22Fournit%20des%20informations%20sur%20les%20sessions%20vocales%2C%20de%20t%C3%A9l%C3%A9copie%20et%20de%20donn%C3%A9es%20(y%20compris%20les%20pages%20Web%2C%20les%20courriels%2C%20la%20vid%C3%A9o%2C%20l&#8217;audio%2C%20le%20clavardage%20et%20les%20appels%20VoIP).%22%7D%2C%7B%22item_title%22%3A%22Analyse%20de%20la%20porteuse%22%2C%22item_desc%22%3A%22Prend%20en%20charge%20les%20modes%20automatique%20et%20manuel%20d&#8217;analyse%20de%20la%20porteuse.%22%7D%2C%7B%22item_title%22%3A%22Types%20de%20terminaux%22%2C%22item_desc%22%3A%22Interception%20de%20tous%20les%20types%20de%20terminaux%20(a%C3%A9riens%2C%20maritimes%20et%20fixes)%20et%20surveillance%20des%20liaisons%20vocales%20internationales%2C%20du%20trafic%20de%20retour%20des%20t%C3%A9l%C3%A9phones%20mobiles%2C%20du%20backbone%20IP%2C%20etc.%22%7D%2C%7B%22item_title%22%3A%22D%C3%A9codeurs%20VoIP%22%2C%22item_desc%22%3A%22Le%20syst%C3%A8me%20dispose%20de%20d%C3%A9codeurs%20VoIP%20int%C3%A9gr%C3%A9s%20pour%20d%C3%A9coder%20et%20produire%20des%20sessions%20vocales%20transmises%20par%20Voix%20sur%20IP.%22%7D%2C%7B%22item_title%22%3A%22D%C3%A9codeur%20de%20donn%C3%A9es%20Internet%22%2C%22item_desc%22%3A%22Int%C3%A9gr%C3%A9%20%C3%A0%20un%20d%C3%A9codeur%20de%20donn%C3%A9es%20Internet%20pour%20prendre%20en%20charge%20plusieurs%20types%20de%20protocoles%20Internet.%22%7D%2C%7B%22item_title%22%3A%22Capacit%C3%A9%20de%20stockage%22%2C%22item_desc%22%3A%22Interface%20graphique%20conviviale%20et%20capacit%C3%A9%20de%20stockage%20de%2020%20TB.%22%7D%2C%7B%22item_title%22%3A%22Outils%20d&#8217;analyse%20du%20texte%20et%20de%20la%20parole%22%2C%22item_desc%22%3A%22Int%C3%A9gration%20ais%C3%A9e%20avec%20les%20outils%20d&#8217;analyse%20du%20texte%20et%20de%20la%20parole.%22%7D%2C%7B%22item_title%22%3A%22Architecture%20modulaire%22%2C%22item_desc%22%3A%22L&#8217;architecture%20modulaire%20permet%20d&#8217;%C3%A9tendre%20le%20syst%C3%A8me%20en%20ajoutant%20simplement%20des%20d%C3%A9modulateurs%20et%20des%20licences%20logicielles%20suppl%C3%A9mentaires.%22%7D%5D&#8221; custom_css=&#8221;LnRtLWxpc3Quc3R5bGUtY2hlY2stMDIlMjAuZGVzYyUyMCU3QiUwQSUyMCUyMCUyMCUyMG1hcmdpbi10b3AlM0ElMjAxMHB4JTNCJTBBJTIwJTIwJTIwJTIwbWFyZ2luLWJvdHRvbSUzQSUyMDEwcHglM0IlMEElN0Q=&#8221;][tm_spacer size=&#8221;xs:30;sm:60;lg:120&#8243;][\/vc_column][\/vc_row][vc_row css_animation=&#8221;none&#8221; lg_spacing=&#8221;margin_bottom:10&#8243; md_spacing=&#8221;margin_bottom:10&#8243;][vc_column width=&#8221;1\/4&#8243;][tm_heading tag=&#8221;h4&#8243; custom_google_font=&#8221;&#8221; css=&#8221;.vc_custom_1702534293059{margin-top: 10px !important;}&#8221;]En savoir plus[\/tm_heading][\/vc_column][vc_column width=&#8221;1\/4&#8243;][tm_button button=&#8221;url:https%3A%2F%2Fwww.stratign.com%2Fcontact-us%2F|title:Nous%20contacter%20&#8243; el_id=&#8221;Contact-us-other&#8221;][\/vc_column][vc_column width=&#8221;1\/4&#8243;][tm_heading tag=&#8221;h4&#8243; custom_google_font=&#8221;&#8221;]T\u00e9l\u00e9charger la brochure[\/tm_heading][\/vc_column][vc_column width=&#8221;1\/4&#8243;][tm_button button=&#8221;url:https%3A%2F%2Fwww.stratign.com%2Fbrochures%2F|title:T%C3%A9l%C3%A9charger&#8221; el_id=&#8221;Brochure-other&#8221;][\/vc_column][\/vc_row]<\/p>\n<\/section>","protected":false},"excerpt":{"rendered":"<p>Stratign\u2019s Satellite Trunk Interception System allows interception of satellite trunks\/VSAT links in the C, X, Ku and Ka bands.<\/p>\n","protected":false},"author":1,"featured_media":0,"parent":0,"menu_order":0,"comment_status":"closed","ping_status":"closed","template":"","meta":{"footnotes":""},"class_list":["post-3306","page","type-page","status-publish","hentry","post-no-thumbnail"],"yoast_head":"<!-- This site is optimized with the Yoast SEO plugin v27.3 - https:\/\/yoast.com\/product\/yoast-seo-wordpress\/ -->\n<title>SYST\u00c8ME D\u2019INTERCEPTION DES COMMUNICATIONS PAR SATELLITE \/ VSAT - Stratign<\/title>\n<meta name=\"description\" content=\"Le syst\u00e8me d&#039;interception des troncs de satellites permet de rechercher et d&#039;intercepter les r\u00e9seaux de satellites sur les bandes de fr\u00e9quences C, X, Ku et Ka.\" \/>\n<meta name=\"robots\" content=\"index, follow, max-snippet:-1, max-image-preview:large, max-video-preview:-1\" \/>\n<link rel=\"canonical\" href=\"https:\/\/www.stratign.com\/fr\/satellite-trunk-interception-system\/\" \/>\n<meta property=\"og:locale\" content=\"en_US\" \/>\n<meta property=\"og:type\" content=\"article\" \/>\n<meta property=\"og:title\" content=\"SYST\u00c8ME D\u2019INTERCEPTION DES COMMUNICATIONS PAR SATELLITE \/ VSAT - Stratign\" \/>\n<meta property=\"og:description\" content=\"Le syst\u00e8me d&#039;interception des troncs de satellites permet de rechercher et d&#039;intercepter les r\u00e9seaux de satellites sur les bandes de fr\u00e9quences C, X, Ku et Ka.\" \/>\n<meta property=\"og:url\" content=\"https:\/\/www.stratign.com\/fr\/satellite-trunk-interception-system\/\" \/>\n<meta property=\"og:site_name\" content=\"Stratign\" \/>\n<meta property=\"article:publisher\" content=\"https:\/\/www.facebook.com\/stratignfb\/\" \/>\n<meta property=\"article:modified_time\" content=\"2024-03-05T05:32:15+00:00\" \/>\n<meta name=\"twitter:card\" content=\"summary_large_image\" \/>\n<meta name=\"twitter:site\" content=\"@stratign\" \/>\n<meta name=\"twitter:label1\" content=\"Est. reading time\" \/>\n\t<meta name=\"twitter:data1\" content=\"2 minutes\" \/>\n<script type=\"application\/ld+json\" class=\"yoast-schema-graph\">{\"@context\":\"https:\\\/\\\/schema.org\",\"@graph\":[{\"@type\":\"WebPage\",\"@id\":\"https:\\\/\\\/www.stratign.com\\\/fr\\\/satellite-trunk-interception-system\\\/\",\"url\":\"https:\\\/\\\/www.stratign.com\\\/fr\\\/satellite-trunk-interception-system\\\/\",\"name\":\"SYST\u00c8ME D\u2019INTERCEPTION DES COMMUNICATIONS PAR SATELLITE \\\/ VSAT - Stratign\",\"isPartOf\":{\"@id\":\"https:\\\/\\\/www.stratign.com\\\/fr\\\/#website\"},\"datePublished\":\"2021-09-22T10:46:34+00:00\",\"dateModified\":\"2024-03-05T05:32:15+00:00\",\"description\":\"Le syst\u00e8me d'interception des troncs de satellites permet de rechercher et d'intercepter les r\u00e9seaux de satellites sur les bandes de fr\u00e9quences C, X, Ku et Ka.\",\"breadcrumb\":{\"@id\":\"https:\\\/\\\/www.stratign.com\\\/fr\\\/satellite-trunk-interception-system\\\/#breadcrumb\"},\"inLanguage\":\"en-US\",\"potentialAction\":[{\"@type\":\"ReadAction\",\"target\":[\"https:\\\/\\\/www.stratign.com\\\/fr\\\/satellite-trunk-interception-system\\\/\"]}]},{\"@type\":\"BreadcrumbList\",\"@id\":\"https:\\\/\\\/www.stratign.com\\\/fr\\\/satellite-trunk-interception-system\\\/#breadcrumb\",\"itemListElement\":[{\"@type\":\"ListItem\",\"position\":1,\"name\":\"Home\",\"item\":\"https:\\\/\\\/www.stratign.com\\\/fr\\\/\"},{\"@type\":\"ListItem\",\"position\":2,\"name\":\"SYST\u00c8ME D\u2019INTERCEPTION DES COMMUNICATIONS PAR SATELLITE \\\/ VSAT\"}]},{\"@type\":\"WebSite\",\"@id\":\"https:\\\/\\\/www.stratign.com\\\/fr\\\/#website\",\"url\":\"https:\\\/\\\/www.stratign.com\\\/fr\\\/\",\"name\":\"Stratign\",\"description\":\"Military Defense Technology\",\"potentialAction\":[{\"@type\":\"SearchAction\",\"target\":{\"@type\":\"EntryPoint\",\"urlTemplate\":\"https:\\\/\\\/www.stratign.com\\\/fr\\\/?s={search_term_string}\"},\"query-input\":{\"@type\":\"PropertyValueSpecification\",\"valueRequired\":true,\"valueName\":\"search_term_string\"}}],\"inLanguage\":\"en-US\"}]}<\/script>\n<!-- \/ Yoast SEO plugin. -->","yoast_head_json":{"title":"SYST\u00c8ME D\u2019INTERCEPTION DES COMMUNICATIONS PAR SATELLITE \/ VSAT - Stratign","description":"Le syst\u00e8me d'interception des troncs de satellites permet de rechercher et d'intercepter les r\u00e9seaux de satellites sur les bandes de fr\u00e9quences C, X, Ku et Ka.","robots":{"index":"index","follow":"follow","max-snippet":"max-snippet:-1","max-image-preview":"max-image-preview:large","max-video-preview":"max-video-preview:-1"},"canonical":"https:\/\/www.stratign.com\/fr\/satellite-trunk-interception-system\/","og_locale":"en_US","og_type":"article","og_title":"SYST\u00c8ME D\u2019INTERCEPTION DES COMMUNICATIONS PAR SATELLITE \/ VSAT - Stratign","og_description":"Le syst\u00e8me d'interception des troncs de satellites permet de rechercher et d'intercepter les r\u00e9seaux de satellites sur les bandes de fr\u00e9quences C, X, Ku et Ka.","og_url":"https:\/\/www.stratign.com\/fr\/satellite-trunk-interception-system\/","og_site_name":"Stratign","article_publisher":"https:\/\/www.facebook.com\/stratignfb\/","article_modified_time":"2024-03-05T05:32:15+00:00","twitter_card":"summary_large_image","twitter_site":"@stratign","twitter_misc":{"Est. reading time":"2 minutes"},"schema":{"@context":"https:\/\/schema.org","@graph":[{"@type":"WebPage","@id":"https:\/\/www.stratign.com\/fr\/satellite-trunk-interception-system\/","url":"https:\/\/www.stratign.com\/fr\/satellite-trunk-interception-system\/","name":"SYST\u00c8ME D\u2019INTERCEPTION DES COMMUNICATIONS PAR SATELLITE \/ VSAT - Stratign","isPartOf":{"@id":"https:\/\/www.stratign.com\/fr\/#website"},"datePublished":"2021-09-22T10:46:34+00:00","dateModified":"2024-03-05T05:32:15+00:00","description":"Le syst\u00e8me d'interception des troncs de satellites permet de rechercher et d'intercepter les r\u00e9seaux de satellites sur les bandes de fr\u00e9quences C, X, Ku et Ka.","breadcrumb":{"@id":"https:\/\/www.stratign.com\/fr\/satellite-trunk-interception-system\/#breadcrumb"},"inLanguage":"en-US","potentialAction":[{"@type":"ReadAction","target":["https:\/\/www.stratign.com\/fr\/satellite-trunk-interception-system\/"]}]},{"@type":"BreadcrumbList","@id":"https:\/\/www.stratign.com\/fr\/satellite-trunk-interception-system\/#breadcrumb","itemListElement":[{"@type":"ListItem","position":1,"name":"Home","item":"https:\/\/www.stratign.com\/fr\/"},{"@type":"ListItem","position":2,"name":"SYST\u00c8ME D\u2019INTERCEPTION DES COMMUNICATIONS PAR SATELLITE \/ VSAT"}]},{"@type":"WebSite","@id":"https:\/\/www.stratign.com\/fr\/#website","url":"https:\/\/www.stratign.com\/fr\/","name":"Stratign","description":"Military Defense Technology","potentialAction":[{"@type":"SearchAction","target":{"@type":"EntryPoint","urlTemplate":"https:\/\/www.stratign.com\/fr\/?s={search_term_string}"},"query-input":{"@type":"PropertyValueSpecification","valueRequired":true,"valueName":"search_term_string"}}],"inLanguage":"en-US"}]}},"_links":{"self":[{"href":"https:\/\/www.stratign.com\/fr\/wp-json\/wp\/v2\/pages\/3306","targetHints":{"allow":["GET"]}}],"collection":[{"href":"https:\/\/www.stratign.com\/fr\/wp-json\/wp\/v2\/pages"}],"about":[{"href":"https:\/\/www.stratign.com\/fr\/wp-json\/wp\/v2\/types\/page"}],"author":[{"embeddable":true,"href":"https:\/\/www.stratign.com\/fr\/wp-json\/wp\/v2\/users\/1"}],"replies":[{"embeddable":true,"href":"https:\/\/www.stratign.com\/fr\/wp-json\/wp\/v2\/comments?post=3306"}],"version-history":[{"count":8,"href":"https:\/\/www.stratign.com\/fr\/wp-json\/wp\/v2\/pages\/3306\/revisions"}],"predecessor-version":[{"id":15116,"href":"https:\/\/www.stratign.com\/fr\/wp-json\/wp\/v2\/pages\/3306\/revisions\/15116"}],"wp:attachment":[{"href":"https:\/\/www.stratign.com\/fr\/wp-json\/wp\/v2\/media?parent=3306"}],"curies":[{"name":"wp","href":"https:\/\/api.w.org\/{rel}","templated":true}]}}