{"id":3322,"date":"2021-09-23T07:14:21","date_gmt":"2021-09-23T07:14:21","guid":{"rendered":"https:\/\/stratign.com\/website\/?page_id=3322"},"modified":"2024-03-05T09:50:10","modified_gmt":"2024-03-05T05:50:10","slug":"mobile-h-v-uhf-radio-monitoring-df-station","status":"publish","type":"page","link":"https:\/\/www.stratign.com\/fr\/mobile-h-v-uhf-radio-monitoring-df-station\/","title":{"rendered":"STATION MOBILE DE SURVEILLANCE RADIO H\/V\/UHF ET RADIOGONIOMETRIE"},"content":{"rendered":"<section class=\"wpb-content-wrapper\"><p>[vc_row][vc_column][tm_spacer size=&#8221;xs:20;sm:40;lg:80&#8243;][tm_heading tag=&#8221;h4&#8243; custom_google_font=&#8221;&#8221; text_transform=&#8221;uppercase&#8221; align=&#8221;center&#8221; text_color=&#8221;secondary&#8221; font_size=&#8221;sm:28;md:34;lg:40&#8243; line_height=&#8221;1.4&#8243;]STATION MOBILE DE SURVEILLANCE RADIO H\/V\/UHF ET RADIOGONIOMETRIE[\/tm_heading][tm_spacer size=&#8221;xs:20;sm:30;lg:60&#8243;][\/vc_column][\/vc_row][vc_row sm_spacing=&#8221;padding_bottom:100&#8243; lg_spacing=&#8221;padding_bottom:5&#8243;][vc_column offset=&#8221;vc_col-md-5&#8243;][tm_heading style=&#8221;left-line&#8221; custom_google_font=&#8221;&#8221; font_weight=&#8221;800&#8243; font_size=&#8221;sm:18;md:21;lg:24&#8243; line_height=&#8221;1.67&#8243; max_width=&#8221;400px&#8221;]Stratign propose des solutions mobiles pour l&#8217;interception et la radiogoniom\u00e9trie des signaux radio dans les bandes de fr\u00e9quences H\/V\/UHF avec des capacit\u00e9s de d\u00e9modulation et de d\u00e9codage.[\/tm_heading][\/vc_column][vc_column offset=&#8221;vc_col-md-7&#8243;][tm_heading tag=&#8221;div&#8221; custom_google_font=&#8221;&#8221; font_size=&#8221;lg:18&#8243; line_height=&#8221;1.67&#8243;]Le syst\u00e8me de surveillance et de d\u00e9tection H\/V\/UHF peut \u00eatre utilis\u00e9 dans diff\u00e9rents sc\u00e9narios en fonction des exigences de la mission. Les syst\u00e8mes mobiles sont d\u00e9ploy\u00e9s sur une plate-forme mobile (v\u00e9hicules l\u00e9gers ou MPV) pour intercepter le trafic dans cette zone g\u00e9n\u00e9rale. Le v\u00e9hicule peut \u00eatre amen\u00e9 dans la zone d&#8217;int\u00e9r\u00eat g\u00e9n\u00e9ral et peut \u00eatre rendu op\u00e9rationnel avec un minimum de personnel dans un court laps de temps. En g\u00e9n\u00e9ral, trois v\u00e9hicules de ce type fonctionnent en mode int\u00e9gr\u00e9 pour permettre la localisation de la cible par la m\u00e9thode de triangulation.[\/tm_heading][\/vc_column][\/vc_row][vc_row sm_spacing=&#8221;margin_top:-90&#8243; xs_spacing=&#8221;margin_top:-90&#8243;][vc_column][tm_heading tag=&#8221;div&#8221; custom_google_font=&#8221;&#8221; font_size=&#8221;lg:18&#8243; line_height=&#8221;1.67&#8243;]Ces stations mobiles peuvent \u00e9galement fonctionner en tandem avec nos solutions statiques ou portables. Les stations mobiles peuvent \u00eatre connect\u00e9es \u00e0 une base de donn\u00e9es centrale \u00e0 des fins de stockage et d&#8217;analyse. Stratign propose \u00e9galement un syst\u00e8me de contr\u00f4le du spectre enti\u00e8rement automatis\u00e9 (ASMS) qui permet la mise en r\u00e9seau de toutes les stations de contr\u00f4le et de radiocommunication et qui est centralis\u00e9 et contr\u00f4l\u00e9 \u00e0 partir d&#8217;une station de contr\u00f4le. Ce syst\u00e8me permet d&#8217;effectuer des analyses du spectre radio\u00e9lectrique sur une zone compl\u00e8te ou m\u00eame sur un pays.[\/tm_heading][tm_spacer size=&#8221;sm:10;lg:20&#8243;][tm_heading tag=&#8221;div&#8221; custom_google_font=&#8221;&#8221; font_size=&#8221;lg:18&#8243; line_height=&#8221;1.67&#8243;]Le fonctionnement du syst\u00e8me ne n\u00e9cessite pas de connaissances approfondies en mati\u00e8re de communication radio et fournit une excellente plateforme aux agences de renseignement pour obtenir des donn\u00e9es pr\u00e9cieuses sur les r\u00e9seaux radio utilis\u00e9s par les criminels et les terroristes.[\/tm_heading][\/vc_column][\/vc_row][vc_row][vc_column][tm_spacer size=&#8221;lg:50&#8243;][tm_heading tag=&#8221;h4&#8243; custom_google_font=&#8221;&#8221; align=&#8221;center&#8221; text_color=&#8221;secondary&#8221; font_size=&#8221;sm:28;md:34;lg:40&#8243; line_height=&#8221;1.4&#8243; css=&#8221;.vc_custom_1705388682641{background-position: center !important;background-repeat: no-repeat !important;background-size: contain !important;}&#8221;]Caract\u00e9ristiques du syst\u00e8me[\/tm_heading][tm_spacer size=&#8221;lg:40&#8243;][tm_list list_style=&#8221;check-02&#8243; marker_color=&#8221;secondary&#8221; title_color=&#8221;primary&#8221; columns=&#8221;xs:1;lg:2&#8243; items=&#8221;%5B%7B%22item_title%22%3A%22Analyse%20panoramique%20du%20spectre%22%2C%22item_desc%22%3A%22Analyse%20panoramique%20du%20spectre%20dans%20toute%20la%20gamme%20de%20fr%C3%A9quences%20op%C3%A9rationnelles%20(0%2C009%20-%208000%20MHz)%20ou%20dans%20des%20intervalles%20distincts%20dans%20un%20environnement%20%C3%A9lectromagn%C3%A9tique%20complexe.%22%7D%2C%7B%22item_title%22%3A%22D%C3%A9modulation%20et%20d%C3%A9codage%22%2C%22link%22%3A%22%7C%7C%7C%22%2C%22item_desc%22%3A%22D%C3%A9modulation%20des%20signaux%20AM%2C%20SSB%2C%20FM%20et%20d%C3%A9codage%20des%20signaux%20TETRA%2C%20DMR%2C%20DPR%2C%20DpMR%2C%20NXDN%20P25%2C%20etc.%22%7D%2C%7B%22item_title%22%3A%22Fr%C3%A9quence%20-%20Diagramme%20temporel%22%2C%22link%22%3A%22%7C%7C%7C%22%2C%22item_desc%22%3A%22Trac%C3%A9%20de%20fr%C3%A9quence%20-%20diagramme%20temporel%20dans%20les%20gammes%20de%20fr%C3%A9quences%20analys%C3%A9es.%22%7D%2C%7B%22item_title%22%3A%22Mesures%22%2C%22item_desc%22%3A%22Mesure%20de%20l&#8217;intensit%C3%A9%20du%20champ%20%C3%A9lectromagn%C3%A9tique%20et%20des%20param%C3%A8tres%20du%20signal.%22%7D%2C%7B%22item_title%22%3A%22Modes%20de%20canaux%22%2C%22item_desc%22%3A%22Radiogoniom%C3%A9trie%20automatique%20des%20sources%20d&#8217;%C3%A9mission%20radio%20avec%20des%20types%20de%20modulation%20et%20des%20largeurs%20de%20spectre%20al%C3%A9atoires%20en%20modes%20monocanal%20et%20multicanal.%22%7D%2C%7B%22item_title%22%3A%22Panorama%20de%20roulement%22%2C%22item_desc%22%3A%22Construction%20d&#8217;un%20panorama%20de%20roulements%20%C3%A0%20l&#8217;int%C3%A9rieur%20de%20la%20gamme%20de%20fr%C3%A9quences%20d&#8217;exploitation.%22%7D%2C%7B%22item_title%22%3A%22Affichage%20en%20temps%20r%C3%A9el%22%2C%22item_desc%22%3A%22Affichage%20en%20temps%20r%C3%A9el%20des%20roulements%2C%20du%20panorama%20du%20spectre%2C%20de%20l&#8217;historique%20des%20roulements%20et%20de%20l&#8217;historique%20de%20l&#8217;amplitude%20du%20signal.%22%7D%2C%7B%22item_title%22%3A%22Analyse%20technique%22%2C%22item_desc%22%3A%22Analyse%20technique%2C%20y%20compris%20la%20r%C3%A9v%C3%A9lation%20de%20la%20fr%C3%A9quence%20centrale%2C%20du%20type%20de%20signal%2C%20du%20type%20de%20modulation%2C%20de%20la%20largeur%20de%20bande%20du%20signal.%22%7D%2C%7B%22item_title%22%3A%22Mode%20post-traitement%22%2C%22item_desc%22%3A%22Accumulation%20de%20donn%C3%A9es%20en%20vue%20d&#8217;une%20analyse%20ult%C3%A9rieure%20en%20mode%20post-traitement.%22%7D%2C%7B%22item_title%22%3A%22Radiogoniom%C3%A9trie%20s%C3%A9lective%22%2C%22item_desc%22%3A%22Recherche%20s%C3%A9lective%20de%20la%20direction%20des%20signaux%20des%20stations%20de%20base%20GSM%2C%20UMTS%2C%20LTE.%22%7D%2C%7B%22item_title%22%3A%22Signaux%20de%20saut%20de%20fr%C3%A9quence%22%2C%22item_desc%22%3A%22D%C3%A9tection%20et%20radiogoniom%C3%A9trie%20des%20signaux%20de%20saut%20de%20fr%C3%A9quence%20(jusqu&#8217;%C3%A0%201500%20sauts%20par%20seconde).%22%7D%2C%7B%22item_title%22%3A%22Affichage%20du%20roulements%22%2C%22item_desc%22%3A%22Affichage%20du%20roulement%20d&#8217;une%20source%20d&#8217;%C3%A9mission%20radio%20sur%20une%20carte%20%C3%A9lectronique.%22%7D%2C%7B%22item_title%22%3A%22Carte%20%C3%A9lectronique%20int%C3%A9gr%C3%A9e%22%2C%22item_desc%22%3A%22Cartographie%20Informations%20de%20la%20base%20de%20donn%C3%A9es%20sur%20la%20carte%20%C3%A9lectronique.%22%7D%2C%7B%22item_title%22%3A%22Op%C3%A9ration%20%C3%A0%20distance%22%2C%22item_desc%22%3A%22Commande%20%C3%A0%20distance%20bas%C3%A9e%20sur%20TCP%2FIP%20par%20le%20biais%20de%20canaux%20de%20communication%20avec%20ou%20sans%20fil.%22%7D%2C%7B%22item_title%22%3A%22Fr%C3%A9quence%20%2F%20Param%C3%A8tres%20temporels%22%2C%22item_desc%22%3A%22V%C3%A9rification%20des%20fr%C3%A9quences%20%2F%20param%C3%A8tres%20temporels%20et%20des%20informations%20de%20service%20des%20stations%20de%20base%20des%20syst%C3%A8mes%20modernes%20de%20communication%20et%20de%20transmission%20de%20donn%C3%A9es%20(GSM%2C%20IS-95%2C%20cdma2000%2C%20EV-DO%2C%20UMTS%2C%20TETRA%2C%20DECT%2C%20LTE%2C%20DMR%2C%20APCO%20P25%2C%20dPMR%2C%20NXDN).%22%7D%2C%7B%22item_title%22%3A%22Synchronisation%20du%20syst%C3%A8me%20avec%20les%20signaux%20GPS%2FGLONASS%22%2C%22item_desc%22%3A%22Synchronisation%20des%20stations%20du%20syst%C3%A8me%20sur%20la%20base%20des%20signaux%20GLONASS%2FGPS%20tout%20en%20travaillant%20en%20mode%20int%C3%A9gr%C3%A9%20pour%20le%20radiogoniom%C3%A8tre%20synchrone%20et%20la%20LF%20des%20sources%20de%20signaux%20radio.%22%7D%2C%7B%22item_title%22%3A%22%20Triangulation%22%2C%22item_desc%22%3A%22%C3%89valuation%20de%20la%20localisation%20de%20l&#8217;%C3%A9metteur%20sur%20la%20base%20des%20donn%C3%A9es%20de%20radiogoniom%C3%A9trie%20(triangulation).%22%7D%2C%7B%22item_title%22%3A%22Capacit%C3%A9%20TDOA%22%2C%22item_desc%22%3A%22%C3%89valuation%20de%20la%20localisation%20de%20l&#8217;%C3%A9metteur%20bas%C3%A9e%20sur%20la%20m%C3%A9thode%20TDOA.%22%7D%5D&#8221; custom_css=&#8221;LnRtLWxpc3Quc3R5bGUtY2hlY2stMDIlMjAuZGVzYyUyMCU3QiUwQSUyMCUyMCUyMCUyMG1hcmdpbi10b3AlM0ElMjAxMHB4JTNCJTBBJTIwJTIwJTIwJTIwbWFyZ2luLWJvdHRvbSUzQSUyMDEwcHglM0IlMEElN0Q=&#8221;][tm_spacer size=&#8221;xs:30;sm:60;lg:120&#8243;][\/vc_column][\/vc_row][vc_row css_animation=&#8221;none&#8221; lg_spacing=&#8221;margin_bottom:10&#8243; md_spacing=&#8221;margin_bottom:10&#8243;][vc_column width=&#8221;1\/4&#8243;][tm_heading tag=&#8221;h4&#8243; custom_google_font=&#8221;&#8221; css=&#8221;.vc_custom_1702534293059{margin-top: 10px !important;}&#8221;]En savoir plus[\/tm_heading][\/vc_column][vc_column width=&#8221;1\/4&#8243;][tm_button button=&#8221;url:https%3A%2F%2Fwww.stratign.com%2Fcontact-us%2F|title:Nous%20contacter%20&#8243; el_id=&#8221;Contact-us-other&#8221;][\/vc_column][vc_column width=&#8221;1\/4&#8243;][tm_heading tag=&#8221;h4&#8243; custom_google_font=&#8221;&#8221;]T\u00e9l\u00e9charger la brochure[\/tm_heading][\/vc_column][vc_column width=&#8221;1\/4&#8243;][tm_button button=&#8221;url:https%3A%2F%2Fwww.stratign.com%2Fbrochures%2F|title:T%C3%A9l%C3%A9charger&#8221; el_id=&#8221;Brochure-other&#8221;][\/vc_column][\/vc_row]<\/p>\n<\/section>","protected":false},"excerpt":{"rendered":"<p>Stratign offers mobile solutions for interception and Direction Finding of Radio signals in the H\/V\/UHF bands of frequencies with demodulation and decoding capabilities.<\/p>\n","protected":false},"author":1,"featured_media":0,"parent":0,"menu_order":0,"comment_status":"closed","ping_status":"closed","template":"","meta":{"footnotes":""},"class_list":["post-3322","page","type-page","status-publish","hentry","post-no-thumbnail"],"yoast_head":"<!-- This site is optimized with the Yoast SEO plugin v27.3 - https:\/\/yoast.com\/product\/yoast-seo-wordpress\/ -->\n<title>STATION MOBILE DE SURVEILLANCE RADIO H\/V\/UHF ET RADIOGONIOMETRIE - Stratign<\/title>\n<meta name=\"description\" content=\"Le syst\u00e8me mobile de surveillance et de radiogoniom\u00e9trie H\/V\/UHF est d\u00e9ploy\u00e9 sur une plate-forme mobile (v\u00e9hicules l\u00e9gers ou MPV) pour intercepter le trafic.\" \/>\n<meta name=\"robots\" content=\"index, follow, max-snippet:-1, max-image-preview:large, max-video-preview:-1\" \/>\n<link rel=\"canonical\" href=\"https:\/\/www.stratign.com\/fr\/mobile-h-v-uhf-radio-monitoring-df-station\/\" \/>\n<meta property=\"og:locale\" content=\"en_US\" \/>\n<meta property=\"og:type\" content=\"article\" \/>\n<meta property=\"og:title\" content=\"STATION MOBILE DE SURVEILLANCE RADIO H\/V\/UHF ET RADIOGONIOMETRIE - Stratign\" \/>\n<meta property=\"og:description\" content=\"Le syst\u00e8me mobile de surveillance et de radiogoniom\u00e9trie H\/V\/UHF est d\u00e9ploy\u00e9 sur une plate-forme mobile (v\u00e9hicules l\u00e9gers ou MPV) pour intercepter le trafic.\" \/>\n<meta property=\"og:url\" content=\"https:\/\/www.stratign.com\/fr\/mobile-h-v-uhf-radio-monitoring-df-station\/\" \/>\n<meta property=\"og:site_name\" content=\"Stratign\" \/>\n<meta property=\"article:publisher\" content=\"https:\/\/www.facebook.com\/stratignfb\/\" \/>\n<meta property=\"article:modified_time\" content=\"2024-03-05T05:50:10+00:00\" \/>\n<meta name=\"twitter:card\" content=\"summary_large_image\" \/>\n<meta name=\"twitter:site\" content=\"@stratign\" \/>\n<meta name=\"twitter:label1\" content=\"Est. reading time\" \/>\n\t<meta name=\"twitter:data1\" content=\"2 minutes\" \/>\n<script type=\"application\/ld+json\" class=\"yoast-schema-graph\">{\"@context\":\"https:\\\/\\\/schema.org\",\"@graph\":[{\"@type\":\"WebPage\",\"@id\":\"https:\\\/\\\/www.stratign.com\\\/fr\\\/mobile-h-v-uhf-radio-monitoring-df-station\\\/\",\"url\":\"https:\\\/\\\/www.stratign.com\\\/fr\\\/mobile-h-v-uhf-radio-monitoring-df-station\\\/\",\"name\":\"STATION MOBILE DE SURVEILLANCE RADIO H\\\/V\\\/UHF ET RADIOGONIOMETRIE - Stratign\",\"isPartOf\":{\"@id\":\"https:\\\/\\\/www.stratign.com\\\/fr\\\/#website\"},\"datePublished\":\"2021-09-23T07:14:21+00:00\",\"dateModified\":\"2024-03-05T05:50:10+00:00\",\"description\":\"Le syst\u00e8me mobile de surveillance et de radiogoniom\u00e9trie H\\\/V\\\/UHF est d\u00e9ploy\u00e9 sur une plate-forme mobile (v\u00e9hicules l\u00e9gers ou MPV) pour intercepter le trafic.\",\"breadcrumb\":{\"@id\":\"https:\\\/\\\/www.stratign.com\\\/fr\\\/mobile-h-v-uhf-radio-monitoring-df-station\\\/#breadcrumb\"},\"inLanguage\":\"en-US\",\"potentialAction\":[{\"@type\":\"ReadAction\",\"target\":[\"https:\\\/\\\/www.stratign.com\\\/fr\\\/mobile-h-v-uhf-radio-monitoring-df-station\\\/\"]}]},{\"@type\":\"BreadcrumbList\",\"@id\":\"https:\\\/\\\/www.stratign.com\\\/fr\\\/mobile-h-v-uhf-radio-monitoring-df-station\\\/#breadcrumb\",\"itemListElement\":[{\"@type\":\"ListItem\",\"position\":1,\"name\":\"Home\",\"item\":\"https:\\\/\\\/www.stratign.com\\\/fr\\\/\"},{\"@type\":\"ListItem\",\"position\":2,\"name\":\"STATION MOBILE DE SURVEILLANCE RADIO H\\\/V\\\/UHF ET RADIOGONIOMETRIE\"}]},{\"@type\":\"WebSite\",\"@id\":\"https:\\\/\\\/www.stratign.com\\\/fr\\\/#website\",\"url\":\"https:\\\/\\\/www.stratign.com\\\/fr\\\/\",\"name\":\"Stratign\",\"description\":\"Military Defense Technology\",\"potentialAction\":[{\"@type\":\"SearchAction\",\"target\":{\"@type\":\"EntryPoint\",\"urlTemplate\":\"https:\\\/\\\/www.stratign.com\\\/fr\\\/?s={search_term_string}\"},\"query-input\":{\"@type\":\"PropertyValueSpecification\",\"valueRequired\":true,\"valueName\":\"search_term_string\"}}],\"inLanguage\":\"en-US\"}]}<\/script>\n<!-- \/ Yoast SEO plugin. -->","yoast_head_json":{"title":"STATION MOBILE DE SURVEILLANCE RADIO H\/V\/UHF ET RADIOGONIOMETRIE - Stratign","description":"Le syst\u00e8me mobile de surveillance et de radiogoniom\u00e9trie H\/V\/UHF est d\u00e9ploy\u00e9 sur une plate-forme mobile (v\u00e9hicules l\u00e9gers ou MPV) pour intercepter le trafic.","robots":{"index":"index","follow":"follow","max-snippet":"max-snippet:-1","max-image-preview":"max-image-preview:large","max-video-preview":"max-video-preview:-1"},"canonical":"https:\/\/www.stratign.com\/fr\/mobile-h-v-uhf-radio-monitoring-df-station\/","og_locale":"en_US","og_type":"article","og_title":"STATION MOBILE DE SURVEILLANCE RADIO H\/V\/UHF ET RADIOGONIOMETRIE - Stratign","og_description":"Le syst\u00e8me mobile de surveillance et de radiogoniom\u00e9trie H\/V\/UHF est d\u00e9ploy\u00e9 sur une plate-forme mobile (v\u00e9hicules l\u00e9gers ou MPV) pour intercepter le trafic.","og_url":"https:\/\/www.stratign.com\/fr\/mobile-h-v-uhf-radio-monitoring-df-station\/","og_site_name":"Stratign","article_publisher":"https:\/\/www.facebook.com\/stratignfb\/","article_modified_time":"2024-03-05T05:50:10+00:00","twitter_card":"summary_large_image","twitter_site":"@stratign","twitter_misc":{"Est. reading time":"2 minutes"},"schema":{"@context":"https:\/\/schema.org","@graph":[{"@type":"WebPage","@id":"https:\/\/www.stratign.com\/fr\/mobile-h-v-uhf-radio-monitoring-df-station\/","url":"https:\/\/www.stratign.com\/fr\/mobile-h-v-uhf-radio-monitoring-df-station\/","name":"STATION MOBILE DE SURVEILLANCE RADIO H\/V\/UHF ET RADIOGONIOMETRIE - Stratign","isPartOf":{"@id":"https:\/\/www.stratign.com\/fr\/#website"},"datePublished":"2021-09-23T07:14:21+00:00","dateModified":"2024-03-05T05:50:10+00:00","description":"Le syst\u00e8me mobile de surveillance et de radiogoniom\u00e9trie H\/V\/UHF est d\u00e9ploy\u00e9 sur une plate-forme mobile (v\u00e9hicules l\u00e9gers ou MPV) pour intercepter le trafic.","breadcrumb":{"@id":"https:\/\/www.stratign.com\/fr\/mobile-h-v-uhf-radio-monitoring-df-station\/#breadcrumb"},"inLanguage":"en-US","potentialAction":[{"@type":"ReadAction","target":["https:\/\/www.stratign.com\/fr\/mobile-h-v-uhf-radio-monitoring-df-station\/"]}]},{"@type":"BreadcrumbList","@id":"https:\/\/www.stratign.com\/fr\/mobile-h-v-uhf-radio-monitoring-df-station\/#breadcrumb","itemListElement":[{"@type":"ListItem","position":1,"name":"Home","item":"https:\/\/www.stratign.com\/fr\/"},{"@type":"ListItem","position":2,"name":"STATION MOBILE DE SURVEILLANCE RADIO H\/V\/UHF ET RADIOGONIOMETRIE"}]},{"@type":"WebSite","@id":"https:\/\/www.stratign.com\/fr\/#website","url":"https:\/\/www.stratign.com\/fr\/","name":"Stratign","description":"Military Defense Technology","potentialAction":[{"@type":"SearchAction","target":{"@type":"EntryPoint","urlTemplate":"https:\/\/www.stratign.com\/fr\/?s={search_term_string}"},"query-input":{"@type":"PropertyValueSpecification","valueRequired":true,"valueName":"search_term_string"}}],"inLanguage":"en-US"}]}},"_links":{"self":[{"href":"https:\/\/www.stratign.com\/fr\/wp-json\/wp\/v2\/pages\/3322","targetHints":{"allow":["GET"]}}],"collection":[{"href":"https:\/\/www.stratign.com\/fr\/wp-json\/wp\/v2\/pages"}],"about":[{"href":"https:\/\/www.stratign.com\/fr\/wp-json\/wp\/v2\/types\/page"}],"author":[{"embeddable":true,"href":"https:\/\/www.stratign.com\/fr\/wp-json\/wp\/v2\/users\/1"}],"replies":[{"embeddable":true,"href":"https:\/\/www.stratign.com\/fr\/wp-json\/wp\/v2\/comments?post=3322"}],"version-history":[{"count":6,"href":"https:\/\/www.stratign.com\/fr\/wp-json\/wp\/v2\/pages\/3322\/revisions"}],"predecessor-version":[{"id":15132,"href":"https:\/\/www.stratign.com\/fr\/wp-json\/wp\/v2\/pages\/3322\/revisions\/15132"}],"wp:attachment":[{"href":"https:\/\/www.stratign.com\/fr\/wp-json\/wp\/v2\/media?parent=3322"}],"curies":[{"name":"wp","href":"https:\/\/api.w.org\/{rel}","templated":true}]}}