{"id":3331,"date":"2021-09-23T07:31:30","date_gmt":"2021-09-23T07:31:30","guid":{"rendered":"https:\/\/stratign.com\/website\/?page_id=3331"},"modified":"2024-03-05T09:32:56","modified_gmt":"2024-03-05T05:32:56","slug":"microwave-link-interception-system","status":"publish","type":"page","link":"https:\/\/www.stratign.com\/fr\/microwave-link-interception-system\/","title":{"rendered":"SYSTEME D\u2019INTERCEPTION DE LIAISON HERTZIENNE"},"content":{"rendered":"<section class=\"wpb-content-wrapper\"><p>[vc_row][vc_column][tm_spacer size=&#8221;xs:20;sm:40;lg:80&#8243;][tm_heading tag=&#8221;h4&#8243; custom_google_font=&#8221;&#8221; text_transform=&#8221;uppercase&#8221; align=&#8221;center&#8221; text_color=&#8221;secondary&#8221; font_size=&#8221;sm:28;md:34;lg:40&#8243; line_height=&#8221;1.4&#8243;]SYSTEME D\u2019INTERCEPTION DE LIAISON HERTZIENNE[\/tm_heading][tm_spacer size=&#8221;xs:20;sm:30;lg:60&#8243;][\/vc_column][\/vc_row][vc_row sm_spacing=&#8221;padding_bottom:100&#8243; lg_spacing=&#8221;padding_bottom:5&#8243;][vc_column offset=&#8221;vc_col-md-5&#8243;][tm_heading style=&#8221;left-line&#8221; custom_google_font=&#8221;&#8221; font_weight=&#8221;800&#8243; font_size=&#8221;sm:18;md:21;lg:24&#8243; line_height=&#8221;1.67&#8243; max_width=&#8221;400px&#8221;]Le syst\u00e8me d&#8217;interception des liaisons hertziennes de Stratign est un syst\u00e8me passif de surveillance des liaisons hertziennes, qui peut \u00eatre utilis\u00e9 pour la d\u00e9modulation, le d\u00e9codage et le d\u00e9multiplexage des signaux des relais radios.[\/tm_heading][\/vc_column][vc_column offset=&#8221;vc_col-md-7&#8243;][tm_heading tag=&#8221;div&#8221; custom_google_font=&#8221;&#8221; font_size=&#8221;lg:18&#8243; line_height=&#8221;1.67&#8243;]Dans un r\u00e9seau de t\u00e9l\u00e9communications hi\u00e9rarchis\u00e9, la partie &#8220;backhaul&#8221; du r\u00e9seau comprend les liaisons interm\u00e9diaires entre le r\u00e9seau central, ou r\u00e9seau de base, et les petits sous-r\u00e9seaux situ\u00e9s \u00e0 la p\u00e9riph\u00e9rie du r\u00e9seau. Le type de r\u00e9seau le plus courant dans lequel le backhaul est mis en \u0153uvre est un r\u00e9seau mobile. Les syst\u00e8mes hertziens point \u00e0 point utilisent des antennes directives pour concentrer les signaux radio comme un faisceau de lumi\u00e8re et les transmettre sur des distances en visibilit\u00e9 directe.[\/tm_heading][tm_heading tag=&#8221;div&#8221; custom_google_font=&#8221;&#8221; font_size=&#8221;lg:18&#8243; line_height=&#8221;1.67&#8243;]Par cons\u00e9quent, la radio hertzienne repr\u00e9sente un moyen tr\u00e8s efficace de fournir un service longue distance, en particulier dans les zones au relief difficile o\u00f9 l&#8217;installation d&#8217;un c\u00e2ble est \u00e9conomiquement ou techniquement impraticable.[\/tm_heading][\/vc_column][\/vc_row][vc_row sm_spacing=&#8221;margin_top:-90&#8243; xs_spacing=&#8221;margin_top:-90&#8243;][vc_column][tm_heading tag=&#8221;div&#8221; custom_google_font=&#8221;&#8221; font_size=&#8221;lg:18&#8243; line_height=&#8221;1.67&#8243;]Les r\u00e9seaux hertziens point \u00e0 point sont utilis\u00e9s par les fournisseurs de services de t\u00e9l\u00e9communications pour les communications de retour. La transmission hertzienne est la technologie la plus utilis\u00e9e par les fournisseurs de services de t\u00e9l\u00e9communications en raison de sa capacit\u00e9 et de sa relative facilit\u00e9 de d\u00e9ploiement (pas besoin de tranch\u00e9es\/conduits), ce qui en fait une option peu co\u00fbteuse qui peut \u00eatre d\u00e9ploy\u00e9e en quelques jours. La plupart des fournisseurs de services de t\u00e9l\u00e9communications s\u2019appuient fortement sur des solutions de liaisons hertziennes dans les bandes de 7 GHz \u00e0 40 GHz, le faisceau hertzien peut \u00eatre utilis\u00e9 en mode LOS ou NLOS, ce qui le rend id\u00e9al pour une topologie en cha\u00eene, en maillage ou en anneau afin d&#8217;am\u00e9liorer la r\u00e9silience et\/ou la port\u00e9e.[\/tm_heading][tm_spacer size=&#8221;sm:10;lg:20&#8243;][tm_heading tag=&#8221;div&#8221; custom_google_font=&#8221;&#8221; font_size=&#8221;lg:18&#8243; line_height=&#8221;1.67&#8243;]Le syst\u00e8me d&#8217;interception des liaisons de retour par faisceaux hertziens de Stratign est un syst\u00e8me passif de surveillance des micro-ondes, qui peut \u00eatre utilis\u00e9 pour la d\u00e9modulation, le d\u00e9codage et le d\u00e9multiplexage des signaux des relais radios. Le syst\u00e8me offre une capacit\u00e9 d&#8217;interception automatis\u00e9e \u00e0 l&#8217;op\u00e9rateur gr\u00e2ce au logiciel de commande \u00e0 distance, qui contr\u00f4le l&#8217;antenne, les r\u00e9cepteurs et le syst\u00e8me de d\u00e9modulation par l&#8217;interm\u00e9diaire de la station de travail de contr\u00f4le. Le logiciel permet \u00e9galement d\u2019acc\u00e9der \u00e0 l\u2019ensemble du trafic d\u00e9cod\u00e9 et enregistr\u00e9 pour une analyse en ligne\/hors ligne.[\/tm_heading][tm_spacer size=&#8221;lg:50&#8243;][\/vc_column][\/vc_row][vc_row][vc_column][tm_spacer size=&#8221;lg:20&#8243;][tm_heading tag=&#8221;h4&#8243; custom_google_font=&#8221;&#8221; align=&#8221;center&#8221; text_color=&#8221;secondary&#8221; font_size=&#8221;sm:28;md:34;lg:40&#8243; line_height=&#8221;1.4&#8243; css=&#8221;.vc_custom_1704692797599{background-position: center !important;background-repeat: no-repeat !important;background-size: contain !important;}&#8221;]Caract\u00e9ristiques du syst\u00e8me[\/tm_heading][tm_spacer size=&#8221;lg:40&#8243;][tm_list list_style=&#8221;check-02&#8243; marker_color=&#8221;secondary&#8221; title_color=&#8221;primary&#8221; columns=&#8221;xs:1;lg:2&#8243; items=&#8221;%5B%7B%22item_title%22%3A%22Flux%20binaires%20synchrones%22%2C%22link%22%3A%22%7C%7C%7C%22%2C%22item_desc%22%3A%22Traiter%20les%20flux%20binaires%20synchrones%20du%20niveau%20E1%20(G.732)%2C%20dans%20les%20canaux%20des%20op%C3%A9rateurs%20mobiles.%22%7D%2C%7B%22item_title%22%3A%22Proc%C3%A9dure%20de%20cadrage%20g%C3%A9n%C3%A9rique%22%2C%22item_desc%22%3A%22Traite%20cinq%20variantes%20de%20flux%20binaires%20asynchrones%20bas%C3%A9es%20sur%20la%20proc%C3%A9dure%20de%20cadrage%20g%C3%A9n%C3%A9rique%20(GFP)%20ITU-T%20G.7041.%22%7D%2C%7B%22item_title%22%3A%22Trafic%20Hertzien%22%2C%22item_desc%22%3A%22Con%C3%A7u%20pour%20l&#8217;interception%20et%20la%20reconstruction%20du%20trafic%20hertzien.%22%7D%2C%7B%22item_title%22%3A%22Flux%20binaires%20asynchrones%22%2C%22link%22%3A%22%7C%7C%7C%22%2C%22item_desc%22%3A%22Traitement%20des%20flux%20binaires%20asynchrones%20GSM%20Abis%20sur%20IP.%22%7D%2C%7B%22item_title%22%3A%22Sessions%20de%20conversation%22%2C%22item_desc%22%3A%22%C3%89coute%20des%20sessions%20vocales%2C%20visualisation%20des%20messages%20textuels.%22%7D%2C%7B%22item_title%22%3A%22Tri%20par%20n&#8217;importe%20quel%20param%C3%A8tre%22%2C%22item_desc%22%3A%22Cr%C3%A9ation%20et%20mise%20%C3%A0%20jour%20automatique%20des%20objets%20cibles.%22%7D%2C%7B%22item_title%22%3A%22Archivage%20automatique%22%2C%22item_desc%22%3A%22Archivage%20des%20informations%20de%20service%20et%20du%20contenu%20des%20informations%20(voix%2C%20SMS)%20des%20sessions%20intercept%C3%A9es%20dans%20la%20base%20de%20donn%C3%A9es.%22%7D%2C%7B%22item_title%22%3A%22Sessions%20de%20communication%22%2C%22item_desc%22%3A%22Tri%20des%20sessions%20de%20communication%20en%20fonction%20de%20l&#8217;un%20des%20param%C3%A8tres%20disponibles.%22%7D%2C%7B%22item_title%22%3A%22D%C3%A9ploiement%20statique%20et%20portable%22%2C%22item_desc%22%3A%22Peut%20%C3%AAtre%20utilis%C3%A9%20pour%20un%20d%C3%A9ploiement%20statique%20ou%20portable%20en%20fonction%20du%20r%C3%A9seau%20%C3%A0%20surveiller.%22%7D%2C%7B%22item_title%22%3A%22%20Centres%20de%20traitement%20mobiles%22%2C%22item_desc%22%3A%22%C3%89quip%C3%A9%20d&#8217;au%20moins%203%20postes%20de%20travail%20d&#8217;op%C3%A9rateur%20sur%20ordinateur%20portable%20pour%20les%20centres%20de%20traitement%20mobiles.%22%7D%5D&#8221; custom_css=&#8221;LnRtLWxpc3Quc3R5bGUtY2hlY2stMDIlMjAuZGVzYyUyMCU3QiUwQSUyMCUyMCUyMCUyMG1hcmdpbi10b3AlM0ElMjAxMHB4JTNCJTBBJTIwJTIwJTIwJTIwbWFyZ2luLWJvdHRvbSUzQSUyMDEwcHglM0IlMEElN0Q=&#8221;][\/vc_column][\/vc_row][vc_row][vc_column][tm_spacer size=&#8221;xs:2;sm:10;lg:20&#8243;][tm_list list_style=&#8221;check-02&#8243; marker_color=&#8221;secondary&#8221; title_color=&#8221;primary&#8221; columns=&#8221;xs:1;lg:1&#8243; items=&#8221;%5B%7B%22item_title%22%3A%22Recherche%20de%20sessions%20intercept%C3%A9es%22%2C%22item_desc%22%3A%22Acc%C3%A8s%20aux%20informations%20sur%20les%20sessions%20intercept%C3%A9es%20avec%20la%20possibilit%C3%A9%20de%20rechercher%20et%20de%20filtrer%20les%20informations%20sur%20les%20services%20en%20fonction%20des%20param%C3%A8tres%20d%C3%A9finis%20par%20l&#8217;utilisateur.%22%7D%5D&#8221; custom_css=&#8221;LnRtLWxpc3Quc3R5bGUtY2hlY2stMDIlMjAuZGVzYyUyMCU3QiUwQSUyMCUyMCUyMCUyMG1hcmdpbi10b3AlM0ElMjAxMHB4JTNCJTBBJTIwJTIwJTIwJTIwbWFyZ2luLWJvdHRvbSUzQSUyMDEwcHglM0IlMEElN0Q=&#8221;][tm_spacer size=&#8221;xs:30;sm:60;lg:120&#8243;][\/vc_column][\/vc_row][vc_row css_animation=&#8221;none&#8221; lg_spacing=&#8221;margin_bottom:10&#8243; md_spacing=&#8221;margin_bottom:10&#8243;][vc_column width=&#8221;1\/4&#8243;][tm_heading tag=&#8221;h4&#8243; custom_google_font=&#8221;&#8221; css=&#8221;.vc_custom_1702534293059{margin-top: 10px !important;}&#8221;]En savoir plus[\/tm_heading][\/vc_column][vc_column width=&#8221;1\/4&#8243;][tm_button button=&#8221;url:https%3A%2F%2Fwww.stratign.com%2Fcontact-us%2F|title:Nous%20contacter%20&#8243; el_id=&#8221;Contact-us-other&#8221;][\/vc_column][vc_column width=&#8221;1\/4&#8243;][tm_heading tag=&#8221;h4&#8243; custom_google_font=&#8221;&#8221;]T\u00e9l\u00e9charger la brochure[\/tm_heading][\/vc_column][vc_column width=&#8221;1\/4&#8243;][tm_button button=&#8221;url:https%3A%2F%2Fwww.stratign.com%2Fbrochures%2F|title:T%C3%A9l%C3%A9charger&#8221; el_id=&#8221;Brochure-other&#8221;][\/vc_column][\/vc_row]<\/p>\n<\/section>","protected":false},"excerpt":{"rendered":"<p>Stratign\u2019s Microwave Link Interception System is a Passive Microwave Monitoring System, which can be used for demodulation, decoding and demultiplexing of radio relay signals.<\/p>\n","protected":false},"author":1,"featured_media":0,"parent":0,"menu_order":0,"comment_status":"closed","ping_status":"closed","template":"","meta":{"footnotes":""},"class_list":["post-3331","page","type-page","status-publish","hentry","post-no-thumbnail"],"yoast_head":"<!-- This site is optimized with the Yoast SEO plugin v27.3 - https:\/\/yoast.com\/product\/yoast-seo-wordpress\/ -->\n<title>SYSTEME D\u2019INTERCEPTION DE LIAISON HERTZIENNE - Stratign<\/title>\n<meta name=\"description\" content=\"Le syst\u00e8me d&#039;interception de la liaison par micro-ondes est un syst\u00e8me de surveillance passif, utilis\u00e9 pour la d\u00e9modulation, le d\u00e9codage et le d\u00e9multiplexage des signaux radio.\" \/>\n<meta name=\"robots\" content=\"index, follow, max-snippet:-1, max-image-preview:large, max-video-preview:-1\" \/>\n<link rel=\"canonical\" href=\"https:\/\/www.stratign.com\/fr\/microwave-link-interception-system\/\" \/>\n<meta property=\"og:locale\" content=\"en_US\" \/>\n<meta property=\"og:type\" content=\"article\" \/>\n<meta property=\"og:title\" content=\"SYSTEME D\u2019INTERCEPTION DE LIAISON HERTZIENNE - Stratign\" \/>\n<meta property=\"og:description\" content=\"Le syst\u00e8me d&#039;interception de la liaison par micro-ondes est un syst\u00e8me de surveillance passif, utilis\u00e9 pour la d\u00e9modulation, le d\u00e9codage et le d\u00e9multiplexage des signaux radio.\" \/>\n<meta property=\"og:url\" content=\"https:\/\/www.stratign.com\/fr\/microwave-link-interception-system\/\" \/>\n<meta property=\"og:site_name\" content=\"Stratign\" \/>\n<meta property=\"article:publisher\" content=\"https:\/\/www.facebook.com\/stratignfb\/\" \/>\n<meta property=\"article:modified_time\" content=\"2024-03-05T05:32:56+00:00\" \/>\n<meta name=\"twitter:card\" content=\"summary_large_image\" \/>\n<meta name=\"twitter:site\" content=\"@stratign\" \/>\n<meta name=\"twitter:label1\" content=\"Est. reading time\" \/>\n\t<meta name=\"twitter:data1\" content=\"2 minutes\" \/>\n<script type=\"application\/ld+json\" class=\"yoast-schema-graph\">{\"@context\":\"https:\\\/\\\/schema.org\",\"@graph\":[{\"@type\":\"WebPage\",\"@id\":\"https:\\\/\\\/www.stratign.com\\\/fr\\\/microwave-link-interception-system\\\/\",\"url\":\"https:\\\/\\\/www.stratign.com\\\/fr\\\/microwave-link-interception-system\\\/\",\"name\":\"SYSTEME D\u2019INTERCEPTION DE LIAISON HERTZIENNE - Stratign\",\"isPartOf\":{\"@id\":\"https:\\\/\\\/www.stratign.com\\\/fr\\\/#website\"},\"datePublished\":\"2021-09-23T07:31:30+00:00\",\"dateModified\":\"2024-03-05T05:32:56+00:00\",\"description\":\"Le syst\u00e8me d'interception de la liaison par micro-ondes est un syst\u00e8me de surveillance passif, utilis\u00e9 pour la d\u00e9modulation, le d\u00e9codage et le d\u00e9multiplexage des signaux radio.\",\"breadcrumb\":{\"@id\":\"https:\\\/\\\/www.stratign.com\\\/fr\\\/microwave-link-interception-system\\\/#breadcrumb\"},\"inLanguage\":\"en-US\",\"potentialAction\":[{\"@type\":\"ReadAction\",\"target\":[\"https:\\\/\\\/www.stratign.com\\\/fr\\\/microwave-link-interception-system\\\/\"]}]},{\"@type\":\"BreadcrumbList\",\"@id\":\"https:\\\/\\\/www.stratign.com\\\/fr\\\/microwave-link-interception-system\\\/#breadcrumb\",\"itemListElement\":[{\"@type\":\"ListItem\",\"position\":1,\"name\":\"Home\",\"item\":\"https:\\\/\\\/www.stratign.com\\\/fr\\\/\"},{\"@type\":\"ListItem\",\"position\":2,\"name\":\"SYSTEME D\u2019INTERCEPTION DE LIAISON HERTZIENNE\"}]},{\"@type\":\"WebSite\",\"@id\":\"https:\\\/\\\/www.stratign.com\\\/fr\\\/#website\",\"url\":\"https:\\\/\\\/www.stratign.com\\\/fr\\\/\",\"name\":\"Stratign\",\"description\":\"Military Defense Technology\",\"potentialAction\":[{\"@type\":\"SearchAction\",\"target\":{\"@type\":\"EntryPoint\",\"urlTemplate\":\"https:\\\/\\\/www.stratign.com\\\/fr\\\/?s={search_term_string}\"},\"query-input\":{\"@type\":\"PropertyValueSpecification\",\"valueRequired\":true,\"valueName\":\"search_term_string\"}}],\"inLanguage\":\"en-US\"}]}<\/script>\n<!-- \/ Yoast SEO plugin. -->","yoast_head_json":{"title":"SYSTEME D\u2019INTERCEPTION DE LIAISON HERTZIENNE - Stratign","description":"Le syst\u00e8me d'interception de la liaison par micro-ondes est un syst\u00e8me de surveillance passif, utilis\u00e9 pour la d\u00e9modulation, le d\u00e9codage et le d\u00e9multiplexage des signaux radio.","robots":{"index":"index","follow":"follow","max-snippet":"max-snippet:-1","max-image-preview":"max-image-preview:large","max-video-preview":"max-video-preview:-1"},"canonical":"https:\/\/www.stratign.com\/fr\/microwave-link-interception-system\/","og_locale":"en_US","og_type":"article","og_title":"SYSTEME D\u2019INTERCEPTION DE LIAISON HERTZIENNE - Stratign","og_description":"Le syst\u00e8me d'interception de la liaison par micro-ondes est un syst\u00e8me de surveillance passif, utilis\u00e9 pour la d\u00e9modulation, le d\u00e9codage et le d\u00e9multiplexage des signaux radio.","og_url":"https:\/\/www.stratign.com\/fr\/microwave-link-interception-system\/","og_site_name":"Stratign","article_publisher":"https:\/\/www.facebook.com\/stratignfb\/","article_modified_time":"2024-03-05T05:32:56+00:00","twitter_card":"summary_large_image","twitter_site":"@stratign","twitter_misc":{"Est. reading time":"2 minutes"},"schema":{"@context":"https:\/\/schema.org","@graph":[{"@type":"WebPage","@id":"https:\/\/www.stratign.com\/fr\/microwave-link-interception-system\/","url":"https:\/\/www.stratign.com\/fr\/microwave-link-interception-system\/","name":"SYSTEME D\u2019INTERCEPTION DE LIAISON HERTZIENNE - Stratign","isPartOf":{"@id":"https:\/\/www.stratign.com\/fr\/#website"},"datePublished":"2021-09-23T07:31:30+00:00","dateModified":"2024-03-05T05:32:56+00:00","description":"Le syst\u00e8me d'interception de la liaison par micro-ondes est un syst\u00e8me de surveillance passif, utilis\u00e9 pour la d\u00e9modulation, le d\u00e9codage et le d\u00e9multiplexage des signaux radio.","breadcrumb":{"@id":"https:\/\/www.stratign.com\/fr\/microwave-link-interception-system\/#breadcrumb"},"inLanguage":"en-US","potentialAction":[{"@type":"ReadAction","target":["https:\/\/www.stratign.com\/fr\/microwave-link-interception-system\/"]}]},{"@type":"BreadcrumbList","@id":"https:\/\/www.stratign.com\/fr\/microwave-link-interception-system\/#breadcrumb","itemListElement":[{"@type":"ListItem","position":1,"name":"Home","item":"https:\/\/www.stratign.com\/fr\/"},{"@type":"ListItem","position":2,"name":"SYSTEME D\u2019INTERCEPTION DE LIAISON HERTZIENNE"}]},{"@type":"WebSite","@id":"https:\/\/www.stratign.com\/fr\/#website","url":"https:\/\/www.stratign.com\/fr\/","name":"Stratign","description":"Military Defense Technology","potentialAction":[{"@type":"SearchAction","target":{"@type":"EntryPoint","urlTemplate":"https:\/\/www.stratign.com\/fr\/?s={search_term_string}"},"query-input":{"@type":"PropertyValueSpecification","valueRequired":true,"valueName":"search_term_string"}}],"inLanguage":"en-US"}]}},"_links":{"self":[{"href":"https:\/\/www.stratign.com\/fr\/wp-json\/wp\/v2\/pages\/3331","targetHints":{"allow":["GET"]}}],"collection":[{"href":"https:\/\/www.stratign.com\/fr\/wp-json\/wp\/v2\/pages"}],"about":[{"href":"https:\/\/www.stratign.com\/fr\/wp-json\/wp\/v2\/types\/page"}],"author":[{"embeddable":true,"href":"https:\/\/www.stratign.com\/fr\/wp-json\/wp\/v2\/users\/1"}],"replies":[{"embeddable":true,"href":"https:\/\/www.stratign.com\/fr\/wp-json\/wp\/v2\/comments?post=3331"}],"version-history":[{"count":7,"href":"https:\/\/www.stratign.com\/fr\/wp-json\/wp\/v2\/pages\/3331\/revisions"}],"predecessor-version":[{"id":15118,"href":"https:\/\/www.stratign.com\/fr\/wp-json\/wp\/v2\/pages\/3331\/revisions\/15118"}],"wp:attachment":[{"href":"https:\/\/www.stratign.com\/fr\/wp-json\/wp\/v2\/media?parent=3331"}],"curies":[{"name":"wp","href":"https:\/\/api.w.org\/{rel}","templated":true}]}}