{"id":3344,"date":"2021-09-23T08:41:41","date_gmt":"2021-09-23T08:41:41","guid":{"rendered":"https:\/\/stratign.com\/website\/?page_id=3344"},"modified":"2024-03-05T10:45:42","modified_gmt":"2024-03-05T06:45:42","slug":"intelligent-cellphone-jammer","status":"publish","type":"page","link":"https:\/\/www.stratign.com\/fr\/intelligent-cellphone-jammer\/","title":{"rendered":"BROUILLEUR INTELLIGENT DE T\u00c9L\u00c9PHONE PORTABLE"},"content":{"rendered":"<section class=\"wpb-content-wrapper\"><p>[vc_row][vc_column][tm_spacer size=&#8221;xs:20;sm:40;lg:80&#8243;][tm_heading tag=&#8221;h4&#8243; custom_google_font=&#8221;&#8221; text_transform=&#8221;uppercase&#8221; align=&#8221;center&#8221; text_color=&#8221;secondary&#8221; font_size=&#8221;sm:28;md:34;lg:40&#8243; line_height=&#8221;1.4&#8243;]BROUILLEUR INTELLIGENT DE T\u00c9L\u00c9PHONE PORTABLE[\/tm_heading][tm_spacer size=&#8221;xs:20;sm:30;lg:60&#8243;][\/vc_column][\/vc_row][vc_row sm_spacing=&#8221;padding_bottom:100&#8243; lg_spacing=&#8221;padding_bottom:5&#8243;][vc_column offset=&#8221;vc_col-md-5&#8243;][tm_heading style=&#8221;left-line&#8221; custom_google_font=&#8221;&#8221; font_weight=&#8221;800&#8243; font_size=&#8221;sm:18;md:21;lg:24&#8243; line_height=&#8221;1.67&#8243; max_width=&#8221;400px&#8221;]Le brouilleur intelligent de t\u00e9l\u00e9phone cellulaire de Stratign permet \u00e0 l&#8217;utilisateur de brouiller s\u00e9lectivement les communications de t\u00e9l\u00e9phone cellulaire non autoris\u00e9es dans des zones restreintes. Les utilisateurs autoris\u00e9s pourront communiquer librement.[\/tm_heading][\/vc_column][vc_column offset=&#8221;vc_col-md-7&#8243;][tm_heading tag=&#8221;div&#8221; custom_google_font=&#8221;&#8221; font_size=&#8221;lg:18&#8243; line_height=&#8221;1.67&#8243;]Les conversations non autoris\u00e9es sur des t\u00e9l\u00e9phones portables dans des lieux sensibles tels que les prisons, les palais de justice, les installations militaires, etc. constituent une grave menace pour la s\u00e9curit\u00e9. Dans la plupart des prisons, il est interdit aux d\u00e9tenus de poss\u00e9der et d&#8217;utiliser des t\u00e9l\u00e9phones portables. Les t\u00e9l\u00e9phones portables sont l\u2019un des articles les plus introduits en contrebande dans les prisons. Ils permettent aux d\u00e9tenus de passer et de recevoir des appels t\u00e9l\u00e9phoniques non autoris\u00e9s, d&#8217;envoyer des courriels et des SMS, d&#8217;utiliser les m\u00e9dias sociaux et de suivre l&#8217;actualit\u00e9 relative \u00e0 leur affaire, entre autres utilisations interdites.[\/tm_heading][\/vc_column][\/vc_row][vc_row sm_spacing=&#8221;margin_top:-90&#8243; xs_spacing=&#8221;margin_top:-90&#8243;][vc_column][tm_heading tag=&#8221;div&#8221; custom_google_font=&#8221;&#8221; font_size=&#8221;lg:18&#8243; line_height=&#8221;1.67&#8243;]Les conversations non autoris\u00e9es sur des t\u00e9l\u00e9phones portables dans des lieux sensibles tels que les prisons, les palais de justice, les installations militaires, etc. constituent une grave menace pour la s\u00e9curit\u00e9. Dans la plupart des prisons, il est interdit aux d\u00e9tenus de poss\u00e9der et d&#8217;utiliser des t\u00e9l\u00e9phones portables. Les t\u00e9l\u00e9phones portables sont l\u2019un des articles les plus introduits en contrebande dans les prisons. Ils permettent aux d\u00e9tenus de passer et de recevoir des appels t\u00e9l\u00e9phoniques non autoris\u00e9s, d&#8217;envoyer des courriels et des SMS, d&#8217;utiliser les m\u00e9dias sociaux et de suivre l&#8217;actualit\u00e9 relative \u00e0 leur affaire, entre autres utilisations interdites.[\/tm_heading][tm_spacer size=&#8221;lg:20&#8243;][tm_heading tag=&#8221;div&#8221; custom_google_font=&#8221;&#8221; font_size=&#8221;lg:18&#8243; line_height=&#8221;1.67&#8243;]Le probl\u00e8me de ces brouilleurs est qu&#8217;ils bloquent toutes les communications des t\u00e9l\u00e9phones cellulaires dans leur zone de couverture. M\u00eame les utilisateurs l\u00e9gitimes ne peuvent pas communiquer lorsque ces brouilleurs fonctionnent.[\/tm_heading][tm_spacer size=&#8221;xs:10;lg:20&#8243;][tm_heading tag=&#8221;div&#8221; custom_google_font=&#8221;&#8221; font_size=&#8221;lg:18&#8243; line_height=&#8221;1.67&#8243;]Le brouilleur intelligent de t\u00e9l\u00e9phone portable de Stratign est con\u00e7u pour rem\u00e9dier \u00e0 cet inconv\u00e9nient majeur. La technologie unique utilis\u00e9e dans ce brouilleur permet \u00e0 l&#8217;op\u00e9rateur de bloquer les communications des utilisateurs non autoris\u00e9s dans sa zone de couverture, tout en permettant aux t\u00e9l\u00e9phones s\u00e9lectionn\u00e9s\/autoris\u00e9s de fonctionner.[\/tm_heading][\/vc_column][\/vc_row][vc_row][vc_column][tm_spacer size=&#8221;xs:50;sm:50;lg:50&#8243;][tm_heading tag=&#8221;h4&#8243; custom_google_font=&#8221;&#8221; align=&#8221;center&#8221; text_color=&#8221;secondary&#8221; font_size=&#8221;sm:28;md:34;lg:40&#8243; line_height=&#8221;1.4&#8243; css=&#8221;.vc_custom_1705390710423{background-position: center !important;background-repeat: no-repeat !important;background-size: contain !important;}&#8221;]Caract\u00e9ristiques du syst\u00e8me[\/tm_heading][tm_spacer size=&#8221;lg:40&#8243;][tm_list list_style=&#8221;check-02&#8243; marker_color=&#8221;secondary&#8221; title_color=&#8221;primary&#8221; columns=&#8221;xs:1;lg:2&#8243; items=&#8221;%5B%7B%22item_title%22%3A%22Cible%20bas%C3%A9e%20sur%20l&#8217;IMEI%2FIMSI%22%2C%22item_desc%22%3A%22Permet%20%C3%A0%20l&#8217;utilisateur%20de%20cr%C3%A9er%20une%20liste%20de%20t%C3%A9l%C3%A9phones%20autoris%C3%A9s%20sur%20la%20base%20du%20num%C3%A9ro%20IMEI%20et%20tous%20les%20autres%20num%C3%A9ros%20sont%20consid%C3%A9r%C3%A9s%20comme%20des%20t%C3%A9l%C3%A9phones%20non%20autoris%C3%A9s.%22%7D%2C%7B%22item_title%22%3A%22Affiche%20les%20param%C3%A8tres%20de%20ramassage%22%2C%22item_desc%22%3A%22Le%20syst%C3%A8me%20affiche%20l&#8217;IMEI%2C%20l&#8217;IMSI%2C%20le%20TMSI%2C%20le%20MCC%2C%20le%20MNC%2C%20le%20type%20et%20le%20mod%C3%A8le%20du%20t%C3%A9l%C3%A9phone%2C%20etc.%20de%20tous%20les%20t%C3%A9l%C3%A9phones%20situ%C3%A9s%20dans%20la%20zone%20de%20couverture.%22%7D%2C%7B%22item_title%22%3A%22Brouillage%20s%C3%A9lectif%22%2C%22link%22%3A%22%7C%7C%7C%22%2C%22item_desc%22%3A%22Le%20syst%C3%A8me%20est%20capable%20de%20brouiller%20s%C3%A9lectivement%20les%20t%C3%A9l%C3%A9phones%202G%2C%203G%2C%204G%20et%205G.%22%7D%2C%7B%22item_title%22%3A%22Liste%20illimit%C3%A9e%22%2C%22item_desc%22%3A%22Il%20n&#8217;y%20a%20pas%20de%20limite%20au%20nombre%20de%20t%C3%A9l%C3%A9phones%20pouvant%20%C3%AAtre%20ajout%C3%A9s%20%C3%A0%20la%20liste%20autoris%C3%A9e.%22%7D%2C%7B%22item_title%22%3A%22Liste%20blanche%2FListe%20noire%22%2C%22link%22%3A%22%7C%7C%7C%22%2C%22item_desc%22%3A%22L&#8217;ajout%20ou%20la%20suppression%20de%20num%C3%A9ros%20mobiles%20dans%20la%20liste%20blanche%20ou%20noire%20peut%20se%20faire%20%C3%A0%20la%20vol%C3%A9e.%22%7D%2C%7B%22item_title%22%3A%22%C3%89volutif%20pour%20les%20nouveaux%20r%C3%A9seaux.%22%2C%22item_desc%22%3A%22Le%20syst%C3%A8me%20est%20flexible%20et%20peut%20%C3%AAtre%20mis%20%C3%A0%20niveau%20pour%20couvrir%20de%20plus%20grandes%20zones%20ou%20de%20nouveaux%20r%C3%A9seaux.%22%7D%2C%7B%22item_title%22%3A%22S%C3%A9lection%20de%20l&#8217;antenne%22%2C%22item_desc%22%3A%22Des%20antennes%20directionnelles%20et%20omnidirectionnelles%20peuvent%20%C3%AAtre%20utilis%C3%A9es%20pour%20%C3%A9tendre%20la%20couverture%20du%20syst%C3%A8me.%22%7D%2C%7B%22item_title%22%3A%22Param%C3%A8tres%20stock%C3%A9s%20dans%20la%20base%20de%20donn%C3%A9es%22%2C%22item_desc%22%3A%22Tous%20les%20param%C3%A8tres%20scann%C3%A9s%20peuvent%20%C3%AAtre%20stock%C3%A9s%20dans%20une%20base%20de%20donn%C3%A9es%20pour%20une%20analyse%20ult%C3%A9rieure.%22%7D%2C%7B%22item_title%22%3A%22Aucune%20assistance%20n&#8217;est%20requise%20de%20la%20part%20du%20prestataire%20de%20services%22%2C%22item_desc%22%3A%22Le%20syst%C3%A8me%20n&#8217;a%20pas%20besoin%20de%20la%20carte%20SIM%20du%20prestataire%20de%20services%20pour%20fonctionner.%22%7D%2C%7B%22item_title%22%3A%22Contr%C3%B4lable%20%C3%A0%20distance%22%2C%22item_desc%22%3A%22Le%20syst%C3%A8me%20peut%20%C3%AAtre%20contr%C3%B4l%C3%A9%20%C3%A0%20distance%20par%20le%20biais%20d&#8217;un%20r%C3%A9seau%20local%20ou%20%C3%A9tendu.%22%7D%2C%7B%22item_title%22%3A%22Radiogoniom%C3%A9trie%22%2C%22item_desc%22%3A%22Un%20radiogoniom%C3%A8tre%20peut%20%C3%AAtre%20int%C3%A9gr%C3%A9%20(en%20option)%20pour%20localiser%20physiquement%20et%20capturer%20les%20t%C3%A9l%C3%A9phones%20mobiles%20cach%C3%A9s.%22%7D%2C%7B%22item_title%22%3A%22Syst%C3%A8me%20d&#8217;interception%20%C3%A9volutif%22%2C%22item_desc%22%3A%22Le%20syst%C3%A8me%20peut%20%C3%AAtre%20transform%C3%A9%20en%20syst%C3%A8me%20d&#8217;interception%20de%20t%C3%A9l%C3%A9phones%20portables%20gr%C3%A2ce%20%C3%A0%20des%20modules%20suppl%C3%A9mentaires.%20%22%7D%5D&#8221; custom_css=&#8221;LnRtLWxpc3Quc3R5bGUtY2hlY2stMDIlMjAuZGVzYyUyMCU3QiUwQSUyMCUyMCUyMCUyMG1hcmdpbi10b3AlM0ElMjAxMHB4JTNCJTBBJTIwJTIwJTIwJTIwbWFyZ2luLWJvdHRvbSUzQSUyMDEwcHglM0IlMEElN0Q=&#8221;][tm_spacer size=&#8221;xs:30;sm:60;lg:120&#8243;][\/vc_column][\/vc_row][vc_row css_animation=&#8221;none&#8221; lg_spacing=&#8221;margin_bottom:10&#8243; md_spacing=&#8221;margin_bottom:10&#8243;][vc_column width=&#8221;1\/4&#8243;][tm_heading tag=&#8221;h4&#8243; custom_google_font=&#8221;&#8221; css=&#8221;.vc_custom_1702534293059{margin-top: 10px !important;}&#8221;]En savoir plus[\/tm_heading][\/vc_column][vc_column width=&#8221;1\/4&#8243;][tm_button button=&#8221;url:https%3A%2F%2Fwww.stratign.com%2Fcontact-us%2F|title:Nous%20contacter%20&#8243; el_id=&#8221;Contact-us-other&#8221;][\/vc_column][vc_column width=&#8221;1\/4&#8243;][tm_heading tag=&#8221;h4&#8243; custom_google_font=&#8221;&#8221;]T\u00e9l\u00e9charger la brochure[\/tm_heading][\/vc_column][vc_column width=&#8221;1\/4&#8243;][tm_button button=&#8221;url:https%3A%2F%2Fwww.stratign.com%2Fbrochures%2F|title:T%C3%A9l%C3%A9charger&#8221; el_id=&#8221;Brochure-other&#8221;][\/vc_column][\/vc_row]<\/p>\n<\/section>","protected":false},"excerpt":{"rendered":"<p>Stratign\u2019s Intelligent Cell Phone Jammer sllows the user to selectively jam unauthorised cellphone communications in restricted areas. Allowed users will be able to communicate freely.<\/p>\n","protected":false},"author":1,"featured_media":0,"parent":0,"menu_order":0,"comment_status":"closed","ping_status":"closed","template":"","meta":{"footnotes":""},"class_list":["post-3344","page","type-page","status-publish","hentry","post-no-thumbnail"],"yoast_head":"<!-- This site is optimized with the Yoast SEO plugin v27.3 - https:\/\/yoast.com\/product\/yoast-seo-wordpress\/ -->\n<title>BROUILLEUR INTELLIGENT DE T\u00c9L\u00c9PHONE PORTABLE - Stratign<\/title>\n<meta name=\"description\" content=\"Le brouilleur de t\u00e9l\u00e9phone portable intelligent permet \u00e0 l&#039;op\u00e9rateur de bloquer les communications des utilisateurs non autoris\u00e9s tout en permettant aux t\u00e9l\u00e9phones s\u00e9lectionn\u00e9s de fonctionner.\" \/>\n<meta name=\"robots\" content=\"index, follow, max-snippet:-1, max-image-preview:large, max-video-preview:-1\" \/>\n<link rel=\"canonical\" href=\"https:\/\/www.stratign.com\/fr\/intelligent-cellphone-jammer\/\" \/>\n<meta property=\"og:locale\" content=\"en_US\" \/>\n<meta property=\"og:type\" content=\"article\" \/>\n<meta property=\"og:title\" content=\"BROUILLEUR INTELLIGENT DE T\u00c9L\u00c9PHONE PORTABLE - Stratign\" \/>\n<meta property=\"og:description\" content=\"Le brouilleur de t\u00e9l\u00e9phone portable intelligent permet \u00e0 l&#039;op\u00e9rateur de bloquer les communications des utilisateurs non autoris\u00e9s tout en permettant aux t\u00e9l\u00e9phones s\u00e9lectionn\u00e9s de fonctionner.\" \/>\n<meta property=\"og:url\" content=\"https:\/\/www.stratign.com\/fr\/intelligent-cellphone-jammer\/\" \/>\n<meta property=\"og:site_name\" content=\"Stratign\" \/>\n<meta property=\"article:publisher\" content=\"https:\/\/www.facebook.com\/stratignfb\/\" \/>\n<meta property=\"article:modified_time\" content=\"2024-03-05T06:45:42+00:00\" \/>\n<meta name=\"twitter:card\" content=\"summary_large_image\" \/>\n<meta name=\"twitter:site\" content=\"@stratign\" \/>\n<meta name=\"twitter:label1\" content=\"Est. reading time\" \/>\n\t<meta name=\"twitter:data1\" content=\"2 minutes\" \/>\n<script type=\"application\/ld+json\" class=\"yoast-schema-graph\">{\"@context\":\"https:\\\/\\\/schema.org\",\"@graph\":[{\"@type\":\"WebPage\",\"@id\":\"https:\\\/\\\/www.stratign.com\\\/fr\\\/intelligent-cellphone-jammer\\\/\",\"url\":\"https:\\\/\\\/www.stratign.com\\\/fr\\\/intelligent-cellphone-jammer\\\/\",\"name\":\"BROUILLEUR INTELLIGENT DE T\u00c9L\u00c9PHONE PORTABLE - Stratign\",\"isPartOf\":{\"@id\":\"https:\\\/\\\/www.stratign.com\\\/fr\\\/#website\"},\"datePublished\":\"2021-09-23T08:41:41+00:00\",\"dateModified\":\"2024-03-05T06:45:42+00:00\",\"description\":\"Le brouilleur de t\u00e9l\u00e9phone portable intelligent permet \u00e0 l'op\u00e9rateur de bloquer les communications des utilisateurs non autoris\u00e9s tout en permettant aux t\u00e9l\u00e9phones s\u00e9lectionn\u00e9s de fonctionner.\",\"breadcrumb\":{\"@id\":\"https:\\\/\\\/www.stratign.com\\\/fr\\\/intelligent-cellphone-jammer\\\/#breadcrumb\"},\"inLanguage\":\"en-US\",\"potentialAction\":[{\"@type\":\"ReadAction\",\"target\":[\"https:\\\/\\\/www.stratign.com\\\/fr\\\/intelligent-cellphone-jammer\\\/\"]}]},{\"@type\":\"BreadcrumbList\",\"@id\":\"https:\\\/\\\/www.stratign.com\\\/fr\\\/intelligent-cellphone-jammer\\\/#breadcrumb\",\"itemListElement\":[{\"@type\":\"ListItem\",\"position\":1,\"name\":\"Home\",\"item\":\"https:\\\/\\\/www.stratign.com\\\/fr\\\/\"},{\"@type\":\"ListItem\",\"position\":2,\"name\":\"BROUILLEUR INTELLIGENT DE T\u00c9L\u00c9PHONE PORTABLE\"}]},{\"@type\":\"WebSite\",\"@id\":\"https:\\\/\\\/www.stratign.com\\\/fr\\\/#website\",\"url\":\"https:\\\/\\\/www.stratign.com\\\/fr\\\/\",\"name\":\"Stratign\",\"description\":\"Military Defense Technology\",\"potentialAction\":[{\"@type\":\"SearchAction\",\"target\":{\"@type\":\"EntryPoint\",\"urlTemplate\":\"https:\\\/\\\/www.stratign.com\\\/fr\\\/?s={search_term_string}\"},\"query-input\":{\"@type\":\"PropertyValueSpecification\",\"valueRequired\":true,\"valueName\":\"search_term_string\"}}],\"inLanguage\":\"en-US\"}]}<\/script>\n<!-- \/ Yoast SEO plugin. -->","yoast_head_json":{"title":"BROUILLEUR INTELLIGENT DE T\u00c9L\u00c9PHONE PORTABLE - Stratign","description":"Le brouilleur de t\u00e9l\u00e9phone portable intelligent permet \u00e0 l'op\u00e9rateur de bloquer les communications des utilisateurs non autoris\u00e9s tout en permettant aux t\u00e9l\u00e9phones s\u00e9lectionn\u00e9s de fonctionner.","robots":{"index":"index","follow":"follow","max-snippet":"max-snippet:-1","max-image-preview":"max-image-preview:large","max-video-preview":"max-video-preview:-1"},"canonical":"https:\/\/www.stratign.com\/fr\/intelligent-cellphone-jammer\/","og_locale":"en_US","og_type":"article","og_title":"BROUILLEUR INTELLIGENT DE T\u00c9L\u00c9PHONE PORTABLE - Stratign","og_description":"Le brouilleur de t\u00e9l\u00e9phone portable intelligent permet \u00e0 l'op\u00e9rateur de bloquer les communications des utilisateurs non autoris\u00e9s tout en permettant aux t\u00e9l\u00e9phones s\u00e9lectionn\u00e9s de fonctionner.","og_url":"https:\/\/www.stratign.com\/fr\/intelligent-cellphone-jammer\/","og_site_name":"Stratign","article_publisher":"https:\/\/www.facebook.com\/stratignfb\/","article_modified_time":"2024-03-05T06:45:42+00:00","twitter_card":"summary_large_image","twitter_site":"@stratign","twitter_misc":{"Est. reading time":"2 minutes"},"schema":{"@context":"https:\/\/schema.org","@graph":[{"@type":"WebPage","@id":"https:\/\/www.stratign.com\/fr\/intelligent-cellphone-jammer\/","url":"https:\/\/www.stratign.com\/fr\/intelligent-cellphone-jammer\/","name":"BROUILLEUR INTELLIGENT DE T\u00c9L\u00c9PHONE PORTABLE - Stratign","isPartOf":{"@id":"https:\/\/www.stratign.com\/fr\/#website"},"datePublished":"2021-09-23T08:41:41+00:00","dateModified":"2024-03-05T06:45:42+00:00","description":"Le brouilleur de t\u00e9l\u00e9phone portable intelligent permet \u00e0 l'op\u00e9rateur de bloquer les communications des utilisateurs non autoris\u00e9s tout en permettant aux t\u00e9l\u00e9phones s\u00e9lectionn\u00e9s de fonctionner.","breadcrumb":{"@id":"https:\/\/www.stratign.com\/fr\/intelligent-cellphone-jammer\/#breadcrumb"},"inLanguage":"en-US","potentialAction":[{"@type":"ReadAction","target":["https:\/\/www.stratign.com\/fr\/intelligent-cellphone-jammer\/"]}]},{"@type":"BreadcrumbList","@id":"https:\/\/www.stratign.com\/fr\/intelligent-cellphone-jammer\/#breadcrumb","itemListElement":[{"@type":"ListItem","position":1,"name":"Home","item":"https:\/\/www.stratign.com\/fr\/"},{"@type":"ListItem","position":2,"name":"BROUILLEUR INTELLIGENT DE T\u00c9L\u00c9PHONE PORTABLE"}]},{"@type":"WebSite","@id":"https:\/\/www.stratign.com\/fr\/#website","url":"https:\/\/www.stratign.com\/fr\/","name":"Stratign","description":"Military Defense Technology","potentialAction":[{"@type":"SearchAction","target":{"@type":"EntryPoint","urlTemplate":"https:\/\/www.stratign.com\/fr\/?s={search_term_string}"},"query-input":{"@type":"PropertyValueSpecification","valueRequired":true,"valueName":"search_term_string"}}],"inLanguage":"en-US"}]}},"_links":{"self":[{"href":"https:\/\/www.stratign.com\/fr\/wp-json\/wp\/v2\/pages\/3344","targetHints":{"allow":["GET"]}}],"collection":[{"href":"https:\/\/www.stratign.com\/fr\/wp-json\/wp\/v2\/pages"}],"about":[{"href":"https:\/\/www.stratign.com\/fr\/wp-json\/wp\/v2\/types\/page"}],"author":[{"embeddable":true,"href":"https:\/\/www.stratign.com\/fr\/wp-json\/wp\/v2\/users\/1"}],"replies":[{"embeddable":true,"href":"https:\/\/www.stratign.com\/fr\/wp-json\/wp\/v2\/comments?post=3344"}],"version-history":[{"count":5,"href":"https:\/\/www.stratign.com\/fr\/wp-json\/wp\/v2\/pages\/3344\/revisions"}],"predecessor-version":[{"id":15139,"href":"https:\/\/www.stratign.com\/fr\/wp-json\/wp\/v2\/pages\/3344\/revisions\/15139"}],"wp:attachment":[{"href":"https:\/\/www.stratign.com\/fr\/wp-json\/wp\/v2\/media?parent=3344"}],"curies":[{"name":"wp","href":"https:\/\/api.w.org\/{rel}","templated":true}]}}