{"id":3348,"date":"2021-09-23T09:03:11","date_gmt":"2021-09-23T09:03:11","guid":{"rendered":"https:\/\/stratign.com\/website\/?page_id=3348"},"modified":"2024-03-05T10:46:05","modified_gmt":"2024-03-05T06:46:05","slug":"radio-jammer","status":"publish","type":"page","link":"https:\/\/www.stratign.com\/fr\/radio-jammer\/","title":{"rendered":"BROUILLEUR RADIO"},"content":{"rendered":"<section class=\"wpb-content-wrapper\"><p>[vc_row][vc_column][tm_spacer size=&#8221;xs:20;sm:40;lg:80&#8243;][tm_heading tag=&#8221;h4&#8243; custom_google_font=&#8221;&#8221; text_transform=&#8221;uppercase&#8221; align=&#8221;center&#8221; text_color=&#8221;secondary&#8221; font_size=&#8221;sm:28;md:34;lg:40&#8243; line_height=&#8221;1.4&#8243;]BROUILLEUR RADIO[\/tm_heading][tm_spacer size=&#8221;xs:20;sm:30;lg:60&#8243;][\/vc_column][\/vc_row][vc_row sm_spacing=&#8221;padding_bottom:100&#8243; lg_spacing=&#8221;padding_bottom:5&#8243;][vc_column offset=&#8221;vc_col-md-5&#8243;][tm_heading style=&#8221;left-line&#8221; custom_google_font=&#8221;&#8221; font_weight=&#8221;800&#8243; font_size=&#8221;sm:18;md:21;lg:24&#8243; line_height=&#8221;1.67&#8243; max_width=&#8221;400px&#8221;]Les brouilleurs radio de Stratign permettent de brouiller les signaux radio V\/UHF dans les zones d&#8217;int\u00e9r\u00eat.[\/tm_heading][\/vc_column][vc_column offset=&#8221;vc_col-md-7 vc_hidden-xs&#8221;][tm_heading tag=&#8221;div&#8221; custom_google_font=&#8221;&#8221; font_size=&#8221;lg:18&#8243; line_height=&#8221;1.67&#8243;]Les radios VHF et UHF sont g\u00e9n\u00e9ralement utilis\u00e9es pour la communication entre les troupes d&#8217;une force de d\u00e9fense ou entre le personnel d&#8217;une organisation. Cela permet la coordination des activit\u00e9s entre le personnel ou les sections.[\/tm_heading][\/vc_column][\/vc_row][vc_row sm_spacing=&#8221;margin_top:-90&#8243; xs_spacing=&#8221;margin_top:-90&#8243;][vc_column offset=&#8221;vc_hidden-xs&#8221;][tm_heading tag=&#8221;div&#8221; custom_google_font=&#8221;&#8221; font_size=&#8221;lg:18&#8243; line_height=&#8221;1.67&#8243;]Dans un contexte plus large, les organisations de d\u00e9fense utilisent des radios pour communiquer pendant les op\u00e9rations, afin d&#8217;am\u00e9liorer la coordination. Ces radios fonctionnent dans les bandes de fr\u00e9quences allou\u00e9es \u00e0 la d\u00e9fense ou \u00e0 l&#8217;usage public.[\/tm_heading][tm_spacer size=&#8221;xs:10;sm:10;lg:20&#8243;][tm_heading tag=&#8221;div&#8221; custom_google_font=&#8221;&#8221; font_size=&#8221;lg:18&#8243; line_height=&#8221;1.67&#8243;]L&#8217;interruption des communications pendant les phases critiques de l&#8217;op\u00e9ration entra\u00eene une confusion sur les champs de bataille, car la transmission en temps voulu des instructions ou des informations en retour est perturb\u00e9e. Les brouilleurs radio de Stratign permettent de brouiller les signaux radio V\/UHF dans les zones d&#8217;int\u00e9r\u00eat. Le syst\u00e8me de base est dot\u00e9 d&#8217;une bande de fr\u00e9quence allant de 20 MHz \u00e0 3000 MHz, mais celle-ci peut \u00eatre \u00e9tendue jusqu&#8217;\u00e0 6000 MHz. Ces brouilleurs peuvent \u00eatre configur\u00e9s pour \u00eatre mont\u00e9s dans des syst\u00e8mes de manpack ou dans des v\u00e9hicules en fonction des exigences op\u00e9rationnelles et de la port\u00e9e.[\/tm_heading][tm_spacer size=&#8221;xs:50;sm:50;lg:50&#8243;][tm_heading tag=&#8221;h4&#8243; custom_google_font=&#8221;&#8221; align=&#8221;center&#8221; text_color=&#8221;secondary&#8221; font_size=&#8221;sm:28;md:34;lg:40&#8243; line_height=&#8221;1.4&#8243; css=&#8221;.vc_custom_1705391955283{background-position: center !important;background-repeat: no-repeat !important;background-size: contain !important;}&#8221;]Caract\u00e9ristiques du syst\u00e8me[\/tm_heading][tm_spacer size=&#8221;lg:40&#8243;][tm_list list_style=&#8221;check-02&#8243; marker_color=&#8221;secondary&#8221; title_color=&#8221;primary&#8221; columns=&#8221;xs:1;lg:2&#8243; items=&#8221;%5B%7B%22item_title%22%3A%22Bande%20de%20fr%C3%A9quences%22%2C%22item_desc%22%3A%22Peut%20brouiller%20toutes%20les%20communications%20dans%20les%20bandes%2020-3000%20MHz.%20La%20bande%20de%20fr%C3%A9quences%20peut%20%C3%AAtre%20%C3%A9tendue%20jusqu&#8217;%C3%A0%206000%20MHz.%22%7D%2C%7B%22item_title%22%3A%22%20Configuration%22%2C%22link%22%3A%22%7C%7C%7C%22%2C%22item_desc%22%3A%22Le%20produit%20peut%20%C3%AAtre%20configur%C3%A9%20pour%20ne%20cibler%20que%20des%20bandes%20sp%C3%A9cifiques%20telles%20que%20les%20bandes%20militaires%20ou%20les%20bandes%20r%C3%A9serv%C3%A9es%20%C3%A0%20un%20usage%20public.%22%7D%2C%7B%22item_title%22%3A%22Bandes%20s%C3%A9curis%C3%A9es%22%2C%22item_desc%22%3A%22Le%20produit%20peut%20%C3%AAtre%20programm%C3%A9%20pour%20avoir%20des%20bandes%20s%C3%A9curis%C3%A9es%20pour%20ses%20propres%20communications.%22%7D%2C%7B%22item_title%22%3A%22Utilisation%20d%E2%80%99un%20sac%20%C3%A0%20dos%20ou%20d%E2%80%99un%20v%C3%A9hicule%22%2C%22link%22%3A%22%7C%7C%7C%22%2C%22item_desc%22%3A%22Le%20produit%20peut%20%C3%AAtre%20configur%C3%A9%20pour%20%C3%AAtre%20utilis%C3%A9%20dans%20un%20v%C3%A9hicule%20ou%20dans%20un%20sac%20%C3%A0%20dos.%22%7D%2C%7B%22item_title%22%3A%22Signaux%20%C3%A0%20saut%20de%20fr%C3%A9quence%22%2C%22item_desc%22%3A%22Capable%20de%20brouiller%20les%20signaux%20de%20saut%20de%20fr%C3%A9quence.%22%7D%2C%7B%22item_title%22%3A%22Balayage%20ou%20fr%C3%A9quences%20ponctuelles%20sp%C3%A9cifiques%22%2C%22item_desc%22%3A%22Le%20brouilleur%20peut%20brouiller%20soit%20la%20bande%20compl%C3%A8te%20en%20mode%20balayage%2C%20soit%20des%20fr%C3%A9quences%20ponctuelles%20sp%C3%A9cifiques.%22%7D%5D&#8221; custom_css=&#8221;LnRtLWxpc3Quc3R5bGUtY2hlY2stMDIlMjAuZGVzYyUyMCU3QiUwQSUyMCUyMCUyMCUyMG1hcmdpbi10b3AlM0ElMjAxMHB4JTNCJTBBJTIwJTIwJTIwJTIwbWFyZ2luLWJvdHRvbSUzQSUyMDEwcHglM0IlMEElN0Q=&#8221;][tm_spacer size=&#8221;xs:30;sm:60;lg:120&#8243;][\/vc_column][\/vc_row][vc_row css_animation=&#8221;none&#8221; lg_spacing=&#8221;margin_bottom:10&#8243; md_spacing=&#8221;margin_bottom:10&#8243;][vc_column width=&#8221;1\/4&#8243;][tm_heading tag=&#8221;h4&#8243; custom_google_font=&#8221;&#8221; css=&#8221;.vc_custom_1702534293059{margin-top: 10px !important;}&#8221;]En savoir plus[\/tm_heading][\/vc_column][vc_column width=&#8221;1\/4&#8243;][tm_button button=&#8221;url:https%3A%2F%2Fwww.stratign.com%2Fcontact-us%2F|title:Nous%20contacter%20&#8243; el_id=&#8221;Contact-us-other&#8221;][\/vc_column][vc_column width=&#8221;1\/4&#8243;][tm_heading tag=&#8221;h4&#8243; custom_google_font=&#8221;&#8221;]T\u00e9l\u00e9charger la brochure[\/tm_heading][\/vc_column][vc_column width=&#8221;1\/4&#8243;][tm_button button=&#8221;url:https%3A%2F%2Fwww.stratign.com%2Fbrochures%2F|title:T%C3%A9l%C3%A9charger&#8221; el_id=&#8221;Brochure-other&#8221;][\/vc_column][\/vc_row]<\/p>\n<\/section>","protected":false},"excerpt":{"rendered":"<p>Stratign\u2019s Radio Jammers enables jamming of V\/UHF radio signals in the areas of interest.<\/p>\n","protected":false},"author":1,"featured_media":0,"parent":0,"menu_order":0,"comment_status":"closed","ping_status":"closed","template":"","meta":{"footnotes":""},"class_list":["post-3348","page","type-page","status-publish","hentry","post-no-thumbnail"],"yoast_head":"<!-- This site is optimized with the Yoast SEO plugin v27.3 - https:\/\/yoast.com\/product\/yoast-seo-wordpress\/ -->\n<title>BROUILLEUR RADIO - Stratign<\/title>\n<meta name=\"description\" content=\"Les brouilleurs radio de Stratign permettent de brouiller les signaux radio V\/UHF dans les zones d&#039;int\u00e9r\u00eat. Ces syst\u00e8mes peuvent \u00eatre mont\u00e9s sur un homme ou sur un v\u00e9hicule.\" \/>\n<meta name=\"robots\" content=\"index, follow, max-snippet:-1, max-image-preview:large, max-video-preview:-1\" \/>\n<link rel=\"canonical\" href=\"https:\/\/www.stratign.com\/fr\/radio-jammer\/\" \/>\n<meta property=\"og:locale\" content=\"en_US\" \/>\n<meta property=\"og:type\" content=\"article\" \/>\n<meta property=\"og:title\" content=\"BROUILLEUR RADIO - Stratign\" \/>\n<meta property=\"og:description\" content=\"Les brouilleurs radio de Stratign permettent de brouiller les signaux radio V\/UHF dans les zones d&#039;int\u00e9r\u00eat. Ces syst\u00e8mes peuvent \u00eatre mont\u00e9s sur un homme ou sur un v\u00e9hicule.\" \/>\n<meta property=\"og:url\" content=\"https:\/\/www.stratign.com\/fr\/radio-jammer\/\" \/>\n<meta property=\"og:site_name\" content=\"Stratign\" \/>\n<meta property=\"article:publisher\" content=\"https:\/\/www.facebook.com\/stratignfb\/\" \/>\n<meta property=\"article:modified_time\" content=\"2024-03-05T06:46:05+00:00\" \/>\n<meta name=\"twitter:card\" content=\"summary_large_image\" \/>\n<meta name=\"twitter:site\" content=\"@stratign\" \/>\n<meta name=\"twitter:label1\" content=\"Est. reading time\" \/>\n\t<meta name=\"twitter:data1\" content=\"2 minutes\" \/>\n<script type=\"application\/ld+json\" class=\"yoast-schema-graph\">{\"@context\":\"https:\\\/\\\/schema.org\",\"@graph\":[{\"@type\":\"WebPage\",\"@id\":\"https:\\\/\\\/www.stratign.com\\\/fr\\\/radio-jammer\\\/\",\"url\":\"https:\\\/\\\/www.stratign.com\\\/fr\\\/radio-jammer\\\/\",\"name\":\"BROUILLEUR RADIO - Stratign\",\"isPartOf\":{\"@id\":\"https:\\\/\\\/www.stratign.com\\\/fr\\\/#website\"},\"datePublished\":\"2021-09-23T09:03:11+00:00\",\"dateModified\":\"2024-03-05T06:46:05+00:00\",\"description\":\"Les brouilleurs radio de Stratign permettent de brouiller les signaux radio V\\\/UHF dans les zones d'int\u00e9r\u00eat. Ces syst\u00e8mes peuvent \u00eatre mont\u00e9s sur un homme ou sur un v\u00e9hicule.\",\"breadcrumb\":{\"@id\":\"https:\\\/\\\/www.stratign.com\\\/fr\\\/radio-jammer\\\/#breadcrumb\"},\"inLanguage\":\"en-US\",\"potentialAction\":[{\"@type\":\"ReadAction\",\"target\":[\"https:\\\/\\\/www.stratign.com\\\/fr\\\/radio-jammer\\\/\"]}]},{\"@type\":\"BreadcrumbList\",\"@id\":\"https:\\\/\\\/www.stratign.com\\\/fr\\\/radio-jammer\\\/#breadcrumb\",\"itemListElement\":[{\"@type\":\"ListItem\",\"position\":1,\"name\":\"Home\",\"item\":\"https:\\\/\\\/www.stratign.com\\\/fr\\\/\"},{\"@type\":\"ListItem\",\"position\":2,\"name\":\"BROUILLEUR RADIO\"}]},{\"@type\":\"WebSite\",\"@id\":\"https:\\\/\\\/www.stratign.com\\\/fr\\\/#website\",\"url\":\"https:\\\/\\\/www.stratign.com\\\/fr\\\/\",\"name\":\"Stratign\",\"description\":\"Military Defense Technology\",\"potentialAction\":[{\"@type\":\"SearchAction\",\"target\":{\"@type\":\"EntryPoint\",\"urlTemplate\":\"https:\\\/\\\/www.stratign.com\\\/fr\\\/?s={search_term_string}\"},\"query-input\":{\"@type\":\"PropertyValueSpecification\",\"valueRequired\":true,\"valueName\":\"search_term_string\"}}],\"inLanguage\":\"en-US\"}]}<\/script>\n<!-- \/ Yoast SEO plugin. -->","yoast_head_json":{"title":"BROUILLEUR RADIO - Stratign","description":"Les brouilleurs radio de Stratign permettent de brouiller les signaux radio V\/UHF dans les zones d'int\u00e9r\u00eat. Ces syst\u00e8mes peuvent \u00eatre mont\u00e9s sur un homme ou sur un v\u00e9hicule.","robots":{"index":"index","follow":"follow","max-snippet":"max-snippet:-1","max-image-preview":"max-image-preview:large","max-video-preview":"max-video-preview:-1"},"canonical":"https:\/\/www.stratign.com\/fr\/radio-jammer\/","og_locale":"en_US","og_type":"article","og_title":"BROUILLEUR RADIO - Stratign","og_description":"Les brouilleurs radio de Stratign permettent de brouiller les signaux radio V\/UHF dans les zones d'int\u00e9r\u00eat. Ces syst\u00e8mes peuvent \u00eatre mont\u00e9s sur un homme ou sur un v\u00e9hicule.","og_url":"https:\/\/www.stratign.com\/fr\/radio-jammer\/","og_site_name":"Stratign","article_publisher":"https:\/\/www.facebook.com\/stratignfb\/","article_modified_time":"2024-03-05T06:46:05+00:00","twitter_card":"summary_large_image","twitter_site":"@stratign","twitter_misc":{"Est. reading time":"2 minutes"},"schema":{"@context":"https:\/\/schema.org","@graph":[{"@type":"WebPage","@id":"https:\/\/www.stratign.com\/fr\/radio-jammer\/","url":"https:\/\/www.stratign.com\/fr\/radio-jammer\/","name":"BROUILLEUR RADIO - Stratign","isPartOf":{"@id":"https:\/\/www.stratign.com\/fr\/#website"},"datePublished":"2021-09-23T09:03:11+00:00","dateModified":"2024-03-05T06:46:05+00:00","description":"Les brouilleurs radio de Stratign permettent de brouiller les signaux radio V\/UHF dans les zones d'int\u00e9r\u00eat. Ces syst\u00e8mes peuvent \u00eatre mont\u00e9s sur un homme ou sur un v\u00e9hicule.","breadcrumb":{"@id":"https:\/\/www.stratign.com\/fr\/radio-jammer\/#breadcrumb"},"inLanguage":"en-US","potentialAction":[{"@type":"ReadAction","target":["https:\/\/www.stratign.com\/fr\/radio-jammer\/"]}]},{"@type":"BreadcrumbList","@id":"https:\/\/www.stratign.com\/fr\/radio-jammer\/#breadcrumb","itemListElement":[{"@type":"ListItem","position":1,"name":"Home","item":"https:\/\/www.stratign.com\/fr\/"},{"@type":"ListItem","position":2,"name":"BROUILLEUR RADIO"}]},{"@type":"WebSite","@id":"https:\/\/www.stratign.com\/fr\/#website","url":"https:\/\/www.stratign.com\/fr\/","name":"Stratign","description":"Military Defense Technology","potentialAction":[{"@type":"SearchAction","target":{"@type":"EntryPoint","urlTemplate":"https:\/\/www.stratign.com\/fr\/?s={search_term_string}"},"query-input":{"@type":"PropertyValueSpecification","valueRequired":true,"valueName":"search_term_string"}}],"inLanguage":"en-US"}]}},"_links":{"self":[{"href":"https:\/\/www.stratign.com\/fr\/wp-json\/wp\/v2\/pages\/3348","targetHints":{"allow":["GET"]}}],"collection":[{"href":"https:\/\/www.stratign.com\/fr\/wp-json\/wp\/v2\/pages"}],"about":[{"href":"https:\/\/www.stratign.com\/fr\/wp-json\/wp\/v2\/types\/page"}],"author":[{"embeddable":true,"href":"https:\/\/www.stratign.com\/fr\/wp-json\/wp\/v2\/users\/1"}],"replies":[{"embeddable":true,"href":"https:\/\/www.stratign.com\/fr\/wp-json\/wp\/v2\/comments?post=3348"}],"version-history":[{"count":6,"href":"https:\/\/www.stratign.com\/fr\/wp-json\/wp\/v2\/pages\/3348\/revisions"}],"predecessor-version":[{"id":15140,"href":"https:\/\/www.stratign.com\/fr\/wp-json\/wp\/v2\/pages\/3348\/revisions\/15140"}],"wp:attachment":[{"href":"https:\/\/www.stratign.com\/fr\/wp-json\/wp\/v2\/media?parent=3348"}],"curies":[{"name":"wp","href":"https:\/\/api.w.org\/{rel}","templated":true}]}}