{"id":3351,"date":"2021-09-23T10:35:18","date_gmt":"2021-09-23T10:35:18","guid":{"rendered":"https:\/\/stratign.com\/website\/?page_id=3351"},"modified":"2024-03-05T10:46:22","modified_gmt":"2024-03-05T06:46:22","slug":"prison-jammer","status":"publish","type":"page","link":"https:\/\/www.stratign.com\/fr\/prison-jammer\/","title":{"rendered":"BROUILLEURS DE PRISON"},"content":{"rendered":"<section class=\"wpb-content-wrapper\"><p>[vc_row][vc_column][tm_spacer size=&#8221;xs:20;sm:40;lg:80&#8243;][tm_heading tag=&#8221;h4&#8243; custom_google_font=&#8221;&#8221; text_transform=&#8221;uppercase&#8221; align=&#8221;center&#8221; text_color=&#8221;secondary&#8221; font_size=&#8221;sm:28;md:34;lg:40&#8243; line_height=&#8221;1.4&#8243;]BROUILLEURS DE PRISON[\/tm_heading][tm_spacer size=&#8221;xs:20;sm:30;lg:60&#8243;][\/vc_column][\/vc_row][vc_row sm_spacing=&#8221;padding_bottom:100&#8243; lg_spacing=&#8221;padding_bottom:5&#8243;][vc_column offset=&#8221;vc_col-md-5&#8243;][tm_heading style=&#8221;left-line&#8221; custom_google_font=&#8221;&#8221; font_weight=&#8221;800&#8243; font_size=&#8221;sm:18;md:21;lg:24&#8243; line_height=&#8221;1.67&#8243; max_width=&#8221;400px&#8221;]Les brouilleurs de prison de Stratign sont des construction modulaire et peuvent \u00eatre personnalis\u00e9s en fonction du pays d&#8217;op\u00e9ration afin de cibler les communications standard telles que les t\u00e9l\u00e9phones cellulaires, les t\u00e9l\u00e9phones par satellite, le WiFi, etc.[\/tm_heading][\/vc_column][vc_column offset=&#8221;vc_col-md-7 vc_hidden-xs&#8221;][tm_heading tag=&#8221;div&#8221; custom_google_font=&#8221;&#8221; font_size=&#8221;lg:18&#8243; line_height=&#8221;1.67&#8243;]Les conversations non autoris\u00e9es sur des t\u00e9l\u00e9phones portables dans des lieux sensibles tels que les prisons, les palais de justice, les installations militaires, etc. constituent une grave menace pour la s\u00e9curit\u00e9. Dans la plupart des prisons, il est interdit aux d\u00e9tenus de poss\u00e9der et d&#8217;utiliser des t\u00e9l\u00e9phones portables. Les t\u00e9l\u00e9phones portables sont l&#8217;un des objets les plus introduits en contrebande dans les prisons. Ils permettent aux d\u00e9tenus de passer et de recevoir des appels t\u00e9l\u00e9phoniques non autoris\u00e9s, d&#8217;envoyer des courriels et des SMS, d&#8217;utiliser les m\u00e9dias sociaux et de suivre l&#8217;actualit\u00e9 relative \u00e0 leur affaire, entre autres utilisations interdites. Ils peuvent \u00e9galement utiliser les t\u00e9l\u00e9phones portables pour communiquer avec leurs sup\u00e9rieurs et partager des informations qui peuvent avoir de graves cons\u00e9quences sur la s\u00e9curit\u00e9 de la prison ou de la nation.[\/tm_heading][\/vc_column][\/vc_row][vc_row sm_spacing=&#8221;margin_top:-90&#8243; xs_spacing=&#8221;margin_top:-90&#8243;][vc_column offset=&#8221;vc_hidden-xs&#8221;][tm_heading tag=&#8221;div&#8221; custom_google_font=&#8221;&#8221; font_size=&#8221;lg:18&#8243; line_height=&#8221;1.67&#8243;]Afin d&#8217;emp\u00eacher ces communications non autoris\u00e9es, les organismes charg\u00e9s de l&#8217;application de la loi utilisent des brouilleurs de t\u00e9l\u00e9phones cellulaires dans des lieux tels que les prisons, les palais de justice, les installations militaires, les b\u00e2timents gouvernementaux sensibles, etc. Les brouilleurs de prison de Stratign \u00e9mettent des signaux sur les m\u00eames bandes de fr\u00e9quences radio que les t\u00e9l\u00e9phones portables, perturbant ainsi la communication entre la station de base du t\u00e9l\u00e9phone portable et le t\u00e9l\u00e9phone, ce qui d\u00e9sactive efficacement les t\u00e9l\u00e9phones portables dans le rayon d&#8217;action du brouilleur. Afin d&#8217;emp\u00eacher ces communications non autoris\u00e9es, les organismes charg\u00e9s de l&#8217;application de la loi utilisent des brouilleurs de t\u00e9l\u00e9phones cellulaires dans des lieux tels que les prisons, les palais de justice, les installations militaires, les b\u00e2timents gouvernementaux sensibles, etc. Les brouilleurs de prison de Stratign \u00e9mettent des signaux sur les m\u00eames bandes de fr\u00e9quences radio que les t\u00e9l\u00e9phones portables, perturbant ainsi la communication entre la station de base du t\u00e9l\u00e9phone portable et le t\u00e9l\u00e9phone, ce qui d\u00e9sactive efficacement les t\u00e9l\u00e9phones portables dans le rayon d&#8217;action du brouilleur.[\/tm_heading][tm_spacer size=&#8221;xs:10;lg:20&#8243;][tm_heading tag=&#8221;div&#8221; custom_google_font=&#8221;&#8221; font_size=&#8221;lg:18&#8243; line_height=&#8221;1.67&#8243;]Les brouilleurs sont enferm\u00e9s dans des armoires \u00e9tanches qui conviennent \u00e0 une installation dans des environnements ext\u00e9rieurs difficiles et peuvent \u00eatre personnalis\u00e9s pour contenir jusqu&#8217;\u00e0 08 modules Tx afin de cibler diff\u00e9rentes bandes de fr\u00e9quences. Cela permet d&#8217;inclure des bandes Wi-Fi ou Bluetooth dans le syst\u00e8me, ce qui le rend plus efficace pour bloquer les communications non autoris\u00e9es. Il est possible de mettre en r\u00e9seau plusieurs brouilleurs de prison sur un r\u00e9seau local et de les contr\u00f4ler \u00e0 partir du m\u00eame emplacement.[\/tm_heading][tm_spacer size=&#8221;xs:50;sm:50;lg:50&#8243;][tm_heading tag=&#8221;h4&#8243; custom_google_font=&#8221;&#8221; align=&#8221;center&#8221; text_color=&#8221;secondary&#8221; font_size=&#8221;sm:28;md:34;lg:40&#8243; line_height=&#8221;1.4&#8243; css=&#8221;.vc_custom_1705640484351{background-position: center !important;background-repeat: no-repeat !important;background-size: contain !important;}&#8221;]Caract\u00e9ristiques du syst\u00e8me[\/tm_heading][tm_spacer size=&#8221;lg:40&#8243;][tm_list list_style=&#8221;check-02&#8243; marker_color=&#8221;secondary&#8221; title_color=&#8221;primary&#8221; columns=&#8221;xs:1;lg:2&#8243; items=&#8221;%5B%7B%22item_title%22%3A%22Brouillage%20de%20toutes%20les%20bandes%20de%20t%C3%A9l%C3%A9phones%20portables%22%2C%22item_desc%22%3A%22Le%20syst%C3%A8me%20est%20capable%20de%20brouiller%20les%20t%C3%A9l%C3%A9phones%202G%2C%203G%2C%204G%20et%205G%20dans%20sa%20zone%20d&#8217;influence.%22%7D%2C%7B%22item_title%22%3A%22Technologie%20DDS%22%2C%22item_desc%22%3A%22Le%20syst%C3%A8me%20utilise%20la%20technologie%20de%20synth%C3%A8se%20num%C3%A9rique%20directe%20pour%20obtenir%20des%20performances%20de%20brouillage%20plus%20efficaces.%22%7D%2C%7B%22item_title%22%3A%22Contr%C3%B4le%20et%20surveillance%20%C3%A0%20distance%22%2C%22link%22%3A%22%7C%7C%7C%22%2C%22item_desc%22%3A%22Plusieurs%20syst%C3%A8mes%20peuvent%20%C3%AAtre%20d%C3%A9ploy%C3%A9s%20et%20int%C3%A9gr%C3%A9s%20sur%20un%20r%C3%A9seau%20local%20TCP%2FIP%20disponible%20et%20peuvent%20%C3%AAtre%20contr%C3%B4l%C3%A9s%20de%20mani%C3%A8re%20centralis%C3%A9e%20%C3%A0%20partir%20d&#8217;un%20seul%20terminal.%20L&#8217;%C3%A9quipement%20prend%20en%20charge%20la%20surveillance%20du%20contr%C3%B4le%20local%2F%C3%A0%20distance.%22%7D%2C%7B%22item_title%22%3A%22Configurable%20en%20fonction%20de%20l&#8217;utilisation%20op%C3%A9rationnelle%22%2C%22item_desc%22%3A%22Le%20syst%C3%A8me%20peut%20%C3%AAtre%20configur%C3%A9%20pour%20diff%C3%A9rentes%20tailles%20et%20puissances%20en%20fonction%20du%20lieu%20d&#8217;utilisation%2C%20comme%20les%20salles%20de%20r%C3%A9union%2C%20les%20grands%20halls%20ou%20les%20grandes%20zones%20ouvertes.%22%7D%2C%7B%22item_title%22%3A%22Mise%20en%20marche%2Farr%C3%AAt%20automatique%22%2C%22item_desc%22%3A%22Possibilit%C3%A9%20de%20d%C3%A9finir%20l&#8217;heure%20de%20fonctionnement%20et%20l&#8217;heure%20d&#8217;arr%C3%AAt%20du%20syst%C3%A8me%2C%20qui%20passe%20automatiquement%20en%20mode%20ON%2FOFF%20en%20fonction%20des%20param%C3%A8tres%20d%C3%A9finis.%22%7D%2C%7B%22item_title%22%3A%22Conception%20du%20dissipateur%20thermique%22%2C%22item_desc%22%3A%22La%20conception%20du%20dissipateur%20thermique%2C%20associ%C3%A9e%20aux%20ventilateurs%20actifs%2C%20permet%20au%20syst%C3%A8me%20de%20fonctionner%20en%20continu%2C%20m%C3%AAme%20dans%20des%20conditions%20climatiques%20chaudes%2C%20sans%20limite%20de%20temps.%22%7D%2C%7B%22item_title%22%3A%22Protection%20contre%20les%20circuits%20ouverts%22%2C%22item_desc%22%3A%22La%20protection%20contre%20les%20circuits%20ouverts%20(VSWR)%20garantit%20que%20le%20syst%C3%A8me%20ne%20br%C3%BBlera%20pas%20en%20cas%20de%20court-circuit%20ou%20de%20d%C3%A9connexion%20de%20l&#8217;antenne.%22%7D%2C%7B%22item_title%22%3A%22Connexion%20s%C3%A9curis%C3%A9e%22%2C%22item_desc%22%3A%22Le%20syst%C3%A8me%20n&#8217;est%20accessible%20qu&#8217;au%20personnel%20autoris%C3%A9%20par%20le%20biais%20d&#8217;une%20connexion%20s%C3%A9curis%C3%A9e.%20Le%20syst%C3%A8me%20permet%20aux%20utilisateurs%20d&#8217;%C3%A9tablir%20des%20rapports%20d&#8217;enregistrement%2C%20des%20rapports%20d&#8217;inventaire%2C%20de%20d%C3%A9finir%20des%20cartes%2C%20etc.%22%7D%2C%7B%22item_title%22%3A%22R%C3%A9seau%20%C3%A0%20distance%22%2C%22item_desc%22%3A%22Le%20r%C3%A9seau%20%C3%A0%20distance%2C%20avec%20l&#8217;acc%C3%A8s%20%C3%A0%20Internet%2C%20permet%20de%20surveiller%20les%20syst%C3%A8mes%20en%20temps%20r%C3%A9el.%22%7D%2C%7B%22item_title%22%3A%22Bandes%20de%20liaison%20descendante.%22%2C%22link%22%3A%22%7C%7C%7C%22%2C%22item_desc%22%3A%22Le%20syst%C3%A8me%20brouille%20et%20interf%C3%A8re%20uniquement%20sur%20les%20bandes%20de%20la%20liaison%20descendante.%22%7D%2C%7B%22item_title%22%3A%22Interface%20op%C3%A9rateur%22%2C%22item_desc%22%3A%22Interface%20op%C3%A9rateur%20conviviale.%20La%20puissance%20de%20sortie%2C%20la%20tension%2C%20l&#8217;amp%C3%A9rage%2C%20la%20temp%C3%A9rature%2C%20le%20VSWR%20(rapport%20d&#8217;ondes%20stationnaires)%20et%20l&#8217;%C3%A9tat%20d&#8217;ouverture%2Ffermeture%20de%20la%20porte%20peuvent%20%C3%AAtre%20surveill%C3%A9s%20%C3%A0%20distance%20en%20temps%20r%C3%A9el.%22%7D%2C%7B%22item_title%22%3A%22%20Sauvegarde%22%2C%22item_desc%22%3A%22Onduleur%20et%20batterie%20de%20secours%20en%20option%20en%20cas%20de%20panne%20de%20courant.%22%7D%5D&#8221; custom_css=&#8221;LnRtLWxpc3Quc3R5bGUtY2hlY2stMDIlMjAuZGVzYyUyMCU3QiUwQSUyMCUyMCUyMCUyMG1hcmdpbi10b3AlM0ElMjAxMHB4JTNCJTBBJTIwJTIwJTIwJTIwbWFyZ2luLWJvdHRvbSUzQSUyMDEwcHglM0IlMEElN0Q=&#8221;][tm_spacer size=&#8221;xs:30;sm:60;lg:120&#8243;][\/vc_column][\/vc_row][vc_row css_animation=&#8221;none&#8221; lg_spacing=&#8221;margin_bottom:10&#8243; md_spacing=&#8221;margin_bottom:10&#8243;][vc_column width=&#8221;1\/4&#8243;][tm_heading tag=&#8221;h4&#8243; custom_google_font=&#8221;&#8221; css=&#8221;.vc_custom_1702534293059{margin-top: 10px !important;}&#8221;]En savoir plus[\/tm_heading][\/vc_column][vc_column width=&#8221;1\/4&#8243;][tm_button button=&#8221;url:https%3A%2F%2Fwww.stratign.com%2Fcontact-us%2F|title:Nous%20contacter%20&#8243; el_id=&#8221;Contact-us-other&#8221;][\/vc_column][vc_column width=&#8221;1\/4&#8243;][tm_heading tag=&#8221;h4&#8243; custom_google_font=&#8221;&#8221;]T\u00e9l\u00e9charger la brochure[\/tm_heading][\/vc_column][vc_column width=&#8221;1\/4&#8243;][tm_button button=&#8221;url:https%3A%2F%2Fwww.stratign.com%2Fbrochures%2F|title:T%C3%A9l%C3%A9charger&#8221; el_id=&#8221;Brochure-other&#8221;][\/vc_column][\/vc_row]<\/p>\n<\/section>","protected":false},"excerpt":{"rendered":"<p>Stratign\u2019s Prison Jammers are modular in construction and allows customisation based on the country of operation to target standard communications such as cellphone, satellite phone, WiFi, etc.<\/p>\n","protected":false},"author":1,"featured_media":0,"parent":0,"menu_order":0,"comment_status":"closed","ping_status":"closed","template":"","meta":{"footnotes":""},"class_list":["post-3351","page","type-page","status-publish","hentry","post-no-thumbnail"],"yoast_head":"<!-- This site is optimized with the Yoast SEO plugin v27.3 - https:\/\/yoast.com\/product\/yoast-seo-wordpress\/ -->\n<title>BROUILLEURS DE PRISON - Stratign<\/title>\n<meta name=\"description\" content=\"Les brouilleurs de prison perturbent la communication entre la station de base et le t\u00e9l\u00e9phone, en d\u00e9sactivant les t\u00e9l\u00e9phones mobiles dans le rayon d&#039;action du brouilleur.\" \/>\n<meta name=\"robots\" content=\"index, follow, max-snippet:-1, max-image-preview:large, max-video-preview:-1\" \/>\n<link rel=\"canonical\" href=\"https:\/\/www.stratign.com\/fr\/prison-jammer\/\" \/>\n<meta property=\"og:locale\" content=\"en_US\" \/>\n<meta property=\"og:type\" content=\"article\" \/>\n<meta property=\"og:title\" content=\"BROUILLEURS DE PRISON - Stratign\" \/>\n<meta property=\"og:description\" content=\"Les brouilleurs de prison perturbent la communication entre la station de base et le t\u00e9l\u00e9phone, en d\u00e9sactivant les t\u00e9l\u00e9phones mobiles dans le rayon d&#039;action du brouilleur.\" \/>\n<meta property=\"og:url\" content=\"https:\/\/www.stratign.com\/fr\/prison-jammer\/\" \/>\n<meta property=\"og:site_name\" content=\"Stratign\" \/>\n<meta property=\"article:publisher\" content=\"https:\/\/www.facebook.com\/stratignfb\/\" \/>\n<meta property=\"article:modified_time\" content=\"2024-03-05T06:46:22+00:00\" \/>\n<meta name=\"twitter:card\" content=\"summary_large_image\" \/>\n<meta name=\"twitter:site\" content=\"@stratign\" \/>\n<meta name=\"twitter:label1\" content=\"Est. reading time\" \/>\n\t<meta name=\"twitter:data1\" content=\"3 minutes\" \/>\n<script type=\"application\/ld+json\" class=\"yoast-schema-graph\">{\"@context\":\"https:\\\/\\\/schema.org\",\"@graph\":[{\"@type\":\"WebPage\",\"@id\":\"https:\\\/\\\/www.stratign.com\\\/fr\\\/prison-jammer\\\/\",\"url\":\"https:\\\/\\\/www.stratign.com\\\/fr\\\/prison-jammer\\\/\",\"name\":\"BROUILLEURS DE PRISON - Stratign\",\"isPartOf\":{\"@id\":\"https:\\\/\\\/www.stratign.com\\\/fr\\\/#website\"},\"datePublished\":\"2021-09-23T10:35:18+00:00\",\"dateModified\":\"2024-03-05T06:46:22+00:00\",\"description\":\"Les brouilleurs de prison perturbent la communication entre la station de base et le t\u00e9l\u00e9phone, en d\u00e9sactivant les t\u00e9l\u00e9phones mobiles dans le rayon d'action du brouilleur.\",\"breadcrumb\":{\"@id\":\"https:\\\/\\\/www.stratign.com\\\/fr\\\/prison-jammer\\\/#breadcrumb\"},\"inLanguage\":\"en-US\",\"potentialAction\":[{\"@type\":\"ReadAction\",\"target\":[\"https:\\\/\\\/www.stratign.com\\\/fr\\\/prison-jammer\\\/\"]}]},{\"@type\":\"BreadcrumbList\",\"@id\":\"https:\\\/\\\/www.stratign.com\\\/fr\\\/prison-jammer\\\/#breadcrumb\",\"itemListElement\":[{\"@type\":\"ListItem\",\"position\":1,\"name\":\"Home\",\"item\":\"https:\\\/\\\/www.stratign.com\\\/fr\\\/\"},{\"@type\":\"ListItem\",\"position\":2,\"name\":\"BROUILLEURS DE PRISON\"}]},{\"@type\":\"WebSite\",\"@id\":\"https:\\\/\\\/www.stratign.com\\\/fr\\\/#website\",\"url\":\"https:\\\/\\\/www.stratign.com\\\/fr\\\/\",\"name\":\"Stratign\",\"description\":\"Military Defense Technology\",\"potentialAction\":[{\"@type\":\"SearchAction\",\"target\":{\"@type\":\"EntryPoint\",\"urlTemplate\":\"https:\\\/\\\/www.stratign.com\\\/fr\\\/?s={search_term_string}\"},\"query-input\":{\"@type\":\"PropertyValueSpecification\",\"valueRequired\":true,\"valueName\":\"search_term_string\"}}],\"inLanguage\":\"en-US\"}]}<\/script>\n<!-- \/ Yoast SEO plugin. -->","yoast_head_json":{"title":"BROUILLEURS DE PRISON - Stratign","description":"Les brouilleurs de prison perturbent la communication entre la station de base et le t\u00e9l\u00e9phone, en d\u00e9sactivant les t\u00e9l\u00e9phones mobiles dans le rayon d'action du brouilleur.","robots":{"index":"index","follow":"follow","max-snippet":"max-snippet:-1","max-image-preview":"max-image-preview:large","max-video-preview":"max-video-preview:-1"},"canonical":"https:\/\/www.stratign.com\/fr\/prison-jammer\/","og_locale":"en_US","og_type":"article","og_title":"BROUILLEURS DE PRISON - Stratign","og_description":"Les brouilleurs de prison perturbent la communication entre la station de base et le t\u00e9l\u00e9phone, en d\u00e9sactivant les t\u00e9l\u00e9phones mobiles dans le rayon d'action du brouilleur.","og_url":"https:\/\/www.stratign.com\/fr\/prison-jammer\/","og_site_name":"Stratign","article_publisher":"https:\/\/www.facebook.com\/stratignfb\/","article_modified_time":"2024-03-05T06:46:22+00:00","twitter_card":"summary_large_image","twitter_site":"@stratign","twitter_misc":{"Est. reading time":"3 minutes"},"schema":{"@context":"https:\/\/schema.org","@graph":[{"@type":"WebPage","@id":"https:\/\/www.stratign.com\/fr\/prison-jammer\/","url":"https:\/\/www.stratign.com\/fr\/prison-jammer\/","name":"BROUILLEURS DE PRISON - Stratign","isPartOf":{"@id":"https:\/\/www.stratign.com\/fr\/#website"},"datePublished":"2021-09-23T10:35:18+00:00","dateModified":"2024-03-05T06:46:22+00:00","description":"Les brouilleurs de prison perturbent la communication entre la station de base et le t\u00e9l\u00e9phone, en d\u00e9sactivant les t\u00e9l\u00e9phones mobiles dans le rayon d'action du brouilleur.","breadcrumb":{"@id":"https:\/\/www.stratign.com\/fr\/prison-jammer\/#breadcrumb"},"inLanguage":"en-US","potentialAction":[{"@type":"ReadAction","target":["https:\/\/www.stratign.com\/fr\/prison-jammer\/"]}]},{"@type":"BreadcrumbList","@id":"https:\/\/www.stratign.com\/fr\/prison-jammer\/#breadcrumb","itemListElement":[{"@type":"ListItem","position":1,"name":"Home","item":"https:\/\/www.stratign.com\/fr\/"},{"@type":"ListItem","position":2,"name":"BROUILLEURS DE PRISON"}]},{"@type":"WebSite","@id":"https:\/\/www.stratign.com\/fr\/#website","url":"https:\/\/www.stratign.com\/fr\/","name":"Stratign","description":"Military Defense Technology","potentialAction":[{"@type":"SearchAction","target":{"@type":"EntryPoint","urlTemplate":"https:\/\/www.stratign.com\/fr\/?s={search_term_string}"},"query-input":{"@type":"PropertyValueSpecification","valueRequired":true,"valueName":"search_term_string"}}],"inLanguage":"en-US"}]}},"_links":{"self":[{"href":"https:\/\/www.stratign.com\/fr\/wp-json\/wp\/v2\/pages\/3351","targetHints":{"allow":["GET"]}}],"collection":[{"href":"https:\/\/www.stratign.com\/fr\/wp-json\/wp\/v2\/pages"}],"about":[{"href":"https:\/\/www.stratign.com\/fr\/wp-json\/wp\/v2\/types\/page"}],"author":[{"embeddable":true,"href":"https:\/\/www.stratign.com\/fr\/wp-json\/wp\/v2\/users\/1"}],"replies":[{"embeddable":true,"href":"https:\/\/www.stratign.com\/fr\/wp-json\/wp\/v2\/comments?post=3351"}],"version-history":[{"count":5,"href":"https:\/\/www.stratign.com\/fr\/wp-json\/wp\/v2\/pages\/3351\/revisions"}],"predecessor-version":[{"id":15141,"href":"https:\/\/www.stratign.com\/fr\/wp-json\/wp\/v2\/pages\/3351\/revisions\/15141"}],"wp:attachment":[{"href":"https:\/\/www.stratign.com\/fr\/wp-json\/wp\/v2\/media?parent=3351"}],"curies":[{"name":"wp","href":"https:\/\/api.w.org\/{rel}","templated":true}]}}