{"id":3357,"date":"2021-09-26T05:42:46","date_gmt":"2021-09-26T05:42:46","guid":{"rendered":"https:\/\/stratign.com\/website\/?page_id=3357"},"modified":"2024-03-05T09:53:30","modified_gmt":"2024-03-05T05:53:30","slug":"bomb-jammer","status":"publish","type":"page","link":"https:\/\/www.stratign.com\/fr\/bomb-jammer\/","title":{"rendered":"BROUILLEURS DE BOMBES (RCIED)"},"content":{"rendered":"<section class=\"wpb-content-wrapper\"><p>[vc_row][vc_column][tm_spacer size=&#8221;xs:20;sm:40;lg:80&#8243;][tm_heading tag=&#8221;h4&#8243; custom_google_font=&#8221;&#8221; text_transform=&#8221;uppercase&#8221; align=&#8221;center&#8221; text_color=&#8221;secondary&#8221; font_size=&#8221;sm:28;md:34;lg:40&#8243; line_height=&#8221;1.4&#8243;]BROUILLEURS DE BOMBES (RCIED)[\/tm_heading][tm_spacer size=&#8221;xs:20;sm:30;lg:60&#8243;][\/vc_column][\/vc_row][vc_row sm_spacing=&#8221;padding_bottom:100&#8243; lg_spacing=&#8221;padding_bottom:5&#8243;][vc_column offset=&#8221;vc_col-md-5&#8243;][tm_heading style=&#8221;left-line&#8221; custom_google_font=&#8221;&#8221; font_weight=&#8221;800&#8243; font_size=&#8221;sm:18;md:21;lg:24&#8243; line_height=&#8221;1.67&#8243; max_width=&#8221;400px&#8221;]Les brouilleurs de bombes Stratign sont con\u00e7us avec une approche modulaire couvrant la bande de fr\u00e9quence de 20 \u00e0 6000 MHz. Chaque module couvre diff\u00e9rentes bandes de fr\u00e9quences et donc la configuration du syst\u00e8me selon les bandes de fr\u00e9quences op\u00e9rationnelles du pays client.[\/tm_heading][\/vc_column][vc_column offset=&#8221;vc_col-md-7&#8243;][tm_spacer size=&#8221;xs:10;sm:10;md:0;lg:0&#8243;][tm_heading tag=&#8221;div&#8221; custom_google_font=&#8221;&#8221; font_size=&#8221;lg:18&#8243; line_height=&#8221;1.67&#8243;]Outre les avantages qu&#8217;offrent les t\u00e9l\u00e9phones portables en termes de disponibilit\u00e9 permanente et de commodit\u00e9 pour passer des appels, ils pr\u00e9sentent \u00e9galement certains risques. L&#8217;utilisation de t\u00e9l\u00e9phones portables et d&#8217;autres appareils radio mobiles tels que les jouets t\u00e9l\u00e9command\u00e9s, le Wi-Fi, etc. n&#8217;est pas souhaitable dans certaines zones pour des raisons de s\u00e9curit\u00e9 publique, car certains de ces signaux peuvent \u00eatre utilis\u00e9s pour la d\u00e9tonation d&#8217;engins explosifs radiocommand\u00e9s.<br \/>\nLes engins explosifs improvis\u00e9s radiocommand\u00e9 (RCIED) sont devenus une menace de plus en plus courante et n\u00e9cessitent un moyen de dissuasion fiable. Les bombes ou les engins explosifs RCIED peuvent \u00eatre d\u00e9clench\u00e9s par une t\u00e9l\u00e9commande \u00e0 radiofr\u00e9quence. Ces engins repr\u00e9sentent une menace croissante, les terroristes devenant de plus en plus sophistiqu\u00e9s sur[\/tm_heading][\/vc_column][\/vc_row][vc_row sm_spacing=&#8221;margin_top:-90&#8243; xs_spacing=&#8221;margin_top:-90&#8243;][vc_column][tm_heading tag=&#8221;div&#8221; custom_google_font=&#8221;&#8221; font_size=&#8221;lg:18&#8243; line_height=&#8221;1.67&#8243;]le plan technique. Le type le plus courant est l&#8217;engin \u00e0 d\u00e9tonation command\u00e9e, mieux connu sous le nom d&#8217;engin explosif improvis\u00e9 radiocommand\u00e9 (RCIED).[\/tm_heading][tm_heading tag=&#8221;div&#8221; custom_google_font=&#8221;&#8221; font_size=&#8221;lg:18&#8243; line_height=&#8221;1.67&#8243;]Un brouilleur d&#8217;engins explosifs improvis\u00e9s bloque les signaux radio utilis\u00e9s pour faire exploser un engin explosif improvis\u00e9 ou RCIED. \u00c9galement connu sous le nom de brouilleur de radiofr\u00e9quence, ce brouilleur de dispositifs explosifs de circonstance de grande puissance sature l&#8217;environnement avec des impulsions de radiofr\u00e9quence d&#8217;\u00e9nergie \u00e9lectromagn\u00e9tique, rendant ainsi la d\u00e9tonation contr\u00f4l\u00e9e inefficace.[\/tm_heading][\/vc_column][\/vc_row][vc_row][vc_column][tm_spacer size=&#8221;lg:20&#8243;][tm_heading tag=&#8221;div&#8221; custom_google_font=&#8221;&#8221; font_size=&#8221;lg:18&#8243; line_height=&#8221;1.67&#8243;]Les brouilleurs de bombes de Stratign sont con\u00e7us selon une approche modulaire couvrant la bande de fr\u00e9quences de 20 \u00e0 6000 MHz. Chaque module couvre diff\u00e9rentes bandes de fr\u00e9quences et il est donc possible de configurer le syst\u00e8me avec plusieurs modules de la m\u00eame bande pour augmenter l&#8217;efficacit\u00e9. Le syst\u00e8me peut couvrir, de mani\u00e8re continue et simultan\u00e9e, toutes les fr\u00e9quences de communication radio dans la gamme 20MHz &#8211; 6000MHz qui sont les plus utilis\u00e9es par les terroristes pour faire exploser des bombes au bord de la route (RCIED). Le brouilleur utilise la technique de brouillage par barrage pour assurer la suppression de toutes les bandes de fr\u00e9quences pertinentes.<br \/>\nCes syst\u00e8mes peuvent \u00eatre configur\u00e9s avec diff\u00e9rentes puissances de sortie et bandes de fr\u00e9quences pour fonctionner en mode v\u00e9hicule, portable ou Manpack.[\/tm_heading][tm_spacer size=&#8221;lg:50&#8243;][tm_heading tag=&#8221;h4&#8243; custom_google_font=&#8221;&#8221; align=&#8221;center&#8221; text_color=&#8221;secondary&#8221; font_size=&#8221;sm:28;md:34;lg:40&#8243; line_height=&#8221;1.4&#8243; css=&#8221;.vc_custom_1704693292307{background-position: center !important;background-repeat: no-repeat !important;background-size: contain !important;}&#8221;]Caract\u00e9ristiques du syst\u00e8me[\/tm_heading][tm_spacer size=&#8221;lg:40&#8243;][tm_list list_style=&#8221;check-02&#8243; marker_color=&#8221;secondary&#8221; title_color=&#8221;primary&#8221; columns=&#8221;xs:1;lg:2&#8243; items=&#8221;%5B%7B%22item_title%22%3A%22S&#8217;adresse%20%C3%A0%20toutes%20les%20bandes%20de%20t%C3%A9l%C3%A9phones%20cellulaires%22%2C%22item_desc%22%3A%22Le%20syst%C3%A8me%20est%20capable%20de%20brouiller%20les%20t%C3%A9l%C3%A9phones%202G%2C%203G%2C%204G%20et%205G%20dans%20sa%20zone%20d&#8217;influence.%22%7D%2C%7B%22item_title%22%3A%22Construction%20modulaire%22%2C%22link%22%3A%22%7C%7C%7C%22%2C%22item_desc%22%3A%22Le%20syst%C3%A8me%20%C3%A9tant%20modulaire%2C%20il%20est%20possible%20d&#8217;ajouter%20ou%20de%20supprimer%20des%20canaux%20en%20fonction%20des%20besoins%20du%20client.%22%7D%2C%7B%22item_title%22%3A%22Cible%20les%20bandes%20de%20liaison%20descendante%22%2C%22link%22%3A%22%7C%7C%7C%22%2C%22item_desc%22%3A%22Le%20syst%C3%A8me%20brouille%20et%20interf%C3%A8re%20uniquement%20dans%20les%20bandes%20de%20liaison%20descendante%20des%20communications%20par%20t%C3%A9l%C3%A9phone%20cellulaire%2C%20ce%20qui%20n&#8217;affecte%20pas%20les%20communications%20en%20dehors%20de%20sa%20zone%20de%20couverture.%22%7D%2C%7B%22item_title%22%3A%22Technologie%20DDS%22%2C%22item_desc%22%3A%22Le%20syst%C3%A8me%20utilise%20la%20technologie%20de%20synth%C3%A8se%20num%C3%A9rique%20directe%20pour%20obtenir%20des%20performances%20de%20brouillage%20plus%20efficaces.%22%7D%2C%7B%22item_title%22%3A%22Refroidissement%20efficace%22%2C%22item_desc%22%3A%22La%20conception%20du%20dissipateur%20thermique%2C%20associ%C3%A9e%20aux%20ventilateurs%20actifs%2C%20permet%20au%20syst%C3%A8me%20de%20fonctionner%20en%20continu%2C%20m%C3%AAme%20dans%20des%20conditions%20climatiques%20chaudes%2C%20sans%20limite%20de%20temps.%22%7D%2C%7B%22item_title%22%3A%22Protection%20contre%20les%20Circuit%20Ouvert%22%2C%22item_desc%22%3A%22La%20protection%20contre%20les%20circuit%20ouvert%20(VSWR)%20garantit%20que%20le%20syst%C3%A8me%20ne%20se%20br%C3%BBlera%20pas%20en%20cas%20de%20court-circuit%20ou%20de%20d%C3%A9connexion%20de%20l&#8217;antenne.%22%7D%2C%7B%22item_title%22%3A%22Alternateur%20double%20pour%20fonctionnement%20en%20v%C3%A9hicule%22%2C%22item_desc%22%3A%22Option%20d&#8217;alternateur%20suppl%C3%A9mentaire%20pour%20g%C3%A9n%C3%A9rer%20de%20l&#8217;%C3%A9nergie%20%C3%A0%20partir%20du%20moteur%20du%20v%C3%A9hicule%20en%20mode%20de%20fonctionnement%20v%C3%A9hiculaire.%22%7D%2C%7B%22item_title%22%3A%22R%C3%A9sistant%20aux%20intemp%C3%A9ries%22%2C%22item_desc%22%3A%22Peut-%C3%AAtre%20emball%C3%A9%20dans%20des%20bo%C3%AEtiers%20r%C3%A9sistants%20aux%20intemp%C3%A9ries%20pour%20une%20utilisation%20dans%20des%20zones%20ouvertes%20avec%20des%20conditions%20m%C3%A9t%C3%A9orologiques%20extr%C3%AAmes.%22%7D%5D&#8221; custom_css=&#8221;LnRtLWxpc3Quc3R5bGUtY2hlY2stMDIlMjAuZGVzYyUyMCU3QiUwQSUyMCUyMCUyMCUyMG1hcmdpbi10b3AlM0ElMjAxMHB4JTNCJTBBJTIwJTIwJTIwJTIwbWFyZ2luLWJvdHRvbSUzQSUyMDEwcHglM0IlMEElN0Q=&#8221;][tm_spacer size=&#8221;xs:30;sm:60;lg:120&#8243;][\/vc_column][\/vc_row][vc_row css_animation=&#8221;none&#8221; lg_spacing=&#8221;margin_bottom:10&#8243; md_spacing=&#8221;margin_bottom:10&#8243;][vc_column width=&#8221;1\/4&#8243;][tm_heading tag=&#8221;h4&#8243; custom_google_font=&#8221;&#8221; css=&#8221;.vc_custom_1702534293059{margin-top: 10px !important;}&#8221;]En savoir plus[\/tm_heading][\/vc_column][vc_column width=&#8221;1\/4&#8243;][tm_button button=&#8221;url:https%3A%2F%2Fwww.stratign.com%2Fcontact-us%2F|title:Nous%20contacter%20&#8243; el_id=&#8221;Contact-us-other&#8221;][\/vc_column][vc_column width=&#8221;1\/4&#8243;][tm_heading tag=&#8221;h4&#8243; custom_google_font=&#8221;&#8221;]T\u00e9l\u00e9charger la brochure[\/tm_heading][\/vc_column][vc_column width=&#8221;1\/4&#8243;][tm_button button=&#8221;url:https%3A%2F%2Fwww.stratign.com%2Fbrochures%2F|title:T%C3%A9l%C3%A9charger&#8221; el_id=&#8221;Brochure-other&#8221;][\/vc_column][\/vc_row]<\/p>\n<\/section>","protected":false},"excerpt":{"rendered":"<p>Stratign\u2019s Bomb Jammers are designed with a modular approach covering the frequency band from 20-6000MHz. Each module covers different frequency bands and hence configuration of the system as per the customer country\u2019s operational frequency bands.<\/p>\n","protected":false},"author":1,"featured_media":0,"parent":0,"menu_order":0,"comment_status":"closed","ping_status":"closed","template":"","meta":{"footnotes":""},"class_list":["post-3357","page","type-page","status-publish","hentry","post-no-thumbnail"],"yoast_head":"<!-- This site is optimized with the Yoast SEO plugin v27.3 - https:\/\/yoast.com\/product\/yoast-seo-wordpress\/ -->\n<title>BROUILLEURS DE BOMBES (RCIED) - Stratign<\/title>\n<meta name=\"description\" content=\"Les brouilleurs de bombes sont con\u00e7us pour couvrir la bande de fr\u00e9quences de 20 \u00e0 6000 MHz et peuvent \u00eatre configur\u00e9s en fonction des bandes de fr\u00e9quences op\u00e9rationnelles du pays.\" \/>\n<meta name=\"robots\" content=\"index, follow, max-snippet:-1, max-image-preview:large, max-video-preview:-1\" \/>\n<link rel=\"canonical\" href=\"https:\/\/www.stratign.com\/fr\/bomb-jammer\/\" \/>\n<meta property=\"og:locale\" content=\"en_US\" \/>\n<meta property=\"og:type\" content=\"article\" \/>\n<meta property=\"og:title\" content=\"BROUILLEURS DE BOMBES (RCIED) - Stratign\" \/>\n<meta property=\"og:description\" content=\"Les brouilleurs de bombes sont con\u00e7us pour couvrir la bande de fr\u00e9quences de 20 \u00e0 6000 MHz et peuvent \u00eatre configur\u00e9s en fonction des bandes de fr\u00e9quences op\u00e9rationnelles du pays.\" \/>\n<meta property=\"og:url\" content=\"https:\/\/www.stratign.com\/fr\/bomb-jammer\/\" \/>\n<meta property=\"og:site_name\" content=\"Stratign\" \/>\n<meta property=\"article:publisher\" content=\"https:\/\/www.facebook.com\/stratignfb\/\" \/>\n<meta property=\"article:modified_time\" content=\"2024-03-05T05:53:30+00:00\" \/>\n<meta name=\"twitter:card\" content=\"summary_large_image\" \/>\n<meta name=\"twitter:site\" content=\"@stratign\" \/>\n<meta name=\"twitter:label1\" content=\"Est. reading time\" \/>\n\t<meta name=\"twitter:data1\" content=\"2 minutes\" \/>\n<script type=\"application\/ld+json\" class=\"yoast-schema-graph\">{\"@context\":\"https:\\\/\\\/schema.org\",\"@graph\":[{\"@type\":\"WebPage\",\"@id\":\"https:\\\/\\\/www.stratign.com\\\/fr\\\/bomb-jammer\\\/\",\"url\":\"https:\\\/\\\/www.stratign.com\\\/fr\\\/bomb-jammer\\\/\",\"name\":\"BROUILLEURS DE BOMBES (RCIED) - Stratign\",\"isPartOf\":{\"@id\":\"https:\\\/\\\/www.stratign.com\\\/fr\\\/#website\"},\"datePublished\":\"2021-09-26T05:42:46+00:00\",\"dateModified\":\"2024-03-05T05:53:30+00:00\",\"description\":\"Les brouilleurs de bombes sont con\u00e7us pour couvrir la bande de fr\u00e9quences de 20 \u00e0 6000 MHz et peuvent \u00eatre configur\u00e9s en fonction des bandes de fr\u00e9quences op\u00e9rationnelles du pays.\",\"breadcrumb\":{\"@id\":\"https:\\\/\\\/www.stratign.com\\\/fr\\\/bomb-jammer\\\/#breadcrumb\"},\"inLanguage\":\"en-US\",\"potentialAction\":[{\"@type\":\"ReadAction\",\"target\":[\"https:\\\/\\\/www.stratign.com\\\/fr\\\/bomb-jammer\\\/\"]}]},{\"@type\":\"BreadcrumbList\",\"@id\":\"https:\\\/\\\/www.stratign.com\\\/fr\\\/bomb-jammer\\\/#breadcrumb\",\"itemListElement\":[{\"@type\":\"ListItem\",\"position\":1,\"name\":\"Home\",\"item\":\"https:\\\/\\\/www.stratign.com\\\/fr\\\/\"},{\"@type\":\"ListItem\",\"position\":2,\"name\":\"BROUILLEURS DE BOMBES (RCIED)\"}]},{\"@type\":\"WebSite\",\"@id\":\"https:\\\/\\\/www.stratign.com\\\/fr\\\/#website\",\"url\":\"https:\\\/\\\/www.stratign.com\\\/fr\\\/\",\"name\":\"Stratign\",\"description\":\"Military Defense Technology\",\"potentialAction\":[{\"@type\":\"SearchAction\",\"target\":{\"@type\":\"EntryPoint\",\"urlTemplate\":\"https:\\\/\\\/www.stratign.com\\\/fr\\\/?s={search_term_string}\"},\"query-input\":{\"@type\":\"PropertyValueSpecification\",\"valueRequired\":true,\"valueName\":\"search_term_string\"}}],\"inLanguage\":\"en-US\"}]}<\/script>\n<!-- \/ Yoast SEO plugin. -->","yoast_head_json":{"title":"BROUILLEURS DE BOMBES (RCIED) - Stratign","description":"Les brouilleurs de bombes sont con\u00e7us pour couvrir la bande de fr\u00e9quences de 20 \u00e0 6000 MHz et peuvent \u00eatre configur\u00e9s en fonction des bandes de fr\u00e9quences op\u00e9rationnelles du pays.","robots":{"index":"index","follow":"follow","max-snippet":"max-snippet:-1","max-image-preview":"max-image-preview:large","max-video-preview":"max-video-preview:-1"},"canonical":"https:\/\/www.stratign.com\/fr\/bomb-jammer\/","og_locale":"en_US","og_type":"article","og_title":"BROUILLEURS DE BOMBES (RCIED) - Stratign","og_description":"Les brouilleurs de bombes sont con\u00e7us pour couvrir la bande de fr\u00e9quences de 20 \u00e0 6000 MHz et peuvent \u00eatre configur\u00e9s en fonction des bandes de fr\u00e9quences op\u00e9rationnelles du pays.","og_url":"https:\/\/www.stratign.com\/fr\/bomb-jammer\/","og_site_name":"Stratign","article_publisher":"https:\/\/www.facebook.com\/stratignfb\/","article_modified_time":"2024-03-05T05:53:30+00:00","twitter_card":"summary_large_image","twitter_site":"@stratign","twitter_misc":{"Est. reading time":"2 minutes"},"schema":{"@context":"https:\/\/schema.org","@graph":[{"@type":"WebPage","@id":"https:\/\/www.stratign.com\/fr\/bomb-jammer\/","url":"https:\/\/www.stratign.com\/fr\/bomb-jammer\/","name":"BROUILLEURS DE BOMBES (RCIED) - Stratign","isPartOf":{"@id":"https:\/\/www.stratign.com\/fr\/#website"},"datePublished":"2021-09-26T05:42:46+00:00","dateModified":"2024-03-05T05:53:30+00:00","description":"Les brouilleurs de bombes sont con\u00e7us pour couvrir la bande de fr\u00e9quences de 20 \u00e0 6000 MHz et peuvent \u00eatre configur\u00e9s en fonction des bandes de fr\u00e9quences op\u00e9rationnelles du pays.","breadcrumb":{"@id":"https:\/\/www.stratign.com\/fr\/bomb-jammer\/#breadcrumb"},"inLanguage":"en-US","potentialAction":[{"@type":"ReadAction","target":["https:\/\/www.stratign.com\/fr\/bomb-jammer\/"]}]},{"@type":"BreadcrumbList","@id":"https:\/\/www.stratign.com\/fr\/bomb-jammer\/#breadcrumb","itemListElement":[{"@type":"ListItem","position":1,"name":"Home","item":"https:\/\/www.stratign.com\/fr\/"},{"@type":"ListItem","position":2,"name":"BROUILLEURS DE BOMBES (RCIED)"}]},{"@type":"WebSite","@id":"https:\/\/www.stratign.com\/fr\/#website","url":"https:\/\/www.stratign.com\/fr\/","name":"Stratign","description":"Military Defense Technology","potentialAction":[{"@type":"SearchAction","target":{"@type":"EntryPoint","urlTemplate":"https:\/\/www.stratign.com\/fr\/?s={search_term_string}"},"query-input":{"@type":"PropertyValueSpecification","valueRequired":true,"valueName":"search_term_string"}}],"inLanguage":"en-US"}]}},"_links":{"self":[{"href":"https:\/\/www.stratign.com\/fr\/wp-json\/wp\/v2\/pages\/3357","targetHints":{"allow":["GET"]}}],"collection":[{"href":"https:\/\/www.stratign.com\/fr\/wp-json\/wp\/v2\/pages"}],"about":[{"href":"https:\/\/www.stratign.com\/fr\/wp-json\/wp\/v2\/types\/page"}],"author":[{"embeddable":true,"href":"https:\/\/www.stratign.com\/fr\/wp-json\/wp\/v2\/users\/1"}],"replies":[{"embeddable":true,"href":"https:\/\/www.stratign.com\/fr\/wp-json\/wp\/v2\/comments?post=3357"}],"version-history":[{"count":5,"href":"https:\/\/www.stratign.com\/fr\/wp-json\/wp\/v2\/pages\/3357\/revisions"}],"predecessor-version":[{"id":15135,"href":"https:\/\/www.stratign.com\/fr\/wp-json\/wp\/v2\/pages\/3357\/revisions\/15135"}],"wp:attachment":[{"href":"https:\/\/www.stratign.com\/fr\/wp-json\/wp\/v2\/media?parent=3357"}],"curies":[{"name":"wp","href":"https:\/\/api.w.org\/{rel}","templated":true}]}}