{"id":3365,"date":"2021-09-26T06:35:40","date_gmt":"2021-09-26T06:35:40","guid":{"rendered":"https:\/\/stratign.com\/website\/?page_id=3365"},"modified":"2024-03-05T10:48:56","modified_gmt":"2024-03-05T06:48:56","slug":"drone-jammer","status":"publish","type":"page","link":"https:\/\/www.stratign.com\/fr\/drone-jammer\/","title":{"rendered":"BROUILLEURS DE DRONES"},"content":{"rendered":"<section class=\"wpb-content-wrapper\"><p>[vc_row][vc_column][tm_spacer size=&#8221;xs:20;sm:40;lg:80&#8243;][tm_heading tag=&#8221;h4&#8243; custom_google_font=&#8221;&#8221; text_transform=&#8221;uppercase&#8221; align=&#8221;center&#8221; text_color=&#8221;secondary&#8221; font_size=&#8221;sm:28;md:34;lg:40&#8243; line_height=&#8221;1.4&#8243;]BROUILLEURS DE DRONES[\/tm_heading][tm_spacer size=&#8221;xs:20;sm:30;lg:60&#8243;][\/vc_column][\/vc_row][vc_row sm_spacing=&#8221;padding_bottom:100&#8243; lg_spacing=&#8221;padding_bottom:5&#8243;][vc_column offset=&#8221;vc_col-md-5&#8243;][tm_heading style=&#8221;left-line&#8221; custom_google_font=&#8221;&#8221; font_weight=&#8221;800&#8243; font_size=&#8221;sm:18;md:21;lg:24&#8243; line_height=&#8221;1.67&#8243; max_width=&#8221;400px&#8221;]Stratign dispose de plusieurs solutions anti-drones allant des simples brouilleurs \u00e0 une solution enti\u00e8rement int\u00e9gr\u00e9e avec radars, cam\u00e9ras, etc. Les solutions sont disponibles pour des port\u00e9es de 1 km \u00e0 5 km.[\/tm_heading][\/vc_column][vc_column offset=&#8221;vc_col-md-7&#8243;][tm_heading tag=&#8221;div&#8221; custom_google_font=&#8221;&#8221; font_size=&#8221;lg:18&#8243; line_height=&#8221;1.67&#8243;]Les drones et les quadcopt\u00e8res deviennent une nuisance et peuvent compromettre votre vie priv\u00e9e et votre s\u00e9curit\u00e9, car ils sont de moins en moins chers et de plus en plus disponibles. Plusieurs incidents survenus au cours des derni\u00e8res ann\u00e9es ont r\u00e9v\u00e9l\u00e9 l&#8217;\u00e9mergence rapide d&#8217;une menace caus\u00e9e par de petits drones disponibles dans le commerce. N\u00e9anmoins, la menace r\u00e9elle n&#8217;est pas caus\u00e9e par le drone lui-m\u00eame, mais par la charge utile qu&#8217;il transporte. Selon la cat\u00e9gorie du drone, le poids maximal de la charge utile peut \u00eatre de 2 \u00e0 3 kg, voire plus. Les charges utiles nuisibles peuvent \u00eatre des banni\u00e8res utilis\u00e9es pour la propagande, des cam\u00e9ras ou des microphones utilis\u00e9s pour l&#8217;espionnage, des explosifs ou des[\/tm_heading][\/vc_column][\/vc_row][vc_row sm_spacing=&#8221;margin_top:-100&#8243; xs_spacing=&#8221;margin_top:-100&#8243;][vc_column][tm_heading tag=&#8221;div&#8221; custom_google_font=&#8221;&#8221; font_size=&#8221;lg:18&#8243; line_height=&#8221;1.67&#8243;]substances biologiques ou chimiques destin\u00e9es \u00e0 endommager les installations ou \u00e0 nuire directement aux personnes. Enfin, la charge utile peut \u00e9galement \u00eatre un objet de contrebande.[\/tm_heading][tm_spacer size=&#8221;xs:10;lg:20&#8243;][tm_heading tag=&#8221;div&#8221; custom_google_font=&#8221;&#8221; font_size=&#8221;lg:18&#8243; line_height=&#8221;1.67&#8243;]L&#8217;utilisation de plus en plus fr\u00e9quente de drones et de quadcopt\u00e8res de petite taille, combin\u00e9e aux r\u00e9centes avanc\u00e9es technologiques, a consid\u00e9rablement augment\u00e9 le risque que ces syst\u00e8mes soient utilis\u00e9s pour des activit\u00e9s hostiles.[\/tm_heading][tm_spacer size=&#8221;xs:10;lg:20&#8243;][tm_heading tag=&#8221;div&#8221; custom_google_font=&#8221;&#8221; font_size=&#8221;lg:18&#8243; line_height=&#8221;1.67&#8243;]La technologie de brouillage des drones de Stratign est bas\u00e9e sur une approche de fusion multi-capteurs et de brouillage. Le syst\u00e8me fonctionne selon le principe du flux de travail &#8220;D\u00e9tecter &#8211; Localiser &#8211; Identifier &#8211; Agir&#8221;. \u00ab D\u00e9tecter \u00bb consiste \u00e0 recueillir le plus t\u00f4t possible des informations associ\u00e9es \u00e0 une menace potentielle \u00e0 venir. Pour prendre des mesures suppl\u00e9mentaires, il est important de &#8220;localiser&#8221; la position r\u00e9elle du drone. \u00c9tant donn\u00e9 que la menace est encore potentielle \u00e0 ce stade, elle sera ensuite \u00e9valu\u00e9e par l&#8217;\u00e9tape de &#8220;Identification&#8221;. Par cons\u00e9quent, les d\u00e9tections non hostiles seront s\u00e9par\u00e9es des d\u00e9tections hostiles. Si la menace est identifi\u00e9e comme hostile, elle sera class\u00e9e comme une menace r\u00e9elle qui sera alors intercept\u00e9e dans la phase &#8220;Act&#8221;.[\/tm_heading][tm_spacer size=&#8221;xs:10;lg:20&#8243;][tm_heading tag=&#8221;div&#8221; custom_google_font=&#8221;&#8221; font_size=&#8221;lg:18&#8243; line_height=&#8221;1.67&#8243;]Le syst\u00e8me utilise de multiples capteurs tels que des radars, des d\u00e9tecteurs de radiofr\u00e9quences, etc. pour la d\u00e9tection des drones. Les radiogoniom\u00e8tres avec le d\u00e9tecteur radiofr\u00e9quence et les radars permettent de localiser le drone, une combinaison de cam\u00e9ra thermique haute performance et d&#8217;algorithmes sp\u00e9ciaux facilite l&#8217;identification, et l&#8217;unit\u00e9 de brouillage radiofr\u00e9quence rend le drone inactif en brouillant le signal de contr\u00f4le et les signaux de navigation.[\/tm_heading][tm_spacer size=&#8221;xs:10;lg:20&#8243;][tm_heading tag=&#8221;div&#8221; custom_google_font=&#8221;&#8221; font_size=&#8221;lg:18&#8243; line_height=&#8221;1.67&#8243;]Le syst\u00e8me anti-drone de Stratign a une port\u00e9e effective de 1 km \u00e0 5 km de rayon en fonction de la configuration choisie.[\/tm_heading][tm_spacer size=&#8221;lg:50&#8243;][\/vc_column][\/vc_row][vc_row][vc_column][tm_heading tag=&#8221;h4&#8243; custom_google_font=&#8221;&#8221; align=&#8221;center&#8221; text_color=&#8221;secondary&#8221; font_size=&#8221;sm:28;md:34;lg:40&#8243; line_height=&#8221;1.4&#8243; css=&#8221;.vc_custom_1706071878408{background-position: center !important;background-repeat: no-repeat !important;background-size: contain !important;}&#8221;]Caract\u00e9ristiques du syst\u00e8me[\/tm_heading][tm_spacer size=&#8221;lg:40&#8243;][tm_list list_style=&#8221;check-02&#8243; marker_color=&#8221;secondary&#8221; title_color=&#8221;primary&#8221; columns=&#8221;xs:1;lg:2&#8243; items=&#8221;%5B%7B%22item_title%22%3A%22Port%C3%A9e%20du%20syst%C3%A8me%22%2C%22item_desc%22%3A%22Le%20syst%C3%A8me%20peut%20d%C3%A9tecter%2C%20localiser%2C%20identifier%2C%20perturber%20le%20syst%C3%A8me%20de%20navigation%20des%20drones%20et%20les%20liaisons%20de%20donn%C3%A9es%20jusqu&#8217;%C3%A0%205000%20mt.%22%7D%2C%7B%22item_title%22%3A%22Solution%20active%22%2C%22link%22%3A%22%7C%7C%7C%22%2C%22item_desc%22%3A%22Traite%20la%20plupart%20des%20drones%20commerciaux.%22%7D%2C%7B%22item_title%22%3A%22D%C3%A9tection%20int%C3%A9gr%C3%A9e%20des%20radiofr%C3%A9quences%22%2C%22item_desc%22%3A%22Capteur%20de%20radiofr%C3%A9quence%20int%C3%A9gr%C3%A9%20et%20solution%20de%20brouillage%20pour%20une%20action%20instantan%C3%A9e%20en%20cas%20de%20d%C3%A9tection%20de%20drones.%22%7D%2C%7B%22item_title%22%3A%22Capacit%C3%A9%20de%20radiogoniom%C3%A9trie%22%2C%22link%22%3A%22%7C%7C%7C%22%2C%22item_desc%22%3A%22Capacit%C3%A9%20%C3%A0%20localiser%20la%20direction%20et%20la%20position%20du%20drone%20%C3%A0%20l&#8217;aide%20de%20capteurs%20de%20radiofr%C3%A9quences%20et%20de%20radiogoniom%C3%A8tres.%22%7D%2C%7B%22item_title%22%3A%22Configurable%22%2C%22item_desc%22%3A%22Hautement%20configurable%20en%20tant%20que%20syst%C3%A8me%20statique%2C%20portable%20ou%20bas%C3%A9%20sur%20un%20v%C3%A9hicule%2C%20en%20fonction%20des%20besoins%20du%20client.%22%7D%2C%7B%22item_title%22%3A%22Facilement%20d%C3%A9ployable%22%2C%22item_desc%22%3A%22Facilement%20d%C3%A9ployable%20dans%20les%20environnements%20ruraux%20et%20urbains.%22%7D%2C%7B%22item_title%22%3A%22Fonctionnement%20manuel%20ou%20automatique%22%2C%22item_desc%22%3A%22Possibilit%C3%A9%20de%20fonctionnement%20manuel%20ou%20automatique%20pour%20la%20d%C3%A9tection%20et%20le%20brouillage.%22%7D%2C%7B%22item_title%22%3A%22Cibles%20multiples%22%2C%22item_desc%22%3A%22Le%20syst%C3%A8me%20de%20brouillage%20peut%20fonctionner%20contre%20plusieurs%20cibles%20(jusqu&#8217;%C3%A0%2040)%20simultan%C3%A9ment.%22%7D%5D&#8221; custom_css=&#8221;LnRtLWxpc3Quc3R5bGUtY2hlY2stMDIlMjAuZGVzYyUyMCU3QiUwQSUyMCUyMCUyMCUyMG1hcmdpbi10b3AlM0ElMjAxMHB4JTNCJTBBJTIwJTIwJTIwJTIwbWFyZ2luLWJvdHRvbSUzQSUyMDEwcHglM0IlMEElN0Q=&#8221;][tm_spacer size=&#8221;xs:2;sm:10;lg:10&#8243;][tm_list list_style=&#8221;check-02&#8243; marker_color=&#8221;secondary&#8221; title_color=&#8221;primary&#8221; columns=&#8221;xs:1;lg:1&#8243; items=&#8221;%5B%7B%22item_title%22%3A%22Brouillage%20GNSS%20et%20liaisons%20de%20donn%C3%A9es%22%2C%22item_desc%22%3A%22Le%20syst%C3%A8me%20de%20brouillage%20est%20capable%20de%20brouiller%20tous%20les%20types%20de%20syst%C3%A8mes%20mondiaux%20de%20navigation%20par%20satellite%20et%20de%20perturber%20les%20diff%C3%A9rentes%20liaisons%20de%20communication%20de%20commande%20et%20de%20contr%C3%B4le%20des%20drones%20utilis%C3%A9es%20par%20les%20liaisons%20de%20donn%C3%A9es%20des%20drones.%22%7D%5D&#8221; custom_css=&#8221;LnRtLWxpc3Quc3R5bGUtY2hlY2stMDIlMjAuZGVzYyUyMCU3QiUwQSUyMCUyMCUyMCUyMG1hcmdpbi10b3AlM0ElMjAxMHB4JTNCJTBBJTIwJTIwJTIwJTIwbWFyZ2luLWJvdHRvbSUzQSUyMDEwcHglM0IlMEElN0Q=&#8221;][tm_spacer size=&#8221;xs:30;sm:60;lg:120&#8243;][\/vc_column][\/vc_row][vc_row css_animation=&#8221;none&#8221; lg_spacing=&#8221;margin_bottom:10&#8243; md_spacing=&#8221;margin_bottom:10&#8243;][vc_column width=&#8221;1\/4&#8243;][tm_heading tag=&#8221;h4&#8243; custom_google_font=&#8221;&#8221; css=&#8221;.vc_custom_1702534293059{margin-top: 10px !important;}&#8221;]En savoir plus[\/tm_heading][\/vc_column][vc_column width=&#8221;1\/4&#8243;][tm_button button=&#8221;url:https%3A%2F%2Fwww.stratign.com%2Fcontact-us%2F|title:Nous%20contacter%20&#8243; el_id=&#8221;Contact-us-other&#8221;][\/vc_column][vc_column width=&#8221;1\/4&#8243;][tm_heading tag=&#8221;h4&#8243; custom_google_font=&#8221;&#8221;]T\u00e9l\u00e9charger la brochure[\/tm_heading][\/vc_column][vc_column width=&#8221;1\/4&#8243;][tm_button button=&#8221;url:https%3A%2F%2Fwww.stratign.com%2Fbrochures%2F|title:T%C3%A9l%C3%A9charger&#8221; el_id=&#8221;Brochure-other&#8221;][\/vc_column][\/vc_row]<\/p>\n<\/section>","protected":false},"excerpt":{"rendered":"<p>Stratign has multiple anti-drone solutions ranging from only jammers to a fully integrated solution with radars, cameras, etc integrated. The solutions are available for ranges from 1 km to 5 km.<\/p>\n","protected":false},"author":1,"featured_media":0,"parent":0,"menu_order":0,"comment_status":"closed","ping_status":"closed","template":"","meta":{"footnotes":""},"class_list":["post-3365","page","type-page","status-publish","hentry","post-no-thumbnail"],"yoast_head":"<!-- This site is optimized with the Yoast SEO plugin v27.3 - https:\/\/yoast.com\/product\/yoast-seo-wordpress\/ -->\n<title>BROUILLEURS DE DRONES - Stratign<\/title>\n<meta name=\"description\" content=\"Le brouilleur de drones fonctionne selon le principe &quot;D\u00e9tecter - Localiser - Identifier - Agir&quot; et recueille les informations associ\u00e9es \u00e0 la menace.\" \/>\n<meta name=\"robots\" content=\"index, follow, max-snippet:-1, max-image-preview:large, max-video-preview:-1\" \/>\n<link rel=\"canonical\" href=\"https:\/\/www.stratign.com\/fr\/drone-jammer\/\" \/>\n<meta property=\"og:locale\" content=\"en_US\" \/>\n<meta property=\"og:type\" content=\"article\" \/>\n<meta property=\"og:title\" content=\"BROUILLEURS DE DRONES - Stratign\" \/>\n<meta property=\"og:description\" content=\"Le brouilleur de drones fonctionne selon le principe &quot;D\u00e9tecter - Localiser - Identifier - Agir&quot; et recueille les informations associ\u00e9es \u00e0 la menace.\" \/>\n<meta property=\"og:url\" content=\"https:\/\/www.stratign.com\/fr\/drone-jammer\/\" \/>\n<meta property=\"og:site_name\" content=\"Stratign\" \/>\n<meta property=\"article:publisher\" content=\"https:\/\/www.facebook.com\/stratignfb\/\" \/>\n<meta property=\"article:modified_time\" content=\"2024-03-05T06:48:56+00:00\" \/>\n<meta name=\"twitter:card\" content=\"summary_large_image\" \/>\n<meta name=\"twitter:site\" content=\"@stratign\" \/>\n<meta name=\"twitter:label1\" content=\"Est. reading time\" \/>\n\t<meta name=\"twitter:data1\" content=\"3 minutes\" \/>\n<script type=\"application\/ld+json\" class=\"yoast-schema-graph\">{\"@context\":\"https:\\\/\\\/schema.org\",\"@graph\":[{\"@type\":\"WebPage\",\"@id\":\"https:\\\/\\\/www.stratign.com\\\/fr\\\/drone-jammer\\\/\",\"url\":\"https:\\\/\\\/www.stratign.com\\\/fr\\\/drone-jammer\\\/\",\"name\":\"BROUILLEURS DE DRONES - Stratign\",\"isPartOf\":{\"@id\":\"https:\\\/\\\/www.stratign.com\\\/fr\\\/#website\"},\"datePublished\":\"2021-09-26T06:35:40+00:00\",\"dateModified\":\"2024-03-05T06:48:56+00:00\",\"description\":\"Le brouilleur de drones fonctionne selon le principe \\\"D\u00e9tecter - Localiser - Identifier - Agir\\\" et recueille les informations associ\u00e9es \u00e0 la menace.\",\"breadcrumb\":{\"@id\":\"https:\\\/\\\/www.stratign.com\\\/fr\\\/drone-jammer\\\/#breadcrumb\"},\"inLanguage\":\"en-US\",\"potentialAction\":[{\"@type\":\"ReadAction\",\"target\":[\"https:\\\/\\\/www.stratign.com\\\/fr\\\/drone-jammer\\\/\"]}]},{\"@type\":\"BreadcrumbList\",\"@id\":\"https:\\\/\\\/www.stratign.com\\\/fr\\\/drone-jammer\\\/#breadcrumb\",\"itemListElement\":[{\"@type\":\"ListItem\",\"position\":1,\"name\":\"Home\",\"item\":\"https:\\\/\\\/www.stratign.com\\\/fr\\\/\"},{\"@type\":\"ListItem\",\"position\":2,\"name\":\"BROUILLEURS DE DRONES\"}]},{\"@type\":\"WebSite\",\"@id\":\"https:\\\/\\\/www.stratign.com\\\/fr\\\/#website\",\"url\":\"https:\\\/\\\/www.stratign.com\\\/fr\\\/\",\"name\":\"Stratign\",\"description\":\"Military Defense Technology\",\"potentialAction\":[{\"@type\":\"SearchAction\",\"target\":{\"@type\":\"EntryPoint\",\"urlTemplate\":\"https:\\\/\\\/www.stratign.com\\\/fr\\\/?s={search_term_string}\"},\"query-input\":{\"@type\":\"PropertyValueSpecification\",\"valueRequired\":true,\"valueName\":\"search_term_string\"}}],\"inLanguage\":\"en-US\"}]}<\/script>\n<!-- \/ Yoast SEO plugin. -->","yoast_head_json":{"title":"BROUILLEURS DE DRONES - Stratign","description":"Le brouilleur de drones fonctionne selon le principe \"D\u00e9tecter - Localiser - Identifier - Agir\" et recueille les informations associ\u00e9es \u00e0 la menace.","robots":{"index":"index","follow":"follow","max-snippet":"max-snippet:-1","max-image-preview":"max-image-preview:large","max-video-preview":"max-video-preview:-1"},"canonical":"https:\/\/www.stratign.com\/fr\/drone-jammer\/","og_locale":"en_US","og_type":"article","og_title":"BROUILLEURS DE DRONES - Stratign","og_description":"Le brouilleur de drones fonctionne selon le principe \"D\u00e9tecter - Localiser - Identifier - Agir\" et recueille les informations associ\u00e9es \u00e0 la menace.","og_url":"https:\/\/www.stratign.com\/fr\/drone-jammer\/","og_site_name":"Stratign","article_publisher":"https:\/\/www.facebook.com\/stratignfb\/","article_modified_time":"2024-03-05T06:48:56+00:00","twitter_card":"summary_large_image","twitter_site":"@stratign","twitter_misc":{"Est. reading time":"3 minutes"},"schema":{"@context":"https:\/\/schema.org","@graph":[{"@type":"WebPage","@id":"https:\/\/www.stratign.com\/fr\/drone-jammer\/","url":"https:\/\/www.stratign.com\/fr\/drone-jammer\/","name":"BROUILLEURS DE DRONES - Stratign","isPartOf":{"@id":"https:\/\/www.stratign.com\/fr\/#website"},"datePublished":"2021-09-26T06:35:40+00:00","dateModified":"2024-03-05T06:48:56+00:00","description":"Le brouilleur de drones fonctionne selon le principe \"D\u00e9tecter - Localiser - Identifier - Agir\" et recueille les informations associ\u00e9es \u00e0 la menace.","breadcrumb":{"@id":"https:\/\/www.stratign.com\/fr\/drone-jammer\/#breadcrumb"},"inLanguage":"en-US","potentialAction":[{"@type":"ReadAction","target":["https:\/\/www.stratign.com\/fr\/drone-jammer\/"]}]},{"@type":"BreadcrumbList","@id":"https:\/\/www.stratign.com\/fr\/drone-jammer\/#breadcrumb","itemListElement":[{"@type":"ListItem","position":1,"name":"Home","item":"https:\/\/www.stratign.com\/fr\/"},{"@type":"ListItem","position":2,"name":"BROUILLEURS DE DRONES"}]},{"@type":"WebSite","@id":"https:\/\/www.stratign.com\/fr\/#website","url":"https:\/\/www.stratign.com\/fr\/","name":"Stratign","description":"Military Defense Technology","potentialAction":[{"@type":"SearchAction","target":{"@type":"EntryPoint","urlTemplate":"https:\/\/www.stratign.com\/fr\/?s={search_term_string}"},"query-input":{"@type":"PropertyValueSpecification","valueRequired":true,"valueName":"search_term_string"}}],"inLanguage":"en-US"}]}},"_links":{"self":[{"href":"https:\/\/www.stratign.com\/fr\/wp-json\/wp\/v2\/pages\/3365","targetHints":{"allow":["GET"]}}],"collection":[{"href":"https:\/\/www.stratign.com\/fr\/wp-json\/wp\/v2\/pages"}],"about":[{"href":"https:\/\/www.stratign.com\/fr\/wp-json\/wp\/v2\/types\/page"}],"author":[{"embeddable":true,"href":"https:\/\/www.stratign.com\/fr\/wp-json\/wp\/v2\/users\/1"}],"replies":[{"embeddable":true,"href":"https:\/\/www.stratign.com\/fr\/wp-json\/wp\/v2\/comments?post=3365"}],"version-history":[{"count":6,"href":"https:\/\/www.stratign.com\/fr\/wp-json\/wp\/v2\/pages\/3365\/revisions"}],"predecessor-version":[{"id":15143,"href":"https:\/\/www.stratign.com\/fr\/wp-json\/wp\/v2\/pages\/3365\/revisions\/15143"}],"wp:attachment":[{"href":"https:\/\/www.stratign.com\/fr\/wp-json\/wp\/v2\/media?parent=3365"}],"curies":[{"name":"wp","href":"https:\/\/api.w.org\/{rel}","templated":true}]}}