{"id":3368,"date":"2021-09-26T06:58:42","date_gmt":"2021-09-26T06:58:42","guid":{"rendered":"https:\/\/stratign.com\/website\/?page_id=3368"},"modified":"2024-03-05T09:54:07","modified_gmt":"2024-03-05T05:54:07","slug":"gnss-jammer","status":"publish","type":"page","link":"https:\/\/www.stratign.com\/fr\/gnss-jammer\/","title":{"rendered":"BROUILLEUR GNSS\/GPS"},"content":{"rendered":"<section class=\"wpb-content-wrapper\"><p>[vc_row][vc_column][tm_spacer size=&#8221;xs:20;sm:40;lg:80&#8243;][tm_heading tag=&#8221;h4&#8243; custom_google_font=&#8221;&#8221; text_transform=&#8221;uppercase&#8221; align=&#8221;center&#8221; text_color=&#8221;secondary&#8221; font_size=&#8221;sm:28;md:34;lg:40&#8243; line_height=&#8221;1.4&#8243;]BROUILLEUR GNSS\/GPS[\/tm_heading][tm_spacer size=&#8221;xs:20;sm:30;lg:60&#8243;][\/vc_column][\/vc_row][vc_row sm_spacing=&#8221;padding_bottom:100&#8243; lg_spacing=&#8221;padding_bottom:5&#8243;][vc_column offset=&#8221;vc_col-md-5&#8243;][tm_heading style=&#8221;left-line&#8221; custom_google_font=&#8221;&#8221; font_weight=&#8221;800&#8243; font_size=&#8221;sm:18;md:21;lg:24&#8243; line_height=&#8221;1.67&#8243; max_width=&#8221;400px&#8221;]Les brouilleurs GNSS Stratign sont con\u00e7us pour d\u00e9sactiver les r\u00e9cepteurs satellites GPS\/GLONASS\/COMPASS\/Galileo. Il emp\u00eache le processus de mesure des coordonn\u00e9es g\u00e9ographiques par les r\u00e9cepteurs GNSS.[\/tm_heading][tm_spacer size=&#8221;xs:10;sm:10;md:0;lg:0&#8243;][\/vc_column][vc_column offset=&#8221;vc_col-md-7&#8243;][tm_heading tag=&#8221;div&#8221; custom_google_font=&#8221;&#8221; font_size=&#8221;lg:18&#8243; line_height=&#8221;1.67&#8243;]La majorit\u00e9 des gens connaissent le GPS. Le syst\u00e8me de positionnement global vous a probablement \u00e9galement emp\u00each\u00e9 de vous perdre dans un endroit inconnu. Souvent, les termes \u00ab GNSS \u00bb et \u00ab GPS \u00bb sont utilis\u00e9s de mani\u00e8re interchangeable. Un syst\u00e8me de navigation par satellite, ou Satnav, est un syst\u00e8me de satellites qui fournit un positionnement g\u00e9ospatial autonome avec une couverture mondiale. Il permet aux petits r\u00e9cepteurs \u00e9lectroniques de d\u00e9terminer leur emplacement (longitude, latitude et altitude\/\u00e9l\u00e9vation) avec une grande pr\u00e9cision (\u00e0 quelques m\u00e8tres pr\u00e8s) en utilisant des signaux horaires transmis le long d&#8217;une ligne de vis\u00e9e par radio depuis des satellites.[\/tm_heading][\/vc_column][\/vc_row][vc_row sm_spacing=&#8221;margin_top:-90&#8243; xs_spacing=&#8221;margin_top:-90&#8243;][vc_column][tm_heading tag=&#8221;div&#8221; custom_google_font=&#8221;&#8221; font_size=&#8221;lg:18&#8243; line_height=&#8221;1.67&#8243;]Les signaux permettent \u00e9galement aux r\u00e9cepteurs \u00e9lectroniques de calculer l&#8217;heure locale actuelle avec une grande pr\u00e9cision, ce qui permet la synchronisation de l\u2019heure. Un syst\u00e8me de navigation par satellite, ou Satnav, est un syst\u00e8me de satellites qui fournit un positionnement g\u00e9ospatial autonome avec une couverture mondiale. Il permet aux petits r\u00e9cepteurs \u00e9lectroniques de d\u00e9terminer leur emplacement (longitude, latitude, et altitude\/\u00e9l\u00e9vation) avec une grande pr\u00e9cision (\u00e0 quelques m\u00e8tres pr\u00e8s) en utilisant des signaux horaires transmis le long d&#8217;une ligne de vis\u00e9e par radio depuis des satellites. Les signaux permettent \u00e9galement aux r\u00e9cepteurs \u00e9lectroniques de calculer l&#8217;heure locale actuelle avec une grande pr\u00e9cision, ce qui permet la synchronisation de l\u2019heure. Un syst\u00e8me de navigation par satellite avec une couverture mondiale peut \u00eatre appel\u00e9 un syst\u00e8me de navigation par satellite global (GNSS). Certains des syst\u00e8mes GNSS op\u00e9rationnels actuels comprennent le GPS, le GLONASS, le COMPASS, le Galileo et le BeiDou.[\/tm_heading][tm_spacer size=&#8221;xs:10;lg:20&#8243;][tm_heading tag=&#8221;div&#8221; custom_google_font=&#8221;&#8221; font_size=&#8221;lg:18&#8243; line_height=&#8221;1.67&#8243;]Les brouilleurs GNSS de Stratign sont con\u00e7us pour d\u00e9sactiver les r\u00e9cepteurs satellites GPS\/GLONASS\/COMPASS\/Galileo. Ils emp\u00eachent le processus de mesure des coordonn\u00e9es g\u00e9ographiques par les r\u00e9cepteurs GNSS. Le syst\u00e8me d\u00e9sactive la capacit\u00e9 du r\u00e9cepteur \u00e0 estimer les coordonn\u00e9es g\u00e9ographiques de l&#8217;objet sur lequel il est mont\u00e9. Sans connaissance de ses propres coordonn\u00e9es, l&#8217;efficacit\u00e9 au combat d&#8217;une arme de haute pr\u00e9cision diminue jusqu&#8217;\u00e0 z\u00e9ro. Les missiles ail\u00e9s, les drones et les bombes planantes perdent leur capacit\u00e9 \u00e0 viser les cibles car ils ne peuvent pas d\u00e9terminer leurs propres coordonn\u00e9es actuelles et ne peuvent donc pas ex\u00e9cuter les commandes de guidage en vol. Le brouilleur GNSS d\u00e9velopp\u00e9 par Stratign a \u00e9t\u00e9 con\u00e7u pour supprimer la g\u00e9n\u00e9ration actuelle\/future de syst\u00e8mes de navigation par satellite tels que GPS, GLONASS, COMPASS, Galileo et les syst\u00e8mes de navigation r\u00e9gionaux comme IRNSS (Inde), QZSS (Japon), etc. Les brouilleurs GNSS de Stratign ont une port\u00e9e de plus de 100 KM.[\/tm_heading][tm_spacer size=&#8221;lg:50&#8243;][\/vc_column][\/vc_row][vc_row][vc_column][tm_heading tag=&#8221;h4&#8243; custom_google_font=&#8221;&#8221; align=&#8221;center&#8221; text_color=&#8221;secondary&#8221; font_size=&#8221;sm:28;md:34;lg:40&#8243; line_height=&#8221;1.4&#8243; css=&#8221;.vc_custom_1704691389641{background-position: center !important;background-repeat: no-repeat !important;background-size: contain !important;}&#8221;]Caract\u00e9ristiques du syst\u00e8me[\/tm_heading][tm_spacer size=&#8221;lg:40&#8243;][tm_list list_style=&#8221;check-02&#8243; marker_color=&#8221;secondary&#8221; title_color=&#8221;primary&#8221; columns=&#8221;xs:1;lg:2&#8243; items=&#8221;%5B%7B%22item_title%22%3A%22S&#8217;adresse%20%C3%A0%20tous%20les%20syst%C3%A8mes%20GNSS%22%2C%22item_desc%22%3A%22Ce%20syst%C3%A8me%20peut%20%C3%AAtre%20utilis%C3%A9%20pour%20brouiller%20tous%20les%20syst%C3%A8mes%20GNSS%20modernes.%22%7D%2C%7B%22item_title%22%3A%22Portable%20%22%2C%22link%22%3A%22%7C%7C%7C%22%2C%22item_desc%22%3A%22Hautement%20portable%20et%20donc%20pouvant%20%C3%AAtre%20d%C3%A9ploy%C3%A9%20dans%20des%20d%C3%A9lais%20courts.%22%7D%2C%7B%22item_title%22%3A%22Nature%20modulaire%22%2C%22item_desc%22%3A%22La%20nature%20modulaire%20de%20la%20construction%20le%20rend%20hautement%20%C3%A9volutif%20en%20ce%20qui%20concerne%20la%20puissance%20de%20sortie%2C%20les%20bandes%20de%20fr%C3%A9quences%2C%20etc.%22%7D%2C%7B%22item_title%22%3A%22Brouillage%20par%20imitation%22%2C%22link%22%3A%22%7C%7C%7C%22%2C%22item_desc%22%3A%22Contrairement%20aux%20brouillages%20de%20barrage%20et%20de%20balayage%2C%20les%20brouilleurs%20de%20Stratign%20n%C3%A9cessitent%20moins%20de%20puissance%20en%20raison%20des%20techniques%20utilis%C3%A9es.%22%7D%2C%7B%22item_title%22%3A%22Port%C3%A9es%20%C3%A9tendues%22%2C%22item_desc%22%3A%22Port%C3%A9es%20%C3%A9tendues%20Capable%20de%20brouiller%20%C3%A0%20des%20distances%20%C3%A9tendues%20(%3E100%20km).%22%7D%2C%7B%22item_title%22%3A%22%C3%89volutif%22%2C%22item_desc%22%3A%22Le%20syst%C3%A8me%20GNSS%20peut%20%C3%AAtre%20mis%20%C3%A0%20niveau%20pour%20fonctionner%20avec%20les%20syst%C3%A8mes%20r%C3%A9gionaux%20de%20navigation%20par%20satellite.%22%7D%5D&#8221; custom_css=&#8221;LnRtLWxpc3Quc3R5bGUtY2hlY2stMDIlMjAuZGVzYyUyMCU3QiUwQSUyMCUyMCUyMCUyMG1hcmdpbi10b3AlM0ElMjAxMHB4JTNCJTBBJTIwJTIwJTIwJTIwbWFyZ2luLWJvdHRvbSUzQSUyMDEwcHglM0IlMEElN0Q=&#8221;][tm_spacer size=&#8221;xs:30;sm:60;lg:120&#8243;][\/vc_column][\/vc_row][vc_row css_animation=&#8221;none&#8221; lg_spacing=&#8221;margin_bottom:10&#8243; md_spacing=&#8221;margin_bottom:10&#8243;][vc_column width=&#8221;1\/4&#8243;][tm_heading tag=&#8221;h4&#8243; custom_google_font=&#8221;&#8221; css=&#8221;.vc_custom_1702534293059{margin-top: 10px !important;}&#8221;]En savoir plus[\/tm_heading][\/vc_column][vc_column width=&#8221;1\/4&#8243;][tm_button button=&#8221;url:https%3A%2F%2Fwww.stratign.com%2Fcontact-us%2F|title:Nous%20contacter%20&#8243; el_id=&#8221;Contact-us-other&#8221;][\/vc_column][vc_column width=&#8221;1\/4&#8243;][tm_heading tag=&#8221;h4&#8243; custom_google_font=&#8221;&#8221;]T\u00e9l\u00e9charger la brochure[\/tm_heading][\/vc_column][vc_column width=&#8221;1\/4&#8243;][tm_button button=&#8221;url:https%3A%2F%2Fwww.stratign.com%2Fbrochures%2F|title:T%C3%A9l%C3%A9charger&#8221; el_id=&#8221;Brochure-other&#8221;][\/vc_column][\/vc_row]<\/p>\n<\/section>","protected":false},"excerpt":{"rendered":"<p>Stratign GNSS jammers are designed to disable GPS\/GLONASS\/COMPASS\/Galileo satellite receivers. It prevents the process of geographical coordinates measurements by the GNSS receivers.<\/p>\n","protected":false},"author":1,"featured_media":0,"parent":0,"menu_order":0,"comment_status":"closed","ping_status":"closed","template":"","meta":{"footnotes":""},"class_list":["post-3368","page","type-page","status-publish","hentry","post-no-thumbnail"],"yoast_head":"<!-- This site is optimized with the Yoast SEO plugin v27.3 - https:\/\/yoast.com\/product\/yoast-seo-wordpress\/ -->\n<title>BROUILLEUR GNSS\/GPS - Stratign<\/title>\n<meta name=\"description\" content=\"Les brouilleurs GNSS \/ GPSS sont utilis\u00e9s pour emp\u00eacher le processus de mesure des coordonn\u00e9es g\u00e9ographiques par les r\u00e9cepteurs GNSS.\" \/>\n<meta name=\"robots\" content=\"index, follow, max-snippet:-1, max-image-preview:large, max-video-preview:-1\" \/>\n<link rel=\"canonical\" href=\"https:\/\/www.stratign.com\/fr\/gnss-jammer\/\" \/>\n<meta property=\"og:locale\" content=\"en_US\" \/>\n<meta property=\"og:type\" content=\"article\" \/>\n<meta property=\"og:title\" content=\"BROUILLEUR GNSS\/GPS - Stratign\" \/>\n<meta property=\"og:description\" content=\"Les brouilleurs GNSS \/ GPSS sont utilis\u00e9s pour emp\u00eacher le processus de mesure des coordonn\u00e9es g\u00e9ographiques par les r\u00e9cepteurs GNSS.\" \/>\n<meta property=\"og:url\" content=\"https:\/\/www.stratign.com\/fr\/gnss-jammer\/\" \/>\n<meta property=\"og:site_name\" content=\"Stratign\" \/>\n<meta property=\"article:publisher\" content=\"https:\/\/www.facebook.com\/stratignfb\/\" \/>\n<meta property=\"article:modified_time\" content=\"2024-03-05T05:54:07+00:00\" \/>\n<meta name=\"twitter:card\" content=\"summary_large_image\" \/>\n<meta name=\"twitter:site\" content=\"@stratign\" \/>\n<meta name=\"twitter:label1\" content=\"Est. reading time\" \/>\n\t<meta name=\"twitter:data1\" content=\"3 minutes\" \/>\n<script type=\"application\/ld+json\" class=\"yoast-schema-graph\">{\"@context\":\"https:\\\/\\\/schema.org\",\"@graph\":[{\"@type\":\"WebPage\",\"@id\":\"https:\\\/\\\/www.stratign.com\\\/fr\\\/gnss-jammer\\\/\",\"url\":\"https:\\\/\\\/www.stratign.com\\\/fr\\\/gnss-jammer\\\/\",\"name\":\"BROUILLEUR GNSS\\\/GPS - Stratign\",\"isPartOf\":{\"@id\":\"https:\\\/\\\/www.stratign.com\\\/fr\\\/#website\"},\"datePublished\":\"2021-09-26T06:58:42+00:00\",\"dateModified\":\"2024-03-05T05:54:07+00:00\",\"description\":\"Les brouilleurs GNSS \\\/ GPSS sont utilis\u00e9s pour emp\u00eacher le processus de mesure des coordonn\u00e9es g\u00e9ographiques par les r\u00e9cepteurs GNSS.\",\"breadcrumb\":{\"@id\":\"https:\\\/\\\/www.stratign.com\\\/fr\\\/gnss-jammer\\\/#breadcrumb\"},\"inLanguage\":\"en-US\",\"potentialAction\":[{\"@type\":\"ReadAction\",\"target\":[\"https:\\\/\\\/www.stratign.com\\\/fr\\\/gnss-jammer\\\/\"]}]},{\"@type\":\"BreadcrumbList\",\"@id\":\"https:\\\/\\\/www.stratign.com\\\/fr\\\/gnss-jammer\\\/#breadcrumb\",\"itemListElement\":[{\"@type\":\"ListItem\",\"position\":1,\"name\":\"Home\",\"item\":\"https:\\\/\\\/www.stratign.com\\\/fr\\\/\"},{\"@type\":\"ListItem\",\"position\":2,\"name\":\"BROUILLEUR GNSS\\\/GPS\"}]},{\"@type\":\"WebSite\",\"@id\":\"https:\\\/\\\/www.stratign.com\\\/fr\\\/#website\",\"url\":\"https:\\\/\\\/www.stratign.com\\\/fr\\\/\",\"name\":\"Stratign\",\"description\":\"Military Defense Technology\",\"potentialAction\":[{\"@type\":\"SearchAction\",\"target\":{\"@type\":\"EntryPoint\",\"urlTemplate\":\"https:\\\/\\\/www.stratign.com\\\/fr\\\/?s={search_term_string}\"},\"query-input\":{\"@type\":\"PropertyValueSpecification\",\"valueRequired\":true,\"valueName\":\"search_term_string\"}}],\"inLanguage\":\"en-US\"}]}<\/script>\n<!-- \/ Yoast SEO plugin. -->","yoast_head_json":{"title":"BROUILLEUR GNSS\/GPS - Stratign","description":"Les brouilleurs GNSS \/ GPSS sont utilis\u00e9s pour emp\u00eacher le processus de mesure des coordonn\u00e9es g\u00e9ographiques par les r\u00e9cepteurs GNSS.","robots":{"index":"index","follow":"follow","max-snippet":"max-snippet:-1","max-image-preview":"max-image-preview:large","max-video-preview":"max-video-preview:-1"},"canonical":"https:\/\/www.stratign.com\/fr\/gnss-jammer\/","og_locale":"en_US","og_type":"article","og_title":"BROUILLEUR GNSS\/GPS - Stratign","og_description":"Les brouilleurs GNSS \/ GPSS sont utilis\u00e9s pour emp\u00eacher le processus de mesure des coordonn\u00e9es g\u00e9ographiques par les r\u00e9cepteurs GNSS.","og_url":"https:\/\/www.stratign.com\/fr\/gnss-jammer\/","og_site_name":"Stratign","article_publisher":"https:\/\/www.facebook.com\/stratignfb\/","article_modified_time":"2024-03-05T05:54:07+00:00","twitter_card":"summary_large_image","twitter_site":"@stratign","twitter_misc":{"Est. reading time":"3 minutes"},"schema":{"@context":"https:\/\/schema.org","@graph":[{"@type":"WebPage","@id":"https:\/\/www.stratign.com\/fr\/gnss-jammer\/","url":"https:\/\/www.stratign.com\/fr\/gnss-jammer\/","name":"BROUILLEUR GNSS\/GPS - Stratign","isPartOf":{"@id":"https:\/\/www.stratign.com\/fr\/#website"},"datePublished":"2021-09-26T06:58:42+00:00","dateModified":"2024-03-05T05:54:07+00:00","description":"Les brouilleurs GNSS \/ GPSS sont utilis\u00e9s pour emp\u00eacher le processus de mesure des coordonn\u00e9es g\u00e9ographiques par les r\u00e9cepteurs GNSS.","breadcrumb":{"@id":"https:\/\/www.stratign.com\/fr\/gnss-jammer\/#breadcrumb"},"inLanguage":"en-US","potentialAction":[{"@type":"ReadAction","target":["https:\/\/www.stratign.com\/fr\/gnss-jammer\/"]}]},{"@type":"BreadcrumbList","@id":"https:\/\/www.stratign.com\/fr\/gnss-jammer\/#breadcrumb","itemListElement":[{"@type":"ListItem","position":1,"name":"Home","item":"https:\/\/www.stratign.com\/fr\/"},{"@type":"ListItem","position":2,"name":"BROUILLEUR GNSS\/GPS"}]},{"@type":"WebSite","@id":"https:\/\/www.stratign.com\/fr\/#website","url":"https:\/\/www.stratign.com\/fr\/","name":"Stratign","description":"Military Defense Technology","potentialAction":[{"@type":"SearchAction","target":{"@type":"EntryPoint","urlTemplate":"https:\/\/www.stratign.com\/fr\/?s={search_term_string}"},"query-input":{"@type":"PropertyValueSpecification","valueRequired":true,"valueName":"search_term_string"}}],"inLanguage":"en-US"}]}},"_links":{"self":[{"href":"https:\/\/www.stratign.com\/fr\/wp-json\/wp\/v2\/pages\/3368","targetHints":{"allow":["GET"]}}],"collection":[{"href":"https:\/\/www.stratign.com\/fr\/wp-json\/wp\/v2\/pages"}],"about":[{"href":"https:\/\/www.stratign.com\/fr\/wp-json\/wp\/v2\/types\/page"}],"author":[{"embeddable":true,"href":"https:\/\/www.stratign.com\/fr\/wp-json\/wp\/v2\/users\/1"}],"replies":[{"embeddable":true,"href":"https:\/\/www.stratign.com\/fr\/wp-json\/wp\/v2\/comments?post=3368"}],"version-history":[{"count":5,"href":"https:\/\/www.stratign.com\/fr\/wp-json\/wp\/v2\/pages\/3368\/revisions"}],"predecessor-version":[{"id":15137,"href":"https:\/\/www.stratign.com\/fr\/wp-json\/wp\/v2\/pages\/3368\/revisions\/15137"}],"wp:attachment":[{"href":"https:\/\/www.stratign.com\/fr\/wp-json\/wp\/v2\/media?parent=3368"}],"curies":[{"name":"wp","href":"https:\/\/api.w.org\/{rel}","templated":true}]}}