{"id":3370,"date":"2021-09-26T07:23:31","date_gmt":"2021-09-26T07:23:31","guid":{"rendered":"https:\/\/stratign.com\/website\/?page_id=3370"},"modified":"2025-05-06T10:00:53","modified_gmt":"2025-05-06T06:00:53","slug":"salus-phones","status":"publish","type":"page","link":"https:\/\/www.stratign.com\/fr\/salus-phones\/","title":{"rendered":"SMARTPHONE S\u00c9CURIS\u00c9 \u2013 SALUS"},"content":{"rendered":"<section class=\"wpb-content-wrapper\"><p>[vc_row][vc_column][tm_spacer size=&#8221;xs:20;sm:40;lg:80&#8243;][tm_heading tag=&#8221;h4&#8243; custom_google_font=&#8221;&#8221; text_transform=&#8221;uppercase&#8221; align=&#8221;center&#8221; text_color=&#8221;secondary&#8221; font_size=&#8221;sm:28;md:34;lg:40&#8243; line_height=&#8221;1.4&#8243;]SMARTPHONE S\u00c9CURIS\u00c9 &#8211; SALUS[\/tm_heading][tm_spacer size=&#8221;xs:20;sm:30;lg:60&#8243;][\/vc_column][\/vc_row][vc_row sm_spacing=&#8221;padding_bottom:100&#8243; lg_spacing=&#8221;padding_bottom:0&#8243;][vc_column offset=&#8221;vc_col-md-5&#8243;][tm_heading style=&#8221;left-line&#8221; custom_google_font=&#8221;&#8221; font_weight=&#8221;800&#8243; font_size=&#8221;sm:18;md:21;lg:24&#8243; line_height=&#8221;1.67&#8243; max_width=&#8221;400px&#8221;]Le Salus Phone de Stratign, le t\u00e9l\u00e9phone mobile le plus s\u00e9curis\u00e9 pour les entreprises, est un smartphone haut de gamme qui fonctionne avec un syst\u00e8me d&#8217;exploitation sp\u00e9cialement con\u00e7u et riche en s\u00e9curit\u00e9 et qui offre une d\u00e9fense ultime contre les cybercrimes et les chevaux de Troie mobiles.[\/tm_heading][tm_spacer size=&#8221;xs:20;sm:0;md:0;lg:0&#8243;][\/vc_column][vc_column offset=&#8221;vc_col-md-7&#8243;][tm_heading tag=&#8221;div&#8221; custom_google_font=&#8221;&#8221; font_size=&#8221;lg:18&#8243; line_height=&#8221;1.67&#8243;]Dans le sc\u00e9nario socio-\u00e9conomique actuel, la plupart des hauts fonctionnaires ou des chefs d&#8217;entreprise ont besoin de communications s\u00e9curis\u00e9es pour discuter d&#8217;informations classifi\u00e9es. Bien qu&#8217;il existe de nombreuses plateformes permettant de passer des appels s\u00e9curis\u00e9s, tous ces appels sont initi\u00e9s et\/ou passent par des serveurs tiers (fournisseur de solutions, Apple, Google, Facebook). Cela peut constituer un point d&#8217;attaque unique permettant de voler les informations de centaines de millions d&#8217;utilisateurs en une seule fois.[\/tm_heading][tm_spacer size=&#8221;xs:10;lg:20&#8243;][tm_heading tag=&#8221;div&#8221; custom_google_font=&#8221;&#8221; font_size=&#8221;lg:18&#8243; line_height=&#8221;1.67&#8243;]L&#8217;utilisation d&#8217;un t\u00e9l\u00e9phone crypt\u00e9 est une autre m\u00e9thode pour disposer de moyens de communication s\u00e9curis\u00e9s ; toutefois, il attire inutilement l&#8217;attention et peut m\u00eame \u00eatre confisqu\u00e9, par exemple lors du franchissement des fronti\u00e8res et\/ou dans les a\u00e9roports.<br \/>\nEn outre, des m\u00e9thodes discr\u00e8tes peuvent \u00e9galement \u00eatre appliqu\u00e9es d\u00e8s que l&#8217;utilisateur r\u00e9v\u00e8le[\/tm_heading][\/vc_column][\/vc_row][vc_row sm_spacing=&#8221;margin_top:-90&#8243; xs_spacing=&#8221;margin_top:-90&#8243; el_id=&#8221;watch-now&#8221;][vc_column][tm_heading tag=&#8221;div&#8221; custom_google_font=&#8221;&#8221; font_size=&#8221;lg:18&#8243; line_height=&#8221;1.67&#8243;]qu&#8217;il utilise un t\u00e9l\u00e9phone sp\u00e9cial. Le Salus Phone de Stratign est le t\u00e9l\u00e9phone mobile le plus s\u00e9curis\u00e9 au monde pour les organisations. Ce smartphone haut de gamme a \u00e9t\u00e9 con\u00e7u d\u00e8s le d\u00e9part pour vous offrir la meilleure d\u00e9fense possible contre la cybercriminalit\u00e9 mobile. Le t\u00e9l\u00e9phone est \u00e9quip\u00e9 d&#8217;un syst\u00e8me d&#8217;exploitation sp\u00e9cialement con\u00e7u pour la s\u00e9curit\u00e9, d&#8217;une application de commande et de contr\u00f4le fusionn\u00e9e, de communications s\u00e9curis\u00e9es int\u00e9gr\u00e9es et de nombreux utilitaires de s\u00e9curit\u00e9 et d&#8217;assurance des performances. Ces composants forment la plateforme Mobile Security. Il vous prot\u00e8ge contre les \u00e9coutes clandestines, les logiciels malveillants, les violations de donn\u00e9es et toute tentative de piratage ou d&#8217;alt\u00e9ration de vos communications et donn\u00e9es mobiles. Il vous permet d&#8217;\u00e9tablir et d&#8217;appliquer un cadre de s\u00e9curit\u00e9 et de conformit\u00e9 des appareils mobiles qui soit le meilleur du monde et qui corresponde aux exigences sp\u00e9cifiques de votre entreprise en mati\u00e8re de s\u00e9curit\u00e9 mobile.[\/tm_heading][tm_spacer size=&#8221;sm:100;lg:20&#8243;][tm_heading tag=&#8221;div&#8221; custom_google_font=&#8221;&#8221; font_size=&#8221;lg:18&#8243; line_height=&#8221;1.67&#8243; sm_spacing=&#8221;margin_top:-90&#8243; xs_spacing=&#8221;margin_top:-90&#8243;]Stratign propose deux mod\u00e8les pour les t\u00e9l\u00e9phones Salus.<br \/>\n1. Salus T\u00e9l\u00e9phone Lite<br \/>\n2. Salus T\u00e9l\u00e9phone Avanc\u00e9[\/tm_heading][tm_spacer size=&#8221;xs:2;sm:10;lg:10&#8243;][\/vc_column][\/vc_row][vc_row lg_spacing=&#8221;margin_top:80;margin_bottom:80&#8243;][vc_column el_id=&#8221;watch-now-main&#8221;][vc_raw_html css=&#8221;.vc_custom_1660220609376{margin-top: -50px !important;margin-bottom: -50px !important;}&#8221;]JTNDaWZyYW1lJTIwc3JjJTNEJTIyaHR0cHMlM0ElMkYlMkZwbGF5ZXIudmltZW8uY29tJTJGdmlkZW8lMkY3MjU2MTkxOTklM0ZoJTNEZWFkNmZkNGViYyUyMiUyMHdpZHRoJTNEJTIyMTEyMCUyMiUyMGhlaWdodCUzRCUyMjYzMCUyMiUyMGZyYW1lYm9yZGVyJTNEJTIyMCUyMiUyMGFsbG93JTNEJTIyYXV0b3BsYXklM0IlMjBmdWxsc2NyZWVuJTIyJTIwYWxsb3dmdWxsc2NyZWVuJTNFJTNDJTJGaWZyYW1lJTNF[\/vc_raw_html][\/vc_column][\/vc_row][vc_row sm_spacing=&#8221;margin_top:-90&#8243; xs_spacing=&#8221;margin_top:-90&#8243;][vc_column][tm_heading tag=&#8221;h4&#8243; custom_google_font=&#8221;&#8221; align=&#8221;center&#8221; text_color=&#8221;secondary&#8221; font_size=&#8221;sm:28;md:34;lg:40&#8243; line_height=&#8221;1.4&#8243; css=&#8221;.vc_custom_1704689706581{background-position: center !important;background-repeat: no-repeat !important;background-size: contain !important;}&#8221;]Caract\u00e9ristiques du syst\u00e8me[\/tm_heading][tm_spacer size=&#8221;lg:40&#8243;][tm_list list_style=&#8221;check-02&#8243; marker_color=&#8221;secondary&#8221; title_color=&#8221;primary&#8221; columns=&#8221;xs:1;lg:2&#8243; items=&#8221;%5B%7B%22item_title%22%3A%22%20Le%20plus%20s%C3%A9curis%C3%A9%22%2C%22item_desc%22%3A%22Plate-forme%20de%20s%C3%A9curit%C3%A9%20mobile%20holistique%2C%20la%20meilleure%20du%20monde.%22%7D%2C%7B%22item_title%22%3A%22Exposition%20r%C3%A9duite%20aux%20cyberattaques%22%2C%22link%22%3A%22%7C%7C%7C%22%2C%22item_desc%22%3A%22Surface%20de%20cyberattaque%20r%C3%A9duite%20%C3%A0%20l&#8217;extr%C3%AAme.%22%7D%2C%7B%22item_title%22%3A%22Mat%C3%A9riel%20de%20confiance%22%2C%22item_desc%22%3A%22Mat%C3%A9riel%20de%20confiance%2C%20chargeur%20de%20d%C3%A9marrage%20s%C3%A9curis%C3%A9%20et%20pilotes%20officiels.%22%7D%2C%7B%22item_title%22%3A%22Services%20Google%20bloqu%C3%A9s%22%2C%22link%22%3A%22%7C%7C%7C%22%2C%22item_desc%22%3A%22Architecture%20hautement%20certifi%C3%A9e%20sans%20services%20Google%20ou%20avec%20des%20services%20Google%20hybrids.%22%7D%2C%7B%22item_title%22%3A%22Syst%C3%A8me%20d&#8217;exploitation%20%C3%A0%20haute%20s%C3%A9curit%C3%A9%22%2C%22item_desc%22%3A%22Fonctionne%20sur%20un%20syst%C3%A8me%20d%E2%80%99exploitation%20personnalis%C3%A9%20et%20riche%20en%20s%C3%A9curit%C3%A9%2C%20am%C3%A9lior%C3%A9%20pour%20r%C3%A9pondre%20aux%20probl%C3%A8mes%20de%20s%C3%A9curit%C3%A9%20mobile%20auxquels%20sont%20confront%C3%A9es%20les%20entreprises%20aujourd%E2%80%99hui.%22%7D%2C%7B%22item_title%22%3A%22D%C3%A9fense%20avanc%C3%A9e%22%2C%22item_desc%22%3A%22Contr%C3%B4les%20de%20d%C3%A9fense%20centraux%2C%20intelligents%20et%20avanc%C3%A9s%20fusionn%C3%A9s%20%C3%A0%20travers%20les%20appareils.%22%7D%2C%7B%22item_title%22%3A%22S%C3%A9curit%C3%A9%20et%20confidentialit%C3%A9%22%2C%22item_desc%22%3A%22Assure%20la%20s%C3%A9curit%C3%A9%20et%20la%20confidentialit%C3%A9%20en%20chiffrant%20les%20appels%20vocaux%20sur%20IP%20par%20le%20biais%20du%20protocole%20ZRTP.%22%7D%2C%7B%22item_title%22%3A%22Chiffrement%20de%20bout%20en%20bout%22%2C%22item_desc%22%3A%22Cryptage%20de%20la%20messagerie%20de%20bout%20en%20bout%2C%20bas%C3%A9%20sur%20le%20cryptage%20des%20messages%20AES256%20avec%20une%20longueur%20de%20cl%C3%A9%20de%20256%20bits%2C%20et%20RSA%202048.%22%7D%2C%7B%22item_title%22%3A%22Politiques%20flexibles%20d&#8217;exposition%20des%20utilisateurs%20flexibles%22%2C%22item_desc%22%3A%22L&#8217;annuaire%20t%C3%A9l%C3%A9phonique%20int%C3%A9gr%C3%A9%20permet%20une%20identit%C3%A9%20secr%C3%A8te%20pour%20les%20utilisateurs%2C%20ainsi%20qu&#8217;une%20d%C3%A9finition%20flexible%20des%20politiques%20d&#8217;exposition%20des%20utilisateurs%20%C3%A0%20travers%20les%20groupes%20organisationnels.%22%7D%2C%7B%22item_title%22%3A%22Application%20de%20contr%C3%B4le%20fusionn%C3%A9e%22%2C%22item_desc%22%3A%22L&#8217;application%20de%20gouvernance%20et%20de%20contr%C3%B4le%20fusionn%C3%A9e%20garantit%20une%20utilisation%20s%C3%BBre%20des%20appareils%20de%20l&#8217;entreprise%20gr%C3%A2ce%20%C3%A0%20des%20profils%20de%20s%C3%A9curit%C3%A9%20configurables.%22%7D%2C%7B%22item_title%22%3A%22Appels%20et%20messages%20vocaux%22%2C%22item_desc%22%3A%22Archivage%20des%20communications%20mobiles%20pour%20les%20appels%20vocaux%20et%20les%20messages.%22%7D%2C%7B%22item_title%22%3A%22Cryptage%20int%C3%A9gral%20du%20disque%22%2C%22item_desc%22%3A%22Le%20chiffrement%20int%C3%A9gral%20du%20disque%20garantit%20que%20les%20informations%20stock%C3%A9es%20sur%20l&#8217;appareil%20ne%20sont%20accessibles%20qu&#8217;aux%20utilisateurs%20qui%20saisissent%20le%20mot%20de%20passe%2FNIP.%22%7D%5D&#8221; custom_css=&#8221;LnRtLWxpc3Quc3R5bGUtY2hlY2stMDIlMjAuZGVzYyUyMCU3QiUwQSUyMCUyMCUyMCUyMG1hcmdpbi10b3AlM0ElMjAxMHB4JTNCJTBBJTIwJTIwJTIwJTIwbWFyZ2luLWJvdHRvbSUzQSUyMDEwcHglM0IlMEElN0Q=&#8221;][tm_spacer size=&#8221;xs:2;sm:10;lg:10&#8243;][tm_list list_style=&#8221;check-02&#8243; marker_color=&#8221;secondary&#8221; title_color=&#8221;primary&#8221; columns=&#8221;xs:1;lg:1&#8243; items=&#8221;%5B%7B%22item_title%22%3A%22D%C3%A9tecte%20les%20anomalies%20bas%C3%A9es%20sur%20le%20comportement%22%2C%22item_desc%22%3A%22D%C3%A9tecte%20les%20anomalies%20bas%C3%A9es%20sur%20le%20comportement%20%C3%A0%20travers%20la%20connectivit%C3%A9%20Wi-Fi%2C%20la%20connectivit%C3%A9%20avec%20les%20tours%20cellulaires%2C%20et%20dans%20les%20application%20afin%20de%20d%C3%A9tecter%20les%20attaques%20%C3%A9vasives.%22%7D%5D&#8221; custom_css=&#8221;LnRtLWxpc3Quc3R5bGUtY2hlY2stMDIlMjAuZGVzYyUyMCU3QiUwQSUyMCUyMCUyMCUyMG1hcmdpbi10b3AlM0ElMjAxMHB4JTNCJTBBJTIwJTIwJTIwJTIwbWFyZ2luLWJvdHRvbSUzQSUyMDEwcHglM0IlMEElN0Q=&#8221; lg_spacing=&#8221;margin_bottom:60&#8243;][\/vc_column][\/vc_row][vc_row css_animation=&#8221;none&#8221; lg_spacing=&#8221;margin_bottom:10&#8243; md_spacing=&#8221;margin_bottom:10&#8243;][vc_column width=&#8221;1\/4&#8243;][tm_heading tag=&#8221;h4&#8243; custom_google_font=&#8221;&#8221; css=&#8221;.vc_custom_1702534293059{margin-top: 10px !important;}&#8221;]En savoir plus[\/tm_heading][\/vc_column][vc_column width=&#8221;1\/4&#8243;][tm_button button=&#8221;url:https%3A%2F%2Fwww.stratign.com%2Fcontact-us%2F|title:Nous%20contacter%20&#8243; el_id=&#8221;Contact-us-other&#8221;][\/vc_column][vc_column width=&#8221;1\/4&#8243;][tm_heading tag=&#8221;h4&#8243; custom_google_font=&#8221;&#8221;]T\u00e9l\u00e9charger la brochure[\/tm_heading][\/vc_column][vc_column width=&#8221;1\/4&#8243;][tm_button button=&#8221;url:https%3A%2F%2Fwww.stratign.com%2Fbrochures%2F|title:T%C3%A9l%C3%A9charger&#8221; el_id=&#8221;Brochure-other&#8221;][\/vc_column][\/vc_row]<\/p>\n<\/section>","protected":false},"excerpt":{"rendered":"<p>Stratign\u2019s Salus Phone, the most secure mobile phone for organizations, is a high-end smartphone which runs on purpose-built, security-rich OS and provides the ultimate defence against mobile cyber-crimes and Trojans.<\/p>\n","protected":false},"author":1,"featured_media":0,"parent":0,"menu_order":0,"comment_status":"closed","ping_status":"closed","template":"","meta":{"footnotes":""},"class_list":["post-3370","page","type-page","status-publish","hentry","post-no-thumbnail"],"yoast_head":"<!-- This site is optimized with the Yoast SEO plugin v27.3 - https:\/\/yoast.com\/product\/yoast-seo-wordpress\/ -->\n<title>SMARTPHONE S\u00c9CURIS\u00c9 \u2013 SALUS - Stratign<\/title>\n<meta name=\"description\" content=\"Le smartphone s\u00e9curis\u00e9 Salus est le t\u00e9l\u00e9phone le plus s\u00e9curis\u00e9 au monde pour les organisations. Il a \u00e9t\u00e9 d\u00e9velopp\u00e9 \u00e0 partir de z\u00e9ro pour offrir une s\u00e9curit\u00e9 maximale.\" \/>\n<meta name=\"robots\" content=\"index, follow, max-snippet:-1, max-image-preview:large, max-video-preview:-1\" \/>\n<link rel=\"canonical\" href=\"https:\/\/www.stratign.com\/fr\/salus-phones\/\" \/>\n<meta property=\"og:locale\" content=\"en_US\" \/>\n<meta property=\"og:type\" content=\"article\" \/>\n<meta property=\"og:title\" content=\"SMARTPHONE S\u00c9CURIS\u00c9 \u2013 SALUS - Stratign\" \/>\n<meta property=\"og:description\" content=\"Le smartphone s\u00e9curis\u00e9 Salus est le t\u00e9l\u00e9phone le plus s\u00e9curis\u00e9 au monde pour les organisations. Il a \u00e9t\u00e9 d\u00e9velopp\u00e9 \u00e0 partir de z\u00e9ro pour offrir une s\u00e9curit\u00e9 maximale.\" \/>\n<meta property=\"og:url\" content=\"https:\/\/www.stratign.com\/fr\/salus-phones\/\" \/>\n<meta property=\"og:site_name\" content=\"Stratign\" \/>\n<meta property=\"article:publisher\" content=\"https:\/\/www.facebook.com\/stratignfb\/\" \/>\n<meta property=\"article:modified_time\" content=\"2025-05-06T06:00:53+00:00\" \/>\n<meta name=\"twitter:card\" content=\"summary_large_image\" \/>\n<meta name=\"twitter:site\" content=\"@stratign\" \/>\n<meta name=\"twitter:label1\" content=\"Est. reading time\" \/>\n\t<meta name=\"twitter:data1\" content=\"2 minutes\" \/>\n<script type=\"application\/ld+json\" class=\"yoast-schema-graph\">{\"@context\":\"https:\\\/\\\/schema.org\",\"@graph\":[{\"@type\":\"WebPage\",\"@id\":\"https:\\\/\\\/www.stratign.com\\\/fr\\\/salus-phones\\\/\",\"url\":\"https:\\\/\\\/www.stratign.com\\\/fr\\\/salus-phones\\\/\",\"name\":\"SMARTPHONE S\u00c9CURIS\u00c9 \u2013 SALUS - Stratign\",\"isPartOf\":{\"@id\":\"https:\\\/\\\/www.stratign.com\\\/fr\\\/#website\"},\"datePublished\":\"2021-09-26T07:23:31+00:00\",\"dateModified\":\"2025-05-06T06:00:53+00:00\",\"description\":\"Le smartphone s\u00e9curis\u00e9 Salus est le t\u00e9l\u00e9phone le plus s\u00e9curis\u00e9 au monde pour les organisations. Il a \u00e9t\u00e9 d\u00e9velopp\u00e9 \u00e0 partir de z\u00e9ro pour offrir une s\u00e9curit\u00e9 maximale.\",\"breadcrumb\":{\"@id\":\"https:\\\/\\\/www.stratign.com\\\/fr\\\/salus-phones\\\/#breadcrumb\"},\"inLanguage\":\"en-US\",\"potentialAction\":[{\"@type\":\"ReadAction\",\"target\":[\"https:\\\/\\\/www.stratign.com\\\/fr\\\/salus-phones\\\/\"]}]},{\"@type\":\"BreadcrumbList\",\"@id\":\"https:\\\/\\\/www.stratign.com\\\/fr\\\/salus-phones\\\/#breadcrumb\",\"itemListElement\":[{\"@type\":\"ListItem\",\"position\":1,\"name\":\"Home\",\"item\":\"https:\\\/\\\/www.stratign.com\\\/fr\\\/\"},{\"@type\":\"ListItem\",\"position\":2,\"name\":\"SMARTPHONE S\u00c9CURIS\u00c9 \u2013 SALUS\"}]},{\"@type\":\"WebSite\",\"@id\":\"https:\\\/\\\/www.stratign.com\\\/fr\\\/#website\",\"url\":\"https:\\\/\\\/www.stratign.com\\\/fr\\\/\",\"name\":\"Stratign\",\"description\":\"Military Defense Technology\",\"potentialAction\":[{\"@type\":\"SearchAction\",\"target\":{\"@type\":\"EntryPoint\",\"urlTemplate\":\"https:\\\/\\\/www.stratign.com\\\/fr\\\/?s={search_term_string}\"},\"query-input\":{\"@type\":\"PropertyValueSpecification\",\"valueRequired\":true,\"valueName\":\"search_term_string\"}}],\"inLanguage\":\"en-US\"}]}<\/script>\n<!-- \/ Yoast SEO plugin. -->","yoast_head_json":{"title":"SMARTPHONE S\u00c9CURIS\u00c9 \u2013 SALUS - Stratign","description":"Le smartphone s\u00e9curis\u00e9 Salus est le t\u00e9l\u00e9phone le plus s\u00e9curis\u00e9 au monde pour les organisations. Il a \u00e9t\u00e9 d\u00e9velopp\u00e9 \u00e0 partir de z\u00e9ro pour offrir une s\u00e9curit\u00e9 maximale.","robots":{"index":"index","follow":"follow","max-snippet":"max-snippet:-1","max-image-preview":"max-image-preview:large","max-video-preview":"max-video-preview:-1"},"canonical":"https:\/\/www.stratign.com\/fr\/salus-phones\/","og_locale":"en_US","og_type":"article","og_title":"SMARTPHONE S\u00c9CURIS\u00c9 \u2013 SALUS - Stratign","og_description":"Le smartphone s\u00e9curis\u00e9 Salus est le t\u00e9l\u00e9phone le plus s\u00e9curis\u00e9 au monde pour les organisations. Il a \u00e9t\u00e9 d\u00e9velopp\u00e9 \u00e0 partir de z\u00e9ro pour offrir une s\u00e9curit\u00e9 maximale.","og_url":"https:\/\/www.stratign.com\/fr\/salus-phones\/","og_site_name":"Stratign","article_publisher":"https:\/\/www.facebook.com\/stratignfb\/","article_modified_time":"2025-05-06T06:00:53+00:00","twitter_card":"summary_large_image","twitter_site":"@stratign","twitter_misc":{"Est. reading time":"2 minutes"},"schema":{"@context":"https:\/\/schema.org","@graph":[{"@type":"WebPage","@id":"https:\/\/www.stratign.com\/fr\/salus-phones\/","url":"https:\/\/www.stratign.com\/fr\/salus-phones\/","name":"SMARTPHONE S\u00c9CURIS\u00c9 \u2013 SALUS - Stratign","isPartOf":{"@id":"https:\/\/www.stratign.com\/fr\/#website"},"datePublished":"2021-09-26T07:23:31+00:00","dateModified":"2025-05-06T06:00:53+00:00","description":"Le smartphone s\u00e9curis\u00e9 Salus est le t\u00e9l\u00e9phone le plus s\u00e9curis\u00e9 au monde pour les organisations. Il a \u00e9t\u00e9 d\u00e9velopp\u00e9 \u00e0 partir de z\u00e9ro pour offrir une s\u00e9curit\u00e9 maximale.","breadcrumb":{"@id":"https:\/\/www.stratign.com\/fr\/salus-phones\/#breadcrumb"},"inLanguage":"en-US","potentialAction":[{"@type":"ReadAction","target":["https:\/\/www.stratign.com\/fr\/salus-phones\/"]}]},{"@type":"BreadcrumbList","@id":"https:\/\/www.stratign.com\/fr\/salus-phones\/#breadcrumb","itemListElement":[{"@type":"ListItem","position":1,"name":"Home","item":"https:\/\/www.stratign.com\/fr\/"},{"@type":"ListItem","position":2,"name":"SMARTPHONE S\u00c9CURIS\u00c9 \u2013 SALUS"}]},{"@type":"WebSite","@id":"https:\/\/www.stratign.com\/fr\/#website","url":"https:\/\/www.stratign.com\/fr\/","name":"Stratign","description":"Military Defense Technology","potentialAction":[{"@type":"SearchAction","target":{"@type":"EntryPoint","urlTemplate":"https:\/\/www.stratign.com\/fr\/?s={search_term_string}"},"query-input":{"@type":"PropertyValueSpecification","valueRequired":true,"valueName":"search_term_string"}}],"inLanguage":"en-US"}]}},"_links":{"self":[{"href":"https:\/\/www.stratign.com\/fr\/wp-json\/wp\/v2\/pages\/3370","targetHints":{"allow":["GET"]}}],"collection":[{"href":"https:\/\/www.stratign.com\/fr\/wp-json\/wp\/v2\/pages"}],"about":[{"href":"https:\/\/www.stratign.com\/fr\/wp-json\/wp\/v2\/types\/page"}],"author":[{"embeddable":true,"href":"https:\/\/www.stratign.com\/fr\/wp-json\/wp\/v2\/users\/1"}],"replies":[{"embeddable":true,"href":"https:\/\/www.stratign.com\/fr\/wp-json\/wp\/v2\/comments?post=3370"}],"version-history":[{"count":11,"href":"https:\/\/www.stratign.com\/fr\/wp-json\/wp\/v2\/pages\/3370\/revisions"}],"predecessor-version":[{"id":15304,"href":"https:\/\/www.stratign.com\/fr\/wp-json\/wp\/v2\/pages\/3370\/revisions\/15304"}],"wp:attachment":[{"href":"https:\/\/www.stratign.com\/fr\/wp-json\/wp\/v2\/media?parent=3370"}],"curies":[{"name":"wp","href":"https:\/\/api.w.org\/{rel}","templated":true}]}}