{"id":3949,"date":"2022-01-21T07:59:34","date_gmt":"2022-01-21T07:59:34","guid":{"rendered":"https:\/\/stratign.com\/website\/?page_id=3949"},"modified":"2024-03-05T09:29:30","modified_gmt":"2024-03-05T05:29:30","slug":"communication-interception","status":"publish","type":"page","link":"https:\/\/www.stratign.com\/fr\/communication-interception\/","title":{"rendered":"INTERCEPTION DES COMMUNICATIONS"},"content":{"rendered":"<section class=\"wpb-content-wrapper\"><p>[vc_row][vc_column][tm_heading style=&#8221;left-line&#8221; custom_google_font=&#8221;&#8221; css=&#8221;.vc_custom_1702707426883{margin-top: -50px !important;}&#8221;]Cat\u00e9gories[\/tm_heading][tm_spacer size=&#8221;lg:20&#8243;][tm_grid xs_align=&#8221;center&#8221; columns=&#8221;xs:1;sm:2;md:2;lg:3&#8243; column_gutter=&#8221;lg:30&#8243; row_gutter=&#8221;lg:30&#8243; max_width=&#8221;xs:320&#8243;][tm_box_icon align=&#8221;center&#8221; heading=&#8221;Syst\u00e8me d&#8217;interception des t\u00e9l\u00e9phones portables&#8221; text=&#8221;Le syst\u00e8me d&#8217;interception cellulaire aide les autorit\u00e9s charg\u00e9es de l&#8217;application de la loi \u00e0 acqu\u00e9rir, analyser et g\u00e9rer les communications cellulaires intercept\u00e9es, telles que la voix et les SMS. Stratign fournit des solutions d&#8217;interception \u00e0 bande \u00e9troite et \u00e0 bande large de pointe et des IMSI Catchers pour l&#8217;interception des t\u00e9l\u00e9phones cellulaires (2G, 3G, 4G et 5G) dans le monde entier. Nous fournissons des solutions \u00e9volutives et configurables.&#8221; image=&#8221;5136&#8243; box_link=&#8221;url:https%3A%2F%2Fwww.stratign.com%2Ffr%2Fcellphone-interception-systems%2F|title:CELLPHONE%20INTERCEPTION%20SYSTEMS&#8221;][tm_box_icon align=&#8221;center&#8221; heading=&#8221;Syst\u00e8mes d&#8217;interception des t\u00e9l\u00e9phones par satellite&#8221; text=&#8221;Les solutions de communications personnelles mobiles mondiales (GMPCS), ou simplement des communications t\u00e9l\u00e9phoniques par satellite, aident les autorit\u00e9s charg\u00e9es de l&#8217;application de la loi \u00e0 intercepter et \u00e0 analyser en temps r\u00e9el les communications vocales, les messages courts et les donn\u00e9es transmises par les t\u00e9l\u00e9phones satellites Thuraya, Inmarsat et Iridium, ainsi que par les terminaux BeiDou. Ces solutions sont \u00e9volutives et personnalisables en fonction des besoins du client final.&#8221; image=&#8221;5167&#8243; box_link=&#8221;url:https%3A%2F%2Fwww.stratign.com%2Ffr%2Fsatellite-phone-interception-systems%2F|title:SATELLITE%20PHONE%20INTERCEPTION%20SYSTEMS&#8221;][tm_box_icon align=&#8221;center&#8221; heading=&#8221;Syst\u00e8me d&#8217;interception des communications par satellite&#8221; text=&#8221;Les liaisons satellitaires dans les bandes X, C, Ka et Ku transportent d&#8217;\u00e9normes quantit\u00e9s d&#8217;informations dont l&#8217;interception peut aider les autorit\u00e9s charg\u00e9es de l&#8217;application de la loi \u00e0 analyser en temps r\u00e9el les donn\u00e9es transmises par ces liaisons. Nos solutions sont personnalisables et \u00e9volutives (bandes et protocoles) en fonction des besoins du client.&#8221; image=&#8221;5169&#8243; box_link=&#8221;url:https%3A%2F%2Fwww.stratign.com%2Ffr%2Fsatellite-trunk-interception-system%2F|title:SATELLITE%20PHONE%20INTERCEPTION%20SYSTEMS&#8221;][tm_box_icon align=&#8221;center&#8221; heading=&#8221;Syst\u00e8me d&#8217;interception Wi-Fi&#8221; text=&#8221;Les r\u00e9seaux Wi-Fi sont devenus tr\u00e8s populaires parmi la g\u00e9n\u00e9ration actuelle en tant que moyen de communication et de navigation s\u00e9curis\u00e9. L&#8217;interception des r\u00e9seaux Wi-Fi peut permettre aux autorit\u00e9s charg\u00e9es de l&#8217;application de la loi de collecter des informations d&#8217;une grande valeur pour les services de renseignement.&#8221; image=&#8221;5187&#8243; box_link=&#8221;url:https%3A%2F%2Fwww.stratign.com%2Ffr%2Fwi-fi-interception-system%2F|title:WI-FI%20INTERCEPTION%20SYSTEM&#8221;][tm_box_icon align=&#8221;center&#8221; heading=&#8221;Syst\u00e8mes d&#8217;interception radio et de radiogoniom\u00e9trie&#8221; text=&#8221;Les radios de r\u00e9seau sont utilis\u00e9es par de nombreuses organisations, y compris des \u00e9l\u00e9ments antinationaux, et ont toujours \u00e9t\u00e9 une source d&#8217;inqui\u00e9tude pour les autorit\u00e9s locales. Stratign propose des solutions pour l&#8217;interception, la d\u00e9modulation et le d\u00e9codage des communications HF\/VHF\/UHF avec la possibilit\u00e9 de trouver l&#8217;emplacement r\u00e9el des \u00e9metteurs.&#8221; image=&#8221;5215&#8243; box_link=&#8221;url:https%3A%2F%2Fwww.stratign.com%2Ffr%2Fradio-interception-direction-finding%2F|title:RADIO%20INTERCEPTION%20%26%20DIRECTION%20FINDING&#8221;][tm_box_icon align=&#8221;center&#8221; heading=&#8221;Syst\u00e8me d&#8217;interception de la liaison par faisceaux hertziens&#8221; text=&#8221;Les liaisons par faisceaux hertziens transportent d&#8217;\u00e9normes quantit\u00e9s de donn\u00e9es sous forme de voix, de donn\u00e9es et de documents. L&#8217;interception et l&#8217;analyse de ces donn\u00e9es peuvent fournir aux agences de renseignement un grand nombre d&#8217;informations pertinentes. La solution de Stratign permet l&#8217;interception et l&#8217;analyse de ces donn\u00e9es.&#8221; image=&#8221;5214&#8243; box_link=&#8221;url:https%3A%2F%2Fwww.stratign.com%2Ffr%2Fmicrowave-link-interception-system%2F|title:MICROWAVE%20LINK%20INTERCEPTION%20SYSTEM&#8221;][tm_box_icon align=&#8221;center&#8221; heading=&#8221;Syst\u00e8me d&#8217;interception l\u00e9gale&#8221; text=&#8221;Le syst\u00e8me d&#8217;interception l\u00e9gale (LI) permet d&#8217;intercepter, \u00e0 l&#8217;\u00e9chelle nationale, tous les appels et SMS \u00e9mis par des t\u00e9l\u00e9phones portables ou fixes. Cette solution peut \u00eatre personnalis\u00e9e uniquement pour la g\u00e9olocalisation des t\u00e9l\u00e9phones portables ou en tant que syst\u00e8me d&#8217;interception complet.&#8221; image=&#8221;5300&#8243; box_link=&#8221;url:https%3A%2F%2Fwww.stratign.com%2Ffr%2Flawful-interception-system%2F|title:LAWFUL%20INTERCEPTION%20(LI)%20SYSTEM&#8221;][\/tm_grid][\/vc_column][\/vc_row]<\/p>\n<\/section>","protected":false},"excerpt":{"rendered":"<p>Includes cellphone Interception system, satellite phone interception system, satellite trunk interception system, Wi-Fi interception system, radio interception and DF system, microwave link interception system and lawful interception system. <\/p>\n","protected":false},"author":1,"featured_media":0,"parent":0,"menu_order":0,"comment_status":"closed","ping_status":"closed","template":"","meta":{"footnotes":""},"class_list":["post-3949","page","type-page","status-publish","hentry","post-no-thumbnail"],"yoast_head":"<!-- This site is optimized with the Yoast SEO plugin v27.3 - https:\/\/yoast.com\/product\/yoast-seo-wordpress\/ -->\n<title>INTERCEPTION DES COMMUNICATIONS - Stratign<\/title>\n<meta name=\"description\" content=\"Stratign propose des syst\u00e8mes \u00e9volutifs et configurables d&#039;interception des communications par t\u00e9l\u00e9phone mobile, par satellite, par Wi-Fi, par radio et par micro-ondes.\" \/>\n<meta name=\"robots\" content=\"index, follow, max-snippet:-1, max-image-preview:large, max-video-preview:-1\" \/>\n<link rel=\"canonical\" href=\"https:\/\/www.stratign.com\/fr\/communication-interception\/\" \/>\n<meta property=\"og:locale\" content=\"en_US\" \/>\n<meta property=\"og:type\" content=\"article\" \/>\n<meta property=\"og:title\" content=\"INTERCEPTION DES COMMUNICATIONS - Stratign\" \/>\n<meta property=\"og:description\" content=\"Stratign propose des syst\u00e8mes \u00e9volutifs et configurables d&#039;interception des communications par t\u00e9l\u00e9phone mobile, par satellite, par Wi-Fi, par radio et par micro-ondes.\" \/>\n<meta property=\"og:url\" content=\"https:\/\/www.stratign.com\/fr\/communication-interception\/\" \/>\n<meta property=\"og:site_name\" content=\"Stratign\" \/>\n<meta property=\"article:publisher\" content=\"https:\/\/www.facebook.com\/stratignfb\/\" \/>\n<meta property=\"article:modified_time\" content=\"2024-03-05T05:29:30+00:00\" \/>\n<meta name=\"twitter:card\" content=\"summary_large_image\" \/>\n<meta name=\"twitter:site\" content=\"@stratign\" \/>\n<meta name=\"twitter:label1\" content=\"Est. reading time\" \/>\n\t<meta name=\"twitter:data1\" content=\"2 minutes\" \/>\n<script type=\"application\/ld+json\" class=\"yoast-schema-graph\">{\"@context\":\"https:\\\/\\\/schema.org\",\"@graph\":[{\"@type\":\"WebPage\",\"@id\":\"https:\\\/\\\/www.stratign.com\\\/fr\\\/communication-interception\\\/\",\"url\":\"https:\\\/\\\/www.stratign.com\\\/fr\\\/communication-interception\\\/\",\"name\":\"INTERCEPTION DES COMMUNICATIONS - Stratign\",\"isPartOf\":{\"@id\":\"https:\\\/\\\/www.stratign.com\\\/fr\\\/#website\"},\"datePublished\":\"2022-01-21T07:59:34+00:00\",\"dateModified\":\"2024-03-05T05:29:30+00:00\",\"description\":\"Stratign propose des syst\u00e8mes \u00e9volutifs et configurables d'interception des communications par t\u00e9l\u00e9phone mobile, par satellite, par Wi-Fi, par radio et par micro-ondes.\",\"breadcrumb\":{\"@id\":\"https:\\\/\\\/www.stratign.com\\\/fr\\\/communication-interception\\\/#breadcrumb\"},\"inLanguage\":\"en-US\",\"potentialAction\":[{\"@type\":\"ReadAction\",\"target\":[\"https:\\\/\\\/www.stratign.com\\\/fr\\\/communication-interception\\\/\"]}]},{\"@type\":\"BreadcrumbList\",\"@id\":\"https:\\\/\\\/www.stratign.com\\\/fr\\\/communication-interception\\\/#breadcrumb\",\"itemListElement\":[{\"@type\":\"ListItem\",\"position\":1,\"name\":\"Home\",\"item\":\"https:\\\/\\\/www.stratign.com\\\/fr\\\/\"},{\"@type\":\"ListItem\",\"position\":2,\"name\":\"INTERCEPTION DES COMMUNICATIONS\"}]},{\"@type\":\"WebSite\",\"@id\":\"https:\\\/\\\/www.stratign.com\\\/fr\\\/#website\",\"url\":\"https:\\\/\\\/www.stratign.com\\\/fr\\\/\",\"name\":\"Stratign\",\"description\":\"Military Defense Technology\",\"potentialAction\":[{\"@type\":\"SearchAction\",\"target\":{\"@type\":\"EntryPoint\",\"urlTemplate\":\"https:\\\/\\\/www.stratign.com\\\/fr\\\/?s={search_term_string}\"},\"query-input\":{\"@type\":\"PropertyValueSpecification\",\"valueRequired\":true,\"valueName\":\"search_term_string\"}}],\"inLanguage\":\"en-US\"}]}<\/script>\n<!-- \/ Yoast SEO plugin. -->","yoast_head_json":{"title":"INTERCEPTION DES COMMUNICATIONS - Stratign","description":"Stratign propose des syst\u00e8mes \u00e9volutifs et configurables d'interception des communications par t\u00e9l\u00e9phone mobile, par satellite, par Wi-Fi, par radio et par micro-ondes.","robots":{"index":"index","follow":"follow","max-snippet":"max-snippet:-1","max-image-preview":"max-image-preview:large","max-video-preview":"max-video-preview:-1"},"canonical":"https:\/\/www.stratign.com\/fr\/communication-interception\/","og_locale":"en_US","og_type":"article","og_title":"INTERCEPTION DES COMMUNICATIONS - Stratign","og_description":"Stratign propose des syst\u00e8mes \u00e9volutifs et configurables d'interception des communications par t\u00e9l\u00e9phone mobile, par satellite, par Wi-Fi, par radio et par micro-ondes.","og_url":"https:\/\/www.stratign.com\/fr\/communication-interception\/","og_site_name":"Stratign","article_publisher":"https:\/\/www.facebook.com\/stratignfb\/","article_modified_time":"2024-03-05T05:29:30+00:00","twitter_card":"summary_large_image","twitter_site":"@stratign","twitter_misc":{"Est. reading time":"2 minutes"},"schema":{"@context":"https:\/\/schema.org","@graph":[{"@type":"WebPage","@id":"https:\/\/www.stratign.com\/fr\/communication-interception\/","url":"https:\/\/www.stratign.com\/fr\/communication-interception\/","name":"INTERCEPTION DES COMMUNICATIONS - Stratign","isPartOf":{"@id":"https:\/\/www.stratign.com\/fr\/#website"},"datePublished":"2022-01-21T07:59:34+00:00","dateModified":"2024-03-05T05:29:30+00:00","description":"Stratign propose des syst\u00e8mes \u00e9volutifs et configurables d'interception des communications par t\u00e9l\u00e9phone mobile, par satellite, par Wi-Fi, par radio et par micro-ondes.","breadcrumb":{"@id":"https:\/\/www.stratign.com\/fr\/communication-interception\/#breadcrumb"},"inLanguage":"en-US","potentialAction":[{"@type":"ReadAction","target":["https:\/\/www.stratign.com\/fr\/communication-interception\/"]}]},{"@type":"BreadcrumbList","@id":"https:\/\/www.stratign.com\/fr\/communication-interception\/#breadcrumb","itemListElement":[{"@type":"ListItem","position":1,"name":"Home","item":"https:\/\/www.stratign.com\/fr\/"},{"@type":"ListItem","position":2,"name":"INTERCEPTION DES COMMUNICATIONS"}]},{"@type":"WebSite","@id":"https:\/\/www.stratign.com\/fr\/#website","url":"https:\/\/www.stratign.com\/fr\/","name":"Stratign","description":"Military Defense Technology","potentialAction":[{"@type":"SearchAction","target":{"@type":"EntryPoint","urlTemplate":"https:\/\/www.stratign.com\/fr\/?s={search_term_string}"},"query-input":{"@type":"PropertyValueSpecification","valueRequired":true,"valueName":"search_term_string"}}],"inLanguage":"en-US"}]}},"_links":{"self":[{"href":"https:\/\/www.stratign.com\/fr\/wp-json\/wp\/v2\/pages\/3949","targetHints":{"allow":["GET"]}}],"collection":[{"href":"https:\/\/www.stratign.com\/fr\/wp-json\/wp\/v2\/pages"}],"about":[{"href":"https:\/\/www.stratign.com\/fr\/wp-json\/wp\/v2\/types\/page"}],"author":[{"embeddable":true,"href":"https:\/\/www.stratign.com\/fr\/wp-json\/wp\/v2\/users\/1"}],"replies":[{"embeddable":true,"href":"https:\/\/www.stratign.com\/fr\/wp-json\/wp\/v2\/comments?post=3949"}],"version-history":[{"count":4,"href":"https:\/\/www.stratign.com\/fr\/wp-json\/wp\/v2\/pages\/3949\/revisions"}],"predecessor-version":[{"id":15110,"href":"https:\/\/www.stratign.com\/fr\/wp-json\/wp\/v2\/pages\/3949\/revisions\/15110"}],"wp:attachment":[{"href":"https:\/\/www.stratign.com\/fr\/wp-json\/wp\/v2\/media?parent=3949"}],"curies":[{"name":"wp","href":"https:\/\/api.w.org\/{rel}","templated":true}]}}