{"id":3960,"date":"2022-01-24T07:29:49","date_gmt":"2022-01-24T07:29:49","guid":{"rendered":"https:\/\/stratign.com\/website\/?page_id=3960"},"modified":"2024-03-05T09:29:43","modified_gmt":"2024-03-05T05:29:43","slug":"jamming-solutions","status":"publish","type":"page","link":"https:\/\/www.stratign.com\/fr\/jamming-solutions\/","title":{"rendered":"SOLUTIONS DE BROUILLAGE"},"content":{"rendered":"<section class=\"wpb-content-wrapper\"><p>[vc_row][vc_column][tm_heading style=&#8221;left-line&#8221; custom_google_font=&#8221;&#8221; css=&#8221;.vc_custom_1702703921748{margin-top: -50px !important;}&#8221;]Cat\u00e9gories[\/tm_heading][tm_spacer size=&#8221;lg:20&#8243;][tm_grid xs_align=&#8221;center&#8221; columns=&#8221;xs:1;sm:2;lg:3&#8243; column_gutter=&#8221;lg:30&#8243; row_gutter=&#8221;lg:30&#8243;][tm_box_icon align=&#8221;center&#8221; heading=&#8221;Brouilleurs de communication&#8221; text=&#8221;Stratign fournit des solutions de brouillage actives\/r\u00e9actives personnalisables de pointe pour bloquer les syst\u00e8mes de communication sur la bande de fr\u00e9quences 20-6000 MHz, dans les zones cibl\u00e9es. Nous permettons \u00e9galement la cr\u00e9ation d&#8217;une liste autoris\u00e9e\/non autoris\u00e9e d&#8217;utilisateurs de t\u00e9l\u00e9phones portables.&#8221; image=&#8221;3940&#8243; box_link=&#8221;url:https%3A%2F%2Fwww.stratign.com%2Ffr%2Fcommunication-jammers%2F|title:COMMUNICATION%20JAMMERS&#8221;][tm_box_icon align=&#8221;center&#8221; heading=&#8221;Brouilleur de bombes&#8221; text=&#8221;Les brouilleurs de bombes de Stratign sont con\u00e7us selon une approche modulaire couvrant la bande de fr\u00e9quences de 20 \u00e0 6000 MHz. Le syst\u00e8me peut \u00eatre actif ou r\u00e9actif et couvre toutes les fr\u00e9quences de communication RF g\u00e9n\u00e9ralement utilis\u00e9es par les terroristes pour faire exploser des bombes en bord de route (RCIED).&#8221; image=&#8221;4892&#8243; box_link=&#8221;url:https%3A%2F%2Fwww.stratign.com%2Ffr%2Fbomb-jammer%2F|title:BOMB%20JAMMERS&#8221;][tm_box_icon align=&#8221;center&#8221; heading=&#8221;Syst\u00e8mes de d\u00e9fense contre les drones&#8221; text=&#8221;Les syst\u00e8mes de d\u00e9fense contre les drones sont des technologies con\u00e7ues pour d\u00e9tecter, identifier, suivre et neutraliser ou att\u00e9nuer les menaces pos\u00e9es par les v\u00e9hicules a\u00e9riens sans pilote (UAV), commun\u00e9ment appel\u00e9s drones.&#8221; image=&#8221;4893&#8243; box_link=&#8221;url:https%3A%2F%2Fwww.stratign.com%2Ffr%2Fdrone-defense-systems%2F|title:DRONE%20JAMMERS&#8221;][tm_box_icon align=&#8221;center&#8221; heading=&#8221;Brouilleur GNSS \/ GPS&#8221; text=&#8221;Les brouilleurs GNSS Stratign sont con\u00e7us pour d\u00e9sactiver les r\u00e9cepteurs satellites GP\/GLONASS\/COMPASS\/Galileo. Ils emp\u00eachent le processus de mesure des coordonn\u00e9es g\u00e9ographiques par les r\u00e9cepteurs GNSS en utilisant une imitation de brouillage. Les brouilleurs GNSS sp\u00e9cialis\u00e9s de Stratign ont une port\u00e9e de plus de 100 KM.&#8221; image=&#8221;4891&#8243; box_link=&#8221;url:https%3A%2F%2Fwww.stratign.com%2Ffr%2Fgnss-jammer%2F|title:GNSS%2FGPS%20JAMMERS&#8221;][\/tm_grid][\/vc_column][\/vc_row]<\/p>\n<\/section>","protected":false},"excerpt":{"rendered":"<p>Includes communication jammers, bomb jammer, drone jammer, and GNSS\/GPS jammer.<\/p>\n","protected":false},"author":1,"featured_media":0,"parent":0,"menu_order":0,"comment_status":"closed","ping_status":"closed","template":"","meta":{"footnotes":""},"class_list":["post-3960","page","type-page","status-publish","hentry","post-no-thumbnail"],"yoast_head":"<!-- This site is optimized with the Yoast SEO plugin v27.3 - https:\/\/yoast.com\/product\/yoast-seo-wordpress\/ -->\n<title>SOLUTIONS DE BROUILLAGE - Stratign<\/title>\n<meta name=\"description\" content=\"La gamme de brouilleurs de Stratign comprend des brouilleurs de bombes, des brouilleurs de drones et des brouilleurs GNSS\/GPS pour promouvoir des solutions de brouillage avanc\u00e9es.\" \/>\n<meta name=\"robots\" content=\"index, follow, max-snippet:-1, max-image-preview:large, max-video-preview:-1\" \/>\n<link rel=\"canonical\" href=\"https:\/\/www.stratign.com\/fr\/jamming-solutions\/\" \/>\n<meta property=\"og:locale\" content=\"en_US\" \/>\n<meta property=\"og:type\" content=\"article\" \/>\n<meta property=\"og:title\" content=\"SOLUTIONS DE BROUILLAGE - Stratign\" \/>\n<meta property=\"og:description\" content=\"La gamme de brouilleurs de Stratign comprend des brouilleurs de bombes, des brouilleurs de drones et des brouilleurs GNSS\/GPS pour promouvoir des solutions de brouillage avanc\u00e9es.\" \/>\n<meta property=\"og:url\" content=\"https:\/\/www.stratign.com\/fr\/jamming-solutions\/\" \/>\n<meta property=\"og:site_name\" content=\"Stratign\" \/>\n<meta property=\"article:publisher\" content=\"https:\/\/www.facebook.com\/stratignfb\/\" \/>\n<meta property=\"article:modified_time\" content=\"2024-03-05T05:29:43+00:00\" \/>\n<meta name=\"twitter:card\" content=\"summary_large_image\" \/>\n<meta name=\"twitter:site\" content=\"@stratign\" \/>\n<meta name=\"twitter:label1\" content=\"Est. reading time\" \/>\n\t<meta name=\"twitter:data1\" content=\"1 minute\" \/>\n<script type=\"application\/ld+json\" class=\"yoast-schema-graph\">{\"@context\":\"https:\\\/\\\/schema.org\",\"@graph\":[{\"@type\":\"WebPage\",\"@id\":\"https:\\\/\\\/www.stratign.com\\\/fr\\\/jamming-solutions\\\/\",\"url\":\"https:\\\/\\\/www.stratign.com\\\/fr\\\/jamming-solutions\\\/\",\"name\":\"SOLUTIONS DE BROUILLAGE - Stratign\",\"isPartOf\":{\"@id\":\"https:\\\/\\\/www.stratign.com\\\/fr\\\/#website\"},\"datePublished\":\"2022-01-24T07:29:49+00:00\",\"dateModified\":\"2024-03-05T05:29:43+00:00\",\"description\":\"La gamme de brouilleurs de Stratign comprend des brouilleurs de bombes, des brouilleurs de drones et des brouilleurs GNSS\\\/GPS pour promouvoir des solutions de brouillage avanc\u00e9es.\",\"breadcrumb\":{\"@id\":\"https:\\\/\\\/www.stratign.com\\\/fr\\\/jamming-solutions\\\/#breadcrumb\"},\"inLanguage\":\"en-US\",\"potentialAction\":[{\"@type\":\"ReadAction\",\"target\":[\"https:\\\/\\\/www.stratign.com\\\/fr\\\/jamming-solutions\\\/\"]}]},{\"@type\":\"BreadcrumbList\",\"@id\":\"https:\\\/\\\/www.stratign.com\\\/fr\\\/jamming-solutions\\\/#breadcrumb\",\"itemListElement\":[{\"@type\":\"ListItem\",\"position\":1,\"name\":\"Home\",\"item\":\"https:\\\/\\\/www.stratign.com\\\/fr\\\/\"},{\"@type\":\"ListItem\",\"position\":2,\"name\":\"SOLUTIONS DE BROUILLAGE\"}]},{\"@type\":\"WebSite\",\"@id\":\"https:\\\/\\\/www.stratign.com\\\/fr\\\/#website\",\"url\":\"https:\\\/\\\/www.stratign.com\\\/fr\\\/\",\"name\":\"Stratign\",\"description\":\"Military Defense Technology\",\"potentialAction\":[{\"@type\":\"SearchAction\",\"target\":{\"@type\":\"EntryPoint\",\"urlTemplate\":\"https:\\\/\\\/www.stratign.com\\\/fr\\\/?s={search_term_string}\"},\"query-input\":{\"@type\":\"PropertyValueSpecification\",\"valueRequired\":true,\"valueName\":\"search_term_string\"}}],\"inLanguage\":\"en-US\"}]}<\/script>\n<!-- \/ Yoast SEO plugin. -->","yoast_head_json":{"title":"SOLUTIONS DE BROUILLAGE - Stratign","description":"La gamme de brouilleurs de Stratign comprend des brouilleurs de bombes, des brouilleurs de drones et des brouilleurs GNSS\/GPS pour promouvoir des solutions de brouillage avanc\u00e9es.","robots":{"index":"index","follow":"follow","max-snippet":"max-snippet:-1","max-image-preview":"max-image-preview:large","max-video-preview":"max-video-preview:-1"},"canonical":"https:\/\/www.stratign.com\/fr\/jamming-solutions\/","og_locale":"en_US","og_type":"article","og_title":"SOLUTIONS DE BROUILLAGE - Stratign","og_description":"La gamme de brouilleurs de Stratign comprend des brouilleurs de bombes, des brouilleurs de drones et des brouilleurs GNSS\/GPS pour promouvoir des solutions de brouillage avanc\u00e9es.","og_url":"https:\/\/www.stratign.com\/fr\/jamming-solutions\/","og_site_name":"Stratign","article_publisher":"https:\/\/www.facebook.com\/stratignfb\/","article_modified_time":"2024-03-05T05:29:43+00:00","twitter_card":"summary_large_image","twitter_site":"@stratign","twitter_misc":{"Est. reading time":"1 minute"},"schema":{"@context":"https:\/\/schema.org","@graph":[{"@type":"WebPage","@id":"https:\/\/www.stratign.com\/fr\/jamming-solutions\/","url":"https:\/\/www.stratign.com\/fr\/jamming-solutions\/","name":"SOLUTIONS DE BROUILLAGE - Stratign","isPartOf":{"@id":"https:\/\/www.stratign.com\/fr\/#website"},"datePublished":"2022-01-24T07:29:49+00:00","dateModified":"2024-03-05T05:29:43+00:00","description":"La gamme de brouilleurs de Stratign comprend des brouilleurs de bombes, des brouilleurs de drones et des brouilleurs GNSS\/GPS pour promouvoir des solutions de brouillage avanc\u00e9es.","breadcrumb":{"@id":"https:\/\/www.stratign.com\/fr\/jamming-solutions\/#breadcrumb"},"inLanguage":"en-US","potentialAction":[{"@type":"ReadAction","target":["https:\/\/www.stratign.com\/fr\/jamming-solutions\/"]}]},{"@type":"BreadcrumbList","@id":"https:\/\/www.stratign.com\/fr\/jamming-solutions\/#breadcrumb","itemListElement":[{"@type":"ListItem","position":1,"name":"Home","item":"https:\/\/www.stratign.com\/fr\/"},{"@type":"ListItem","position":2,"name":"SOLUTIONS DE BROUILLAGE"}]},{"@type":"WebSite","@id":"https:\/\/www.stratign.com\/fr\/#website","url":"https:\/\/www.stratign.com\/fr\/","name":"Stratign","description":"Military Defense Technology","potentialAction":[{"@type":"SearchAction","target":{"@type":"EntryPoint","urlTemplate":"https:\/\/www.stratign.com\/fr\/?s={search_term_string}"},"query-input":{"@type":"PropertyValueSpecification","valueRequired":true,"valueName":"search_term_string"}}],"inLanguage":"en-US"}]}},"_links":{"self":[{"href":"https:\/\/www.stratign.com\/fr\/wp-json\/wp\/v2\/pages\/3960","targetHints":{"allow":["GET"]}}],"collection":[{"href":"https:\/\/www.stratign.com\/fr\/wp-json\/wp\/v2\/pages"}],"about":[{"href":"https:\/\/www.stratign.com\/fr\/wp-json\/wp\/v2\/types\/page"}],"author":[{"embeddable":true,"href":"https:\/\/www.stratign.com\/fr\/wp-json\/wp\/v2\/users\/1"}],"replies":[{"embeddable":true,"href":"https:\/\/www.stratign.com\/fr\/wp-json\/wp\/v2\/comments?post=3960"}],"version-history":[{"count":5,"href":"https:\/\/www.stratign.com\/fr\/wp-json\/wp\/v2\/pages\/3960\/revisions"}],"predecessor-version":[{"id":15111,"href":"https:\/\/www.stratign.com\/fr\/wp-json\/wp\/v2\/pages\/3960\/revisions\/15111"}],"wp:attachment":[{"href":"https:\/\/www.stratign.com\/fr\/wp-json\/wp\/v2\/media?parent=3960"}],"curies":[{"name":"wp","href":"https:\/\/api.w.org\/{rel}","templated":true}]}}