{"id":3962,"date":"2022-01-24T07:38:59","date_gmt":"2022-01-24T07:38:59","guid":{"rendered":"https:\/\/stratign.com\/website\/?page_id=3962"},"modified":"2024-03-05T09:29:54","modified_gmt":"2024-03-05T05:29:54","slug":"communication-security","status":"publish","type":"page","link":"https:\/\/www.stratign.com\/fr\/communication-security\/","title":{"rendered":"S\u00c9CURIT\u00c9 DES COMMUNICATIONS"},"content":{"rendered":"<section class=\"wpb-content-wrapper\"><p>[vc_row][vc_column][tm_heading style=&#8221;left-line&#8221; custom_google_font=&#8221;&#8221; css=&#8221;.vc_custom_1702706137224{margin-top: -50px !important;}&#8221;]Cat\u00e9gories[\/tm_heading][tm_spacer size=&#8221;lg:20&#8243;][tm_grid xs_align=&#8221;center&#8221; columns=&#8221;xs:1;sm:2;lg:3&#8243; column_gutter=&#8221;lg:30&#8243; row_gutter=&#8221;lg:30&#8243;][tm_box_icon align=&#8221;center&#8221; heading=&#8221;Smartphone s\u00e9curis\u00e9 &#8211; Salus&#8221; text=&#8221;Le Smartphone Salus de Stratign est un smartphone haut de gamme con\u00e7u d\u00e8s le d\u00e9part pour vous prot\u00e9ger contre les \u00e9coutes, les logiciels malveillants, les violations de donn\u00e9es et toute tentative de piratage ou d&#8217;alt\u00e9ration de vos communications et donn\u00e9es mobiles.&#8221; image=&#8221;4902&#8243; box_link=&#8221;url:https%3A%2F%2Fwww.stratign.com%2Ffr%2Fsalus-phones%2F|title:SALUS%20PHONES&#8221;][tm_box_icon align=&#8221;center&#8221; heading=&#8221;Solutions de s\u00e9curit\u00e9 multi-domaines&#8221; text=&#8221;Les solutions de s\u00e9curit\u00e9 multi-domaines de Stratign sont des composants de s\u00e9curit\u00e9 r\u00e9seau hautement fiables et accr\u00e9dit\u00e9s par le gouvernement qui contr\u00f4lent et, si n\u00e9cessaire, bloquent le flux de donn\u00e9es entre deux domaines de s\u00e9curit\u00e9 \u00e0 tous les niveaux.&#8221; image=&#8221;4900&#8243; box_link=&#8221;url:https%3A%2F%2Fwww.stratign.com%2Ffr%2Fcross-domain-security-solutions%2F|title:CROSS%20DOMAIN%20SECURITY%20SOLUTIONS&#8221;][tm_box_icon align=&#8221;center&#8221; heading=&#8221;Cryptographie \u00e0 r\u00e9sistance quantique&#8221; text=&#8221;Les algorithmes de la crytographie \u00e0 r\u00e9sistance quantique sont con\u00e7us pour prot\u00e9ger les donn\u00e9es contre les attaques et renforcer la s\u00e9curit\u00e9 des donn\u00e9es \u00e0 l&#8217;\u00e8re quantique. Stratign s&#8217;associe \u00e0 votre organisation pour mettre en \u0153uvre les algorithmes.&#8221; image=&#8221;10604&#8243; box_link=&#8221;url:https%3A%2F%2Fwww.stratign.com%2Ffr%2Fquantum-resistant-crytography%2F|title:QUANTUM%20RESISTANT%20CRYPTOGRAPHY&#8221;][\/tm_grid][\/vc_column][\/vc_row][vc_row][vc_column][tm_spacer size=&#8221;lg:20&#8243;][tm_grid xs_align=&#8221;center&#8221; columns=&#8221;xs:1;sm:2;lg:3&#8243; column_gutter=&#8221;lg:30&#8243; row_gutter=&#8221;lg:30&#8243;][tm_box_icon align=&#8221;center&#8221; heading=&#8221;Dispositif de cryptage bas\u00e9 sur H\/W&#8221; text=&#8221;Le dispositif de cryptage mat\u00e9riel est un mat\u00e9riel sp\u00e9cialis\u00e9 qui s\u00e9curise la communication en cryptant les donn\u00e9es avant leur transmission et en les d\u00e9cryptant \u00e0 leur r\u00e9ception entre les appareils.&#8221; image=&#8221;13684&#8243; box_link=&#8221;url:https%3A%2F%2Fwww.stratign.com%2Ffr%2Fhardware-based-encryption-device%2F|title:SALUS%20PHONES&#8221;][tm_box_icon align=&#8221;center&#8221; heading=&#8221;Diode de donn\u00e9es&#8221; text=&#8221;La diode de donn\u00e9es est un dispositif de r\u00e9seau unidirectionnel qui permet aux donn\u00e9es de circuler dans un sens tout en emp\u00eachant les donn\u00e9es de circuler dans le sens oppos\u00e9.&#8221; image=&#8221;13683&#8243; box_link=&#8221;url:https%3A%2F%2Fwww.stratign.com%2Ffr%2Fdata-diode%2F|title:Data%20diode&#8221;][\/tm_grid][\/vc_column][\/vc_row]<\/p>\n<\/section>","protected":false},"excerpt":{"rendered":"<p>Includes secure smartphone &#8211; Salus and cross domain security solution.<\/p>\n","protected":false},"author":1,"featured_media":0,"parent":0,"menu_order":0,"comment_status":"closed","ping_status":"closed","template":"","meta":{"footnotes":""},"class_list":["post-3962","page","type-page","status-publish","hentry","post-no-thumbnail"],"yoast_head":"<!-- This site is optimized with the Yoast SEO plugin v27.3 - https:\/\/yoast.com\/product\/yoast-seo-wordpress\/ -->\n<title>S\u00c9CURIT\u00c9 DES COMMUNICATIONS - Stratign<\/title>\n<meta name=\"description\" content=\"Stratign propose des solutions avanc\u00e9es pour promouvoir des communications s\u00e9curis\u00e9es, notamment Salus Smartphone et des solutions de s\u00e9curit\u00e9 interdomaines.\" \/>\n<meta name=\"robots\" content=\"index, follow, max-snippet:-1, max-image-preview:large, max-video-preview:-1\" \/>\n<link rel=\"canonical\" href=\"https:\/\/www.stratign.com\/fr\/communication-security\/\" \/>\n<meta property=\"og:locale\" content=\"en_US\" \/>\n<meta property=\"og:type\" content=\"article\" \/>\n<meta property=\"og:title\" content=\"S\u00c9CURIT\u00c9 DES COMMUNICATIONS - Stratign\" \/>\n<meta property=\"og:description\" content=\"Stratign propose des solutions avanc\u00e9es pour promouvoir des communications s\u00e9curis\u00e9es, notamment Salus Smartphone et des solutions de s\u00e9curit\u00e9 interdomaines.\" \/>\n<meta property=\"og:url\" content=\"https:\/\/www.stratign.com\/fr\/communication-security\/\" \/>\n<meta property=\"og:site_name\" content=\"Stratign\" \/>\n<meta property=\"article:publisher\" content=\"https:\/\/www.facebook.com\/stratignfb\/\" \/>\n<meta property=\"article:modified_time\" content=\"2024-03-05T05:29:54+00:00\" \/>\n<meta name=\"twitter:card\" content=\"summary_large_image\" \/>\n<meta name=\"twitter:site\" content=\"@stratign\" \/>\n<meta name=\"twitter:label1\" content=\"Est. reading time\" \/>\n\t<meta name=\"twitter:data1\" content=\"1 minute\" \/>\n<script type=\"application\/ld+json\" class=\"yoast-schema-graph\">{\"@context\":\"https:\\\/\\\/schema.org\",\"@graph\":[{\"@type\":\"WebPage\",\"@id\":\"https:\\\/\\\/www.stratign.com\\\/fr\\\/communication-security\\\/\",\"url\":\"https:\\\/\\\/www.stratign.com\\\/fr\\\/communication-security\\\/\",\"name\":\"S\u00c9CURIT\u00c9 DES COMMUNICATIONS - Stratign\",\"isPartOf\":{\"@id\":\"https:\\\/\\\/www.stratign.com\\\/fr\\\/#website\"},\"datePublished\":\"2022-01-24T07:38:59+00:00\",\"dateModified\":\"2024-03-05T05:29:54+00:00\",\"description\":\"Stratign propose des solutions avanc\u00e9es pour promouvoir des communications s\u00e9curis\u00e9es, notamment Salus Smartphone et des solutions de s\u00e9curit\u00e9 interdomaines.\",\"breadcrumb\":{\"@id\":\"https:\\\/\\\/www.stratign.com\\\/fr\\\/communication-security\\\/#breadcrumb\"},\"inLanguage\":\"en-US\",\"potentialAction\":[{\"@type\":\"ReadAction\",\"target\":[\"https:\\\/\\\/www.stratign.com\\\/fr\\\/communication-security\\\/\"]}]},{\"@type\":\"BreadcrumbList\",\"@id\":\"https:\\\/\\\/www.stratign.com\\\/fr\\\/communication-security\\\/#breadcrumb\",\"itemListElement\":[{\"@type\":\"ListItem\",\"position\":1,\"name\":\"Home\",\"item\":\"https:\\\/\\\/www.stratign.com\\\/fr\\\/\"},{\"@type\":\"ListItem\",\"position\":2,\"name\":\"S\u00c9CURIT\u00c9 DES COMMUNICATIONS\"}]},{\"@type\":\"WebSite\",\"@id\":\"https:\\\/\\\/www.stratign.com\\\/fr\\\/#website\",\"url\":\"https:\\\/\\\/www.stratign.com\\\/fr\\\/\",\"name\":\"Stratign\",\"description\":\"Military Defense Technology\",\"potentialAction\":[{\"@type\":\"SearchAction\",\"target\":{\"@type\":\"EntryPoint\",\"urlTemplate\":\"https:\\\/\\\/www.stratign.com\\\/fr\\\/?s={search_term_string}\"},\"query-input\":{\"@type\":\"PropertyValueSpecification\",\"valueRequired\":true,\"valueName\":\"search_term_string\"}}],\"inLanguage\":\"en-US\"}]}<\/script>\n<!-- \/ Yoast SEO plugin. -->","yoast_head_json":{"title":"S\u00c9CURIT\u00c9 DES COMMUNICATIONS - Stratign","description":"Stratign propose des solutions avanc\u00e9es pour promouvoir des communications s\u00e9curis\u00e9es, notamment Salus Smartphone et des solutions de s\u00e9curit\u00e9 interdomaines.","robots":{"index":"index","follow":"follow","max-snippet":"max-snippet:-1","max-image-preview":"max-image-preview:large","max-video-preview":"max-video-preview:-1"},"canonical":"https:\/\/www.stratign.com\/fr\/communication-security\/","og_locale":"en_US","og_type":"article","og_title":"S\u00c9CURIT\u00c9 DES COMMUNICATIONS - Stratign","og_description":"Stratign propose des solutions avanc\u00e9es pour promouvoir des communications s\u00e9curis\u00e9es, notamment Salus Smartphone et des solutions de s\u00e9curit\u00e9 interdomaines.","og_url":"https:\/\/www.stratign.com\/fr\/communication-security\/","og_site_name":"Stratign","article_publisher":"https:\/\/www.facebook.com\/stratignfb\/","article_modified_time":"2024-03-05T05:29:54+00:00","twitter_card":"summary_large_image","twitter_site":"@stratign","twitter_misc":{"Est. reading time":"1 minute"},"schema":{"@context":"https:\/\/schema.org","@graph":[{"@type":"WebPage","@id":"https:\/\/www.stratign.com\/fr\/communication-security\/","url":"https:\/\/www.stratign.com\/fr\/communication-security\/","name":"S\u00c9CURIT\u00c9 DES COMMUNICATIONS - Stratign","isPartOf":{"@id":"https:\/\/www.stratign.com\/fr\/#website"},"datePublished":"2022-01-24T07:38:59+00:00","dateModified":"2024-03-05T05:29:54+00:00","description":"Stratign propose des solutions avanc\u00e9es pour promouvoir des communications s\u00e9curis\u00e9es, notamment Salus Smartphone et des solutions de s\u00e9curit\u00e9 interdomaines.","breadcrumb":{"@id":"https:\/\/www.stratign.com\/fr\/communication-security\/#breadcrumb"},"inLanguage":"en-US","potentialAction":[{"@type":"ReadAction","target":["https:\/\/www.stratign.com\/fr\/communication-security\/"]}]},{"@type":"BreadcrumbList","@id":"https:\/\/www.stratign.com\/fr\/communication-security\/#breadcrumb","itemListElement":[{"@type":"ListItem","position":1,"name":"Home","item":"https:\/\/www.stratign.com\/fr\/"},{"@type":"ListItem","position":2,"name":"S\u00c9CURIT\u00c9 DES COMMUNICATIONS"}]},{"@type":"WebSite","@id":"https:\/\/www.stratign.com\/fr\/#website","url":"https:\/\/www.stratign.com\/fr\/","name":"Stratign","description":"Military Defense Technology","potentialAction":[{"@type":"SearchAction","target":{"@type":"EntryPoint","urlTemplate":"https:\/\/www.stratign.com\/fr\/?s={search_term_string}"},"query-input":{"@type":"PropertyValueSpecification","valueRequired":true,"valueName":"search_term_string"}}],"inLanguage":"en-US"}]}},"_links":{"self":[{"href":"https:\/\/www.stratign.com\/fr\/wp-json\/wp\/v2\/pages\/3962","targetHints":{"allow":["GET"]}}],"collection":[{"href":"https:\/\/www.stratign.com\/fr\/wp-json\/wp\/v2\/pages"}],"about":[{"href":"https:\/\/www.stratign.com\/fr\/wp-json\/wp\/v2\/types\/page"}],"author":[{"embeddable":true,"href":"https:\/\/www.stratign.com\/fr\/wp-json\/wp\/v2\/users\/1"}],"replies":[{"embeddable":true,"href":"https:\/\/www.stratign.com\/fr\/wp-json\/wp\/v2\/comments?post=3962"}],"version-history":[{"count":10,"href":"https:\/\/www.stratign.com\/fr\/wp-json\/wp\/v2\/pages\/3962\/revisions"}],"predecessor-version":[{"id":15112,"href":"https:\/\/www.stratign.com\/fr\/wp-json\/wp\/v2\/pages\/3962\/revisions\/15112"}],"wp:attachment":[{"href":"https:\/\/www.stratign.com\/fr\/wp-json\/wp\/v2\/media?parent=3962"}],"curies":[{"name":"wp","href":"https:\/\/api.w.org\/{rel}","templated":true}]}}