{"id":4974,"date":"2022-03-23T12:49:03","date_gmt":"2022-03-23T12:49:03","guid":{"rendered":"https:\/\/www.stratign.com\/website\/?page_id=4974"},"modified":"2024-03-05T09:53:13","modified_gmt":"2024-03-05T05:53:13","slug":"communication-jammers","status":"publish","type":"page","link":"https:\/\/www.stratign.com\/fr\/communication-jammers\/","title":{"rendered":"BROUILLEURS DE COMMUNICATION"},"content":{"rendered":"<section class=\"wpb-content-wrapper\"><p>[vc_row][vc_column][tm_heading style=&#8221;left-line&#8221; custom_google_font=&#8221;&#8221; css=&#8221;.vc_custom_1704692057535{margin-top: -50px !important;}&#8221;]Cat\u00e9gories[\/tm_heading][tm_spacer size=&#8221;lg:20&#8243;][tm_grid xs_align=&#8221;center&#8221; columns=&#8221;xs:1;sm:2;lg:3&#8243; column_gutter=&#8221;lg:30&#8243; row_gutter=&#8221;lg:30&#8243;][tm_box_icon align=&#8221;center&#8221; heading=&#8221;Brouilleur De T\u00e9l\u00e9phone Cellulaire&#8221; text=&#8221;Les brouilleurs de t\u00e9l\u00e9phones cellulaires de Stratign transmettent des signaux sur les m\u00eames bandes de fr\u00e9quences radio que les t\u00e9l\u00e9phones mobiles, ce qui a pour effet de d\u00e9sactiver les t\u00e9l\u00e9phones mobiles \u00e0 port\u00e9e du brouilleur. Les solutions sont modulaires et donc personnalisables et sont disponibles pour des espaces allant de petites salles de r\u00e9union \u00e0 des espaces plus grands.&#8221; image=&#8221;5041&#8243; box_link=&#8221;url:https%3A%2F%2Fwww.stratign.com%2Ffr%2Fcellphone-jammer%2F|title:CELLPHONE%20JAMMER&#8221;][tm_box_icon align=&#8221;center&#8221; heading=&#8221;Brouilleur Intelligent pour T\u00e9l\u00e9phone Portable&#8221; text=&#8221;Le probl\u00e8me avec les brouilleurs conventionnels est qu&#8217;ils bloquent toutes les communications de t\u00e9l\u00e9phone cellulaire dans leur port\u00e9e de couverture. Les brouilleurs intelligents de t\u00e9l\u00e9phones cellulaires permettent aux utilisateurs de cr\u00e9er une liste d&#8217;abonn\u00e9s autoris\u00e9s de t\u00e9l\u00e9phones cellulaires et leur permettent de communiquer, tandis que le reste des abonn\u00e9s se voient refuser la communication.&#8221; image=&#8221;4897&#8243; box_link=&#8221;url:https%3A%2F%2Fwww.stratign.com%2Ffr%2Fintelligent-cellphone-jammer%2F|title:BOMB%20JAMMERS&#8221;][tm_box_icon align=&#8221;center&#8221; heading=&#8221;Brouilleur De Radio&#8221; text=&#8221;Stratign propose des syst\u00e8mes de brouillage pour bloquer les communications radio dans la gamme 20-6000 MHz. Les solutions sont personnalisables en termes de bandes de fr\u00e9quences, de puissance, de transportabilit\u00e9, etc., et peuvent \u00eatre propos\u00e9es en tant que solutions de brouilleur actif ou r\u00e9actif.&#8221; image=&#8221;4896&#8243; box_link=&#8221;url:https%3A%2F%2Fwww.stratign.com%2Ffr%2Fradio-jammer%2F|title:DRONE%20JAMMERS&#8221;][tm_box_icon align=&#8221;center&#8221; heading=&#8221;Brouilleur De Prison&#8221; text=&#8221;Les conversations par t\u00e9l\u00e9phone cellulaire non autoris\u00e9es dans des lieux sensibles comme les prisons, les palais de justice, les installations militaires, etc. constituent une grave menace pour la s\u00e9curit\u00e9. Stratign offre des solutions pour bloquer tous les moyens de communication possibles \u00e0 l&#8217;int\u00e9rieur d&#8217;un complexe p\u00e9nitentiaire. Ceux-ci peuvent \u00eatre mis en r\u00e9seau et contr\u00f4l\u00e9s \u00e0 partir d&#8217;un centre C2.&#8221; image=&#8221;4895&#8243; box_link=&#8221;url:https%3A%2F%2Fwww.stratign.com%2Ffr%2Fprison-jammer%2F|title:GNSS%2FGPS%20JAMMERS&#8221;][tm_box_icon align=&#8221;center&#8221; heading=&#8221;Brouilleur De Satellite&#8221; text=&#8221;Stratign propose des solutions enti\u00e8rement modulaires pour brouiller les signaux descendants et montants depuis\/vers tout satellite op\u00e9rant dans les bandes de fr\u00e9quences L, C, X, Ka, Ku. Les brouilleurs de liaison montante sont con\u00e7us pour cibler au moins 2 canaux sur chaque bande simultan\u00e9ment. &#8221; image=&#8221;5295&#8243; box_link=&#8221;url:https%3A%2F%2Fwww.stratign.com%2Ffr%2Fsatellite-jammer%2F|title:GNSS%2FGPS%20JAMMERS&#8221;][\/tm_grid][\/vc_column][\/vc_row]<\/p>\n<\/section>","protected":false},"excerpt":{"rendered":"<p>Includes cellphone jammer, intelligent cellphone jammer, radio jammer, prison jammer and satellite jammer.<\/p>\n","protected":false},"author":1,"featured_media":0,"parent":0,"menu_order":0,"comment_status":"closed","ping_status":"closed","template":"","meta":{"footnotes":""},"class_list":["post-4974","page","type-page","status-publish","hentry","post-no-thumbnail"],"yoast_head":"<!-- This site is optimized with the Yoast SEO plugin v27.3 - https:\/\/yoast.com\/product\/yoast-seo-wordpress\/ -->\n<title>BROUILLEURS DE COMMUNICATION - Stratign<\/title>\n<meta name=\"description\" content=\"Les brouilleurs avanc\u00e9s de Stratign comprennent les brouilleurs radio, les brouilleurs de prison, les brouilleurs de t\u00e9l\u00e9phones portables, les brouilleurs de drones et les brouilleurs de satellites.\" \/>\n<meta name=\"robots\" content=\"index, follow, max-snippet:-1, max-image-preview:large, max-video-preview:-1\" \/>\n<link rel=\"canonical\" href=\"https:\/\/www.stratign.com\/fr\/communication-jammers\/\" \/>\n<meta property=\"og:locale\" content=\"en_US\" \/>\n<meta property=\"og:type\" content=\"article\" \/>\n<meta property=\"og:title\" content=\"BROUILLEURS DE COMMUNICATION - Stratign\" \/>\n<meta property=\"og:description\" content=\"Les brouilleurs avanc\u00e9s de Stratign comprennent les brouilleurs radio, les brouilleurs de prison, les brouilleurs de t\u00e9l\u00e9phones portables, les brouilleurs de drones et les brouilleurs de satellites.\" \/>\n<meta property=\"og:url\" content=\"https:\/\/www.stratign.com\/fr\/communication-jammers\/\" \/>\n<meta property=\"og:site_name\" content=\"Stratign\" \/>\n<meta property=\"article:publisher\" content=\"https:\/\/www.facebook.com\/stratignfb\/\" \/>\n<meta property=\"article:modified_time\" content=\"2024-03-05T05:53:13+00:00\" \/>\n<meta name=\"twitter:card\" content=\"summary_large_image\" \/>\n<meta name=\"twitter:site\" content=\"@stratign\" \/>\n<meta name=\"twitter:label1\" content=\"Est. reading time\" \/>\n\t<meta name=\"twitter:data1\" content=\"2 minutes\" \/>\n<script type=\"application\/ld+json\" class=\"yoast-schema-graph\">{\"@context\":\"https:\\\/\\\/schema.org\",\"@graph\":[{\"@type\":\"WebPage\",\"@id\":\"https:\\\/\\\/www.stratign.com\\\/fr\\\/communication-jammers\\\/\",\"url\":\"https:\\\/\\\/www.stratign.com\\\/fr\\\/communication-jammers\\\/\",\"name\":\"BROUILLEURS DE COMMUNICATION - Stratign\",\"isPartOf\":{\"@id\":\"https:\\\/\\\/www.stratign.com\\\/fr\\\/#website\"},\"datePublished\":\"2022-03-23T12:49:03+00:00\",\"dateModified\":\"2024-03-05T05:53:13+00:00\",\"description\":\"Les brouilleurs avanc\u00e9s de Stratign comprennent les brouilleurs radio, les brouilleurs de prison, les brouilleurs de t\u00e9l\u00e9phones portables, les brouilleurs de drones et les brouilleurs de satellites.\",\"breadcrumb\":{\"@id\":\"https:\\\/\\\/www.stratign.com\\\/fr\\\/communication-jammers\\\/#breadcrumb\"},\"inLanguage\":\"en-US\",\"potentialAction\":[{\"@type\":\"ReadAction\",\"target\":[\"https:\\\/\\\/www.stratign.com\\\/fr\\\/communication-jammers\\\/\"]}]},{\"@type\":\"BreadcrumbList\",\"@id\":\"https:\\\/\\\/www.stratign.com\\\/fr\\\/communication-jammers\\\/#breadcrumb\",\"itemListElement\":[{\"@type\":\"ListItem\",\"position\":1,\"name\":\"Home\",\"item\":\"https:\\\/\\\/www.stratign.com\\\/fr\\\/\"},{\"@type\":\"ListItem\",\"position\":2,\"name\":\"BROUILLEURS DE COMMUNICATION\"}]},{\"@type\":\"WebSite\",\"@id\":\"https:\\\/\\\/www.stratign.com\\\/fr\\\/#website\",\"url\":\"https:\\\/\\\/www.stratign.com\\\/fr\\\/\",\"name\":\"Stratign\",\"description\":\"Military Defense Technology\",\"potentialAction\":[{\"@type\":\"SearchAction\",\"target\":{\"@type\":\"EntryPoint\",\"urlTemplate\":\"https:\\\/\\\/www.stratign.com\\\/fr\\\/?s={search_term_string}\"},\"query-input\":{\"@type\":\"PropertyValueSpecification\",\"valueRequired\":true,\"valueName\":\"search_term_string\"}}],\"inLanguage\":\"en-US\"}]}<\/script>\n<!-- \/ Yoast SEO plugin. -->","yoast_head_json":{"title":"BROUILLEURS DE COMMUNICATION - Stratign","description":"Les brouilleurs avanc\u00e9s de Stratign comprennent les brouilleurs radio, les brouilleurs de prison, les brouilleurs de t\u00e9l\u00e9phones portables, les brouilleurs de drones et les brouilleurs de satellites.","robots":{"index":"index","follow":"follow","max-snippet":"max-snippet:-1","max-image-preview":"max-image-preview:large","max-video-preview":"max-video-preview:-1"},"canonical":"https:\/\/www.stratign.com\/fr\/communication-jammers\/","og_locale":"en_US","og_type":"article","og_title":"BROUILLEURS DE COMMUNICATION - Stratign","og_description":"Les brouilleurs avanc\u00e9s de Stratign comprennent les brouilleurs radio, les brouilleurs de prison, les brouilleurs de t\u00e9l\u00e9phones portables, les brouilleurs de drones et les brouilleurs de satellites.","og_url":"https:\/\/www.stratign.com\/fr\/communication-jammers\/","og_site_name":"Stratign","article_publisher":"https:\/\/www.facebook.com\/stratignfb\/","article_modified_time":"2024-03-05T05:53:13+00:00","twitter_card":"summary_large_image","twitter_site":"@stratign","twitter_misc":{"Est. reading time":"2 minutes"},"schema":{"@context":"https:\/\/schema.org","@graph":[{"@type":"WebPage","@id":"https:\/\/www.stratign.com\/fr\/communication-jammers\/","url":"https:\/\/www.stratign.com\/fr\/communication-jammers\/","name":"BROUILLEURS DE COMMUNICATION - Stratign","isPartOf":{"@id":"https:\/\/www.stratign.com\/fr\/#website"},"datePublished":"2022-03-23T12:49:03+00:00","dateModified":"2024-03-05T05:53:13+00:00","description":"Les brouilleurs avanc\u00e9s de Stratign comprennent les brouilleurs radio, les brouilleurs de prison, les brouilleurs de t\u00e9l\u00e9phones portables, les brouilleurs de drones et les brouilleurs de satellites.","breadcrumb":{"@id":"https:\/\/www.stratign.com\/fr\/communication-jammers\/#breadcrumb"},"inLanguage":"en-US","potentialAction":[{"@type":"ReadAction","target":["https:\/\/www.stratign.com\/fr\/communication-jammers\/"]}]},{"@type":"BreadcrumbList","@id":"https:\/\/www.stratign.com\/fr\/communication-jammers\/#breadcrumb","itemListElement":[{"@type":"ListItem","position":1,"name":"Home","item":"https:\/\/www.stratign.com\/fr\/"},{"@type":"ListItem","position":2,"name":"BROUILLEURS DE COMMUNICATION"}]},{"@type":"WebSite","@id":"https:\/\/www.stratign.com\/fr\/#website","url":"https:\/\/www.stratign.com\/fr\/","name":"Stratign","description":"Military Defense Technology","potentialAction":[{"@type":"SearchAction","target":{"@type":"EntryPoint","urlTemplate":"https:\/\/www.stratign.com\/fr\/?s={search_term_string}"},"query-input":{"@type":"PropertyValueSpecification","valueRequired":true,"valueName":"search_term_string"}}],"inLanguage":"en-US"}]}},"_links":{"self":[{"href":"https:\/\/www.stratign.com\/fr\/wp-json\/wp\/v2\/pages\/4974","targetHints":{"allow":["GET"]}}],"collection":[{"href":"https:\/\/www.stratign.com\/fr\/wp-json\/wp\/v2\/pages"}],"about":[{"href":"https:\/\/www.stratign.com\/fr\/wp-json\/wp\/v2\/types\/page"}],"author":[{"embeddable":true,"href":"https:\/\/www.stratign.com\/fr\/wp-json\/wp\/v2\/users\/1"}],"replies":[{"embeddable":true,"href":"https:\/\/www.stratign.com\/fr\/wp-json\/wp\/v2\/comments?post=4974"}],"version-history":[{"count":3,"href":"https:\/\/www.stratign.com\/fr\/wp-json\/wp\/v2\/pages\/4974\/revisions"}],"predecessor-version":[{"id":15134,"href":"https:\/\/www.stratign.com\/fr\/wp-json\/wp\/v2\/pages\/4974\/revisions\/15134"}],"wp:attachment":[{"href":"https:\/\/www.stratign.com\/fr\/wp-json\/wp\/v2\/media?parent=4974"}],"curies":[{"name":"wp","href":"https:\/\/api.w.org\/{rel}","templated":true}]}}