{"id":5053,"date":"2022-03-24T05:44:19","date_gmt":"2022-03-24T05:44:19","guid":{"rendered":"https:\/\/www.stratign.com\/website\/?page_id=5053"},"modified":"2024-03-05T09:31:29","modified_gmt":"2024-03-05T05:31:29","slug":"cellphone-interception-systems","status":"publish","type":"page","link":"https:\/\/www.stratign.com\/fr\/cellphone-interception-systems\/","title":{"rendered":"SYST\u00c8MES D&#8217;INTERCEPTION DES T\u00c9L\u00c9PHONES PORTABLES"},"content":{"rendered":"<section class=\"wpb-content-wrapper\"><p>[vc_row][vc_column][tm_heading style=&#8221;left-line&#8221; custom_google_font=&#8221;&#8221; css=&#8221;.vc_custom_1703573759715{margin-top: -50px !important;}&#8221;]Cat\u00e9gories[\/tm_heading][tm_spacer size=&#8221;lg:20&#8243;][tm_grid xs_align=&#8221;center&#8221; columns=&#8221;xs:1;sm:2;lg:3&#8243; column_gutter=&#8221;lg:30&#8243; row_gutter=&#8221;lg:30&#8243;][tm_box_icon align=&#8221;center&#8221; el_class=&#8221;passive-cellphone&#8221; heading=&#8221;Syst\u00e8me passif d&#8217;interception des t\u00e9l\u00e9phones portables&#8221; text=&#8221;Le syst\u00e8me d&#8217;interception cellulaire passif de Stratign est la solution d&#8217;interception et de surveillance &#8220; off-the-air &#8220; la plus avanc\u00e9e. Le syst\u00e8me ne transmet aucune information, ce qui le rend pratiquement ind\u00e9tectable.&#8221; image=&#8221;5227&#8243; box_link=&#8221;url:https%3A%2F%2Fwww.stratign.com%2Ffr%2Fpassive-cellphone-interception-systems%2F|title:PASSIVE%20CELLPHONE%20INTERCEPTION%20SYSTEM&#8221;][tm_box_icon align=&#8221;center&#8221; el_class=&#8221;semi-active&#8221; heading=&#8221;Syst\u00e8me Semi-Actif d&#8217;Interception des T\u00e9l\u00e9phones Portables&#8221; text=&#8221;Le Syst\u00e8me d&#8217;Interception Cellulaire Semi-Actif de Stratign peut intercepter les communications 2G, 3G et 4G entre la station de base et le combin\u00e9 mobile en utilisant le principe de &#8220;l&#8217;Homme du Milieu&#8220; et peut manipuler les communications.&#8221; image=&#8221;5229&#8243; box_link=&#8221;url:https%3A%2F%2Fwww.stratign.com%2Ffr%2Fsemi-active-cellphone-interception-system%2F|title:SATELLITE%20PHONE%20INTERCEPTION%20SYSTEMS&#8221;][tm_box_icon align=&#8221;center&#8221; el_class=&#8221;hybrid-cellphone&#8221; heading=&#8221;Syst\u00e8me Hybride d&#8217;Interception des T\u00e9l\u00e9phones Portables&#8221; text=&#8221;Le syst\u00e8me de surveillance cellulaire hybride de Stratign est une combinaison du syst\u00e8me passif et de certaines caract\u00e9ristiques du syst\u00e8me de surveillance cellulaire semi-actif. Le syst\u00e8me passif est transform\u00e9 en syst\u00e8me actif uniquement lorsque cela est n\u00e9cessaire.&#8221; image=&#8221;5230&#8243; box_link=&#8221;url:https%3A%2F%2Fwww.stratign.com%2Ffr%2Fhybrid-cellphone-interception-system%2F|title:Satellite%20Trunk%20Interception%20System&#8221;][tm_box_icon align=&#8221;center&#8221; el_class=&#8221;imsi-nav&#8221; heading=&#8221;Syst\u00e8me SDR IMSI Catcher&#8221; text=&#8221;Le syst\u00e8me IMSI-Catcher de Stratign est con\u00e7u pour collecter secr\u00e8tement les identit\u00e9s de base (IMSI, IMEI) des t\u00e9l\u00e9phones mobiles 2G, 3G, 4G et 5G (NSA) fonctionnant dans sa zone de couverture, \u00e0 l&#8217;insu des fournisseurs de services et des utilisateurs de t\u00e9l\u00e9phones.&#8221; image=&#8221;5236&#8243; box_link=&#8221;url:https%3A%2F%2Fwww.stratign.com%2Ffr%2Fimsi-catcher-system%2F|title:WI-FI%20INTERCEPTION%20SYSTEM&#8221;][tm_box_icon align=&#8221;center&#8221; el_class=&#8221;cdma-nav&#8221; heading=&#8221;Syst\u00e8me d&#8217;Interception par Acc\u00e8s Multiple par R\u00e9partition en Code (AMRC)&#8221; text=&#8221;Le syst\u00e8me de surveillance AMRC de Stratign est un syst\u00e8me d&#8217;interception multicanal, compact, innovant et moderne qui peut surveiller et enregistrer les communications AMRC et qui prend en charge les r\u00e9seaux AMRC IS-95R, IS-95B et AMRC 2000-1X.&#8221; image=&#8221;5323&#8243; box_link=&#8221;url:https%3A%2F%2Fwww.stratign.com%2Ffr%2Fcdma-interception-system%2F|title:RADIO%20INTERCEPTION%20%26%20DIRECTION%20FINDING&#8221;][\/tm_grid][\/vc_column][\/vc_row]<\/p>\n<\/section>","protected":false},"excerpt":{"rendered":"<p>Includes passive cellphone interception system, semi-active cellphone interception system, hybrid cellphone interception system, IMSI catcher system, CDMA interception system.<\/p>\n","protected":false},"author":1,"featured_media":0,"parent":0,"menu_order":0,"comment_status":"closed","ping_status":"closed","template":"","meta":{"footnotes":""},"class_list":["post-5053","page","type-page","status-publish","hentry","post-no-thumbnail"],"yoast_head":"<!-- This site is optimized with the Yoast SEO plugin v27.3 - https:\/\/yoast.com\/product\/yoast-seo-wordpress\/ -->\n<title>SYST\u00c8MES D&#039;INTERCEPTION DES T\u00c9L\u00c9PHONES PORTABLES - Stratign<\/title>\n<meta name=\"description\" content=\"Stratign propose des solutions passives, semi-actives, hybrides, des syst\u00e8mes d&#039;interception CDMA et des syst\u00e8mes IMSI catcher.\" \/>\n<meta name=\"robots\" content=\"index, follow, max-snippet:-1, max-image-preview:large, max-video-preview:-1\" \/>\n<link rel=\"canonical\" href=\"https:\/\/www.stratign.com\/fr\/cellphone-interception-systems\/\" \/>\n<meta property=\"og:locale\" content=\"en_US\" \/>\n<meta property=\"og:type\" content=\"article\" \/>\n<meta property=\"og:title\" content=\"SYST\u00c8MES D&#039;INTERCEPTION DES T\u00c9L\u00c9PHONES PORTABLES - Stratign\" \/>\n<meta property=\"og:description\" content=\"Stratign propose des solutions passives, semi-actives, hybrides, des syst\u00e8mes d&#039;interception CDMA et des syst\u00e8mes IMSI catcher.\" \/>\n<meta property=\"og:url\" content=\"https:\/\/www.stratign.com\/fr\/cellphone-interception-systems\/\" \/>\n<meta property=\"og:site_name\" content=\"Stratign\" \/>\n<meta property=\"article:publisher\" content=\"https:\/\/www.facebook.com\/stratignfb\/\" \/>\n<meta property=\"article:modified_time\" content=\"2024-03-05T05:31:29+00:00\" \/>\n<meta name=\"twitter:card\" content=\"summary_large_image\" \/>\n<meta name=\"twitter:site\" content=\"@stratign\" \/>\n<meta name=\"twitter:label1\" content=\"Est. reading time\" \/>\n\t<meta name=\"twitter:data1\" content=\"2 minutes\" \/>\n<script type=\"application\/ld+json\" class=\"yoast-schema-graph\">{\"@context\":\"https:\\\/\\\/schema.org\",\"@graph\":[{\"@type\":\"WebPage\",\"@id\":\"https:\\\/\\\/www.stratign.com\\\/fr\\\/cellphone-interception-systems\\\/\",\"url\":\"https:\\\/\\\/www.stratign.com\\\/fr\\\/cellphone-interception-systems\\\/\",\"name\":\"SYST\u00c8MES D'INTERCEPTION DES T\u00c9L\u00c9PHONES PORTABLES - Stratign\",\"isPartOf\":{\"@id\":\"https:\\\/\\\/www.stratign.com\\\/fr\\\/#website\"},\"datePublished\":\"2022-03-24T05:44:19+00:00\",\"dateModified\":\"2024-03-05T05:31:29+00:00\",\"description\":\"Stratign propose des solutions passives, semi-actives, hybrides, des syst\u00e8mes d'interception CDMA et des syst\u00e8mes IMSI catcher.\",\"breadcrumb\":{\"@id\":\"https:\\\/\\\/www.stratign.com\\\/fr\\\/cellphone-interception-systems\\\/#breadcrumb\"},\"inLanguage\":\"en-US\",\"potentialAction\":[{\"@type\":\"ReadAction\",\"target\":[\"https:\\\/\\\/www.stratign.com\\\/fr\\\/cellphone-interception-systems\\\/\"]}]},{\"@type\":\"BreadcrumbList\",\"@id\":\"https:\\\/\\\/www.stratign.com\\\/fr\\\/cellphone-interception-systems\\\/#breadcrumb\",\"itemListElement\":[{\"@type\":\"ListItem\",\"position\":1,\"name\":\"Home\",\"item\":\"https:\\\/\\\/www.stratign.com\\\/fr\\\/\"},{\"@type\":\"ListItem\",\"position\":2,\"name\":\"SYST\u00c8MES D&#8217;INTERCEPTION DES T\u00c9L\u00c9PHONES PORTABLES\"}]},{\"@type\":\"WebSite\",\"@id\":\"https:\\\/\\\/www.stratign.com\\\/fr\\\/#website\",\"url\":\"https:\\\/\\\/www.stratign.com\\\/fr\\\/\",\"name\":\"Stratign\",\"description\":\"Military Defense Technology\",\"potentialAction\":[{\"@type\":\"SearchAction\",\"target\":{\"@type\":\"EntryPoint\",\"urlTemplate\":\"https:\\\/\\\/www.stratign.com\\\/fr\\\/?s={search_term_string}\"},\"query-input\":{\"@type\":\"PropertyValueSpecification\",\"valueRequired\":true,\"valueName\":\"search_term_string\"}}],\"inLanguage\":\"en-US\"}]}<\/script>\n<!-- \/ Yoast SEO plugin. -->","yoast_head_json":{"title":"SYST\u00c8MES D'INTERCEPTION DES T\u00c9L\u00c9PHONES PORTABLES - Stratign","description":"Stratign propose des solutions passives, semi-actives, hybrides, des syst\u00e8mes d'interception CDMA et des syst\u00e8mes IMSI catcher.","robots":{"index":"index","follow":"follow","max-snippet":"max-snippet:-1","max-image-preview":"max-image-preview:large","max-video-preview":"max-video-preview:-1"},"canonical":"https:\/\/www.stratign.com\/fr\/cellphone-interception-systems\/","og_locale":"en_US","og_type":"article","og_title":"SYST\u00c8MES D'INTERCEPTION DES T\u00c9L\u00c9PHONES PORTABLES - Stratign","og_description":"Stratign propose des solutions passives, semi-actives, hybrides, des syst\u00e8mes d'interception CDMA et des syst\u00e8mes IMSI catcher.","og_url":"https:\/\/www.stratign.com\/fr\/cellphone-interception-systems\/","og_site_name":"Stratign","article_publisher":"https:\/\/www.facebook.com\/stratignfb\/","article_modified_time":"2024-03-05T05:31:29+00:00","twitter_card":"summary_large_image","twitter_site":"@stratign","twitter_misc":{"Est. reading time":"2 minutes"},"schema":{"@context":"https:\/\/schema.org","@graph":[{"@type":"WebPage","@id":"https:\/\/www.stratign.com\/fr\/cellphone-interception-systems\/","url":"https:\/\/www.stratign.com\/fr\/cellphone-interception-systems\/","name":"SYST\u00c8MES D'INTERCEPTION DES T\u00c9L\u00c9PHONES PORTABLES - Stratign","isPartOf":{"@id":"https:\/\/www.stratign.com\/fr\/#website"},"datePublished":"2022-03-24T05:44:19+00:00","dateModified":"2024-03-05T05:31:29+00:00","description":"Stratign propose des solutions passives, semi-actives, hybrides, des syst\u00e8mes d'interception CDMA et des syst\u00e8mes IMSI catcher.","breadcrumb":{"@id":"https:\/\/www.stratign.com\/fr\/cellphone-interception-systems\/#breadcrumb"},"inLanguage":"en-US","potentialAction":[{"@type":"ReadAction","target":["https:\/\/www.stratign.com\/fr\/cellphone-interception-systems\/"]}]},{"@type":"BreadcrumbList","@id":"https:\/\/www.stratign.com\/fr\/cellphone-interception-systems\/#breadcrumb","itemListElement":[{"@type":"ListItem","position":1,"name":"Home","item":"https:\/\/www.stratign.com\/fr\/"},{"@type":"ListItem","position":2,"name":"SYST\u00c8MES D&#8217;INTERCEPTION DES T\u00c9L\u00c9PHONES PORTABLES"}]},{"@type":"WebSite","@id":"https:\/\/www.stratign.com\/fr\/#website","url":"https:\/\/www.stratign.com\/fr\/","name":"Stratign","description":"Military Defense Technology","potentialAction":[{"@type":"SearchAction","target":{"@type":"EntryPoint","urlTemplate":"https:\/\/www.stratign.com\/fr\/?s={search_term_string}"},"query-input":{"@type":"PropertyValueSpecification","valueRequired":true,"valueName":"search_term_string"}}],"inLanguage":"en-US"}]}},"_links":{"self":[{"href":"https:\/\/www.stratign.com\/fr\/wp-json\/wp\/v2\/pages\/5053","targetHints":{"allow":["GET"]}}],"collection":[{"href":"https:\/\/www.stratign.com\/fr\/wp-json\/wp\/v2\/pages"}],"about":[{"href":"https:\/\/www.stratign.com\/fr\/wp-json\/wp\/v2\/types\/page"}],"author":[{"embeddable":true,"href":"https:\/\/www.stratign.com\/fr\/wp-json\/wp\/v2\/users\/1"}],"replies":[{"embeddable":true,"href":"https:\/\/www.stratign.com\/fr\/wp-json\/wp\/v2\/comments?post=5053"}],"version-history":[{"count":7,"href":"https:\/\/www.stratign.com\/fr\/wp-json\/wp\/v2\/pages\/5053\/revisions"}],"predecessor-version":[{"id":15113,"href":"https:\/\/www.stratign.com\/fr\/wp-json\/wp\/v2\/pages\/5053\/revisions\/15113"}],"wp:attachment":[{"href":"https:\/\/www.stratign.com\/fr\/wp-json\/wp\/v2\/media?parent=5053"}],"curies":[{"name":"wp","href":"https:\/\/api.w.org\/{rel}","templated":true}]}}