{"id":5054,"date":"2022-03-24T05:45:23","date_gmt":"2022-03-24T05:45:23","guid":{"rendered":"https:\/\/www.stratign.com\/website\/?page_id=5054"},"modified":"2024-03-05T09:31:47","modified_gmt":"2024-03-05T05:31:47","slug":"satellite-phone-interception-systems","status":"publish","type":"page","link":"https:\/\/www.stratign.com\/fr\/satellite-phone-interception-systems\/","title":{"rendered":"SYST\u00c8MES D&#8217;INTERCEPTION DES T\u00c9L\u00c9PHONES PAR SATELLITE"},"content":{"rendered":"<section class=\"wpb-content-wrapper\"><p>[vc_row][vc_column][tm_heading style=&#8221;left-line&#8221; custom_google_font=&#8221;&#8221; css=&#8221;.vc_custom_1703574003001{margin-top: -50px !important;}&#8221;]Cat\u00e9gories[\/tm_heading][tm_spacer size=&#8221;lg:20&#8243;][tm_grid xs_align=&#8221;center&#8221; columns=&#8221;xs:1;sm:2;lg:3&#8243; column_gutter=&#8221;lg:30&#8243; row_gutter=&#8221;lg:30&#8243;][tm_box_icon align=&#8221;center&#8221; heading=&#8221;Syst\u00e8me d&#8217;interception Thuraya&#8221; text=&#8221;Stratign propose des solutions tactiques et strat\u00e9giques d&#8217;interception des communications de Thuraya, qui peuvent \u00eatre s\u00e9lectionn\u00e9es en fonction des besoins op\u00e9rationnels. Le syst\u00e8me est personnalisable en termes de nombre de faisceaux ponctuels et de nombre d&#8217;appels \u00e0 intercepter.&#8221; image=&#8221;5344&#8243; box_link=&#8221;url:https%3A%2F%2Fwww.stratign.com%2Ffr%2Fthuraya-interception-system%2F|title:Thuraya%20Interception%20System&#8221;][tm_box_icon align=&#8221;center&#8221; heading=&#8221;Syst\u00e8me d&#8217;interception Iridium&#8221; text=&#8221;Le syst\u00e8me d&#8217;interception Iridium de Stratign est un syst\u00e8me d&#8217;interception &#8220; Off-the-Air &#8220; con\u00e7u pour l&#8217;interception automatique des liaisons montantes et descendantes de l&#8217;iridium sur les fr\u00e9quences de la bande L. Il intercepte et enregistre les informations du canal de trafic en temps r\u00e9el.&#8221; image=&#8221;5357&#8243; box_link=&#8221;url:https%3A%2F%2Fwww.stratign.com%2Ffr%2Firidium-interception-system%2F|title:Iridium%20Interception%20System&#8221;][tm_box_icon align=&#8221;center&#8221; heading=&#8221;Syst\u00e8me d&#8217;interception ISAT&#8221; text=&#8221;Stratign propose des solutions tactiques et strat\u00e9giques pour l&#8217;interception des communications ISAT et peut \u00eatre s\u00e9lectionn\u00e9 en fonction des exigences op\u00e9rationnelles. Le syst\u00e8me est personnalisable en termes de nombre de faisceaux ponctuels et de nombre d&#8217;appels \u00e0 intercepter.&#8221; image=&#8221;5361&#8243; box_link=&#8221;url:https%3A%2F%2Fwww.stratign.com%2Ffr%2Fisat-interception-system%2F|title:ISAT%20Interception%20System&#8221;][tm_box_icon align=&#8221;center&#8221; heading=&#8221;Syst\u00e8me unifi\u00e9 d&#8217;interception des t\u00e9l\u00e9phones par satellite&#8221; text=&#8221;Le syst\u00e8me unifi\u00e9 d&#8217;interception des t\u00e9l\u00e9phones par satellite de Stratign est capable d&#8217;intercepter simultan\u00e9ment les communications des satellites Thuraya, ISAT et Iridium. Le syst\u00e8me est modulaire par nature et peut \u00eatre personnalis\u00e9 en fonction des exigences de l&#8217;utilisateur final.&#8221; image=&#8221;5364&#8243; box_link=&#8221;url:https%3A%2F%2Fwww.stratign.com%2Ffr%2Funified-satellite-phone-interception-system%2F|title:Unified%20Satellite%20Phone%20Interception%20System&#8221;][tm_box_icon align=&#8221;center&#8221; heading=&#8221;Syst\u00e8me d&#8217;interception BeiDou&#8221; text=&#8221;Le syst\u00e8me d&#8217;interception BeiDou de Stratign est con\u00e7u comme un syst\u00e8me enti\u00e8rement passif qui capte et traite les signaux des 5 satellites g\u00e9ostationnaires exploit\u00e9s par le r\u00e9seau BeiDou. Les informations trait\u00e9es comprennent les messages courts, le Syst\u00e8me d&#8217;Identification Automatique ( SIA ), la t\u00e9l\u00e9m\u00e9trie, etc.&#8221; image=&#8221;5366&#8243; box_link=&#8221;url:https%3A%2F%2Fwww.stratign.com%2Ffr%2Fbeidou-interception-system%2F|title:BeiDou%20Interception%20System&#8221;][\/tm_grid][\/vc_column][\/vc_row]<\/p>\n<\/section>","protected":false},"excerpt":{"rendered":"<p>Includes Thuraya interception system, Iridium interception system, ISAT interception system, Unified satellite phone interception system, BeiDou interception system.<\/p>\n","protected":false},"author":1,"featured_media":0,"parent":0,"menu_order":0,"comment_status":"closed","ping_status":"closed","template":"","meta":{"footnotes":""},"class_list":["post-5054","page","type-page","status-publish","hentry","post-no-thumbnail"],"yoast_head":"<!-- This site is optimized with the Yoast SEO plugin v27.3 - https:\/\/yoast.com\/product\/yoast-seo-wordpress\/ -->\n<title>SYST\u00c8MES D&#039;INTERCEPTION DES T\u00c9L\u00c9PHONES PAR SATELLITE - Stratign<\/title>\n<meta name=\"description\" content=\"Stratign propose des solutions pour les syst\u00e8mes d&#039;interception Thuraya, Iridium, ISAT, t\u00e9l\u00e9phone satellite unifi\u00e9 et Beidou.\" \/>\n<meta name=\"robots\" content=\"index, follow, max-snippet:-1, max-image-preview:large, max-video-preview:-1\" \/>\n<link rel=\"canonical\" href=\"https:\/\/www.stratign.com\/fr\/satellite-phone-interception-systems\/\" \/>\n<meta property=\"og:locale\" content=\"en_US\" \/>\n<meta property=\"og:type\" content=\"article\" \/>\n<meta property=\"og:title\" content=\"SYST\u00c8MES D&#039;INTERCEPTION DES T\u00c9L\u00c9PHONES PAR SATELLITE - Stratign\" \/>\n<meta property=\"og:description\" content=\"Stratign propose des solutions pour les syst\u00e8mes d&#039;interception Thuraya, Iridium, ISAT, t\u00e9l\u00e9phone satellite unifi\u00e9 et Beidou.\" \/>\n<meta property=\"og:url\" content=\"https:\/\/www.stratign.com\/fr\/satellite-phone-interception-systems\/\" \/>\n<meta property=\"og:site_name\" content=\"Stratign\" \/>\n<meta property=\"article:publisher\" content=\"https:\/\/www.facebook.com\/stratignfb\/\" \/>\n<meta property=\"article:modified_time\" content=\"2024-03-05T05:31:47+00:00\" \/>\n<meta name=\"twitter:card\" content=\"summary_large_image\" \/>\n<meta name=\"twitter:site\" content=\"@stratign\" \/>\n<meta name=\"twitter:label1\" content=\"Est. reading time\" \/>\n\t<meta name=\"twitter:data1\" content=\"2 minutes\" \/>\n<script type=\"application\/ld+json\" class=\"yoast-schema-graph\">{\"@context\":\"https:\\\/\\\/schema.org\",\"@graph\":[{\"@type\":\"WebPage\",\"@id\":\"https:\\\/\\\/www.stratign.com\\\/fr\\\/satellite-phone-interception-systems\\\/\",\"url\":\"https:\\\/\\\/www.stratign.com\\\/fr\\\/satellite-phone-interception-systems\\\/\",\"name\":\"SYST\u00c8MES D'INTERCEPTION DES T\u00c9L\u00c9PHONES PAR SATELLITE - Stratign\",\"isPartOf\":{\"@id\":\"https:\\\/\\\/www.stratign.com\\\/fr\\\/#website\"},\"datePublished\":\"2022-03-24T05:45:23+00:00\",\"dateModified\":\"2024-03-05T05:31:47+00:00\",\"description\":\"Stratign propose des solutions pour les syst\u00e8mes d'interception Thuraya, Iridium, ISAT, t\u00e9l\u00e9phone satellite unifi\u00e9 et Beidou.\",\"breadcrumb\":{\"@id\":\"https:\\\/\\\/www.stratign.com\\\/fr\\\/satellite-phone-interception-systems\\\/#breadcrumb\"},\"inLanguage\":\"en-US\",\"potentialAction\":[{\"@type\":\"ReadAction\",\"target\":[\"https:\\\/\\\/www.stratign.com\\\/fr\\\/satellite-phone-interception-systems\\\/\"]}]},{\"@type\":\"BreadcrumbList\",\"@id\":\"https:\\\/\\\/www.stratign.com\\\/fr\\\/satellite-phone-interception-systems\\\/#breadcrumb\",\"itemListElement\":[{\"@type\":\"ListItem\",\"position\":1,\"name\":\"Home\",\"item\":\"https:\\\/\\\/www.stratign.com\\\/fr\\\/\"},{\"@type\":\"ListItem\",\"position\":2,\"name\":\"SYST\u00c8MES D&#8217;INTERCEPTION DES T\u00c9L\u00c9PHONES PAR SATELLITE\"}]},{\"@type\":\"WebSite\",\"@id\":\"https:\\\/\\\/www.stratign.com\\\/fr\\\/#website\",\"url\":\"https:\\\/\\\/www.stratign.com\\\/fr\\\/\",\"name\":\"Stratign\",\"description\":\"Military Defense Technology\",\"potentialAction\":[{\"@type\":\"SearchAction\",\"target\":{\"@type\":\"EntryPoint\",\"urlTemplate\":\"https:\\\/\\\/www.stratign.com\\\/fr\\\/?s={search_term_string}\"},\"query-input\":{\"@type\":\"PropertyValueSpecification\",\"valueRequired\":true,\"valueName\":\"search_term_string\"}}],\"inLanguage\":\"en-US\"}]}<\/script>\n<!-- \/ Yoast SEO plugin. -->","yoast_head_json":{"title":"SYST\u00c8MES D'INTERCEPTION DES T\u00c9L\u00c9PHONES PAR SATELLITE - Stratign","description":"Stratign propose des solutions pour les syst\u00e8mes d'interception Thuraya, Iridium, ISAT, t\u00e9l\u00e9phone satellite unifi\u00e9 et Beidou.","robots":{"index":"index","follow":"follow","max-snippet":"max-snippet:-1","max-image-preview":"max-image-preview:large","max-video-preview":"max-video-preview:-1"},"canonical":"https:\/\/www.stratign.com\/fr\/satellite-phone-interception-systems\/","og_locale":"en_US","og_type":"article","og_title":"SYST\u00c8MES D'INTERCEPTION DES T\u00c9L\u00c9PHONES PAR SATELLITE - Stratign","og_description":"Stratign propose des solutions pour les syst\u00e8mes d'interception Thuraya, Iridium, ISAT, t\u00e9l\u00e9phone satellite unifi\u00e9 et Beidou.","og_url":"https:\/\/www.stratign.com\/fr\/satellite-phone-interception-systems\/","og_site_name":"Stratign","article_publisher":"https:\/\/www.facebook.com\/stratignfb\/","article_modified_time":"2024-03-05T05:31:47+00:00","twitter_card":"summary_large_image","twitter_site":"@stratign","twitter_misc":{"Est. reading time":"2 minutes"},"schema":{"@context":"https:\/\/schema.org","@graph":[{"@type":"WebPage","@id":"https:\/\/www.stratign.com\/fr\/satellite-phone-interception-systems\/","url":"https:\/\/www.stratign.com\/fr\/satellite-phone-interception-systems\/","name":"SYST\u00c8MES D'INTERCEPTION DES T\u00c9L\u00c9PHONES PAR SATELLITE - Stratign","isPartOf":{"@id":"https:\/\/www.stratign.com\/fr\/#website"},"datePublished":"2022-03-24T05:45:23+00:00","dateModified":"2024-03-05T05:31:47+00:00","description":"Stratign propose des solutions pour les syst\u00e8mes d'interception Thuraya, Iridium, ISAT, t\u00e9l\u00e9phone satellite unifi\u00e9 et Beidou.","breadcrumb":{"@id":"https:\/\/www.stratign.com\/fr\/satellite-phone-interception-systems\/#breadcrumb"},"inLanguage":"en-US","potentialAction":[{"@type":"ReadAction","target":["https:\/\/www.stratign.com\/fr\/satellite-phone-interception-systems\/"]}]},{"@type":"BreadcrumbList","@id":"https:\/\/www.stratign.com\/fr\/satellite-phone-interception-systems\/#breadcrumb","itemListElement":[{"@type":"ListItem","position":1,"name":"Home","item":"https:\/\/www.stratign.com\/fr\/"},{"@type":"ListItem","position":2,"name":"SYST\u00c8MES D&#8217;INTERCEPTION DES T\u00c9L\u00c9PHONES PAR SATELLITE"}]},{"@type":"WebSite","@id":"https:\/\/www.stratign.com\/fr\/#website","url":"https:\/\/www.stratign.com\/fr\/","name":"Stratign","description":"Military Defense Technology","potentialAction":[{"@type":"SearchAction","target":{"@type":"EntryPoint","urlTemplate":"https:\/\/www.stratign.com\/fr\/?s={search_term_string}"},"query-input":{"@type":"PropertyValueSpecification","valueRequired":true,"valueName":"search_term_string"}}],"inLanguage":"en-US"}]}},"_links":{"self":[{"href":"https:\/\/www.stratign.com\/fr\/wp-json\/wp\/v2\/pages\/5054","targetHints":{"allow":["GET"]}}],"collection":[{"href":"https:\/\/www.stratign.com\/fr\/wp-json\/wp\/v2\/pages"}],"about":[{"href":"https:\/\/www.stratign.com\/fr\/wp-json\/wp\/v2\/types\/page"}],"author":[{"embeddable":true,"href":"https:\/\/www.stratign.com\/fr\/wp-json\/wp\/v2\/users\/1"}],"replies":[{"embeddable":true,"href":"https:\/\/www.stratign.com\/fr\/wp-json\/wp\/v2\/comments?post=5054"}],"version-history":[{"count":19,"href":"https:\/\/www.stratign.com\/fr\/wp-json\/wp\/v2\/pages\/5054\/revisions"}],"predecessor-version":[{"id":15114,"href":"https:\/\/www.stratign.com\/fr\/wp-json\/wp\/v2\/pages\/5054\/revisions\/15114"}],"wp:attachment":[{"href":"https:\/\/www.stratign.com\/fr\/wp-json\/wp\/v2\/media?parent=5054"}],"curies":[{"name":"wp","href":"https:\/\/api.w.org\/{rel}","templated":true}]}}