{"id":5055,"date":"2022-03-24T05:46:00","date_gmt":"2022-03-24T05:46:00","guid":{"rendered":"https:\/\/www.stratign.com\/website\/?page_id=5055"},"modified":"2024-03-05T09:32:27","modified_gmt":"2024-03-05T05:32:27","slug":"radio-interception-direction-finding-systems","status":"publish","type":"page","link":"https:\/\/www.stratign.com\/fr\/radio-interception-direction-finding-systems\/","title":{"rendered":"SYST\u00c8MES D&#8217;INTERCEPTION RADIO ET DE RADIOGONIOM\u00c9TRIE"},"content":{"rendered":"<section class=\"wpb-content-wrapper\"><p>[vc_row][vc_column][tm_heading style=&#8221;left-line&#8221; custom_google_font=&#8221;&#8221;]Cat\u00e9gories[\/tm_heading][tm_spacer size=&#8221;lg:20&#8243;][tm_grid xs_align=&#8221;center&#8221; columns=&#8221;xs:1;sm:2;lg:3&#8243; column_gutter=&#8221;lg:30&#8243; row_gutter=&#8221;lg:30&#8243;][tm_box_icon align=&#8221;center&#8221; heading=&#8221;Station statique d&#8217;interception radio H\/V\/UHF et de radiogoniom\u00e9trie&#8221; text=&#8221;Les syst\u00e8mes d\u2019interception H\/V\/UHF statiques sont capables d\u2019intercepter, de radiogoniom\u00e8tre, de d\u00e9moduler et de d\u00e9coder les communications dans les bandes HF, VHF et UHF et sont adapt\u00e9s aux op\u00e9rations statiques.&#8221; image=&#8221;5536&#8243; box_link=&#8221;url:https%3A%2F%2Fwww.stratign.com%2Ffr%2Fstatic-h-v-uhf-radio-monitoring-df-station%2F|title:STATIC%20H%2FV%2FUHF%20RADIO%20INTERCEPTION%20%26%20DF%20STATION&#8221;][tm_box_icon align=&#8221;center&#8221; heading=&#8221;Station mobile d\u2019interception radio H\/V\/UHF et DF&#8221; text=&#8221;Stratign propose des syst\u00e8mes d&#8217;interception H\/V\/UHF montables sur v\u00e9hicule, capables d&#8217;intercepter, de d\u00e9moduler et de d\u00e9coder les communications dans les bandes HF, VHF et UHF. Ces syst\u00e8mes sont particuli\u00e8rement adapt\u00e9s aux op\u00e9rations mobiles rapides.&#8221; image=&#8221;5537&#8243; box_link=&#8221;url:https%3A%2F%2Fwww.stratign.com%2Ffr%2Fmobile-h-v-uhf-radio-monitoring-df-station%2F|title:MOBILE%20H%2FV%2FUHF%20RADIO%20INTERCEPTION%20%26%20DF%20STATION&#8221;][tm_box_icon align=&#8221;center&#8221; heading=&#8221;Station d&#8217;interception et de radiogoniom\u00e9trie H\/V\/UHF portable\/manuelle&#8221; text=&#8221;Il s\u2019agit de solutions portables ou Manpack pour l\u2019interception, la radiogoniom\u00e9trie, la d\u00e9modulation et le d\u00e9codage des communications dans les bandes HF, VHF et UHF. Ceux-ci sont les plus adapt\u00e9s aux op\u00e9rations tactiques o\u00f9 les v\u00e9hicules ne peuvent pas \u00eatre approch\u00e9s et doivent se d\u00e9placer \u00e0 pied.&#8221; image=&#8221;5535&#8243; box_link=&#8221;url:https%3A%2F%2Fwww.stratign.com%2Ffr%2Fportable-manpack-h-v-uhf-radio-monitoring-df-station%2F|title:PORTABLE%2FMANPACK%20H%2FV%2FUHF%20RADIO%20INTERCEPTION%20%26%20DF%20STATION&#8221;][\/tm_grid][\/vc_column][\/vc_row]<\/p>\n<\/section>","protected":false},"excerpt":{"rendered":"<p>Includes static H\/V\/UHF radio interception &#038; Df station, mobile H\/V\/UHF radio interception &#038; Df station, and portableH\/V\/UHF radio interception &#038; Df station.<\/p>\n","protected":false},"author":1,"featured_media":0,"parent":0,"menu_order":0,"comment_status":"closed","ping_status":"closed","template":"","meta":{"footnotes":""},"class_list":["post-5055","page","type-page","status-publish","hentry","post-no-thumbnail"],"yoast_head":"<!-- This site is optimized with the Yoast SEO plugin v27.3 - https:\/\/yoast.com\/product\/yoast-seo-wordpress\/ -->\n<title>SYST\u00c8MES D&#039;INTERCEPTION RADIO ET DE RADIOGONIOM\u00c9TRIE - Stratign<\/title>\n<meta name=\"description\" content=\"Stratign propose des solutions avanc\u00e9es pour les syst\u00e8mes de surveillance et de radiogoniom\u00e9trie H\/V\/UHF statiques, portables et mobiles.\" \/>\n<meta name=\"robots\" content=\"index, follow, max-snippet:-1, max-image-preview:large, max-video-preview:-1\" \/>\n<link rel=\"canonical\" href=\"https:\/\/www.stratign.com\/fr\/radio-interception-direction-finding-systems\/\" \/>\n<meta property=\"og:locale\" content=\"en_US\" \/>\n<meta property=\"og:type\" content=\"article\" \/>\n<meta property=\"og:title\" content=\"SYST\u00c8MES D&#039;INTERCEPTION RADIO ET DE RADIOGONIOM\u00c9TRIE - Stratign\" \/>\n<meta property=\"og:description\" content=\"Stratign propose des solutions avanc\u00e9es pour les syst\u00e8mes de surveillance et de radiogoniom\u00e9trie H\/V\/UHF statiques, portables et mobiles.\" \/>\n<meta property=\"og:url\" content=\"https:\/\/www.stratign.com\/fr\/radio-interception-direction-finding-systems\/\" \/>\n<meta property=\"og:site_name\" content=\"Stratign\" \/>\n<meta property=\"article:publisher\" content=\"https:\/\/www.facebook.com\/stratignfb\/\" \/>\n<meta property=\"article:modified_time\" content=\"2024-03-05T05:32:27+00:00\" \/>\n<meta name=\"twitter:card\" content=\"summary_large_image\" \/>\n<meta name=\"twitter:site\" content=\"@stratign\" \/>\n<meta name=\"twitter:label1\" content=\"Est. reading time\" \/>\n\t<meta name=\"twitter:data1\" content=\"1 minute\" \/>\n<script type=\"application\/ld+json\" class=\"yoast-schema-graph\">{\"@context\":\"https:\\\/\\\/schema.org\",\"@graph\":[{\"@type\":\"WebPage\",\"@id\":\"https:\\\/\\\/www.stratign.com\\\/fr\\\/radio-interception-direction-finding-systems\\\/\",\"url\":\"https:\\\/\\\/www.stratign.com\\\/fr\\\/radio-interception-direction-finding-systems\\\/\",\"name\":\"SYST\u00c8MES D'INTERCEPTION RADIO ET DE RADIOGONIOM\u00c9TRIE - Stratign\",\"isPartOf\":{\"@id\":\"https:\\\/\\\/www.stratign.com\\\/fr\\\/#website\"},\"datePublished\":\"2022-03-24T05:46:00+00:00\",\"dateModified\":\"2024-03-05T05:32:27+00:00\",\"description\":\"Stratign propose des solutions avanc\u00e9es pour les syst\u00e8mes de surveillance et de radiogoniom\u00e9trie H\\\/V\\\/UHF statiques, portables et mobiles.\",\"breadcrumb\":{\"@id\":\"https:\\\/\\\/www.stratign.com\\\/fr\\\/radio-interception-direction-finding-systems\\\/#breadcrumb\"},\"inLanguage\":\"en-US\",\"potentialAction\":[{\"@type\":\"ReadAction\",\"target\":[\"https:\\\/\\\/www.stratign.com\\\/fr\\\/radio-interception-direction-finding-systems\\\/\"]}]},{\"@type\":\"BreadcrumbList\",\"@id\":\"https:\\\/\\\/www.stratign.com\\\/fr\\\/radio-interception-direction-finding-systems\\\/#breadcrumb\",\"itemListElement\":[{\"@type\":\"ListItem\",\"position\":1,\"name\":\"Home\",\"item\":\"https:\\\/\\\/www.stratign.com\\\/fr\\\/\"},{\"@type\":\"ListItem\",\"position\":2,\"name\":\"SYST\u00c8MES D&#8217;INTERCEPTION RADIO ET DE RADIOGONIOM\u00c9TRIE\"}]},{\"@type\":\"WebSite\",\"@id\":\"https:\\\/\\\/www.stratign.com\\\/fr\\\/#website\",\"url\":\"https:\\\/\\\/www.stratign.com\\\/fr\\\/\",\"name\":\"Stratign\",\"description\":\"Military Defense Technology\",\"potentialAction\":[{\"@type\":\"SearchAction\",\"target\":{\"@type\":\"EntryPoint\",\"urlTemplate\":\"https:\\\/\\\/www.stratign.com\\\/fr\\\/?s={search_term_string}\"},\"query-input\":{\"@type\":\"PropertyValueSpecification\",\"valueRequired\":true,\"valueName\":\"search_term_string\"}}],\"inLanguage\":\"en-US\"}]}<\/script>\n<!-- \/ Yoast SEO plugin. -->","yoast_head_json":{"title":"SYST\u00c8MES D'INTERCEPTION RADIO ET DE RADIOGONIOM\u00c9TRIE - Stratign","description":"Stratign propose des solutions avanc\u00e9es pour les syst\u00e8mes de surveillance et de radiogoniom\u00e9trie H\/V\/UHF statiques, portables et mobiles.","robots":{"index":"index","follow":"follow","max-snippet":"max-snippet:-1","max-image-preview":"max-image-preview:large","max-video-preview":"max-video-preview:-1"},"canonical":"https:\/\/www.stratign.com\/fr\/radio-interception-direction-finding-systems\/","og_locale":"en_US","og_type":"article","og_title":"SYST\u00c8MES D'INTERCEPTION RADIO ET DE RADIOGONIOM\u00c9TRIE - Stratign","og_description":"Stratign propose des solutions avanc\u00e9es pour les syst\u00e8mes de surveillance et de radiogoniom\u00e9trie H\/V\/UHF statiques, portables et mobiles.","og_url":"https:\/\/www.stratign.com\/fr\/radio-interception-direction-finding-systems\/","og_site_name":"Stratign","article_publisher":"https:\/\/www.facebook.com\/stratignfb\/","article_modified_time":"2024-03-05T05:32:27+00:00","twitter_card":"summary_large_image","twitter_site":"@stratign","twitter_misc":{"Est. reading time":"1 minute"},"schema":{"@context":"https:\/\/schema.org","@graph":[{"@type":"WebPage","@id":"https:\/\/www.stratign.com\/fr\/radio-interception-direction-finding-systems\/","url":"https:\/\/www.stratign.com\/fr\/radio-interception-direction-finding-systems\/","name":"SYST\u00c8MES D'INTERCEPTION RADIO ET DE RADIOGONIOM\u00c9TRIE - Stratign","isPartOf":{"@id":"https:\/\/www.stratign.com\/fr\/#website"},"datePublished":"2022-03-24T05:46:00+00:00","dateModified":"2024-03-05T05:32:27+00:00","description":"Stratign propose des solutions avanc\u00e9es pour les syst\u00e8mes de surveillance et de radiogoniom\u00e9trie H\/V\/UHF statiques, portables et mobiles.","breadcrumb":{"@id":"https:\/\/www.stratign.com\/fr\/radio-interception-direction-finding-systems\/#breadcrumb"},"inLanguage":"en-US","potentialAction":[{"@type":"ReadAction","target":["https:\/\/www.stratign.com\/fr\/radio-interception-direction-finding-systems\/"]}]},{"@type":"BreadcrumbList","@id":"https:\/\/www.stratign.com\/fr\/radio-interception-direction-finding-systems\/#breadcrumb","itemListElement":[{"@type":"ListItem","position":1,"name":"Home","item":"https:\/\/www.stratign.com\/fr\/"},{"@type":"ListItem","position":2,"name":"SYST\u00c8MES D&#8217;INTERCEPTION RADIO ET DE RADIOGONIOM\u00c9TRIE"}]},{"@type":"WebSite","@id":"https:\/\/www.stratign.com\/fr\/#website","url":"https:\/\/www.stratign.com\/fr\/","name":"Stratign","description":"Military Defense Technology","potentialAction":[{"@type":"SearchAction","target":{"@type":"EntryPoint","urlTemplate":"https:\/\/www.stratign.com\/fr\/?s={search_term_string}"},"query-input":{"@type":"PropertyValueSpecification","valueRequired":true,"valueName":"search_term_string"}}],"inLanguage":"en-US"}]}},"_links":{"self":[{"href":"https:\/\/www.stratign.com\/fr\/wp-json\/wp\/v2\/pages\/5055","targetHints":{"allow":["GET"]}}],"collection":[{"href":"https:\/\/www.stratign.com\/fr\/wp-json\/wp\/v2\/pages"}],"about":[{"href":"https:\/\/www.stratign.com\/fr\/wp-json\/wp\/v2\/types\/page"}],"author":[{"embeddable":true,"href":"https:\/\/www.stratign.com\/fr\/wp-json\/wp\/v2\/users\/1"}],"replies":[{"embeddable":true,"href":"https:\/\/www.stratign.com\/fr\/wp-json\/wp\/v2\/comments?post=5055"}],"version-history":[{"count":5,"href":"https:\/\/www.stratign.com\/fr\/wp-json\/wp\/v2\/pages\/5055\/revisions"}],"predecessor-version":[{"id":15117,"href":"https:\/\/www.stratign.com\/fr\/wp-json\/wp\/v2\/pages\/5055\/revisions\/15117"}],"wp:attachment":[{"href":"https:\/\/www.stratign.com\/fr\/wp-json\/wp\/v2\/media?parent=5055"}],"curies":[{"name":"wp","href":"https:\/\/api.w.org\/{rel}","templated":true}]}}