{"id":6948,"date":"2022-04-08T09:03:05","date_gmt":"2022-04-08T09:03:05","guid":{"rendered":"https:\/\/www.stratign.com\/website\/?page_id=6948"},"modified":"2024-03-05T10:54:32","modified_gmt":"2024-03-05T06:54:32","slug":"about","status":"publish","type":"page","link":"https:\/\/www.stratign.com\/fr\/about\/","title":{"rendered":"\u00c0 Propos De Nous"},"content":{"rendered":"<section class=\"wpb-content-wrapper\"><p>[vc_row full_width=&#8221;stretch_row&#8221;][vc_column][vc_raw_html]JTVCZGlzcGxheS1tYXAlMjBpZCUzRCUyMjg3NDElMjIlNUQlMDklMEElM0NzcGFuJTIwc3R5bGUlM0QlMjJmbG9hdCUzQSUyMHJpZ2h0JTNCJTIwZm9udC1zaXplJTNBJTIwMTcwJTI1JTNCJTIyJTNFJTBBJTNDdWwlM0UlMEElM0NsaSUyMHN0eWxlJTNEJTIyY29sb3IlM0ElMjAlMjM1MzY0QUMlM0IlMjIlM0UlM0NzcGFuJTIwc3R5bGUlM0QlMjJjb2xvciUzQSUyMCUyMzY5Njk2OSUzQmZvbnQtc2l6ZSUzQSUyMDYwJTI1JTIyJTNFUHIlQzMlQTlzZW5jZSUyME1vbmRpYWxlJTNDJTJGc3BhbiUzRSUzQyUyRmxpJTNFJTBBJTNDJTJGdWwlM0UlMEElM0MlMkZzcGFuJTNF[\/vc_raw_html][\/vc_column][\/vc_row][vc_row][vc_column][tm_heading style=&#8221;left-line&#8221; tag=&#8221;h4&#8243; custom_google_font=&#8221;&#8221; align=&#8221;center&#8221; text_color=&#8221;primary&#8221; font_size=&#8221;sm:28;md:34;lg:40&#8243; line_height=&#8221;1.4&#8243;]\u00c0 propos de nous[\/tm_heading][tm_spacer size=&#8221;lg:30&#8243;][\/vc_column][\/vc_row][vc_row][vc_column][tm_heading tag=&#8221;div&#8221; custom_google_font=&#8221;&#8221; font_size=&#8221;lg:18&#8243; line_height=&#8221;1.67&#8243;]Nous nous engageons \u00e0 fournir des technologies comp\u00e9tentes et innovantes aux organisations de d\u00e9fense et de renseignement, aux agences de s\u00e9curit\u00e9 nationale et aux agences gouvernementales charg\u00e9es de l&#8217;application de la loi. Nos offres sont personnalis\u00e9es pour r\u00e9pondre \u00e0 leurs besoins et \u00e0 leurs exigences.[\/tm_heading][tm_spacer size=&#8221;lg:20&#8243;][tm_heading tag=&#8221;div&#8221; custom_google_font=&#8221;&#8221; font_size=&#8221;lg:18&#8243; line_height=&#8221;1.67&#8243;]Stratign occupe une position de premier plan dans le monde entier en mati\u00e8re de surveillance des communications (COMINT), de s\u00e9curit\u00e9 des communications (COMSEC), de syst\u00e8mes de brouillage \u00e9lectronique (ECM), de solutions personnalis\u00e9es pour la guerre \u00e9lectronique (EW), de renseignement \u00e9lectronique (ELINT), de formation et de maintenance personnalis\u00e9es, et de syst\u00e8mes a\u00e9riens sans pilote. Nos offres sont personnalis\u00e9es pour r\u00e9pondre aux besoins et aux exigences des organisations de renseignement, des agences de s\u00e9curit\u00e9 nationale et des \u00e9tablissements de renseignement militaire.[\/tm_heading][tm_spacer size=&#8221;lg:20&#8243;][tm_heading tag=&#8221;div&#8221; custom_google_font=&#8221;&#8221; font_size=&#8221;lg:18&#8243; line_height=&#8221;1.67&#8243;]Des efforts continus dans le domaine de la recherche et du d\u00e9veloppement, avec une main-d&#8217;\u0153uvre engag\u00e9e et hautement qualifi\u00e9e, fournissant des solutions pr\u00e9cises aux probl\u00e8mes rencontr\u00e9s par les clients, ont fait de Stratign une entit\u00e9 bien connue dans un court intervalle de temps. Nos technologies innovantes et \u00e9prouv\u00e9es dans le domaine du renseignement, de la surveillance et de la reconnaissance (ISR) ont aid\u00e9 plusieurs organisations gouvernementales mondiales \u00e0 lutter contre le crime organis\u00e9, le trafic de stup\u00e9fiants, les activit\u00e9s terroristes, etc.[\/tm_heading][tm_spacer size=&#8221;lg:20&#8243;][tm_heading tag=&#8221;div&#8221; custom_google_font=&#8221;&#8221; font_size=&#8221;lg:18&#8243; line_height=&#8221;1.67&#8243;]Les technologies de pointe de Stratign, int\u00e9gr\u00e9es dans divers produits au fil des ans, lui ont conf\u00e9r\u00e9 un avantage comparatif sur le march\u00e9 international concurrentiel des services de communication et d&#8217;intelligence. L&#8217;engagement professionnel, l&#8217;orientation client, la cr\u00e9ativit\u00e9 et l&#8217;innovation, l&#8217;excellence des performances, l&#8217;int\u00e9grit\u00e9, le travail d&#8217;\u00e9quipe et le respect strict de ses engagements sont les valeurs de Stratign qui nous tiennent \u00e0 c\u0153ur.[\/tm_heading][tm_spacer size=&#8221;xs:30;sm:60;lg:120&#8243;][\/vc_column][\/vc_row][vc_row css_animation=&#8221;none&#8221; lg_spacing=&#8221;margin_bottom:10&#8243; md_spacing=&#8221;margin_bottom:10&#8243;][vc_column width=&#8221;1\/4&#8243;][tm_heading tag=&#8221;h4&#8243; custom_google_font=&#8221;&#8221; css=&#8221;.vc_custom_1702534293059{margin-top: 10px !important;}&#8221;]En savoir plus[\/tm_heading][\/vc_column][vc_column width=&#8221;1\/4&#8243;][tm_button button=&#8221;url:https%3A%2F%2Fwww.stratign.com%2Fcontact-us%2F|title:Nous%20contacter%20&#8243; el_id=&#8221;Contact-us-other&#8221;][\/vc_column][vc_column width=&#8221;1\/4&#8243;][tm_heading tag=&#8221;h4&#8243; custom_google_font=&#8221;&#8221;]T\u00e9l\u00e9charger la brochure[\/tm_heading][\/vc_column][vc_column width=&#8221;1\/4&#8243;][tm_button button=&#8221;url:https%3A%2F%2Fwww.stratign.com%2Fbrochures%2F|title:T%C3%A9l%C3%A9charger&#8221; el_id=&#8221;Brochure-other&#8221;][\/vc_column][\/vc_row]<\/p>\n<\/section>","protected":false},"excerpt":{"rendered":"<p>[vc_row full_width=&#8221;stretch_row&#8221;][vc_column][vc_raw_html]JTVCZGlzcGxheS1tYXAlMjBpZCUzRCUyMjg3NDElMjIlNUQlMDklMEElM0NzcGFuJTIwc3R5bGUlM0QlMjJmbG9hdCUzQSUyMHJpZ2h0JTNCJTIwZm9udC1zaXplJTNBJTIwMTcwJTI1JTNCJTIyJTNFJTBBJTNDdWwlM0UlMEElM0NsaSUyMHN0eWxlJTNEJTIyY29sb3IlM0ElMjAlMjM1MzY0QUMlM0IlMjIlM0UlM0NzcGFuJTIwc3R5bGUlM0QlMjJjb2xvciUzQSUyMCUyMzY5Njk2OSUzQmZvbnQtc2l6ZSUzQSUyMDYwJTI1JTIyJTNFUHIlQzMlQTlzZW5jZSUyME1vbmRpYWxlJTNDJTJGc3BhbiUzRSUzQyUyRmxpJTNFJTBBJTNDJTJGdWwlM0UlMEElM0MlMkZzcGFuJTNF[\/vc_raw_html][\/vc_column][\/vc_row][vc_row][vc_column][tm_heading style=&#8221;left-line&#8221; tag=&#8221;h4&#8243; custom_google_font=&#8221;&#8221; align=&#8221;center&#8221; text_color=&#8221;primary&#8221; font_size=&#8221;sm:28;md:34;lg:40&#8243; line_height=&#8221;1.4&#8243;]\u00c0 propos de nous[\/tm_heading][tm_spacer size=&#8221;lg:30&#8243;][\/vc_column][\/vc_row][vc_row][vc_column][tm_heading tag=&#8221;div&#8221; custom_google_font=&#8221;&#8221; font_size=&#8221;lg:18&#8243; line_height=&#8221;1.67&#8243;]Nous nous engageons \u00e0 fournir des technologies comp\u00e9tentes et innovantes aux organisations de d\u00e9fense et de renseignement, aux agences de s\u00e9curit\u00e9 nationale et aux agences gouvernementales charg\u00e9es de l&#8217;application de la loi. Nos offres sont personnalis\u00e9es pour r\u00e9pondre \u00e0 leurs besoins et \u00e0 leurs exigences.[\/tm_heading][tm_spacer size=&#8221;lg:20&#8243;][tm_heading tag=&#8221;div&#8221; custom_google_font=&#8221;&#8221; font_size=&#8221;lg:18&#8243; line_height=&#8221;1.67&#8243;]Stratign occupe une position de premier plan dans le monde entier en mati\u00e8re de surveillance des communications (COMINT), de s\u00e9curit\u00e9 des communications (COMSEC), de syst\u00e8mes de brouillage \u00e9lectronique (ECM), de solutions personnalis\u00e9es pour la guerre \u00e9lectronique (EW), de renseignement \u00e9lectronique (ELINT), de formation et de maintenance personnalis\u00e9es, et de syst\u00e8mes a\u00e9riens sans pilote. Nos offres sont personnalis\u00e9es pour r\u00e9pondre aux besoins et aux exigences des organisations de renseignement, des agences de s\u00e9curit\u00e9 nationale et des \u00e9tablissements de renseignement militaire.[\/tm_heading][tm_spacer size=&#8221;lg:20&#8243;][tm_heading tag=&#8221;div&#8221; custom_google_font=&#8221;&#8221; font_size=&#8221;lg:18&#8243; line_height=&#8221;1.67&#8243;]Des efforts continus dans le domaine de la recherche et du d\u00e9veloppement, avec une main-d&#8217;\u0153uvre engag\u00e9e et hautement qualifi\u00e9e, fournissant des solutions pr\u00e9cises aux probl\u00e8mes rencontr\u00e9s par les clients, ont fait de Stratign une entit\u00e9 bien connue dans un court intervalle de temps. Nos technologies innovantes et \u00e9prouv\u00e9es dans le domaine du renseignement, de la surveillance et de la reconnaissance (ISR) ont aid\u00e9 plusieurs organisations gouvernementales mondiales \u00e0 lutter contre le crime organis\u00e9, le trafic de stup\u00e9fiants, les activit\u00e9s terroristes, etc.[\/tm_heading][tm_spacer size=&#8221;lg:20&#8243;][tm_heading tag=&#8221;div&#8221; custom_google_font=&#8221;&#8221; font_size=&#8221;lg:18&#8243; line_height=&#8221;1.67&#8243;]Les technologies de pointe de Stratign, int\u00e9gr\u00e9es dans divers produits au fil des ans, lui ont conf\u00e9r\u00e9 un avantage comparatif sur le march\u00e9 international concurrentiel des services de communication et d&#8217;intelligence. L&#8217;engagement professionnel, l&#8217;orientation client, la cr\u00e9ativit\u00e9 et l&#8217;innovation, l&#8217;excellence des performances, l&#8217;int\u00e9grit\u00e9, le travail d&#8217;\u00e9quipe et le respect strict de ses engagements sont les valeurs de Stratign qui nous tiennent \u00e0 c\u0153ur.[\/tm_heading][tm_spacer size=&#8221;xs:30;sm:60;lg:120&#8243;][\/vc_column][\/vc_row][vc_row css_animation=&#8221;none&#8221; lg_spacing=&#8221;margin_bottom:10&#8243; md_spacing=&#8221;margin_bottom:10&#8243;][vc_column width=&#8221;1\/4&#8243;][tm_heading tag=&#8221;h4&#8243; custom_google_font=&#8221;&#8221; css=&#8221;.vc_custom_1702534293059{margin-top: 10px !important;}&#8221;]En savoir plus[\/tm_heading][\/vc_column][vc_column width=&#8221;1\/4&#8243;][tm_button button=&#8221;url:https%3A%2F%2Fwww.stratign.com%2Fcontact-us%2F|title:Nous%20contacter%20&#8243; el_id=&#8221;Contact-us-other&#8221;][\/vc_column][vc_column width=&#8221;1\/4&#8243;][tm_heading tag=&#8221;h4&#8243; custom_google_font=&#8221;&#8221;]T\u00e9l\u00e9charger la brochure[\/tm_heading][\/vc_column][vc_column width=&#8221;1\/4&#8243;][tm_button button=&#8221;url:https%3A%2F%2Fwww.stratign.com%2Fbrochures%2F|title:T%C3%A9l%C3%A9charger&#8221; el_id=&#8221;Brochure-other&#8221;][\/vc_column][\/vc_row]<\/p>\n","protected":false},"author":1,"featured_media":0,"parent":0,"menu_order":0,"comment_status":"closed","ping_status":"closed","template":"","meta":{"footnotes":""},"class_list":["post-6948","page","type-page","status-publish","hentry","post-no-thumbnail"],"yoast_head":"<!-- This site is optimized with the Yoast SEO plugin v27.3 - https:\/\/yoast.com\/product\/yoast-seo-wordpress\/ -->\n<title>\u00c0 Propos De Nous - Stratign<\/title>\n<meta name=\"description\" content=\"Stratign a pour mission de fournir des technologies comp\u00e9tentes et innovantes aux organisations de d\u00e9fense et de renseignement, ainsi qu&#039;aux agences de s\u00e9curit\u00e9 nationale.\" \/>\n<meta name=\"robots\" content=\"index, follow, max-snippet:-1, max-image-preview:large, max-video-preview:-1\" \/>\n<link rel=\"canonical\" href=\"https:\/\/www.stratign.com\/fr\/about\/\" \/>\n<meta property=\"og:locale\" content=\"en_US\" \/>\n<meta property=\"og:type\" content=\"article\" \/>\n<meta property=\"og:title\" content=\"\u00c0 Propos De Nous - Stratign\" \/>\n<meta property=\"og:description\" content=\"Stratign a pour mission de fournir des technologies comp\u00e9tentes et innovantes aux organisations de d\u00e9fense et de renseignement, ainsi qu&#039;aux agences de s\u00e9curit\u00e9 nationale.\" \/>\n<meta property=\"og:url\" content=\"https:\/\/www.stratign.com\/fr\/about\/\" \/>\n<meta property=\"og:site_name\" content=\"Stratign\" \/>\n<meta property=\"article:publisher\" content=\"https:\/\/www.facebook.com\/stratignfb\/\" \/>\n<meta property=\"article:modified_time\" content=\"2024-03-05T06:54:32+00:00\" \/>\n<meta name=\"twitter:card\" content=\"summary_large_image\" \/>\n<meta name=\"twitter:site\" content=\"@stratign\" \/>\n<meta name=\"twitter:label1\" content=\"Est. reading time\" \/>\n\t<meta name=\"twitter:data1\" content=\"2 minutes\" \/>\n<script type=\"application\/ld+json\" class=\"yoast-schema-graph\">{\"@context\":\"https:\\\/\\\/schema.org\",\"@graph\":[{\"@type\":\"WebPage\",\"@id\":\"https:\\\/\\\/www.stratign.com\\\/fr\\\/about\\\/\",\"url\":\"https:\\\/\\\/www.stratign.com\\\/fr\\\/about\\\/\",\"name\":\"\u00c0 Propos De Nous - Stratign\",\"isPartOf\":{\"@id\":\"https:\\\/\\\/www.stratign.com\\\/fr\\\/#website\"},\"datePublished\":\"2022-04-08T09:03:05+00:00\",\"dateModified\":\"2024-03-05T06:54:32+00:00\",\"description\":\"Stratign a pour mission de fournir des technologies comp\u00e9tentes et innovantes aux organisations de d\u00e9fense et de renseignement, ainsi qu'aux agences de s\u00e9curit\u00e9 nationale.\",\"breadcrumb\":{\"@id\":\"https:\\\/\\\/www.stratign.com\\\/fr\\\/about\\\/#breadcrumb\"},\"inLanguage\":\"en-US\",\"potentialAction\":[{\"@type\":\"ReadAction\",\"target\":[\"https:\\\/\\\/www.stratign.com\\\/fr\\\/about\\\/\"]}]},{\"@type\":\"BreadcrumbList\",\"@id\":\"https:\\\/\\\/www.stratign.com\\\/fr\\\/about\\\/#breadcrumb\",\"itemListElement\":[{\"@type\":\"ListItem\",\"position\":1,\"name\":\"Home\",\"item\":\"https:\\\/\\\/www.stratign.com\\\/fr\\\/\"},{\"@type\":\"ListItem\",\"position\":2,\"name\":\"\u00c0 Propos De Nous\"}]},{\"@type\":\"WebSite\",\"@id\":\"https:\\\/\\\/www.stratign.com\\\/fr\\\/#website\",\"url\":\"https:\\\/\\\/www.stratign.com\\\/fr\\\/\",\"name\":\"Stratign\",\"description\":\"Military Defense Technology\",\"potentialAction\":[{\"@type\":\"SearchAction\",\"target\":{\"@type\":\"EntryPoint\",\"urlTemplate\":\"https:\\\/\\\/www.stratign.com\\\/fr\\\/?s={search_term_string}\"},\"query-input\":{\"@type\":\"PropertyValueSpecification\",\"valueRequired\":true,\"valueName\":\"search_term_string\"}}],\"inLanguage\":\"en-US\"}]}<\/script>\n<!-- \/ Yoast SEO plugin. -->","yoast_head_json":{"title":"\u00c0 Propos De Nous - Stratign","description":"Stratign a pour mission de fournir des technologies comp\u00e9tentes et innovantes aux organisations de d\u00e9fense et de renseignement, ainsi qu'aux agences de s\u00e9curit\u00e9 nationale.","robots":{"index":"index","follow":"follow","max-snippet":"max-snippet:-1","max-image-preview":"max-image-preview:large","max-video-preview":"max-video-preview:-1"},"canonical":"https:\/\/www.stratign.com\/fr\/about\/","og_locale":"en_US","og_type":"article","og_title":"\u00c0 Propos De Nous - Stratign","og_description":"Stratign a pour mission de fournir des technologies comp\u00e9tentes et innovantes aux organisations de d\u00e9fense et de renseignement, ainsi qu'aux agences de s\u00e9curit\u00e9 nationale.","og_url":"https:\/\/www.stratign.com\/fr\/about\/","og_site_name":"Stratign","article_publisher":"https:\/\/www.facebook.com\/stratignfb\/","article_modified_time":"2024-03-05T06:54:32+00:00","twitter_card":"summary_large_image","twitter_site":"@stratign","twitter_misc":{"Est. reading time":"2 minutes"},"schema":{"@context":"https:\/\/schema.org","@graph":[{"@type":"WebPage","@id":"https:\/\/www.stratign.com\/fr\/about\/","url":"https:\/\/www.stratign.com\/fr\/about\/","name":"\u00c0 Propos De Nous - Stratign","isPartOf":{"@id":"https:\/\/www.stratign.com\/fr\/#website"},"datePublished":"2022-04-08T09:03:05+00:00","dateModified":"2024-03-05T06:54:32+00:00","description":"Stratign a pour mission de fournir des technologies comp\u00e9tentes et innovantes aux organisations de d\u00e9fense et de renseignement, ainsi qu'aux agences de s\u00e9curit\u00e9 nationale.","breadcrumb":{"@id":"https:\/\/www.stratign.com\/fr\/about\/#breadcrumb"},"inLanguage":"en-US","potentialAction":[{"@type":"ReadAction","target":["https:\/\/www.stratign.com\/fr\/about\/"]}]},{"@type":"BreadcrumbList","@id":"https:\/\/www.stratign.com\/fr\/about\/#breadcrumb","itemListElement":[{"@type":"ListItem","position":1,"name":"Home","item":"https:\/\/www.stratign.com\/fr\/"},{"@type":"ListItem","position":2,"name":"\u00c0 Propos De Nous"}]},{"@type":"WebSite","@id":"https:\/\/www.stratign.com\/fr\/#website","url":"https:\/\/www.stratign.com\/fr\/","name":"Stratign","description":"Military Defense Technology","potentialAction":[{"@type":"SearchAction","target":{"@type":"EntryPoint","urlTemplate":"https:\/\/www.stratign.com\/fr\/?s={search_term_string}"},"query-input":{"@type":"PropertyValueSpecification","valueRequired":true,"valueName":"search_term_string"}}],"inLanguage":"en-US"}]}},"_links":{"self":[{"href":"https:\/\/www.stratign.com\/fr\/wp-json\/wp\/v2\/pages\/6948","targetHints":{"allow":["GET"]}}],"collection":[{"href":"https:\/\/www.stratign.com\/fr\/wp-json\/wp\/v2\/pages"}],"about":[{"href":"https:\/\/www.stratign.com\/fr\/wp-json\/wp\/v2\/types\/page"}],"author":[{"embeddable":true,"href":"https:\/\/www.stratign.com\/fr\/wp-json\/wp\/v2\/users\/1"}],"replies":[{"embeddable":true,"href":"https:\/\/www.stratign.com\/fr\/wp-json\/wp\/v2\/comments?post=6948"}],"version-history":[{"count":14,"href":"https:\/\/www.stratign.com\/fr\/wp-json\/wp\/v2\/pages\/6948\/revisions"}],"predecessor-version":[{"id":15107,"href":"https:\/\/www.stratign.com\/fr\/wp-json\/wp\/v2\/pages\/6948\/revisions\/15107"}],"wp:attachment":[{"href":"https:\/\/www.stratign.com\/fr\/wp-json\/wp\/v2\/media?parent=6948"}],"curies":[{"name":"wp","href":"https:\/\/api.w.org\/{rel}","templated":true}]}}