{"id":852,"date":"2019-03-12T07:45:40","date_gmt":"2019-03-12T07:45:40","guid":{"rendered":"https:\/\/stratign.com\/website\/index.php\/business-solution\/"},"modified":"2024-03-05T09:33:59","modified_gmt":"2024-03-05T05:33:59","slug":"passive-cellphone-interception-systems","status":"publish","type":"page","link":"https:\/\/www.stratign.com\/fr\/passive-cellphone-interception-systems\/","title":{"rendered":"SYST\u00c8ME D\u2019INTERCEPTION PASSIVE DES T\u00c9L\u00c9PHONES CELLULAIRES"},"content":{"rendered":"<section class=\"wpb-content-wrapper\"><p>[vc_row][vc_column][tm_spacer size=&#8221;xs:20;sm:40;lg:80&#8243;][tm_heading tag=&#8221;h4&#8243; custom_google_font=&#8221;&#8221; align=&#8221;center&#8221; text_color=&#8221;secondary&#8221; font_size=&#8221;sm:28;md:34;lg:40&#8243; line_height=&#8221;1.4&#8243;]SYST\u00c8ME D&#8217;INTERCEPTION PASSIVE DES T\u00c9L\u00c9PHONES CELLULAIRES[\/tm_heading][tm_spacer size=&#8221;xs:20;sm:30;lg:60&#8243;][\/vc_column][\/vc_row][vc_row sm_spacing=&#8221;padding_bottom:100&#8243; lg_spacing=&#8221;padding_bottom:5&#8243;][vc_column offset=&#8221;vc_col-md-5&#8243;][tm_heading style=&#8221;left-line&#8221; custom_google_font=&#8221;&#8221; font_weight=&#8221;800&#8243; font_size=&#8221;sm:18;md:21;lg:24&#8243; line_height=&#8221;1.67&#8243; max_width=&#8221;400px&#8221;]Le syst\u00e8me d&#8217;interception passive des t\u00e9l\u00e9phones portables peut fonctionner sur les bandes de fr\u00e9quences cellulaires du monde entier et d\u00e9crypter en temps r\u00e9el.[\/tm_heading][\/vc_column][vc_column offset=&#8221;vc_col-md-7&#8243;][tm_heading tag=&#8221;div&#8221; custom_google_font=&#8221;&#8221; font_size=&#8221;lg:18&#8243; line_height=&#8221;1.67&#8243;]Nos solutions d&#8217;interception cellulaire aident les autorit\u00e9s charg\u00e9es de l&#8217;application de la loi \u00e0 acqu\u00e9rir, intercepter, analyser et g\u00e9rer les communications cellulaires telles que la voix, les SMS et les donn\u00e9es relatives aux appels (CRI). Cela est d&#8217;autant plus important que les terroristes et les \u00e9l\u00e9ments criminels s&#8217;appuient sur les communications mobiles cellulaires pour mener \u00e0 bien leurs op\u00e9rations malveillantes.[\/tm_heading][tm_spacer size=&#8221;xs:10;lg:20&#8243;][\/vc_column][\/vc_row][vc_row sm_spacing=&#8221;margin_top:-90&#8243; xs_spacing=&#8221;margin_top:-90&#8243;][vc_column][tm_heading tag=&#8221;div&#8221; custom_google_font=&#8221;&#8221; font_size=&#8221;lg:18&#8243; line_height=&#8221;1.67&#8243;]Le syst\u00e8me peut fonctionner sur toutes les bandes de fr\u00e9quences cellulaires 2G, 3G, 4G et 5G et peut d\u00e9chiffrer les normes de cryptage A5\/0, A5\/2 et A5\/1 en temps r\u00e9el.<br \/>\nLa solution d&#8217;interception cellulaire passive de Stratign est la solution d&#8217;interception et de surveillance &#8221; off-the-air &#8221; la plus avanc\u00e9e qui existe actuellement dans le monde. Le syst\u00e8me ne transmet aucune information et est donc totalement ind\u00e9tectable, que ce soit par l&#8217;op\u00e9rateur ou par la cible intercept\u00e9e.[\/tm_heading][tm_spacer size=&#8221;xs:50;sm:50;lg:50&#8243;][\/vc_column][\/vc_row][vc_row][vc_column][tm_spacer size=&#8221;xs:50;sm:50;lg:50&#8243;][tm_heading tag=&#8221;h4&#8243; custom_google_font=&#8221;&#8221; align=&#8221;center&#8221; text_color=&#8221;secondary&#8221; font_size=&#8221;sm:28;md:34;lg:40&#8243; line_height=&#8221;1.4&#8243; css=&#8221;.vc_custom_1704866367242{background-position: center !important;background-repeat: no-repeat !important;background-size: contain !important;}&#8221;]Caract\u00e9ristiques du syst\u00e8me[\/tm_heading][tm_spacer size=&#8221;lg:40&#8243;][tm_list list_style=&#8221;check-02&#8243; marker_color=&#8221;secondary&#8221; title_color=&#8221;primary&#8221; columns=&#8221;xs:1;lg:2&#8243; items=&#8221;%5B%7B%22item_title%22%3A%22Syst%C3%A8me%20100%25%20passif%22%2C%22item_desc%22%3A%22La%20pr%C3%A9sence%20du%20syst%C3%A8me%20ne%20peut%20%C3%AAtre%20d%C3%A9tect%C3%A9e%20par%20personne.%22%7D%2C%7B%22item_title%22%3A%22Les%20r%C3%A9seaux%22%2C%22item_desc%22%3A%22Capable%20de%20surveiller%20les%20r%C3%A9seaux%202G%2C%203G%2C%204G%20et%205G.%22%7D%2C%7B%22item_title%22%3A%22Communications%20vocales%20et%20SMS%20%22%2C%22link%22%3A%22%7C%7C%7C%22%2C%22item_desc%22%3A%22Capable%20d&#8217;intercepter%20les%20communications%20vocales%20et%20SMS%20en%20duplex.%22%7D%2C%7B%22item_title%22%3A%22Nombre%20de%20canaux%20configurable%22%2C%22item_desc%22%3A%22Surveillance%20en%20ligne%20d&#8217;un%20maximum%20de%2032%20canaux%20duplex%20(extensible%20%C3%A0%20la%20demande%20du%20client).%22%7D%2C%7B%22item_title%22%3A%22S%C3%A9lection%20des%20cibles%22%2C%22item_desc%22%3A%22S%C3%A9lection%20des%20cibles%20en%20fonction%20de%20diff%C3%A9rents%20param%C3%A8tres%20tels%20que%20IMEI%2C%20IMSI%2C%20TMSI%2C%20la%20distance%20de%20la%20cible%20par%20rapport%20%C3%A0%20la%20station%20de%20base%2C%20le%20type%20de%20combin%C3%A9%20de%20la%20cible%2C%20le%20num%C3%A9ro%20compos%C3%A9%20et%20re%C3%A7u%20de%20la%20cible%20(PLMN).%22%7D%2C%7B%22item_title%22%3A%22Analyse%20du%20r%C3%A9seau%22%2C%22item_desc%22%3A%22Analyse%20automatique%20des%20param%C3%A8tres%20du%20r%C3%A9seau%20GSM%20dans%20la%20zone%20contr%C3%B4l%C3%A9e%20(fournisseur%20de%20services%2C%20num%C3%A9ro%20de%20canal%20de%20diffusion%2C%20LAC%2C%20ID%20de%20cellule%20et%20niveaux%20de%20signal).%22%7D%2C%7B%22item_title%22%3A%22Codecs%20vocaux%22%2C%22item_desc%22%3A%22Le%20syst%C3%A8me%20prend%20en%20charge%20les%20codecs%20vocaux%20FR%2C%20EFR%2C%20HR%20et%20AMR.%22%7D%2C%7B%22item_title%22%3A%22D%C3%A9cryptage%20en%20temps%20r%C3%A9el%22%2C%22link%22%3A%22%7C%7C%7C%22%2C%22item_desc%22%3A%22D%C3%A9cryptage%20passif%20en%20temps%20r%C3%A9el%20des%20signaux%20crypt%C3%A9s%20A5%2F1%2C%20A5%2F2%2C%20A5%2F0.%22%7D%2C%7B%22item_title%22%3A%22Op%C3%A9ration%20Statique%20ou%20Mobile%22%2C%22item_desc%22%3A%22Interception%2C%20surveillance%20et%20enregistrement%20des%20communications%20dans%20des%20environnements%20fixes%20ou%20mobiles.%22%7D%2C%7B%22item_title%22%3A%22Traitement%20automatique%20des%20signaux%20de%20saut%20de%20fr%C3%A9quence%22%2C%22item_desc%22%3A%22Le%20syst%C3%A8me%20g%C3%A8re%20automatiquement%20les%20sauts%20de%20fr%C3%A9quence%20et%20les%20transferts.%22%7D%2C%7B%22item_title%22%3A%22Op%C3%A9ration%20en%20R%C3%A9seau%22%2C%22item_desc%22%3A%22Plusieurs%20syst%C3%A8mes%20d&#8217;interception%20passive%20peuvent%20%C3%AAtre%20configur%C3%A9s%20dans%20un%20environnement%20de%20r%C3%A9seau%20local%20(LAN)%20pour%20fournir%20une%20localisation%20physique%20quasi%20exacte%20de%20la%20cible%20%C3%A0%20partir%20d&#8217;un%20poste%20central%20de%20surveillance.%22%7D%2C%7B%22item_title%22%3A%22Forensique%20vocale%22%2C%22item_desc%22%3A%22Le%20syst%C3%A8me%20est%20int%C3%A9grable%20avec%20le%20logiciel%20forensique%20vocale%20de%20Stratign%20(identification%20de%20la%20langue%2C%20du%20locuteur%2C%20du%20sexe%2C%20etc.)%20et%20les%20outils%20d&#8217;analyse%20des%20liens.%22%7D%2C%7B%22item_title%22%3A%22Fonctionnement%2024%20heures%20sur%2024%22%2C%22item_desc%22%3A%22Possibilit%C3%A9%20de%20fonctionnement%2024%20heures%20sur%2024%20en%20mode%20automatique%20sans%20intervention%20de%20l&#8217;op%C3%A9rateur.%22%7D%2C%7B%22item_title%22%3A%22Affichage%20de%20l&#8217;%C3%A9tat%20des%20r%C3%A9cepteurs%22%2C%22item_desc%22%3A%22Affichage%20de%20l&#8217;%C3%A9tat%20actuel%20des%20r%C3%A9cepteurs%20(enregistrement%2Fbalayage)%20et%20des%20num%C3%A9ros%20de%20cible.%22%7D%2C%7B%22item_title%22%3A%22Fonction%20de%20Recherche%20%C3%A9tendue%22%2C%22item_desc%22%3A%22Fonction%20de%20recherche%20%C3%A9tendue%20permettant%20aux%20op%C3%A9rateurs%20d&#8217;effectuer%20des%20recherches%20bas%C3%A9es%20sur%20tous%20les%20param%C3%A8tres%20d&#8217;appel.%22%7D%2C%7B%22item_title%22%3A%22Int%C3%A9gration%20de%20Renseignement%20d&#8217;Origine%20Sources%20Ouvertes%20(ROSO)%20%22%2C%22item_desc%22%3A%22Le%20syst%C3%A8me%20peut%20%C3%AAtre%20int%C3%A9gr%C3%A9%20au%20logiciel%20de%20Renseignement%20d&#8217;Origine%20Sources%20Ouvertes%20%20de%20Stratign.%22%7D%5D&#8221; custom_css=&#8221;LnRtLWxpc3Quc3R5bGUtY2hlY2stMDIlMjAuZGVzYyUyMCU3QiUwQSUyMCUyMCUyMCUyMG1hcmdpbi10b3AlM0ElMjAxMHB4JTNCJTBBJTIwJTIwJTIwJTIwbWFyZ2luLWJvdHRvbSUzQSUyMDEwcHglM0IlMEElN0Q=&#8221;][tm_spacer size=&#8221;xs:30;sm:60;lg:120&#8243;][\/vc_column][\/vc_row][vc_row css_animation=&#8221;none&#8221; lg_spacing=&#8221;margin_bottom:10&#8243; md_spacing=&#8221;margin_bottom:10&#8243;][vc_column width=&#8221;1\/4&#8243;][tm_heading tag=&#8221;h4&#8243; custom_google_font=&#8221;&#8221; css=&#8221;.vc_custom_1702534293059{margin-top: 10px !important;}&#8221;]En savoir plus[\/tm_heading][\/vc_column][vc_column width=&#8221;1\/4&#8243;][tm_button button=&#8221;url:https%3A%2F%2Fwww.stratign.com%2Fcontact-us%2F|title:Nous%20contacter%20&#8243; el_id=&#8221;Contact-us-other&#8221;][\/vc_column][vc_column width=&#8221;1\/4&#8243;][tm_heading tag=&#8221;h4&#8243; custom_google_font=&#8221;&#8221;]T\u00e9l\u00e9charger la brochure[\/tm_heading][\/vc_column][vc_column width=&#8221;1\/4&#8243;][tm_button button=&#8221;url:https%3A%2F%2Fwww.stratign.com%2Fbrochures%2F|title:T%C3%A9l%C3%A9charger&#8221; el_id=&#8221;Brochure-other&#8221;][\/vc_column][\/vc_row]<\/p>\n<\/section>","protected":false},"excerpt":{"rendered":"<p>Passive Cellphone Interception system can operates on cellular frequency bands worldwide and deciphers in real-time.<\/p>\n","protected":false},"author":1,"featured_media":0,"parent":0,"menu_order":0,"comment_status":"closed","ping_status":"closed","template":"","meta":{"footnotes":""},"class_list":["post-852","page","type-page","status-publish","hentry","post-no-thumbnail"],"yoast_head":"<!-- This site is optimized with the Yoast SEO plugin v27.3 - https:\/\/yoast.com\/product\/yoast-seo-wordpress\/ -->\n<title>SYST\u00c8ME D\u2019INTERCEPTION PASSIVE DES T\u00c9L\u00c9PHONES CELLULAIRES - Stratign<\/title>\n<meta name=\"description\" content=\"Le syst\u00e8me d&#039;interception passive des t\u00e9l\u00e9phones portables est un syst\u00e8me d&#039;interception totalement ind\u00e9tectable qui peut fonctionner sur les bandes 2G, 3G et 4G.\" \/>\n<meta name=\"robots\" content=\"index, follow, max-snippet:-1, max-image-preview:large, max-video-preview:-1\" \/>\n<link rel=\"canonical\" href=\"https:\/\/www.stratign.com\/fr\/passive-cellphone-interception-systems\/\" \/>\n<meta property=\"og:locale\" content=\"en_US\" \/>\n<meta property=\"og:type\" content=\"article\" \/>\n<meta property=\"og:title\" content=\"SYST\u00c8ME D\u2019INTERCEPTION PASSIVE DES T\u00c9L\u00c9PHONES CELLULAIRES - Stratign\" \/>\n<meta property=\"og:description\" content=\"Le syst\u00e8me d&#039;interception passive des t\u00e9l\u00e9phones portables est un syst\u00e8me d&#039;interception totalement ind\u00e9tectable qui peut fonctionner sur les bandes 2G, 3G et 4G.\" \/>\n<meta property=\"og:url\" content=\"https:\/\/www.stratign.com\/fr\/passive-cellphone-interception-systems\/\" \/>\n<meta property=\"og:site_name\" content=\"Stratign\" \/>\n<meta property=\"article:publisher\" content=\"https:\/\/www.facebook.com\/stratignfb\/\" \/>\n<meta property=\"article:modified_time\" content=\"2024-03-05T05:33:59+00:00\" \/>\n<meta name=\"twitter:card\" content=\"summary_large_image\" \/>\n<meta name=\"twitter:site\" content=\"@stratign\" \/>\n<meta name=\"twitter:label1\" content=\"Est. reading time\" \/>\n\t<meta name=\"twitter:data1\" content=\"2 minutes\" \/>\n<script type=\"application\/ld+json\" class=\"yoast-schema-graph\">{\"@context\":\"https:\\\/\\\/schema.org\",\"@graph\":[{\"@type\":\"WebPage\",\"@id\":\"https:\\\/\\\/www.stratign.com\\\/fr\\\/passive-cellphone-interception-systems\\\/\",\"url\":\"https:\\\/\\\/www.stratign.com\\\/fr\\\/passive-cellphone-interception-systems\\\/\",\"name\":\"SYST\u00c8ME D\u2019INTERCEPTION PASSIVE DES T\u00c9L\u00c9PHONES CELLULAIRES - Stratign\",\"isPartOf\":{\"@id\":\"https:\\\/\\\/www.stratign.com\\\/fr\\\/#website\"},\"datePublished\":\"2019-03-12T07:45:40+00:00\",\"dateModified\":\"2024-03-05T05:33:59+00:00\",\"description\":\"Le syst\u00e8me d'interception passive des t\u00e9l\u00e9phones portables est un syst\u00e8me d'interception totalement ind\u00e9tectable qui peut fonctionner sur les bandes 2G, 3G et 4G.\",\"breadcrumb\":{\"@id\":\"https:\\\/\\\/www.stratign.com\\\/fr\\\/passive-cellphone-interception-systems\\\/#breadcrumb\"},\"inLanguage\":\"en-US\",\"potentialAction\":[{\"@type\":\"ReadAction\",\"target\":[\"https:\\\/\\\/www.stratign.com\\\/fr\\\/passive-cellphone-interception-systems\\\/\"]}]},{\"@type\":\"BreadcrumbList\",\"@id\":\"https:\\\/\\\/www.stratign.com\\\/fr\\\/passive-cellphone-interception-systems\\\/#breadcrumb\",\"itemListElement\":[{\"@type\":\"ListItem\",\"position\":1,\"name\":\"Home\",\"item\":\"https:\\\/\\\/www.stratign.com\\\/fr\\\/\"},{\"@type\":\"ListItem\",\"position\":2,\"name\":\"SYST\u00c8ME D\u2019INTERCEPTION PASSIVE DES T\u00c9L\u00c9PHONES CELLULAIRES\"}]},{\"@type\":\"WebSite\",\"@id\":\"https:\\\/\\\/www.stratign.com\\\/fr\\\/#website\",\"url\":\"https:\\\/\\\/www.stratign.com\\\/fr\\\/\",\"name\":\"Stratign\",\"description\":\"Military Defense Technology\",\"potentialAction\":[{\"@type\":\"SearchAction\",\"target\":{\"@type\":\"EntryPoint\",\"urlTemplate\":\"https:\\\/\\\/www.stratign.com\\\/fr\\\/?s={search_term_string}\"},\"query-input\":{\"@type\":\"PropertyValueSpecification\",\"valueRequired\":true,\"valueName\":\"search_term_string\"}}],\"inLanguage\":\"en-US\"}]}<\/script>\n<!-- \/ Yoast SEO plugin. -->","yoast_head_json":{"title":"SYST\u00c8ME D\u2019INTERCEPTION PASSIVE DES T\u00c9L\u00c9PHONES CELLULAIRES - Stratign","description":"Le syst\u00e8me d'interception passive des t\u00e9l\u00e9phones portables est un syst\u00e8me d'interception totalement ind\u00e9tectable qui peut fonctionner sur les bandes 2G, 3G et 4G.","robots":{"index":"index","follow":"follow","max-snippet":"max-snippet:-1","max-image-preview":"max-image-preview:large","max-video-preview":"max-video-preview:-1"},"canonical":"https:\/\/www.stratign.com\/fr\/passive-cellphone-interception-systems\/","og_locale":"en_US","og_type":"article","og_title":"SYST\u00c8ME D\u2019INTERCEPTION PASSIVE DES T\u00c9L\u00c9PHONES CELLULAIRES - Stratign","og_description":"Le syst\u00e8me d'interception passive des t\u00e9l\u00e9phones portables est un syst\u00e8me d'interception totalement ind\u00e9tectable qui peut fonctionner sur les bandes 2G, 3G et 4G.","og_url":"https:\/\/www.stratign.com\/fr\/passive-cellphone-interception-systems\/","og_site_name":"Stratign","article_publisher":"https:\/\/www.facebook.com\/stratignfb\/","article_modified_time":"2024-03-05T05:33:59+00:00","twitter_card":"summary_large_image","twitter_site":"@stratign","twitter_misc":{"Est. reading time":"2 minutes"},"schema":{"@context":"https:\/\/schema.org","@graph":[{"@type":"WebPage","@id":"https:\/\/www.stratign.com\/fr\/passive-cellphone-interception-systems\/","url":"https:\/\/www.stratign.com\/fr\/passive-cellphone-interception-systems\/","name":"SYST\u00c8ME D\u2019INTERCEPTION PASSIVE DES T\u00c9L\u00c9PHONES CELLULAIRES - Stratign","isPartOf":{"@id":"https:\/\/www.stratign.com\/fr\/#website"},"datePublished":"2019-03-12T07:45:40+00:00","dateModified":"2024-03-05T05:33:59+00:00","description":"Le syst\u00e8me d'interception passive des t\u00e9l\u00e9phones portables est un syst\u00e8me d'interception totalement ind\u00e9tectable qui peut fonctionner sur les bandes 2G, 3G et 4G.","breadcrumb":{"@id":"https:\/\/www.stratign.com\/fr\/passive-cellphone-interception-systems\/#breadcrumb"},"inLanguage":"en-US","potentialAction":[{"@type":"ReadAction","target":["https:\/\/www.stratign.com\/fr\/passive-cellphone-interception-systems\/"]}]},{"@type":"BreadcrumbList","@id":"https:\/\/www.stratign.com\/fr\/passive-cellphone-interception-systems\/#breadcrumb","itemListElement":[{"@type":"ListItem","position":1,"name":"Home","item":"https:\/\/www.stratign.com\/fr\/"},{"@type":"ListItem","position":2,"name":"SYST\u00c8ME D\u2019INTERCEPTION PASSIVE DES T\u00c9L\u00c9PHONES CELLULAIRES"}]},{"@type":"WebSite","@id":"https:\/\/www.stratign.com\/fr\/#website","url":"https:\/\/www.stratign.com\/fr\/","name":"Stratign","description":"Military Defense Technology","potentialAction":[{"@type":"SearchAction","target":{"@type":"EntryPoint","urlTemplate":"https:\/\/www.stratign.com\/fr\/?s={search_term_string}"},"query-input":{"@type":"PropertyValueSpecification","valueRequired":true,"valueName":"search_term_string"}}],"inLanguage":"en-US"}]}},"_links":{"self":[{"href":"https:\/\/www.stratign.com\/fr\/wp-json\/wp\/v2\/pages\/852","targetHints":{"allow":["GET"]}}],"collection":[{"href":"https:\/\/www.stratign.com\/fr\/wp-json\/wp\/v2\/pages"}],"about":[{"href":"https:\/\/www.stratign.com\/fr\/wp-json\/wp\/v2\/types\/page"}],"author":[{"embeddable":true,"href":"https:\/\/www.stratign.com\/fr\/wp-json\/wp\/v2\/users\/1"}],"replies":[{"embeddable":true,"href":"https:\/\/www.stratign.com\/fr\/wp-json\/wp\/v2\/comments?post=852"}],"version-history":[{"count":14,"href":"https:\/\/www.stratign.com\/fr\/wp-json\/wp\/v2\/pages\/852\/revisions"}],"predecessor-version":[{"id":15120,"href":"https:\/\/www.stratign.com\/fr\/wp-json\/wp\/v2\/pages\/852\/revisions\/15120"}],"wp:attachment":[{"href":"https:\/\/www.stratign.com\/fr\/wp-json\/wp\/v2\/media?parent=852"}],"curies":[{"name":"wp","href":"https:\/\/api.w.org\/{rel}","templated":true}]}}