{"id":899,"date":"2019-03-13T02:12:10","date_gmt":"2019-03-13T02:12:10","guid":{"rendered":"https:\/\/stratign.com\/website\/index.php\/contact-us\/"},"modified":"2025-01-27T16:58:51","modified_gmt":"2025-01-27T12:58:51","slug":"contact-us","status":"publish","type":"page","link":"https:\/\/www.stratign.com\/fr\/contact-us\/","title":{"rendered":"NOUS CONTACTER"},"content":{"rendered":"<section class=\"wpb-content-wrapper\"><p>[vc_row full_width=&#8221;stretch_row&#8221; lg_spacing=&#8221;padding_top:120;padding_bottom:20&#8243; sm_spacing=&#8221;margin_top:0;margin_right:0;margin_bottom:0;margin_left:0;padding_top:0;padding_bottom:0&#8243; xs_spacing=&#8221;margin_top:0;margin_right:0;margin_bottom:0;margin_left:0&#8243;][vc_column offset=&#8221;vc_col-md-6 vc_hidden-xs&#8221;][tm_heading style=&#8221;left-line&#8221; custom_google_font=&#8221;&#8221; max_width=&#8221;540px&#8221;]CONTACTEZ-NOUS[\/tm_heading][tm_spacer size=&#8221;lg:12&#8243;][tm_heading tag=&#8221;div&#8221; custom_google_font=&#8221;&#8221; font_size=&#8221;lg:18&#8243; line_height=&#8221;1.67&#8243; css=&#8221;.vc_custom_1705392654441{margin-right: 34px !important;margin-left: 34px !important;}&#8221; sm_spacing=&#8221;margin_right:20;margin_left:20&#8243; xs_spacing=&#8221;margin_right:20;margin_left:20&#8243;]Nous nous consacrons \u00e0 la fourniture de solutions comp\u00e9tentes et cr\u00e9atives aux organisations et agences gouvernementales de d\u00e9fense, de renseignement, de s\u00e9curit\u00e9 nationale et d&#8217;application de la loi. Nos services et solutions sont adapt\u00e9s \u00e0 vos exigences et demandes sp\u00e9cifiques.[\/tm_heading][tm_spacer size=&#8221;sm:40;lg:20&#8243;][tm_heading tag=&#8221;p&#8221; custom_google_font=&#8221;&#8221; font_size=&#8221;lg:18&#8243; line_height=&#8221;1.67&#8243; css=&#8221;.vc_custom_1705392666335{margin-left: 34px !important;}&#8221; sm_spacing=&#8221;margin_right:20;margin_left:20;padding_bottom:100&#8243; xs_spacing=&#8221;margin_right:20;margin_left:20;border_bottom:100&#8243;]Veuillez nous contacter \u00e0 :[\/tm_heading][tm_heading tag=&#8221;p&#8221; custom_google_font=&#8221;&#8221; font_size=&#8221;lg:18&#8243; line_height=&#8221;1.67&#8243; css=&#8221;.vc_custom_1706256122945{margin-left: 34px !important;}&#8221; sm_spacing=&#8221;margin_right:20;margin_left:20;padding_bottom:100&#8243; xs_spacing=&#8221;margin_right:20;margin_left:20;border_bottom:100&#8243;]Envoyez-nous un e-mail \u00e0 : <mark><a href=\"mailto:business@stratign.com\">business@stratign.com<\/a><\/mark>[\/tm_heading][tm_heading tag=&#8221;p&#8221; custom_google_font=&#8221;&#8221; font_size=&#8221;lg:18&#8243; line_height=&#8221;1.67&#8243; css=&#8221;.vc_custom_1706256145674{margin-left: 34px !important;}&#8221; sm_spacing=&#8221;margin_right:20;margin_left:20;padding_bottom:100&#8243; xs_spacing=&#8221;margin_right:20;margin_left:20;border_bottom:100&#8243;]Appelez-nous au : <mark><a href=\"tel:+97142995886\">+971 4 299 5886<\/a><\/mark>[\/tm_heading][tm_heading tag=&#8221;p&#8221; custom_google_font=&#8221;&#8221; font_size=&#8221;lg:18&#8243; line_height=&#8221;1.67&#8243; css=&#8221;.vc_custom_1663309614445{margin-left: 34px !important;}&#8221; sm_spacing=&#8221;margin_right:20;margin_left:20;padding_bottom:100&#8243; xs_spacing=&#8221;margin_right:20;margin_left:20;border_bottom:100&#8243;]Whatsapp : <mark><a class=\"whatsapp\" href=\"https:\/\/wa.me\/+971559852960\" target=\"_blank\" rel=\"noopener\">+971 55 98 52960<\/a><\/mark>[\/tm_heading][\/vc_column][vc_column offset=&#8221;vc_col-md-6 vc_hidden-xs&#8221; sm_spacing=&#8221;margin_right:30;margin_left:30&#8243; xs_spacing=&#8221;margin_right:30;margin_left:30&#8243;][tm_contact_form_7 id=&#8221;12418&#8243;][\/vc_column][\/vc_row][vc_row full_width=&#8221;stretch_row&#8221; lg_spacing=&#8221;padding_top:120;padding_bottom:20&#8243; sm_spacing=&#8221;margin_top:0;margin_right:0;margin_bottom:0;margin_left:0;padding_top:0;padding_bottom:0&#8243; xs_spacing=&#8221;margin_top:0;margin_right:0;margin_bottom:0;margin_left:0&#8243;][vc_column offset=&#8221;vc_hidden-lg vc_col-md-6 vc_hidden-md vc_hidden-sm&#8221;][tm_spacer size=&#8221;sm:40;lg:20&#8243;][tm_heading tag=&#8221;div&#8221; custom_google_font=&#8221;&#8221; font_size=&#8221;lg:18&#8243; line_height=&#8221;1.67&#8243; css=&#8221;.vc_custom_1706256323636{margin-right: 34px !important;}&#8221; sm_spacing=&#8221;margin_right:20;margin_left:20&#8243; xs_spacing=&#8221;margin_right:20;margin_left:20&#8243;]E-mail :<br \/>\n<mark><a href=\"mailto:business@stratign.com\">business@stratign.com<\/a><\/mark><\/p>\n<p>Appelez-nous au :<br \/>\n<mark><a href=\"tel:+97142995886\">+971 4 299 5886<\/a><\/mark><br \/>\nWhatsapp :<br \/>\n<mark><a class=\"whatsapp\" href=\"https:\/\/wa.me\/+971559852960\" target=\"_blank\" rel=\"noopener\">+971 55 98 52960<\/a><\/mark>[\/tm_heading][tm_spacer size=&#8221;sm:40;lg:20&#8243;][\/vc_column][vc_column offset=&#8221;vc_hidden-lg vc_col-md-6 vc_hidden-md vc_hidden-sm&#8221; sm_spacing=&#8221;margin_right:30;margin_left:30&#8243; xs_spacing=&#8221;margin_right:30;margin_left:30&#8243;][tm_contact_form_7 id=&#8221;12418&#8243;][\/vc_column][\/vc_row]<\/p>\n<\/section>","protected":false},"excerpt":{"rendered":"<p>[vc_row full_width=&#8221;stretch_row&#8221; lg_spacing=&#8221;padding_top:120;padding_bottom:20&#8243; sm_spacing=&#8221;margin_top:0;margin_right:0;margin_bottom:0;margin_left:0;padding_top:0;padding_bottom:0&#8243; xs_spacing=&#8221;margin_top:0;margin_right:0;margin_bottom:0;margin_left:0&#8243;][vc_column offset=&#8221;vc_col-md-6 vc_hidden-xs&#8221;][tm_heading style=&#8221;left-line&#8221; custom_google_font=&#8221;&#8221; max_width=&#8221;540px&#8221;]CONTACTEZ-NOUS[\/tm_heading][tm_spacer size=&#8221;lg:12&#8243;][tm_heading tag=&#8221;div&#8221; custom_google_font=&#8221;&#8221; font_size=&#8221;lg:18&#8243; line_height=&#8221;1.67&#8243; css=&#8221;.vc_custom_1705392654441{margin-right: 34px !important;margin-left: 34px !important;}&#8221; sm_spacing=&#8221;margin_right:20;margin_left:20&#8243; xs_spacing=&#8221;margin_right:20;margin_left:20&#8243;]Nous nous consacrons \u00e0 la fourniture de solutions comp\u00e9tentes et cr\u00e9atives aux organisations et agences gouvernementales de d\u00e9fense, de renseignement, de s\u00e9curit\u00e9 nationale et d&#8217;application de la loi. Nos services et solutions sont adapt\u00e9s \u00e0 vos exigences et demandes sp\u00e9cifiques.[\/tm_heading][tm_spacer size=&#8221;sm:40;lg:20&#8243;][tm_heading tag=&#8221;p&#8221; custom_google_font=&#8221;&#8221; font_size=&#8221;lg:18&#8243; line_height=&#8221;1.67&#8243; css=&#8221;.vc_custom_1705392666335{margin-left: 34px !important;}&#8221; sm_spacing=&#8221;margin_right:20;margin_left:20;padding_bottom:100&#8243; xs_spacing=&#8221;margin_right:20;margin_left:20;border_bottom:100&#8243;]Veuillez nous contacter \u00e0 :[\/tm_heading][tm_heading tag=&#8221;p&#8221; custom_google_font=&#8221;&#8221; font_size=&#8221;lg:18&#8243; line_height=&#8221;1.67&#8243; css=&#8221;.vc_custom_1706256122945{margin-left: 34px !important;}&#8221; sm_spacing=&#8221;margin_right:20;margin_left:20;padding_bottom:100&#8243; xs_spacing=&#8221;margin_right:20;margin_left:20;border_bottom:100&#8243;]Envoyez-nous un e-mail \u00e0 : business@stratign.com[\/tm_heading][tm_heading tag=&#8221;p&#8221; custom_google_font=&#8221;&#8221; font_size=&#8221;lg:18&#8243; line_height=&#8221;1.67&#8243; css=&#8221;.vc_custom_1706256145674{margin-left: 34px !important;}&#8221; sm_spacing=&#8221;margin_right:20;margin_left:20;padding_bottom:100&#8243; xs_spacing=&#8221;margin_right:20;margin_left:20;border_bottom:100&#8243;]Appelez-nous au : +971 4 299 5886[\/tm_heading][tm_heading tag=&#8221;p&#8221; custom_google_font=&#8221;&#8221; font_size=&#8221;lg:18&#8243; line_height=&#8221;1.67&#8243; css=&#8221;.vc_custom_1663309614445{margin-left: 34px !important;}&#8221; sm_spacing=&#8221;margin_right:20;margin_left:20;padding_bottom:100&#8243; xs_spacing=&#8221;margin_right:20;margin_left:20;border_bottom:100&#8243;]Whatsapp : +971 55 98 52960[\/tm_heading][\/vc_column][vc_column offset=&#8221;vc_col-md-6 vc_hidden-xs&#8221; sm_spacing=&#8221;margin_right:30;margin_left:30&#8243; xs_spacing=&#8221;margin_right:30;margin_left:30&#8243;][tm_contact_form_7 id=&#8221;12418&#8243;][\/vc_column][\/vc_row][vc_row full_width=&#8221;stretch_row&#8221; lg_spacing=&#8221;padding_top:120;padding_bottom:20&#8243; sm_spacing=&#8221;margin_top:0;margin_right:0;margin_bottom:0;margin_left:0;padding_top:0;padding_bottom:0&#8243; xs_spacing=&#8221;margin_top:0;margin_right:0;margin_bottom:0;margin_left:0&#8243;][vc_column offset=&#8221;vc_hidden-lg vc_col-md-6 vc_hidden-md vc_hidden-sm&#8221;][tm_spacer size=&#8221;sm:40;lg:20&#8243;][tm_heading tag=&#8221;div&#8221; custom_google_font=&#8221;&#8221; font_size=&#8221;lg:18&#8243; line_height=&#8221;1.67&#8243; css=&#8221;.vc_custom_1706256323636{margin-right: 34px !important;}&#8221; sm_spacing=&#8221;margin_right:20;margin_left:20&#8243; xs_spacing=&#8221;margin_right:20;margin_left:20&#8243;]E-mail : business@stratign.com Appelez-nous au : +971 4 299 5886 Whatsapp : +971 55 98 52960[\/tm_heading][tm_spacer size=&#8221;sm:40;lg:20&#8243;][\/vc_column][vc_column offset=&#8221;vc_hidden-lg vc_col-md-6 vc_hidden-md vc_hidden-sm&#8221; sm_spacing=&#8221;margin_right:30;margin_left:30&#8243; xs_spacing=&#8221;margin_right:30;margin_left:30&#8243;][tm_contact_form_7 id=&#8221;12418&#8243;][\/vc_column][\/vc_row]<\/p>\n","protected":false},"author":1,"featured_media":0,"parent":0,"menu_order":0,"comment_status":"closed","ping_status":"closed","template":"","meta":{"footnotes":""},"class_list":["post-899","page","type-page","status-publish","hentry","post-no-thumbnail"],"yoast_head":"<!-- This site is optimized with the Yoast SEO plugin v27.3 - https:\/\/yoast.com\/product\/yoast-seo-wordpress\/ -->\n<title>NOUS CONTACTER - Stratign<\/title>\n<meta name=\"description\" content=\"Contactez-nous pour obtenir des solutions et des services avanc\u00e9s de la part de notre \u00e9quipe d&#039;experts.\" \/>\n<meta name=\"robots\" content=\"index, follow, max-snippet:-1, max-image-preview:large, max-video-preview:-1\" \/>\n<link rel=\"canonical\" href=\"https:\/\/www.stratign.com\/fr\/contact-us\/\" \/>\n<meta property=\"og:locale\" content=\"en_US\" \/>\n<meta property=\"og:type\" content=\"article\" \/>\n<meta property=\"og:title\" content=\"NOUS CONTACTER - Stratign\" \/>\n<meta property=\"og:description\" content=\"Contactez-nous pour obtenir des solutions et des services avanc\u00e9s de la part de notre \u00e9quipe d&#039;experts.\" \/>\n<meta property=\"og:url\" content=\"https:\/\/www.stratign.com\/fr\/contact-us\/\" \/>\n<meta property=\"og:site_name\" content=\"Stratign\" \/>\n<meta property=\"article:publisher\" content=\"https:\/\/www.facebook.com\/stratignfb\/\" \/>\n<meta property=\"article:modified_time\" content=\"2025-01-27T12:58:51+00:00\" \/>\n<meta name=\"twitter:card\" content=\"summary_large_image\" \/>\n<meta name=\"twitter:site\" content=\"@stratign\" \/>\n<meta name=\"twitter:label1\" content=\"Est. reading time\" \/>\n\t<meta name=\"twitter:data1\" content=\"1 minute\" \/>\n<script type=\"application\/ld+json\" class=\"yoast-schema-graph\">{\"@context\":\"https:\\\/\\\/schema.org\",\"@graph\":[{\"@type\":\"WebPage\",\"@id\":\"https:\\\/\\\/www.stratign.com\\\/fr\\\/contact-us\\\/\",\"url\":\"https:\\\/\\\/www.stratign.com\\\/fr\\\/contact-us\\\/\",\"name\":\"NOUS CONTACTER - Stratign\",\"isPartOf\":{\"@id\":\"https:\\\/\\\/www.stratign.com\\\/fr\\\/#website\"},\"datePublished\":\"2019-03-13T02:12:10+00:00\",\"dateModified\":\"2025-01-27T12:58:51+00:00\",\"description\":\"Contactez-nous pour obtenir des solutions et des services avanc\u00e9s de la part de notre \u00e9quipe d'experts.\",\"breadcrumb\":{\"@id\":\"https:\\\/\\\/www.stratign.com\\\/fr\\\/contact-us\\\/#breadcrumb\"},\"inLanguage\":\"en-US\",\"potentialAction\":[{\"@type\":\"ReadAction\",\"target\":[\"https:\\\/\\\/www.stratign.com\\\/fr\\\/contact-us\\\/\"]}]},{\"@type\":\"BreadcrumbList\",\"@id\":\"https:\\\/\\\/www.stratign.com\\\/fr\\\/contact-us\\\/#breadcrumb\",\"itemListElement\":[{\"@type\":\"ListItem\",\"position\":1,\"name\":\"Home\",\"item\":\"https:\\\/\\\/www.stratign.com\\\/fr\\\/\"},{\"@type\":\"ListItem\",\"position\":2,\"name\":\"NOUS CONTACTER\"}]},{\"@type\":\"WebSite\",\"@id\":\"https:\\\/\\\/www.stratign.com\\\/fr\\\/#website\",\"url\":\"https:\\\/\\\/www.stratign.com\\\/fr\\\/\",\"name\":\"Stratign\",\"description\":\"Military Defense Technology\",\"potentialAction\":[{\"@type\":\"SearchAction\",\"target\":{\"@type\":\"EntryPoint\",\"urlTemplate\":\"https:\\\/\\\/www.stratign.com\\\/fr\\\/?s={search_term_string}\"},\"query-input\":{\"@type\":\"PropertyValueSpecification\",\"valueRequired\":true,\"valueName\":\"search_term_string\"}}],\"inLanguage\":\"en-US\"}]}<\/script>\n<!-- \/ Yoast SEO plugin. -->","yoast_head_json":{"title":"NOUS CONTACTER - Stratign","description":"Contactez-nous pour obtenir des solutions et des services avanc\u00e9s de la part de notre \u00e9quipe d'experts.","robots":{"index":"index","follow":"follow","max-snippet":"max-snippet:-1","max-image-preview":"max-image-preview:large","max-video-preview":"max-video-preview:-1"},"canonical":"https:\/\/www.stratign.com\/fr\/contact-us\/","og_locale":"en_US","og_type":"article","og_title":"NOUS CONTACTER - Stratign","og_description":"Contactez-nous pour obtenir des solutions et des services avanc\u00e9s de la part de notre \u00e9quipe d'experts.","og_url":"https:\/\/www.stratign.com\/fr\/contact-us\/","og_site_name":"Stratign","article_publisher":"https:\/\/www.facebook.com\/stratignfb\/","article_modified_time":"2025-01-27T12:58:51+00:00","twitter_card":"summary_large_image","twitter_site":"@stratign","twitter_misc":{"Est. reading time":"1 minute"},"schema":{"@context":"https:\/\/schema.org","@graph":[{"@type":"WebPage","@id":"https:\/\/www.stratign.com\/fr\/contact-us\/","url":"https:\/\/www.stratign.com\/fr\/contact-us\/","name":"NOUS CONTACTER - Stratign","isPartOf":{"@id":"https:\/\/www.stratign.com\/fr\/#website"},"datePublished":"2019-03-13T02:12:10+00:00","dateModified":"2025-01-27T12:58:51+00:00","description":"Contactez-nous pour obtenir des solutions et des services avanc\u00e9s de la part de notre \u00e9quipe d'experts.","breadcrumb":{"@id":"https:\/\/www.stratign.com\/fr\/contact-us\/#breadcrumb"},"inLanguage":"en-US","potentialAction":[{"@type":"ReadAction","target":["https:\/\/www.stratign.com\/fr\/contact-us\/"]}]},{"@type":"BreadcrumbList","@id":"https:\/\/www.stratign.com\/fr\/contact-us\/#breadcrumb","itemListElement":[{"@type":"ListItem","position":1,"name":"Home","item":"https:\/\/www.stratign.com\/fr\/"},{"@type":"ListItem","position":2,"name":"NOUS CONTACTER"}]},{"@type":"WebSite","@id":"https:\/\/www.stratign.com\/fr\/#website","url":"https:\/\/www.stratign.com\/fr\/","name":"Stratign","description":"Military Defense Technology","potentialAction":[{"@type":"SearchAction","target":{"@type":"EntryPoint","urlTemplate":"https:\/\/www.stratign.com\/fr\/?s={search_term_string}"},"query-input":{"@type":"PropertyValueSpecification","valueRequired":true,"valueName":"search_term_string"}}],"inLanguage":"en-US"}]}},"_links":{"self":[{"href":"https:\/\/www.stratign.com\/fr\/wp-json\/wp\/v2\/pages\/899","targetHints":{"allow":["GET"]}}],"collection":[{"href":"https:\/\/www.stratign.com\/fr\/wp-json\/wp\/v2\/pages"}],"about":[{"href":"https:\/\/www.stratign.com\/fr\/wp-json\/wp\/v2\/types\/page"}],"author":[{"embeddable":true,"href":"https:\/\/www.stratign.com\/fr\/wp-json\/wp\/v2\/users\/1"}],"replies":[{"embeddable":true,"href":"https:\/\/www.stratign.com\/fr\/wp-json\/wp\/v2\/comments?post=899"}],"version-history":[{"count":23,"href":"https:\/\/www.stratign.com\/fr\/wp-json\/wp\/v2\/pages\/899\/revisions"}],"predecessor-version":[{"id":15177,"href":"https:\/\/www.stratign.com\/fr\/wp-json\/wp\/v2\/pages\/899\/revisions\/15177"}],"wp:attachment":[{"href":"https:\/\/www.stratign.com\/fr\/wp-json\/wp\/v2\/media?parent=899"}],"curies":[{"name":"wp","href":"https:\/\/api.w.org\/{rel}","templated":true}]}}